{"id":161,"date":"2019-09-20T09:54:30","date_gmt":"2019-09-20T07:54:30","guid":{"rendered":"http:\/\/scpet.sample.si\/vss\/student-net\/izpiti-copy\/"},"modified":"2023-10-20T14:13:04","modified_gmt":"2023-10-20T12:13:04","slug":"priznavanje-izpitov","status":"publish","type":"page","link":"https:\/\/www.scpet.si\/vss\/predmetni-izpiti\/priznavanje-izpitov\/","title":{"rendered":"Priznavanje izpitov"},"content":{"rendered":"<div class=\"fusion-fullwidth fullwidth-box fusion-builder-row-1 nonhundred-percent-fullwidth non-hundred-percent-height-scrolling\" style=\"background-color: rgba(255,255,255,0);background-position: center center;background-repeat: no-repeat;padding-top:0px;padding-right:0px;padding-bottom:0px;margin-bottom: 0px;margin-top: 0px;border-width: 0px 0px 0px 0px;border-color:#eae9e9;border-style:solid;\" ><div class=\"fusion-builder-row fusion-row\"><div class=\"fusion-layout-column fusion_builder_column fusion-builder-column-0 fusion_builder_column_1_1 1_1 fusion-one-full fusion-column-first fusion-column-last\" style=\"margin-top:0px;margin-bottom:0px;\"><div class=\"fusion-column-wrapper fusion-flex-column-wrapper-legacy\" style=\"background-position:left top;background-repeat:no-repeat;-webkit-background-size:cover;-moz-background-size:cover;-o-background-size:cover;background-size:cover;padding: 0px 0px 0px 0px;\"><style type=\"text\/css\"><\/style><div class=\"fusion-title title fusion-title-1 fusion-sep-none fusion-title-text fusion-title-size-one\" style=\"margin-top:0px;margin-right:0px;margin-bottom:31px;margin-left:0px;\"><h1 class=\"title-heading-left\" style=\"margin:0;\">Priznavanje izpitov<\/h1><\/div><div class=\"fusion-text fusion-text-1\"><p>\u0160tudent, ki se je vpisal na vi\u0161jo strokovno \u0161olo in je predhodno obiskoval drugi vi\u0161je\u0161olski ali visoko\u0161olski program ustrezne smeri, ali je znanje pridobil na neformalni na\u010din, lahko uveljavi priznanje znanja na podlagi vloge,\u00a0ki jo odda koordinatorju izobra\u017eevanja\u00a0na vi\u0161ji strokovni \u0161oli, najkasneje<strong>\u00a0do 15. oktobra<\/strong>\u00a0za teko\u010de \u0161tudijsko leto.<\/p>\n<p>&nbsp;<\/p>\n<p>Po kon\u010danem postopku ( v roku enega meseca od vlo\u017eitve popolne vloge) bo \u0161tudent\u00a0prejel sklep o priznavanju znanja na dom &#8211;\u00a0po po\u0161ti.<br \/>\nNa podlagi sklepa se v e-indeks vpi\u0161ejo izpiti ki so priznani v celoti.<br \/>\nManjkajo\u010di del izpita \u0161tudent opravlja v \u010dasu razpisanih rednih (izrednih)\u00a0izpitnih rokov.\u00a0<strong>Obvezna je e-prijava na izpit<\/strong>. V referat je potrebno dostaviti tudi sklep o priznavanju predhodno pridobljenega znanja in to najkasneje 5 dni pred opravljanjem izpita.<\/p>\n<p>&nbsp;<\/p>\n<p>Potrebna dokumentacija:<\/p>\n<\/div><div class=\"fusion-sep-clear\"><\/div><div class=\"fusion-separator fusion-full-width-sep\" style=\"margin-left: auto;margin-right: auto;margin-top:20px;margin-bottom:20px;width:100%;\"><div class=\"fusion-separator-border sep-single sep-solid\" style=\"border-color:#333333;border-top-width:1px;\"><\/div><\/div><div class=\"fusion-sep-clear\"><\/div><div class=\"fusion-text fusion-text-2\"><p><strong>Za priznavanje formalno pridobljenega znanja<\/strong><br \/>\nmora \u0161tudent izpolniti vlogo za priznavanje,<a href=\"https:\/\/www.scpet.si\/vss\/wp-content\/uploads\/sites\/3\/2021\/06\/2749_Obrazec_VSs_O_9.doc\" target=\"_blank\" rel=\"noopener\">\u00a0<strong>obr.VS\u0160-O-9<\/strong><\/a>.\u00a0K vlogi mora predlo\u017eiti originalno (in 1x fotokopirano) potrdilo o opravljenh\u00a0izpitih. Za vsak predmet, ki \u017eeli da se mu prizna, mora izpolniti \u0161e obrazec\u00a0<a href=\"https:\/\/www.scpet.si\/vss\/wp-content\/uploads\/sites\/3\/2021\/06\/3607_Obrazec_VSs_O_10.doc\" target=\"_blank\" rel=\"noopener\"><strong>obr.\u00a0VS\u0160-O-10<\/strong><\/a>\u00a0in predlo\u017eiti originalen (in 1 x fotokopiran) katalog znanja &#8211; vsebinski program predmeta, potrjen s strani vi\u0161je\u0161olskega ali visoko\u0161olskega zavoda.<\/p>\n<\/div><div class=\"fusion-sep-clear\"><\/div><div class=\"fusion-separator fusion-full-width-sep\" style=\"margin-left: auto;margin-right: auto;margin-top:10px;margin-bottom:10px;width:100%;\"><div class=\"fusion-separator-border sep-single sep-solid\" style=\"border-color:#333333;border-top-width:0px;\"><\/div><\/div><div class=\"fusion-sep-clear\"><\/div><div class=\"fusion-text fusion-text-3\"><p><strong>Za priznavanje neformalno pridobljenega znanja<\/strong><br \/>\nje potrebno izpolniti\u00a0<a href=\"https:\/\/www.scpet.si\/vss\/wp-content\/uploads\/sites\/3\/2021\/06\/4861_Obrazec_VSs_O_9__1__vloga_za_priznanje_neformalno_pridobljenega_znanja.doc\" target=\"_blank\" rel=\"noopener\"><strong>obr.\u00a0VS\u0160-O-9\/1<\/strong><\/a>,\u00a0prilo\u017eiti\u00a0\u017eivljenjepis in\u00a0mapo u\u010dnih dose\u017ekov.\u00a0Zbirnik dokazil mora dokazovati\u00a0pridobljene kompetence, ki so zapisane v katalogu znanj za\u00a0predmet, za katerega se priznavanje uveljavlja.<\/p>\n<\/div><div class=\"fusion-sep-clear\"><\/div><div class=\"fusion-separator fusion-full-width-sep\" style=\"margin-left: auto;margin-right: auto;margin-top:20px;margin-bottom:20px;width:100%;\"><div class=\"fusion-separator-border sep-single sep-solid\" style=\"border-color:#333333;border-top-width:1px;\"><\/div><\/div><div class=\"fusion-sep-clear\"><\/div><div class=\"fusion-text fusion-text-4\"><p>\u0160tudent mora predlo\u017eiti dokazilo o pla\u010dilu\u00a0storitve za izdajo Sklepa o priznavanju (30\u20ac).<\/p>\n<\/div><div class=\"fusion-clearfix\"><\/div><\/div><\/div><\/div><\/div>\n","protected":false},"excerpt":{"rendered":"","protected":false},"author":1,"featured_media":0,"parent":160,"menu_order":0,"comment_status":"closed","ping_status":"closed","template":"100-width.php","meta":{"xn-wppe-expiration":[],"xn-wppe-expiration-action":[],"xn-wppe-expiration-prefix":[],"_mi_skip_tracking":false,"_exactmetrics_sitenote_active":false,"_exactmetrics_sitenote_note":"","_exactmetrics_sitenote_category":0},"yoast_head":"<!-- This site is optimized with the Yoast SEO plugin v20.8 - https:\/\/yoast.com\/wordpress\/plugins\/seo\/ -->\n<title>Priznavanje izpitov - VI\u0160JA STROKOVNA \u0160OLA<\/title>\n<meta name=\"description\" content=\"Priznavanje izpitov\" \/>\n<meta name=\"robots\" content=\"index, follow, max-snippet:-1, max-image-preview:large, max-video-preview:-1\" \/>\n<link rel=\"canonical\" href=\"https:\/\/www.scpet.si\/vss\/predmetni-izpiti\/priznavanje-izpitov\/\" \/>\n<meta property=\"og:locale\" content=\"sl_SI\" \/>\n<meta property=\"og:type\" content=\"article\" \/>\n<meta property=\"og:title\" content=\"Priznavanje izpitov - VI\u0160JA STROKOVNA \u0160OLA\" \/>\n<meta property=\"og:description\" content=\"Priznavanje izpitov\" \/>\n<meta property=\"og:url\" content=\"https:\/\/www.scpet.si\/vss\/predmetni-izpiti\/priznavanje-izpitov\/\" \/>\n<meta property=\"og:site_name\" content=\"VI\u0160JA STROKOVNA \u0160OLA\" \/>\n<meta property=\"article:modified_time\" content=\"2023-10-20T12:13:04+00:00\" \/>\n<meta name=\"twitter:card\" content=\"summary_large_image\" \/>\n<meta name=\"twitter:label1\" content=\"Est. reading time\" \/>\n\t<meta name=\"twitter:data1\" content=\"2 minuti\" \/>\n<script type=\"application\/ld+json\" class=\"yoast-schema-graph\">{\"@context\":\"https:\/\/schema.org\",\"@graph\":[{\"@type\":\"WebPage\",\"@id\":\"https:\/\/www.scpet.si\/vss\/predmetni-izpiti\/priznavanje-izpitov\/\",\"url\":\"https:\/\/www.scpet.si\/vss\/predmetni-izpiti\/priznavanje-izpitov\/\",\"name\":\"Priznavanje izpitov - VI\u0160JA STROKOVNA \u0160OLA\",\"isPartOf\":{\"@id\":\"\/#website\"},\"datePublished\":\"2019-09-20T07:54:30+00:00\",\"dateModified\":\"2023-10-20T12:13:04+00:00\",\"description\":\"Priznavanje izpitov\",\"breadcrumb\":{\"@id\":\"https:\/\/www.scpet.si\/vss\/predmetni-izpiti\/priznavanje-izpitov\/#breadcrumb\"},\"inLanguage\":\"sl-SI\",\"potentialAction\":[{\"@type\":\"ReadAction\",\"target\":[\"https:\/\/www.scpet.si\/vss\/predmetni-izpiti\/priznavanje-izpitov\/\"]}]},{\"@type\":\"BreadcrumbList\",\"@id\":\"https:\/\/www.scpet.si\/vss\/predmetni-izpiti\/priznavanje-izpitov\/#breadcrumb\",\"itemListElement\":[{\"@type\":\"ListItem\",\"position\":1,\"name\":\"Home\",\"item\":\"https:\/\/www.scpet.si\/vss\/\"},{\"@type\":\"ListItem\",\"position\":2,\"name\":\"Predmetni IZPITI\",\"item\":\"https:\/\/www.scpet.si\/vss\/predmetni-izpiti\/\"},{\"@type\":\"ListItem\",\"position\":3,\"name\":\"Priznavanje izpitov\"}]},{\"@type\":\"WebSite\",\"@id\":\"\/#website\",\"url\":\"\/\",\"name\":\"VI\u0160JA STROKOVNA \u0160OLA\",\"description\":\"Just another \u0160C PET Sites site\",\"potentialAction\":[{\"@type\":\"SearchAction\",\"target\":{\"@type\":\"EntryPoint\",\"urlTemplate\":\"\/?s={search_term_string}\"},\"query-input\":\"required name=search_term_string\"}],\"inLanguage\":\"sl-SI\"}]}<\/script>\n<!-- \/ Yoast SEO plugin. -->","yoast_head_json":{"title":"Priznavanje izpitov - VI\u0160JA STROKOVNA \u0160OLA","description":"Priznavanje izpitov","robots":{"index":"index","follow":"follow","max-snippet":"max-snippet:-1","max-image-preview":"max-image-preview:large","max-video-preview":"max-video-preview:-1"},"canonical":"https:\/\/www.scpet.si\/vss\/predmetni-izpiti\/priznavanje-izpitov\/","og_locale":"sl_SI","og_type":"article","og_title":"Priznavanje izpitov - VI\u0160JA STROKOVNA \u0160OLA","og_description":"Priznavanje izpitov","og_url":"https:\/\/www.scpet.si\/vss\/predmetni-izpiti\/priznavanje-izpitov\/","og_site_name":"VI\u0160JA STROKOVNA \u0160OLA","article_modified_time":"2023-10-20T12:13:04+00:00","twitter_card":"summary_large_image","twitter_misc":{"Est. reading time":"2 minuti"},"schema":{"@context":"https:\/\/schema.org","@graph":[{"@type":"WebPage","@id":"https:\/\/www.scpet.si\/vss\/predmetni-izpiti\/priznavanje-izpitov\/","url":"https:\/\/www.scpet.si\/vss\/predmetni-izpiti\/priznavanje-izpitov\/","name":"Priznavanje izpitov - VI\u0160JA STROKOVNA \u0160OLA","isPartOf":{"@id":"\/#website"},"datePublished":"2019-09-20T07:54:30+00:00","dateModified":"2023-10-20T12:13:04+00:00","description":"Priznavanje izpitov","breadcrumb":{"@id":"https:\/\/www.scpet.si\/vss\/predmetni-izpiti\/priznavanje-izpitov\/#breadcrumb"},"inLanguage":"sl-SI","potentialAction":[{"@type":"ReadAction","target":["https:\/\/www.scpet.si\/vss\/predmetni-izpiti\/priznavanje-izpitov\/"]}]},{"@type":"BreadcrumbList","@id":"https:\/\/www.scpet.si\/vss\/predmetni-izpiti\/priznavanje-izpitov\/#breadcrumb","itemListElement":[{"@type":"ListItem","position":1,"name":"Home","item":"https:\/\/www.scpet.si\/vss\/"},{"@type":"ListItem","position":2,"name":"Predmetni IZPITI","item":"https:\/\/www.scpet.si\/vss\/predmetni-izpiti\/"},{"@type":"ListItem","position":3,"name":"Priznavanje izpitov"}]},{"@type":"WebSite","@id":"\/#website","url":"\/","name":"VI\u0160JA STROKOVNA \u0160OLA","description":"Just another \u0160C PET Sites site","potentialAction":[{"@type":"SearchAction","target":{"@type":"EntryPoint","urlTemplate":"\/?s={search_term_string}"},"query-input":"required name=search_term_string"}],"inLanguage":"sl-SI"}]}},"_links":{"self":[{"href":"https:\/\/www.scpet.si\/vss\/wp-json\/wp\/v2\/pages\/161"}],"collection":[{"href":"https:\/\/www.scpet.si\/vss\/wp-json\/wp\/v2\/pages"}],"about":[{"href":"https:\/\/www.scpet.si\/vss\/wp-json\/wp\/v2\/types\/page"}],"author":[{"embeddable":true,"href":"https:\/\/www.scpet.si\/vss\/wp-json\/wp\/v2\/users\/1"}],"replies":[{"embeddable":true,"href":"https:\/\/www.scpet.si\/vss\/wp-json\/wp\/v2\/comments?post=161"}],"version-history":[{"count":0,"href":"https:\/\/www.scpet.si\/vss\/wp-json\/wp\/v2\/pages\/161\/revisions"}],"up":[{"embeddable":true,"href":"https:\/\/www.scpet.si\/vss\/wp-json\/wp\/v2\/pages\/160"}],"wp:attachment":[{"href":"https:\/\/www.scpet.si\/vss\/wp-json\/wp\/v2\/media?parent=161"}],"curies":[{"name":"wp","href":"https:\/\/api.w.org\/{rel}","templated":true}]}}