{"id":179,"date":"2019-09-23T12:01:14","date_gmt":"2019-09-23T10:01:14","guid":{"rendered":"http:\/\/scpet.sample.si\/vss\/projekti-copy\/"},"modified":"2023-03-29T12:57:55","modified_gmt":"2023-03-29T10:57:55","slug":"cisco-akademija-ccna","status":"publish","type":"page","link":"https:\/\/www.scpet.si\/vss\/cisco-akademija-ccna\/","title":{"rendered":"Cisco Akademija CCNA"},"content":{"rendered":"<div class=\"fusion-fullwidth fullwidth-box fusion-builder-row-1 nonhundred-percent-fullwidth non-hundred-percent-height-scrolling\" style=\"background-color: rgba(255,255,255,0);background-position: center center;background-repeat: no-repeat;padding-top:0px;padding-right:0px;padding-bottom:0px;margin-bottom: 0px;margin-top: 0px;border-width: 0px 0px 0px 0px;border-color:#eae9e9;border-style:solid;\" ><div class=\"fusion-builder-row fusion-row\"><div class=\"fusion-layout-column fusion_builder_column fusion-builder-column-0 fusion_builder_column_1_1 1_1 fusion-one-full fusion-column-first fusion-column-last\" style=\"margin-top:0px;margin-bottom:0px;\"><div class=\"fusion-column-wrapper fusion-flex-column-wrapper-legacy\" style=\"background-position:left top;background-repeat:no-repeat;-webkit-background-size:cover;-moz-background-size:cover;-o-background-size:cover;background-size:cover;padding: 0px 0px 0px 0px;\"><style type=\"text\/css\"><\/style><div class=\"fusion-title title fusion-title-1 fusion-sep-none fusion-title-text fusion-title-size-one\" style=\"margin-top:0px;margin-right:0px;margin-bottom:31px;margin-left:0px;\"><h1 class=\"title-heading-left\" style=\"margin:0;\">Cisco Akademija CCNA<\/h1><\/div><span class=\" fusion-imageframe imageframe-none imageframe-1 hover-type-none\"><img decoding=\"async\" width=\"180\" height=\"103\" title=\"partneri-cisco\" src=\"data:image\/svg+xml,%3Csvg%20xmlns%3D%27http%3A%2F%2Fwww.w3.org%2F2000%2Fsvg%27%20width%3D%27180%27%20height%3D%27103%27%20viewBox%3D%270%200%20180%20103%27%3E%3Crect%20width%3D%27180%27%20height%3D%27103%27%20fill-opacity%3D%220%22%2F%3E%3C%2Fsvg%3E\" data-orig-src=\"https:\/\/www.scpet.si\/vss\/wp-content\/uploads\/sites\/3\/2021\/04\/partneri-cisco-1.jpg\" class=\"lazyload img-responsive wp-image-424\"\/><\/span><div class=\"fusion-sep-clear\"><\/div><div class=\"fusion-separator fusion-full-width-sep\" style=\"margin-left: auto;margin-right: auto;margin-top:15px;width:100%;\"><div class=\"fusion-separator-border sep-double\" style=\"border-color:#ffffff;border-top-width:0px;border-bottom-width:0px;\"><\/div><\/div><div class=\"fusion-sep-clear\"><\/div><div class=\"fusion-text fusion-text-1\"><p style=\"font-weight: 400;\"><strong>PREDSTAVITEV (Cisco Networking Academy)<\/strong><\/p>\n<p>Podjetje Cisco Systems je bilo ustanovljeno leta 1984 z osnovno dejavnostjo proizvodnje in prodaje komunikacijske opreme. \u017de leta 2003 je tr\u017eni dele\u017e podjetja zna\u0161al pribli\u017eno 75%.<br \/>\nVodilno mesto v svoji panogi, pa je Cisco Systems, kot proizvajalec telekomunikacijske opreme v svetu, obdr\u017eal \u0161e danes. Njihov program obsega \u0161iroko paleto proizvodov, od opreme za doma\u010do uporabo, do re\u0161itev za ponudnike storitev. Veliko podjetij v Sloveniji uporablja opremo omenjenega proizvajalca.<br \/>\nZa \u0161e ve\u010djo prepoznavnost podjetja in svojih izdelkov v svetu, je Cisco Systems vpeljal izobra\u017eevalni program in ga poimenoval: Cisco Networking Academy. Ponuja tri stopnje\u00a0 izobra\u017eevanja, opravljanje izpitov in pridobitev certifikatov za:<\/p>\n<ul style=\"font-weight: 400;\">\n<li>CCNA (Cisco Certified Networking Associate), certifikat 1. stopnje,<\/li>\n<li>CCNP (Cisco Certified Networking Proffesional), certifikat 2. stopnje,<\/li>\n<li>CCIE (Cisco Certified Internetworking Expert), certifikat najvi\u0161je stopnje.<\/li>\n<\/ul>\n<p style=\"font-weight: 400;\"><strong>ORGANIZACIJA IZOBRA\u017dEVANJA:<\/strong><br \/>\nNetworking Academiy deluje v hierarhi\u010dni obliki, za izvajanja pa so zadol\u017eena regionalna in lokalne akademije v posameznih dr\u017eavah. V Sloveniji je regionalna akademija na Fakulteti za elektrotehniko v Ljubljani. S podpisanim sporazumom (2007) o podpori k lokalni akademiji, pa so bili postavljeni temelji organizacije tovrstnega izobra\u017eevanja na \u0160olskem centru za Po\u0161to, Ekonomijo in Telekomunikacije v Ljubljani. Lokalno akademijo podpira regionalna akademija z znanjem in nadaljnjim izobra\u017eevanjem. Regionalno akademijo pa podpira neposredno Cisco Systems.<\/p>\n<p>\u0160C PET, VS\u0160 izvaja izobra\u017eevanje za pridobitev certifikata 1. stopnje (CCNA).<\/p>\n<p><u>CCNA (Routing and Switching), sestavljajo 3. moduli:<\/u><\/p>\n<ul>\n<li>CCNA 1 &#8211; <em>Introduction to Networks \/Osnove omre\u017eij (<a href=\"https:\/\/www.scpet.si\/vss\/wp-content\/uploads\/sites\/3\/2022\/05\/CCNA-katalog-vsebin-M1-2022.pdf\" target=\"_blank\" rel=\"noopener\"><u>katalog M1<\/u><\/a>)<\/em>,<\/li>\n<li>CCNA 2 &#8211;\u00a0<em>Routing\u00a0and Switching Essentials \/ Osnove usmerjanja in preklapljanja (<a href=\"https:\/\/www.scpet.si\/vss\/wp-content\/uploads\/sites\/3\/2022\/05\/CCNA-katalog-vsebin-M2-2022.pdf\" target=\"_blank\" rel=\"noopener\"><u>katalog M2<\/u><\/a>),\u00a0<\/em><em><br \/>\n<\/em><\/li>\n<li>CCNA 3 &#8211; <em>Scaling Networks, Raz\u0161irljiva omre\u017eja (<a href=\"https:\/\/www.scpet.si\/vss\/wp-content\/uploads\/sites\/3\/2022\/05\/CCNA-katalog-vsebin-M3-2022.pdf\" target=\"_blank\" rel=\"noopener\"><u>katalog M3<\/u><\/a>).<\/em><\/li>\n<\/ul>\n<p style=\"font-weight: 400;\"><strong>PRI\u010cAKOVANI REZULTATI:<\/strong><u><br \/>\nZa \u0161tudente in ostale udele\u017eence izobra\u017eevanja:<\/u><\/p>\n<ul style=\"font-weight: 400;\">\n<li>mo\u017enost prakti\u010dnega izobra\u017eevanja na opremi vodilnega proizvajalca TK omre\u017ene opreme,<\/li>\n<li>mo\u017enost pridobitve certifikata (CCNA) in s tem prednost pri iskanju zaposlitve,<\/li>\n<li>sodoben na\u010din pou\u010devanja, E-izobra\u017eevanje,<\/li>\n<li>pridobiti dodatno prakti\u010dno znanje.<\/li>\n<\/ul>\n<p style=\"font-weight: 400;\">In\u0161truktorja lokalne akademije na \u0160C PET:<\/p>\n<p style=\"font-weight: 400;\">Urban Jurca:\u00a0<a href=\"mailto:Urban.jurca@gmail.com\">Urban.jurca@gmail.com<\/a><br \/>\nJanez Avsec(skrbnik sistema):\u00a0<a href=\"mailto:Janez.avse@scpet.si\">Janez.avsec@scpet.si<\/a><\/p>\n<p><span style=\"font-weight: 400;\"><br \/>\n<a href=\"https:\/\/www.scpet.si\/vss\/wp-content\/uploads\/sites\/3\/2021\/06\/Zlozenka_CNAP.pdf\" target=\"_blank\" rel=\"noopener\">Zlo\u017eenka (Cisco Networking Academy)<\/a><\/span><\/p>\n<\/div><div class=\"fusion-sep-clear\"><\/div><div class=\"fusion-separator fusion-full-width-sep\" style=\"margin-left: auto;margin-right: auto;margin-top:20px;margin-bottom:5px;width:100%;\"><div class=\"fusion-separator-border sep-single sep-solid\" style=\"border-color:#333333;border-top-width:1px;\"><\/div><\/div><div class=\"fusion-sep-clear\"><\/div><div class=\"fusion-text fusion-text-2\"><p><a href=\"https:\/\/www.scpet.si\/vss\/cisco-akademija-ccna\/razpis-urnik-cenik\/\" target=\"_blank\" rel=\"noopener\">Razpis\/urnik\/cenik<\/a><\/p>\n<\/div><div class=\"fusion-clearfix\"><\/div><\/div><\/div><\/div><\/div>\n","protected":false},"excerpt":{"rendered":"","protected":false},"author":1,"featured_media":0,"parent":0,"menu_order":0,"comment_status":"closed","ping_status":"closed","template":"100-width.php","meta":{"xn-wppe-expiration":[],"xn-wppe-expiration-action":[],"xn-wppe-expiration-prefix":[],"_mi_skip_tracking":false,"_exactmetrics_sitenote_active":false,"_exactmetrics_sitenote_note":"","_exactmetrics_sitenote_category":0},"yoast_head":"<!-- This site is optimized with the Yoast SEO plugin v20.8 - https:\/\/yoast.com\/wordpress\/plugins\/seo\/ -->\n<title>Cisco Akademija CCNA - VI\u0160JA STROKOVNA \u0160OLA<\/title>\n<meta name=\"description\" content=\"Cisco akademija z mo\u017enostjo pridobitve certifikata - CCNA. Pridobite prakti\u010dno znanje o omre\u017ejih in povezovanju omre\u017eij\" \/>\n<meta name=\"robots\" content=\"index, follow, max-snippet:-1, max-image-preview:large, max-video-preview:-1\" \/>\n<link rel=\"canonical\" href=\"https:\/\/www.scpet.si\/vss\/cisco-akademija-ccna\/\" \/>\n<meta property=\"og:locale\" content=\"sl_SI\" \/>\n<meta property=\"og:type\" content=\"article\" \/>\n<meta property=\"og:title\" content=\"Cisco Akademija CCNA - VI\u0160JA STROKOVNA \u0160OLA\" \/>\n<meta property=\"og:description\" content=\"Cisco akademija z mo\u017enostjo pridobitve certifikata - CCNA. Pridobite prakti\u010dno znanje o omre\u017ejih in povezovanju omre\u017eij\" \/>\n<meta property=\"og:url\" content=\"https:\/\/www.scpet.si\/vss\/cisco-akademija-ccna\/\" \/>\n<meta property=\"og:site_name\" content=\"VI\u0160JA STROKOVNA \u0160OLA\" \/>\n<meta property=\"article:modified_time\" content=\"2023-03-29T10:57:55+00:00\" \/>\n<meta name=\"twitter:card\" content=\"summary_large_image\" \/>\n<meta name=\"twitter:label1\" content=\"Est. reading time\" \/>\n\t<meta name=\"twitter:data1\" content=\"3 minute\" \/>\n<script type=\"application\/ld+json\" class=\"yoast-schema-graph\">{\"@context\":\"https:\/\/schema.org\",\"@graph\":[{\"@type\":\"WebPage\",\"@id\":\"https:\/\/www.scpet.si\/vss\/cisco-akademija-ccna\/\",\"url\":\"https:\/\/www.scpet.si\/vss\/cisco-akademija-ccna\/\",\"name\":\"Cisco Akademija CCNA - VI\u0160JA STROKOVNA \u0160OLA\",\"isPartOf\":{\"@id\":\"\/#website\"},\"datePublished\":\"2019-09-23T10:01:14+00:00\",\"dateModified\":\"2023-03-29T10:57:55+00:00\",\"description\":\"Cisco akademija z mo\u017enostjo pridobitve certifikata - CCNA. Pridobite prakti\u010dno znanje o omre\u017ejih in povezovanju omre\u017eij\",\"breadcrumb\":{\"@id\":\"https:\/\/www.scpet.si\/vss\/cisco-akademija-ccna\/#breadcrumb\"},\"inLanguage\":\"sl-SI\",\"potentialAction\":[{\"@type\":\"ReadAction\",\"target\":[\"https:\/\/www.scpet.si\/vss\/cisco-akademija-ccna\/\"]}]},{\"@type\":\"BreadcrumbList\",\"@id\":\"https:\/\/www.scpet.si\/vss\/cisco-akademija-ccna\/#breadcrumb\",\"itemListElement\":[{\"@type\":\"ListItem\",\"position\":1,\"name\":\"Home\",\"item\":\"https:\/\/www.scpet.si\/vss\/\"},{\"@type\":\"ListItem\",\"position\":2,\"name\":\"Cisco Akademija CCNA\"}]},{\"@type\":\"WebSite\",\"@id\":\"\/#website\",\"url\":\"\/\",\"name\":\"VI\u0160JA STROKOVNA \u0160OLA\",\"description\":\"Just another \u0160C PET Sites site\",\"potentialAction\":[{\"@type\":\"SearchAction\",\"target\":{\"@type\":\"EntryPoint\",\"urlTemplate\":\"\/?s={search_term_string}\"},\"query-input\":\"required name=search_term_string\"}],\"inLanguage\":\"sl-SI\"}]}<\/script>\n<!-- \/ Yoast SEO plugin. -->","yoast_head_json":{"title":"Cisco Akademija CCNA - VI\u0160JA STROKOVNA \u0160OLA","description":"Cisco akademija z mo\u017enostjo pridobitve certifikata - CCNA. Pridobite prakti\u010dno znanje o omre\u017ejih in povezovanju omre\u017eij","robots":{"index":"index","follow":"follow","max-snippet":"max-snippet:-1","max-image-preview":"max-image-preview:large","max-video-preview":"max-video-preview:-1"},"canonical":"https:\/\/www.scpet.si\/vss\/cisco-akademija-ccna\/","og_locale":"sl_SI","og_type":"article","og_title":"Cisco Akademija CCNA - VI\u0160JA STROKOVNA \u0160OLA","og_description":"Cisco akademija z mo\u017enostjo pridobitve certifikata - CCNA. Pridobite prakti\u010dno znanje o omre\u017ejih in povezovanju omre\u017eij","og_url":"https:\/\/www.scpet.si\/vss\/cisco-akademija-ccna\/","og_site_name":"VI\u0160JA STROKOVNA \u0160OLA","article_modified_time":"2023-03-29T10:57:55+00:00","twitter_card":"summary_large_image","twitter_misc":{"Est. reading time":"3 minute"},"schema":{"@context":"https:\/\/schema.org","@graph":[{"@type":"WebPage","@id":"https:\/\/www.scpet.si\/vss\/cisco-akademija-ccna\/","url":"https:\/\/www.scpet.si\/vss\/cisco-akademija-ccna\/","name":"Cisco Akademija CCNA - VI\u0160JA STROKOVNA \u0160OLA","isPartOf":{"@id":"\/#website"},"datePublished":"2019-09-23T10:01:14+00:00","dateModified":"2023-03-29T10:57:55+00:00","description":"Cisco akademija z mo\u017enostjo pridobitve certifikata - CCNA. Pridobite prakti\u010dno znanje o omre\u017ejih in povezovanju omre\u017eij","breadcrumb":{"@id":"https:\/\/www.scpet.si\/vss\/cisco-akademija-ccna\/#breadcrumb"},"inLanguage":"sl-SI","potentialAction":[{"@type":"ReadAction","target":["https:\/\/www.scpet.si\/vss\/cisco-akademija-ccna\/"]}]},{"@type":"BreadcrumbList","@id":"https:\/\/www.scpet.si\/vss\/cisco-akademija-ccna\/#breadcrumb","itemListElement":[{"@type":"ListItem","position":1,"name":"Home","item":"https:\/\/www.scpet.si\/vss\/"},{"@type":"ListItem","position":2,"name":"Cisco Akademija CCNA"}]},{"@type":"WebSite","@id":"\/#website","url":"\/","name":"VI\u0160JA STROKOVNA \u0160OLA","description":"Just another \u0160C PET Sites site","potentialAction":[{"@type":"SearchAction","target":{"@type":"EntryPoint","urlTemplate":"\/?s={search_term_string}"},"query-input":"required name=search_term_string"}],"inLanguage":"sl-SI"}]}},"_links":{"self":[{"href":"https:\/\/www.scpet.si\/vss\/wp-json\/wp\/v2\/pages\/179"}],"collection":[{"href":"https:\/\/www.scpet.si\/vss\/wp-json\/wp\/v2\/pages"}],"about":[{"href":"https:\/\/www.scpet.si\/vss\/wp-json\/wp\/v2\/types\/page"}],"author":[{"embeddable":true,"href":"https:\/\/www.scpet.si\/vss\/wp-json\/wp\/v2\/users\/1"}],"replies":[{"embeddable":true,"href":"https:\/\/www.scpet.si\/vss\/wp-json\/wp\/v2\/comments?post=179"}],"version-history":[{"count":0,"href":"https:\/\/www.scpet.si\/vss\/wp-json\/wp\/v2\/pages\/179\/revisions"}],"wp:attachment":[{"href":"https:\/\/www.scpet.si\/vss\/wp-json\/wp\/v2\/media?parent=179"}],"curies":[{"name":"wp","href":"https:\/\/api.w.org\/{rel}","templated":true}]}}