{"id":1808,"date":"2021-11-18T13:42:59","date_gmt":"2021-11-18T12:42:59","guid":{"rendered":"https:\/\/www.scpet.si\/vss\/?page_id=1808"},"modified":"2021-11-18T14:18:17","modified_gmt":"2021-11-18T13:18:17","slug":"schools-vision-and-mission","status":"publish","type":"page","link":"https:\/\/www.scpet.si\/vss\/en\/schools-vision-and-mission\/","title":{"rendered":"School\u00b4s Vision and Mission"},"content":{"rendered":"<div class=\"fusion-fullwidth fullwidth-box fusion-builder-row-1 fusion-flex-container nonhundred-percent-fullwidth non-hundred-percent-height-scrolling\" style=\"background-color: rgba(255,255,255,0);background-position: center center;background-repeat: no-repeat;border-width: 0px 0px 0px 0px;border-color:#eae9e9;border-style:solid;\" ><div class=\"fusion-builder-row fusion-row fusion-flex-align-items-flex-start\" style=\"max-width:1331.2px;margin-left: calc(-4% \/ 2 );margin-right: calc(-4% \/ 2 );\"><div class=\"fusion-layout-column fusion_builder_column fusion-builder-column-0 fusion_builder_column_1_1 1_1 fusion-flex-column\"><div class=\"fusion-column-wrapper fusion-flex-justify-content-flex-start fusion-content-layout-column\" style=\"background-position:left top;background-repeat:no-repeat;-webkit-background-size:cover;-moz-background-size:cover;-o-background-size:cover;background-size:cover;padding: 0px 0px 0px 0px;\"><div class=\"fusion-text fusion-text-1\"><h3>School`s Vision and Mission<\/h3>\n<\/div><div class=\"fusion-text fusion-text-2\"><h4><strong>MISSION<\/strong><\/h4>\n<\/div><div class=\"fusion-text fusion-text-3\"><p>With high-quality education and staff, we enable the acquisition of comprehensive knowledge and skills to meet the needs of an information-connected society and ensure a better life of each individual. We enable students to closely combine general and professional knowledge. The school is distinguished by high-quality flexible programmes with content that is adapted to the needs of the environment and the economy, thus enabling vertical transition.<\/p>\n<\/div><div class=\"fusion-separator fusion-full-width-sep\" style=\"align-self: center;margin-left: auto;margin-right: auto;margin-top:8px;margin-bottom:8px;width:100%;\"><div class=\"fusion-separator-border sep-double\" style=\"border-color:#ffffff;border-top-width:1px;border-bottom-width:1px;\"><\/div><\/div><div class=\"fusion-text fusion-text-4\"><p>The Vocational College has been implementing the study programmes Telecommunications and Economist since 1999. The Telecommunications postgraduate study programme is the only one of its kind in Slovenia.<\/p>\n<\/div><div class=\"fusion-separator fusion-full-width-sep\" style=\"align-self: center;margin-left: auto;margin-right: auto;margin-top:8px;margin-bottom:8px;width:100%;\"><div class=\"fusion-separator-border sep-double\" style=\"border-color:#ffffff;border-top-width:1px;border-bottom-width:1px;\"><\/div><\/div><div class=\"fusion-text fusion-text-5\"><h5><em>School values:<\/em><\/h5>\n<ul>\n<li>professionalism,<\/li>\n<li>responsibility,<\/li>\n<li>innovation,<\/li>\n<li>high-quality education,<\/li>\n<li>ethics,<\/li>\n<li>communication.<\/li>\n<\/ul>\n<\/div><div class=\"fusion-text fusion-text-6\"><h5><em>School goals:<\/em><\/h5>\n<ul>\n<li>adapting and using appropriate teaching methods and forms of work,<\/li>\n<li>involvement of domestic and foreign experts in the education process,<\/li>\n<li>involvement in projects and cooperation with the economy and other partners at home and abroad,<\/li>\n<li>creating a stimulating learning environment with modern learning forms, methods and learning information technology,<\/li>\n<li>developing independent critical judgment and responsible behaviour,<\/li>\n<li>active cooperation with professional organizations and associations in the field of education and profession,<\/li>\n<li>promoting lifelong learning.<\/li>\n<\/ul>\n<\/div><div class=\"fusion-text fusion-text-7\"><h4><strong>VISION<\/strong><\/h4>\n<\/div><div class=\"fusion-text fusion-text-8\"><p>To maintain the reputation of a good school in Slovenia and to become an internationally recognized vocational college.<\/p>\n<\/div><div class=\"fusion-separator fusion-full-width-sep\" style=\"align-self: center;margin-left: auto;margin-right: auto;margin-top:8px;margin-bottom:8px;width:100%;\"><div class=\"fusion-separator-border sep-double\" style=\"border-color:#ffffff;border-top-width:1px;border-bottom-width:1px;\"><\/div><\/div><div class=\"fusion-text fusion-text-9\"><p>Achieving the vision requires excellent performance. Therefore, the management is committed to achieving expectations and trust in the institution, both in the province and beyond, through constant quality control of an ever-improving environment and all its areas of work.<\/p>\n<\/div><\/div><style type=\"text\/css\">.fusion-body .fusion-builder-column-0{width:100% !important;margin-top : 0px;margin-bottom : 0px;}.fusion-builder-column-0 > .fusion-column-wrapper {padding-top : 0px !important;padding-right : 0px !important;margin-right : 1.92%;padding-bottom : 0px !important;padding-left : 0px !important;margin-left : 1.92%;}@media only screen and (max-width:1024px) {.fusion-body .fusion-builder-column-0{width:100% !important;order : 0;}.fusion-builder-column-0 > .fusion-column-wrapper {margin-right : 1.92%;margin-left : 1.92%;}}@media only screen and (max-width:640px) {.fusion-body .fusion-builder-column-0{width:100% !important;order : 0;}.fusion-builder-column-0 > .fusion-column-wrapper {margin-right : 1.92%;margin-left : 1.92%;}}<\/style><\/div><\/div><style type=\"text\/css\">.fusion-body .fusion-flex-container.fusion-builder-row-1{ padding-top : 0px;margin-top : 0px;padding-right : 0px;padding-bottom : 0px;margin-bottom : 0px;padding-left : ;}<\/style><\/div>\n","protected":false},"excerpt":{"rendered":"","protected":false},"author":5,"featured_media":0,"parent":0,"menu_order":0,"comment_status":"closed","ping_status":"closed","template":"","meta":{"xn-wppe-expiration":[],"xn-wppe-expiration-action":[],"xn-wppe-expiration-prefix":[],"_mi_skip_tracking":false,"_exactmetrics_sitenote_active":false,"_exactmetrics_sitenote_note":"","_exactmetrics_sitenote_category":0},"yoast_head":"<!-- This site is optimized with the Yoast SEO plugin v20.8 - https:\/\/yoast.com\/wordpress\/plugins\/seo\/ -->\n<title>School\u00b4s Vision and Mission - VI\u0160JA STROKOVNA \u0160OLA<\/title>\n<meta name=\"robots\" content=\"index, follow, max-snippet:-1, max-image-preview:large, max-video-preview:-1\" \/>\n<link rel=\"canonical\" href=\"https:\/\/www.scpet.si\/vss\/en\/schools-vision-and-mission\/\" \/>\n<meta property=\"og:locale\" content=\"sl_SI\" \/>\n<meta property=\"og:type\" content=\"article\" \/>\n<meta property=\"og:title\" content=\"School\u00b4s Vision and Mission - VI\u0160JA STROKOVNA \u0160OLA\" \/>\n<meta property=\"og:url\" content=\"https:\/\/www.scpet.si\/vss\/en\/schools-vision-and-mission\/\" \/>\n<meta property=\"og:site_name\" content=\"VI\u0160JA STROKOVNA \u0160OLA\" \/>\n<meta property=\"article:modified_time\" content=\"2021-11-18T13:18:17+00:00\" \/>\n<meta name=\"twitter:card\" content=\"summary_large_image\" \/>\n<meta name=\"twitter:label1\" content=\"Est. reading time\" \/>\n\t<meta name=\"twitter:data1\" content=\"8 minut\" \/>\n<script type=\"application\/ld+json\" class=\"yoast-schema-graph\">{\"@context\":\"https:\/\/schema.org\",\"@graph\":[{\"@type\":\"WebPage\",\"@id\":\"https:\/\/www.scpet.si\/vss\/en\/schools-vision-and-mission\/\",\"url\":\"https:\/\/www.scpet.si\/vss\/en\/schools-vision-and-mission\/\",\"name\":\"School\u00b4s Vision and Mission - VI\u0160JA STROKOVNA \u0160OLA\",\"isPartOf\":{\"@id\":\"\/#website\"},\"datePublished\":\"2021-11-18T12:42:59+00:00\",\"dateModified\":\"2021-11-18T13:18:17+00:00\",\"breadcrumb\":{\"@id\":\"https:\/\/www.scpet.si\/vss\/en\/schools-vision-and-mission\/#breadcrumb\"},\"inLanguage\":\"sl-SI\",\"potentialAction\":[{\"@type\":\"ReadAction\",\"target\":[\"https:\/\/www.scpet.si\/vss\/en\/schools-vision-and-mission\/\"]}]},{\"@type\":\"BreadcrumbList\",\"@id\":\"https:\/\/www.scpet.si\/vss\/en\/schools-vision-and-mission\/#breadcrumb\",\"itemListElement\":[{\"@type\":\"ListItem\",\"position\":1,\"name\":\"Home\",\"item\":\"https:\/\/www.scpet.si\/vss\/\"},{\"@type\":\"ListItem\",\"position\":2,\"name\":\"School\u00b4s Vision and Mission\"}]},{\"@type\":\"WebSite\",\"@id\":\"\/#website\",\"url\":\"\/\",\"name\":\"VI\u0160JA STROKOVNA \u0160OLA\",\"description\":\"Just another \u0160C PET Sites site\",\"potentialAction\":[{\"@type\":\"SearchAction\",\"target\":{\"@type\":\"EntryPoint\",\"urlTemplate\":\"\/?s={search_term_string}\"},\"query-input\":\"required name=search_term_string\"}],\"inLanguage\":\"sl-SI\"}]}<\/script>\n<!-- \/ Yoast SEO plugin. -->","yoast_head_json":{"title":"School\u00b4s Vision and Mission - VI\u0160JA STROKOVNA \u0160OLA","robots":{"index":"index","follow":"follow","max-snippet":"max-snippet:-1","max-image-preview":"max-image-preview:large","max-video-preview":"max-video-preview:-1"},"canonical":"https:\/\/www.scpet.si\/vss\/en\/schools-vision-and-mission\/","og_locale":"sl_SI","og_type":"article","og_title":"School\u00b4s Vision and Mission - VI\u0160JA STROKOVNA \u0160OLA","og_url":"https:\/\/www.scpet.si\/vss\/en\/schools-vision-and-mission\/","og_site_name":"VI\u0160JA STROKOVNA \u0160OLA","article_modified_time":"2021-11-18T13:18:17+00:00","twitter_card":"summary_large_image","twitter_misc":{"Est. reading time":"8 minut"},"schema":{"@context":"https:\/\/schema.org","@graph":[{"@type":"WebPage","@id":"https:\/\/www.scpet.si\/vss\/en\/schools-vision-and-mission\/","url":"https:\/\/www.scpet.si\/vss\/en\/schools-vision-and-mission\/","name":"School\u00b4s Vision and Mission - VI\u0160JA STROKOVNA \u0160OLA","isPartOf":{"@id":"\/#website"},"datePublished":"2021-11-18T12:42:59+00:00","dateModified":"2021-11-18T13:18:17+00:00","breadcrumb":{"@id":"https:\/\/www.scpet.si\/vss\/en\/schools-vision-and-mission\/#breadcrumb"},"inLanguage":"sl-SI","potentialAction":[{"@type":"ReadAction","target":["https:\/\/www.scpet.si\/vss\/en\/schools-vision-and-mission\/"]}]},{"@type":"BreadcrumbList","@id":"https:\/\/www.scpet.si\/vss\/en\/schools-vision-and-mission\/#breadcrumb","itemListElement":[{"@type":"ListItem","position":1,"name":"Home","item":"https:\/\/www.scpet.si\/vss\/"},{"@type":"ListItem","position":2,"name":"School\u00b4s Vision and Mission"}]},{"@type":"WebSite","@id":"\/#website","url":"\/","name":"VI\u0160JA STROKOVNA \u0160OLA","description":"Just another \u0160C PET Sites site","potentialAction":[{"@type":"SearchAction","target":{"@type":"EntryPoint","urlTemplate":"\/?s={search_term_string}"},"query-input":"required name=search_term_string"}],"inLanguage":"sl-SI"}]}},"_links":{"self":[{"href":"https:\/\/www.scpet.si\/vss\/wp-json\/wp\/v2\/pages\/1808"}],"collection":[{"href":"https:\/\/www.scpet.si\/vss\/wp-json\/wp\/v2\/pages"}],"about":[{"href":"https:\/\/www.scpet.si\/vss\/wp-json\/wp\/v2\/types\/page"}],"author":[{"embeddable":true,"href":"https:\/\/www.scpet.si\/vss\/wp-json\/wp\/v2\/users\/5"}],"replies":[{"embeddable":true,"href":"https:\/\/www.scpet.si\/vss\/wp-json\/wp\/v2\/comments?post=1808"}],"version-history":[{"count":0,"href":"https:\/\/www.scpet.si\/vss\/wp-json\/wp\/v2\/pages\/1808\/revisions"}],"wp:attachment":[{"href":"https:\/\/www.scpet.si\/vss\/wp-json\/wp\/v2\/media?parent=1808"}],"curies":[{"name":"wp","href":"https:\/\/api.w.org\/{rel}","templated":true}]}}