{"id":1818,"date":"2021-11-18T17:07:33","date_gmt":"2021-11-18T16:07:33","guid":{"rendered":"https:\/\/www.scpet.si\/vss\/?page_id=1818"},"modified":"2021-11-18T17:07:33","modified_gmt":"2021-11-18T16:07:33","slug":"telecomunications","status":"publish","type":"page","link":"https:\/\/www.scpet.si\/vss\/en\/telecomunications\/","title":{"rendered":"Telecomunications"},"content":{"rendered":"<div class=\"fusion-fullwidth fullwidth-box fusion-builder-row-1 fusion-flex-container nonhundred-percent-fullwidth non-hundred-percent-height-scrolling\" style=\"background-color: rgba(255,255,255,0);background-position: center center;background-repeat: no-repeat;border-width: 0px 0px 0px 0px;border-color:#eae9e9;border-style:solid;\" ><div class=\"fusion-builder-row fusion-row fusion-flex-align-items-flex-start\" style=\"max-width:1331.2px;margin-left: calc(-4% \/ 2 );margin-right: calc(-4% \/ 2 );\"><div class=\"fusion-layout-column fusion_builder_column fusion-builder-column-0 fusion_builder_column_1_1 1_1 fusion-flex-column\"><div class=\"fusion-column-wrapper fusion-flex-justify-content-flex-start fusion-content-layout-column\" style=\"background-position:left top;background-repeat:no-repeat;-webkit-background-size:cover;-moz-background-size:cover;-o-background-size:cover;background-size:cover;padding: 0px 0px 0px 0px;\"><div class=\"fusion-text fusion-text-1\"><h3>Programme \u2013 Telecommunications (TK)<\/h3>\n<\/div><div class=\"fusion-text fusion-text-2\"><h4>1. Name of qualification: <strong>ENGINEER<\/strong> (Abbreviation: <strong>in\u017e. ekt<\/strong>)<\/h4>\n<\/div><div class=\"fusion-text fusion-text-3\"><p>The syllabus enables students to acquire:<\/p>\n<p>&nbsp;<\/p>\n<p>a.) Generic competences:<\/p>\n<ul>\n<li>Efficient communication and use of specific terminology in native and foreign language,<br \/>\nKnowledge of basic business etiquette,<\/li>\n<li>Use of ICT know-how and suitable program software,<\/li>\n<li>Acquisition of data from technical documentation,<\/li>\n<li>Getting familiar with regulations on project work and quality assurance,<\/li>\n<li>Staying on track with novelties in the area of work,<\/li>\n<li>Systematically introducing changes to achieve new goals,<\/li>\n<li>Reading and analysing financial statements and other reports,<\/li>\n<li>Investigating business results,<\/li>\n<li>Preparing and taking business decisions,<\/li>\n<li>Protecting business assets against unauthorised persons,<\/li>\n<li>Performing appropriate precautions in case of work accidents,<\/li>\n<li>Responsible planning and follow-up procedures regarding safety at work, fire prevention, as well as environment protection.<\/li>\n<\/ul>\n<p>b.)\u00a0 Job-specific competences:<\/p>\n<ul>\n<li>Good overview of services in the area of electronic communications,<\/li>\n<li>Giving advice to customers about suitable choice of communication services,<\/li>\n<li>Selecting and planning appropriate communication services in the given circumstances,<\/li>\n<li>Projecting and constructing telecommunication networks,<\/li>\n<li>Planning, projecting and documenting telecom networks and services,<\/li>\n<li>Building and installing telecom infrastructure,<\/li>\n<li>Leading, organizing and controlling projects,<\/li>\n<li>Administration of telecomunication systems,<\/li>\n<li>Management and mainteinance of electronic communication systems and devices,<\/li>\n<li>Troubleshooting and repair of electronic communication systems and devices,<\/li>\n<li>Planning and introducing procedures of quality control and safety of TC systems and networks,<\/li>\n<li>Record-keeping, preparing reports, and archiving papers and documentation,<\/li>\n<li>Marketing of telecommunication services and devices.<\/li>\n<\/ul>\n<\/div><div class=\"fusion-text fusion-text-4\"><h4>2. Syllabus<\/h4>\n<\/div><div class=\"fusion-text fusion-text-5\"><div class=\"table-1\">\n<table>\n<tbody>\n<tr>\n<td><strong>1<\/strong><strong>st year<\/strong><\/p>\n<p>MODULES\/SUBJECTS\/COMPONENTS<\/td>\n<td>Mandatory<br \/>\n\/elective\/<\/td>\n<td>Number of contact hours<\/td>\n<td>ECTS<br \/>\n\/credits\/<\/td>\n<\/tr>\n<tr>\n<td><strong>M 1 \u2013 BUSINESS COMMUNICATION<\/strong><\/td>\n<td>Mandatory<\/td>\n<td><strong>228<\/strong><\/td>\n<td><\/td>\n<\/tr>\n<tr>\n<td>Business communication and management<\/td>\n<td><\/td>\n<td>84<\/td>\n<td>6<\/td>\n<\/tr>\n<tr>\n<td>Communication in a foreign language<\/td>\n<td><\/td>\n<td>84<\/td>\n<td>6<\/td>\n<\/tr>\n<tr>\n<td>Information and communication tehnologies<\/td>\n<td><\/td>\n<td>60<\/td>\n<td>4<\/td>\n<\/tr>\n<tr>\n<td>Practical training<\/td>\n<td><\/td>\n<td>(90)<\/td>\n<td>3<\/td>\n<\/tr>\n<tr>\n<td><strong>M 2 \u2013 STANDARDS AND REGULATIONS<\/strong><\/td>\n<td>Mandatory<\/td>\n<td><strong>106<\/strong><\/td>\n<td><\/td>\n<\/tr>\n<tr>\n<td>Safety at work, fire safety and environmental protection<\/td>\n<td><\/td>\n<td>46<\/td>\n<td>4<\/td>\n<\/tr>\n<tr>\n<td>Project design and documenting<\/td>\n<td><\/td>\n<td>60<\/td>\n<td>5<\/td>\n<\/tr>\n<tr>\n<td>Practical training<\/td>\n<td><\/td>\n<td>(120)<\/td>\n<td>4<\/td>\n<\/tr>\n<tr>\n<td><strong>M 3 \u2013 BASICS OF TELECOMMUNICATIONS<\/strong><\/td>\n<td>Mandatory<\/td>\n<td><strong>266<\/strong><\/td>\n<td><\/td>\n<\/tr>\n<tr>\n<td>Fundamentals of telecommunication systems<\/td>\n<td><\/td>\n<td>92<\/td>\n<td>8<\/td>\n<\/tr>\n<tr>\n<td>Telecommunication networks I<\/td>\n<td><\/td>\n<td>82<\/td>\n<td>6<\/td>\n<\/tr>\n<tr>\n<td>Transmission and swittching<\/td>\n<td><\/td>\n<td>92<\/td>\n<td>8<\/td>\n<\/tr>\n<tr>\n<td>Practical training<\/td>\n<td>Mandatory<\/td>\n<td>(190)<\/td>\n<td>6<\/td>\n<\/tr>\n<tr>\n<td>Practical training (PRI &#8211; 1)<\/td>\n<td>Mandatory<\/td>\n<td><strong>400<\/strong><\/td>\n<td><\/td>\n<\/tr>\n<tr>\n<td><strong>M (1-3) \u2013 TOTAL<\/strong><\/td>\n<td><\/td>\n<td><strong>1000<\/strong><\/td>\n<td><strong>60<\/strong><\/td>\n<\/tr>\n<tr>\n<td colspan=\"4\"><strong>2nd YEAR<\/strong><br \/>\nMODULES\/SUBJECTS\/COMPONENTS<\/td>\n<\/tr>\n<tr>\n<td><strong>M 4 \u2013 ELECTRONICS COMMUNICATION SYSTEMS AND SERVICES<\/strong><\/td>\n<td>Mandatory<\/td>\n<td><strong>264<\/strong><\/td>\n<td><\/td>\n<\/tr>\n<tr>\n<td>Telecommunication networks II<\/td>\n<td><\/td>\n<td>84<\/td>\n<td>6<\/td>\n<\/tr>\n<tr>\n<td>Mobile and satellite telecommunications<\/td>\n<td><\/td>\n<td>96<\/td>\n<td>7<\/td>\n<\/tr>\n<tr>\n<td>Electronics communication services<\/td>\n<td><\/td>\n<td>84<\/td>\n<td>6<\/td>\n<\/tr>\n<tr>\n<td>Practical training<\/td>\n<td>Mandatory<\/td>\n<td>(120)<\/td>\n<td>4<\/td>\n<\/tr>\n<tr>\n<td><strong>M 5 \u2013 BUSINESS ECONOMICS<\/strong><\/td>\n<td>Mandatory<\/td>\n<td><strong>84<\/strong><\/td>\n<td><\/td>\n<\/tr>\n<tr>\n<td>Bussines economics<\/td>\n<td><\/td>\n<td>84<\/td>\n<td>6<\/td>\n<\/tr>\n<tr>\n<td>Practical training<\/td>\n<td><\/td>\n<td>(70)<\/td>\n<td>2<\/td>\n<\/tr>\n<tr>\n<td><strong>M 6 \u2013 MULTIMEDIA SYSTEMS<\/strong><br \/>\nMultimedia tehnologies<\/p>\n<p>Audio\/video systems<\/p>\n<p>Practical training<\/td>\n<td>Elective 1<\/td>\n<td><strong>176<\/strong><br \/>\n96<br \/>\n80<br \/>\n(210)<\/td>\n<td>7<br \/>\n5<br \/>\n7<\/td>\n<\/tr>\n<tr>\n<td><strong>M 7 \u2013 ELECTRONICS COMMUNICATION NETWORKS AND DEVICES<\/strong><br \/>\nBroadbend networks<\/p>\n<p>Terminal devices<\/p>\n<p>Practical training<\/td>\n<td>Elective 2<\/td>\n<td><strong><br \/>\n176<br \/>\n<\/strong>96<br \/>\n80<br \/>\n(210)<\/td>\n<td>7<br \/>\n5<br \/>\n7<\/td>\n<\/tr>\n<tr>\n<td><strong>M 8 \u2013 MARKETING AND SALES<\/strong><br \/>\nService marketing<\/p>\n<p>Sales<\/p>\n<p>Practical training<\/td>\n<td>Elective 3<\/td>\n<td><strong>176<\/strong><br \/>\n80<br \/>\n96<br \/>\n(210)<\/td>\n<td>5<br \/>\n7<br \/>\n7<\/td>\n<\/tr>\n<tr>\n<td>Fre elective subject<\/td>\n<td>Elective<\/td>\n<td>(<strong>76<\/strong>)<\/td>\n<td>5<\/td>\n<\/tr>\n<tr>\n<td>Practical training (PRI\u20132)<br \/>\nMULTIMEDIA<\/p>\n<p>ELECTRONIC COM. NETWORKS AND DEVICES<\/p>\n<p>MARKETING AND SALES<\/td>\n<td>Mandatory<\/td>\n<td><strong>400<\/strong><\/td>\n<td><\/td>\n<\/tr>\n<tr>\n<td>Diploma Thesis<\/td>\n<td>\u00a0Mandatory<\/td>\n<td>\/<\/td>\n<td>5<\/td>\n<\/tr>\n<tr>\n<td><strong>TOTAL<\/strong><\/td>\n<td>\/<\/td>\n<td><strong>1000<\/strong><\/td>\n<td><strong>60<\/strong><\/td>\n<\/tr>\n<\/tbody>\n<\/table>\n<\/div><div class=\"fusion-text fusion-text-6\"><p>In the second year students can choose one of the following modules:<br \/><strong>MULTIMETIA SYSTEMS: M 6<\/strong> (within 19 credits<br \/><strong>ELECTRONIC COMMUNICATION NETWORKS AND DEVICES: M 7<\/strong> (within 19 credits)<br \/><strong>MARKETING AND SALES: M 8<\/strong> (within 19 credits)<\/p>\n<\/div><div class=\"fusion-text fusion-text-7\"><h4>3. Enrolment requirements<\/h4>\n<p>It is possible to enrol if you have successfully passed:<u><br \/>\n<\/u>General Matura Examination, Vocational Matura Examination, (or Final Exam, or a Diploma before year 2002),\u00a0 grammar school or any other programme to have acquired secondary level of education.<\/p>\n<p>If you have obtained a Master Qualification Exam, or a Managerial Exam, or a Superintendent Exam, and you have three years of work experience, after passing the test in Slovene, a foreign language and maths within\u00a0 the range prescribed for the Matura examination.<\/p>\n<\/div><div class=\"fusion-text fusion-text-8\"><\/div><div class=\"fusion-text fusion-text-9\"><h4>4. Enrolment restrictions:<\/h4>\n<p>If the number of candidates who apply exceeds the number of enrolment places, the College, in agreement with the Minister of Education, will make a decision about enrolment restrictions; Candidates with completed secondary education will be listed by the number of the acquired points. The following will be taken into consideration:<\/p>\n<p>The grades obtained at the General or Vocational Matura examination, or Final Exam and The grades of performance in the last two years of secondary school.<\/p>\n<p>More detailed information about enrolment, restrictions and selection standards can be found in the Enrolment rules and regulations for vocational colleges issued every January.<\/p>\n<\/div><div class=\"fusion-text fusion-text-10\"><h4>5. Progression:<\/h4>\n<p>REGULAR STUDY<em><br \/>\n<\/em>Students can progress into the 2nd year if\u00a0 they have successfully completed all their study obligations, finished practical training,\u00a0 and passed the exams with the minimum scope of 45 credits.<\/p>\n<p>PART-TIME STUDY<em><br \/>\n<\/em>There is no repetition owing to the specific design of study.<\/p>\n<\/div><div class=\"fusion-text fusion-text-11\"><h4>6. Repetition of a study year:<\/h4>\n<p>REGULAR STUDY<em><br \/>\n<\/em>Students are allowed to repeat a study year if they have completed practical training and their study obligations\u00a0\u00a0 of the same year with the minimum\u00a0 score of 20 credits.<br \/>\nPART-TIME STUDY<em><br \/>\n<\/em>There is no repetition owing to the specific design of study.<\/p>\n<\/div><div class=\"fusion-text fusion-text-12\"><h4>7. Duration of study<\/h4>\n<p>REGULAR STUDY\u2013 2 years<br \/>\nPART-TIME STUDY\u00a0\u2013 up to 3 years<\/p>\n<\/div><div class=\"fusion-text fusion-text-13\"><h4><strong>COLLEGE RECOMMENDATION:<\/strong><\/h4>\n<\/div><div class=\"fusion-text fusion-text-14\"><p>Enrolment is recommended to students who have completed a secondary school programme of electrotechnics, a grammar school, or a\u00a0 technical grammar school, or a mechanical engineering programme.<\/p>\n<\/div><div class=\"fusion-separator fusion-full-width-sep\" style=\"align-self: center;margin-left: auto;margin-right: auto;margin-top:4px;margin-bottom:4px;width:100%;\"><div class=\"fusion-separator-border sep-double\" style=\"border-color:#ffffff;border-top-width:1px;border-bottom-width:1px;\"><\/div><\/div><div class=\"fusion-text fusion-text-15\"><p>REGULAR STUDY and PART-TIME STUDY( students who are not employed on a regular basis)<em><br \/>\n<\/em>Students have to make a contract with a company about their practical training. They can find a suitable company on their own or by assistance of the college.<\/p>\n<\/div><div class=\"fusion-separator fusion-full-width-sep\" style=\"align-self: center;margin-left: auto;margin-right: auto;margin-top:4px;margin-bottom:4px;width:100%;\"><div class=\"fusion-separator-border sep-double\" style=\"border-color:#ffffff;border-top-width:1px;border-bottom-width:1px;\"><\/div><\/div><div class=\"fusion-text fusion-text-16\"><p>PART-TIME STUDY (students with regular employment)<em><br \/>\n<\/em>Students who are employed and performing work in the area associated with the nature of study, and proving that with a declaration of their employer, can be exempt from practical training. They can show their practical skills by way of products, seminary and project work, presentations from the subjects prescribed by the syllabus.<\/p>\n<p>Students who are regularly employed, but do not work in the area associated with nature of their study, have to do two seminary works from the subject of their choice for the 1st and 2nd year separately, in addition to other study obligations.<\/p>\n<\/div><\/div><style type=\"text\/css\">.fusion-body .fusion-builder-column-0{width:100% !important;margin-top : 0px;margin-bottom : 0px;}.fusion-builder-column-0 > .fusion-column-wrapper {padding-top : 0px !important;padding-right : 0px !important;margin-right : 1.92%;padding-bottom : 0px !important;padding-left : 0px !important;margin-left : 1.92%;}@media only screen and (max-width:1024px) {.fusion-body .fusion-builder-column-0{width:100% !important;order : 0;}.fusion-builder-column-0 > .fusion-column-wrapper {margin-right : 1.92%;margin-left : 1.92%;}}@media only screen and (max-width:640px) {.fusion-body .fusion-builder-column-0{width:100% !important;order : 0;}.fusion-builder-column-0 > .fusion-column-wrapper {margin-right : 1.92%;margin-left : 1.92%;}}<\/style><\/div><\/div><style type=\"text\/css\">.fusion-body .fusion-flex-container.fusion-builder-row-1{ padding-top : 0px;margin-top : 0px;padding-right : 0px;padding-bottom : 0px;margin-bottom : 0px;padding-left : ;}<\/style><\/div>\n","protected":false},"excerpt":{"rendered":"","protected":false},"author":5,"featured_media":0,"parent":0,"menu_order":0,"comment_status":"closed","ping_status":"closed","template":"","meta":{"xn-wppe-expiration":[],"xn-wppe-expiration-action":[],"xn-wppe-expiration-prefix":[],"_mi_skip_tracking":false,"_exactmetrics_sitenote_active":false,"_exactmetrics_sitenote_note":"","_exactmetrics_sitenote_category":0},"yoast_head":"<!-- This site is optimized with the Yoast SEO plugin v20.8 - https:\/\/yoast.com\/wordpress\/plugins\/seo\/ -->\n<title>Telecomunications - VI\u0160JA STROKOVNA \u0160OLA<\/title>\n<meta name=\"robots\" content=\"index, follow, max-snippet:-1, max-image-preview:large, max-video-preview:-1\" \/>\n<link rel=\"canonical\" href=\"https:\/\/www.scpet.si\/vss\/en\/telecomunications\/\" \/>\n<meta property=\"og:locale\" content=\"sl_SI\" \/>\n<meta property=\"og:type\" content=\"article\" \/>\n<meta property=\"og:title\" content=\"Telecomunications - VI\u0160JA STROKOVNA \u0160OLA\" \/>\n<meta property=\"og:url\" content=\"https:\/\/www.scpet.si\/vss\/en\/telecomunications\/\" \/>\n<meta property=\"og:site_name\" content=\"VI\u0160JA STROKOVNA \u0160OLA\" \/>\n<meta name=\"twitter:card\" content=\"summary_large_image\" \/>\n<meta name=\"twitter:label1\" content=\"Est. reading time\" \/>\n\t<meta name=\"twitter:data1\" content=\"3 minute\" \/>\n<script type=\"application\/ld+json\" class=\"yoast-schema-graph\">{\"@context\":\"https:\/\/schema.org\",\"@graph\":[{\"@type\":\"WebPage\",\"@id\":\"https:\/\/www.scpet.si\/vss\/en\/telecomunications\/\",\"url\":\"https:\/\/www.scpet.si\/vss\/en\/telecomunications\/\",\"name\":\"Telecomunications - VI\u0160JA STROKOVNA \u0160OLA\",\"isPartOf\":{\"@id\":\"\/#website\"},\"datePublished\":\"2021-11-18T16:07:33+00:00\",\"dateModified\":\"2021-11-18T16:07:33+00:00\",\"breadcrumb\":{\"@id\":\"https:\/\/www.scpet.si\/vss\/en\/telecomunications\/#breadcrumb\"},\"inLanguage\":\"sl-SI\",\"potentialAction\":[{\"@type\":\"ReadAction\",\"target\":[\"https:\/\/www.scpet.si\/vss\/en\/telecomunications\/\"]}]},{\"@type\":\"BreadcrumbList\",\"@id\":\"https:\/\/www.scpet.si\/vss\/en\/telecomunications\/#breadcrumb\",\"itemListElement\":[{\"@type\":\"ListItem\",\"position\":1,\"name\":\"Home\",\"item\":\"https:\/\/www.scpet.si\/vss\/\"},{\"@type\":\"ListItem\",\"position\":2,\"name\":\"Telecomunications\"}]},{\"@type\":\"WebSite\",\"@id\":\"\/#website\",\"url\":\"\/\",\"name\":\"VI\u0160JA STROKOVNA \u0160OLA\",\"description\":\"Just another \u0160C PET Sites site\",\"potentialAction\":[{\"@type\":\"SearchAction\",\"target\":{\"@type\":\"EntryPoint\",\"urlTemplate\":\"\/?s={search_term_string}\"},\"query-input\":\"required name=search_term_string\"}],\"inLanguage\":\"sl-SI\"}]}<\/script>\n<!-- \/ Yoast SEO plugin. -->","yoast_head_json":{"title":"Telecomunications - VI\u0160JA STROKOVNA \u0160OLA","robots":{"index":"index","follow":"follow","max-snippet":"max-snippet:-1","max-image-preview":"max-image-preview:large","max-video-preview":"max-video-preview:-1"},"canonical":"https:\/\/www.scpet.si\/vss\/en\/telecomunications\/","og_locale":"sl_SI","og_type":"article","og_title":"Telecomunications - VI\u0160JA STROKOVNA \u0160OLA","og_url":"https:\/\/www.scpet.si\/vss\/en\/telecomunications\/","og_site_name":"VI\u0160JA STROKOVNA \u0160OLA","twitter_card":"summary_large_image","twitter_misc":{"Est. reading time":"3 minute"},"schema":{"@context":"https:\/\/schema.org","@graph":[{"@type":"WebPage","@id":"https:\/\/www.scpet.si\/vss\/en\/telecomunications\/","url":"https:\/\/www.scpet.si\/vss\/en\/telecomunications\/","name":"Telecomunications - VI\u0160JA STROKOVNA \u0160OLA","isPartOf":{"@id":"\/#website"},"datePublished":"2021-11-18T16:07:33+00:00","dateModified":"2021-11-18T16:07:33+00:00","breadcrumb":{"@id":"https:\/\/www.scpet.si\/vss\/en\/telecomunications\/#breadcrumb"},"inLanguage":"sl-SI","potentialAction":[{"@type":"ReadAction","target":["https:\/\/www.scpet.si\/vss\/en\/telecomunications\/"]}]},{"@type":"BreadcrumbList","@id":"https:\/\/www.scpet.si\/vss\/en\/telecomunications\/#breadcrumb","itemListElement":[{"@type":"ListItem","position":1,"name":"Home","item":"https:\/\/www.scpet.si\/vss\/"},{"@type":"ListItem","position":2,"name":"Telecomunications"}]},{"@type":"WebSite","@id":"\/#website","url":"\/","name":"VI\u0160JA STROKOVNA \u0160OLA","description":"Just another \u0160C PET Sites site","potentialAction":[{"@type":"SearchAction","target":{"@type":"EntryPoint","urlTemplate":"\/?s={search_term_string}"},"query-input":"required name=search_term_string"}],"inLanguage":"sl-SI"}]}},"_links":{"self":[{"href":"https:\/\/www.scpet.si\/vss\/wp-json\/wp\/v2\/pages\/1818"}],"collection":[{"href":"https:\/\/www.scpet.si\/vss\/wp-json\/wp\/v2\/pages"}],"about":[{"href":"https:\/\/www.scpet.si\/vss\/wp-json\/wp\/v2\/types\/page"}],"author":[{"embeddable":true,"href":"https:\/\/www.scpet.si\/vss\/wp-json\/wp\/v2\/users\/5"}],"replies":[{"embeddable":true,"href":"https:\/\/www.scpet.si\/vss\/wp-json\/wp\/v2\/comments?post=1818"}],"version-history":[{"count":0,"href":"https:\/\/www.scpet.si\/vss\/wp-json\/wp\/v2\/pages\/1818\/revisions"}],"wp:attachment":[{"href":"https:\/\/www.scpet.si\/vss\/wp-json\/wp\/v2\/media?parent=1818"}],"curies":[{"name":"wp","href":"https:\/\/api.w.org\/{rel}","templated":true}]}}