{"id":188,"date":"2019-09-23T12:03:45","date_gmt":"2019-09-23T10:03:45","guid":{"rendered":"http:\/\/scpet.sample.si\/vss\/student-net\/priznavanje-izpitov-copy\/"},"modified":"2023-10-03T14:00:15","modified_gmt":"2023-10-03T12:00:15","slug":"karierni-center","status":"publish","type":"page","link":"https:\/\/www.scpet.si\/vss\/karierni-center\/","title":{"rendered":"Karierni center"},"content":{"rendered":"<div class=\"fusion-fullwidth fullwidth-box fusion-builder-row-1 nonhundred-percent-fullwidth non-hundred-percent-height-scrolling\" style=\"background-color: rgba(255,255,255,0);background-position: center center;background-repeat: no-repeat;padding-top:0px;padding-right:0px;padding-bottom:0px;margin-bottom: 0px;margin-top: 0px;border-width: 0px 0px 0px 0px;border-color:#eae9e9;border-style:solid;\" ><div class=\"fusion-builder-row fusion-row\"><div class=\"fusion-layout-column fusion_builder_column fusion-builder-column-0 fusion_builder_column_1_1 1_1 fusion-one-full fusion-column-first fusion-column-last\" style=\"margin-top:0px;margin-bottom:0px;\"><div class=\"fusion-column-wrapper fusion-flex-column-wrapper-legacy\" style=\"background-position:left top;background-repeat:no-repeat;-webkit-background-size:cover;-moz-background-size:cover;-o-background-size:cover;background-size:cover;padding: 0px 0px 0px 0px;\"><style type=\"text\/css\"><\/style><div class=\"fusion-title title fusion-title-1 fusion-sep-none fusion-title-text fusion-title-size-one\" style=\"margin-top:0px;margin-right:0px;margin-bottom:31px;margin-left:0px;\"><h1 class=\"title-heading-left\" style=\"margin:0;\">Karierni center VS\u0160<\/h1><\/div><div class=\"fusion-clearfix\"><\/div><\/div><\/div><div class=\"fusion-layout-column fusion_builder_column fusion-builder-column-1 fusion_builder_column_1_3 1_3 fusion-one-third fusion-column-first\" style=\"width:33.333333333333%;width:calc(33.333333333333% - ( ( 4% + 4% ) * 0.33333333333333 ) );margin-right: 4%;margin-top:0px;margin-bottom:0px;\"><div class=\"fusion-column-wrapper fusion-flex-column-wrapper-legacy\" style=\"background-position:left top;background-repeat:no-repeat;-webkit-background-size:cover;-moz-background-size:cover;-o-background-size:cover;background-size:cover;padding: 0px 0px 0px 0px;\"><div class=\"fusion-slider-sc fusion-flexslider-loading flexslider flexslider-hover-type-none\" data-slideshow_autoplay=\"1\" data-slideshow_smooth_height=\"1\" data-slideshow_speed=\"5000\" style=\"max-width:100%;height:100%;\"><ul class=\"slides\"><li class=\"image\"><a title=\"950sasaJobFair-13\" data-caption=\"JobFair, 2017, sejem mo\u017enosti in prilo\u017enosti\" data-title=\"950sasaJobFair-13\" aria-label=\"950sasaJobFair-13\" href=\"https:\/\/www.scpet.si\/vss\/fotogalerija\/\" target=\"_self\"><span class=\"fusion-image-hover-element hover-type-none\"><img decoding=\"async\" src=\"data:image\/svg+xml,%3Csvg%20xmlns%3D%27http%3A%2F%2Fwww.w3.org%2F2000%2Fsvg%27%20width%3D%271920%27%20height%3D%271280%27%20viewBox%3D%270%200%201920%201280%27%3E%3Crect%20width%3D%271920%27%20height%3D%271280%27%20fill-opacity%3D%220%22%2F%3E%3C%2Fsvg%3E\" width=\"1920\" height=\"1280\" class=\"wp-image-708 lazyload\" data-orig-src=\"https:\/\/www.scpet.si\/vss\/wp-content\/uploads\/sites\/3\/2021\/06\/950sasaJobFair-13.jpg\" \/><\/span><\/a><\/li><li class=\"image\"><a title=\"757IMG_6771\" data-caption=\"\u0160tudenti \u0160C PET, VS\u0160: Matija Kne\u017eevi\u010d, Martin \u0160erbinek, Tina Tekav\u010di\u010d, Jaka Pivk, D\u017eemajil Omerbegovi\u0107 \" data-title=\"757IMG_6771\" aria-label=\"757IMG_6771\" href=\"https:\/\/www.scpet.si\/vss\/fotogalerija\/\" target=\"_self\"><span class=\"fusion-image-hover-element hover-type-none\"><img decoding=\"async\" src=\"data:image\/svg+xml,%3Csvg%20xmlns%3D%27http%3A%2F%2Fwww.w3.org%2F2000%2Fsvg%27%20width%3D%271920%27%20height%3D%271280%27%20viewBox%3D%270%200%201920%201280%27%3E%3Crect%20width%3D%271920%27%20height%3D%271280%27%20fill-opacity%3D%220%22%2F%3E%3C%2Fsvg%3E\" width=\"1920\" height=\"1280\" class=\"wp-image-707 lazyload\" data-orig-src=\"https:\/\/www.scpet.si\/vss\/wp-content\/uploads\/sites\/3\/2021\/06\/757IMG_6771.jpg\" \/><\/span><\/a><\/li><li class=\"image\"><a title=\"538sasaJobFair-18\" data-caption=\"Prvi koraki na poti do uspeha\" data-title=\"538sasaJobFair-18\" aria-label=\"538sasaJobFair-18\" href=\"https:\/\/www.scpet.si\/vss\/fotogalerija\/\" target=\"_self\"><span class=\"fusion-image-hover-element hover-type-none\"><img decoding=\"async\" src=\"data:image\/svg+xml,%3Csvg%20xmlns%3D%27http%3A%2F%2Fwww.w3.org%2F2000%2Fsvg%27%20width%3D%271920%27%20height%3D%271280%27%20viewBox%3D%270%200%201920%201280%27%3E%3Crect%20width%3D%271920%27%20height%3D%271280%27%20fill-opacity%3D%220%22%2F%3E%3C%2Fsvg%3E\" width=\"1920\" height=\"1280\" class=\"wp-image-706 lazyload\" data-orig-src=\"https:\/\/www.scpet.si\/vss\/wp-content\/uploads\/sites\/3\/2021\/06\/538sasaJobFair-18.jpg\" \/><\/span><\/a><\/li><li class=\"image\"><a title=\"169IMG_6673\" data-caption=\"Dnevi Slovenske informatike 2017, \u0161tudenti VS\u0160 kot soustvarjalci prihodnosti\" data-title=\"169IMG_6673\" aria-label=\"169IMG_6673\" href=\"https:\/\/www.scpet.si\/vss\/fotogalerija\/\" target=\"_self\"><span class=\"fusion-image-hover-element hover-type-none\"><img decoding=\"async\" src=\"data:image\/svg+xml,%3Csvg%20xmlns%3D%27http%3A%2F%2Fwww.w3.org%2F2000%2Fsvg%27%20width%3D%271920%27%20height%3D%271280%27%20viewBox%3D%270%200%201920%201280%27%3E%3Crect%20width%3D%271920%27%20height%3D%271280%27%20fill-opacity%3D%220%22%2F%3E%3C%2Fsvg%3E\" width=\"1920\" height=\"1280\" class=\"wp-image-703 lazyload\" data-orig-src=\"https:\/\/www.scpet.si\/vss\/wp-content\/uploads\/sites\/3\/2021\/06\/169IMG_6673.jpg\" \/><\/span><\/a><\/li><li class=\"image\"><a title=\"230pet(114)\" data-caption=\"Zlati diplomant - 2016\" data-title=\"230pet(114)\" aria-label=\"230pet(114)\" href=\"https:\/\/www.scpet.si\/vss\/fotogalerija\/\" target=\"_self\"><span class=\"fusion-image-hover-element hover-type-none\"><img decoding=\"async\" src=\"data:image\/svg+xml,%3Csvg%20xmlns%3D%27http%3A%2F%2Fwww.w3.org%2F2000%2Fsvg%27%20width%3D%271920%27%20height%3D%271280%27%20viewBox%3D%270%200%201920%201280%27%3E%3Crect%20width%3D%271920%27%20height%3D%271280%27%20fill-opacity%3D%220%22%2F%3E%3C%2Fsvg%3E\" alt=\"Zlati diplomant - 2016\" width=\"1920\" height=\"1280\" class=\"wp-image-700 lazyload\" data-orig-src=\"https:\/\/www.scpet.si\/vss\/wp-content\/uploads\/sites\/3\/2021\/06\/230pet114.jpg\" \/><\/span><\/a><\/li><li class=\"image\"><a title=\"773pet(151)\" data-caption=\"Zlata diplomanta - 2017\" data-title=\"773pet(151)\" aria-label=\"773pet(151)\" href=\"https:\/\/www.scpet.si\/vss\/fotogalerija\/\" target=\"_self\"><span class=\"fusion-image-hover-element hover-type-none\"><img decoding=\"async\" src=\"data:image\/svg+xml,%3Csvg%20xmlns%3D%27http%3A%2F%2Fwww.w3.org%2F2000%2Fsvg%27%20width%3D%271920%27%20height%3D%271280%27%20viewBox%3D%270%200%201920%201280%27%3E%3Crect%20width%3D%271920%27%20height%3D%271280%27%20fill-opacity%3D%220%22%2F%3E%3C%2Fsvg%3E\" alt=\"Zlata diplomanta - 2017\" width=\"1920\" height=\"1280\" class=\"wp-image-699 lazyload\" data-orig-src=\"https:\/\/www.scpet.si\/vss\/wp-content\/uploads\/sites\/3\/2021\/06\/773pet151.jpg\" \/><\/span><\/a><\/li><li class=\"image\"><a title=\"821IMG_3367[1]\" data-caption=\"Zlata diplomanta - 2019\" data-title=\"821IMG_3367[1]\" aria-label=\"821IMG_3367[1]\" href=\"https:\/\/www.scpet.si\/vss\/fotogalerija\/\" target=\"_self\"><span class=\"fusion-image-hover-element hover-type-none\"><img decoding=\"async\" src=\"data:image\/svg+xml,%3Csvg%20xmlns%3D%27http%3A%2F%2Fwww.w3.org%2F2000%2Fsvg%27%20width%3D%271920%27%20height%3D%271280%27%20viewBox%3D%270%200%201920%201280%27%3E%3Crect%20width%3D%271920%27%20height%3D%271280%27%20fill-opacity%3D%220%22%2F%3E%3C%2Fsvg%3E\" width=\"1920\" height=\"1280\" class=\"wp-image-698 lazyload\" data-orig-src=\"https:\/\/www.scpet.si\/vss\/wp-content\/uploads\/sites\/3\/2021\/06\/821IMG_33671.jpg\" \/><\/span><\/a><\/li><\/ul><\/div><div class=\"fusion-clearfix\"><\/div><\/div><\/div><div class=\"fusion-layout-column fusion_builder_column fusion-builder-column-2 fusion_builder_column_1_3 1_3 fusion-one-third\" style=\"width:33.333333333333%;width:calc(33.333333333333% - ( ( 4% + 4% ) * 0.33333333333333 ) );margin-right: 4%;margin-top:0px;margin-bottom:0px;\"><div class=\"fusion-column-wrapper fusion-flex-column-wrapper-legacy\" style=\"background-position:left top;background-repeat:no-repeat;-webkit-background-size:cover;-moz-background-size:cover;-o-background-size:cover;background-size:cover;padding: 0px 0px 0px 0px;\"><div class=\"fusion-clearfix\"><\/div><\/div><\/div><div class=\"fusion-layout-column fusion_builder_column fusion-builder-column-3 fusion_builder_column_1_3 1_3 fusion-one-third fusion-column-last\" style=\"width:33.333333333333%;width:calc(33.333333333333% - ( ( 4% + 4% ) * 0.33333333333333 ) );margin-top:0px;margin-bottom:0px;\"><div class=\"fusion-column-wrapper fusion-flex-column-wrapper-legacy\" style=\"background-position:left top;background-repeat:no-repeat;-webkit-background-size:cover;-moz-background-size:cover;-o-background-size:cover;background-size:cover;padding: 0px 0px 0px 0px;\"><div class=\"fusion-clearfix\"><\/div><\/div><\/div><div class=\"fusion-layout-column fusion_builder_column fusion-builder-column-4 fusion_builder_column_1_1 1_1 fusion-one-full fusion-column-first fusion-column-last\" style=\"margin-top:0px;margin-bottom:0px;\"><div class=\"fusion-column-wrapper fusion-flex-column-wrapper-legacy\" style=\"background-position:left top;background-repeat:no-repeat;-webkit-background-size:cover;-moz-background-size:cover;-o-background-size:cover;background-size:cover;padding: 0px 0px 0px 0px;\"><div class=\"fusion-text fusion-text-1\"><p>Karierni center je namenjen posredovanju informacij in ustrezne strokovne pomo\u010di vsem dele\u017enikom izobra\u017eevanja, \u0161e posebej pa \u0161tudentom, diplomantom in delodajalcem. Zainteresiranim za \u0161tudij na \u0160C PET VS\u0160 \u017eelimo posredovati \u010dim ve\u010d kakovostnih informacij povezanih s \u0161tudijem in pravilno izbiro \u0161tudija, \u0161tudentom in diplomantom pa \u017eelimo zagotoviti celostno podporo na njihovi \u0161tudijski in karierni poti. Za dosego teh ciljev tesno sodelujemo z vsemi dele\u017eniki izobra\u017eevanja, predvsem pa z delodajalci.<\/p>\n<p>\u0160tudentom in diplomantom svetujemo ob izbiri ali nadaljevanju \u0161tudija, razmi\u0161ljanju o podjetni\u0161tvu, pomagamo pri te\u017eavah v zvezi z iskanjem prakti\u010dnega izobra\u017eevanja, pri iskanju zaposlitve ter izbolj\u0161anju zaposlitvenih ve\u0161\u010din, pri iskanju informacij o \u0161tipendijah, pomo\u010di v zvezi s \u0161tudijem, itd..<\/p>\n<\/div><div class=\"fusion-sep-clear\"><\/div><div class=\"fusion-separator fusion-full-width-sep\" style=\"margin-left: auto;margin-right: auto;margin-top:0px;margin-bottom:5px;width:100%;\"><div class=\"fusion-separator-border sep-single sep-solid\" style=\"border-color:#ffffff;border-top-width:1px;\"><\/div><\/div><div class=\"fusion-sep-clear\"><\/div><div class=\"fusion-text fusion-text-2\"><p>Koordinatorka: Tereza Mohar<br \/>\nkontakt: <a href=\"mailto:kariera.vss@scpet.si\">kariera.vss@scpet.si<\/a><\/p>\n<\/div><div class=\"fusion-sep-clear\"><\/div><div class=\"fusion-separator fusion-full-width-sep\" style=\"margin-left: auto;margin-right: auto;margin-top:0px;margin-bottom:5px;width:100%;\"><div class=\"fusion-separator-border sep-single sep-solid\" style=\"border-color:#ffffff;border-top-width:1px;\"><\/div><\/div><div class=\"fusion-sep-clear\"><\/div><div class=\"fusion-text fusion-text-3\"><p><strong>DEJAVNOSTI VS\u0160<\/strong> v okviru kariernega centra<\/p>\n<p><em>Informacije povezane z vpisom v \u0161tudijska programa:<\/em><\/p>\n<ul>\n<li><a href=\"https:\/\/www.scpet.si\/vss\/programi-in-vpis\/vpis-pogoji-za-vpis\/\" target=\"_blank\" rel=\"noopener\">informativna dneva<\/a>, <a href=\"https:\/\/www.informativa.si\/\" target=\"_blank\" rel=\"noopener\">INFORMATIVA<\/a> (predstavitev \u0161ole in \u0161tudijskih programov),<\/li>\n<li><a href=\"https:\/\/www.scpet.si\/vss\/programi-in-vpis\/vpis-pogoji-za-vpis\/\" target=\"_blank\" rel=\"noopener\">dan odprtih vrat \u0161ole<\/a> in predstavitve \u0161tudijskih programov po \u0161olah,<\/li>\n<li><a href=\"https:\/\/www.scpet.si\/vss\/programi-in-vpis\/vpis-pogoji-za-vpis\/\" target=\"_blank\" rel=\"noopener\">Prijave za vpis<\/a> &#8211; informacije,<\/li>\n<li>dodatna pojasnila in svetovanje (<a href=\"https:\/\/www.scpet.si\/vss\/kontakti\/vodstvo-referat-vss-strokovne-sluzbe\/\" target=\"_blank\" rel=\"noopener\">referat VS\u0160<\/a>).<\/li>\n<\/ul>\n<p><em>Za \u0161tudente rednega in izrednega \u0161tudija:<\/em><\/p>\n<ul>\n<li><a href=\"https:\/\/www.scpet.si\/vss\/studij\/informator-za-studente\/\" target=\"_blank\" rel=\"noopener\">INFORMATOR za \u0161tudente<\/a> (informacije za la\u017ejo vklju\u010ditev v \u0161tudij),<\/li>\n<li><a href=\"https:\/\/www.scpet.si\/vss\/tutorstvo\/\" target=\"_blank\" rel=\"noopener\">Tutor &#8211; predavatelj, \u0161tudent<\/a><\/li>\n<li>Pomo\u010d pri iskanju delodajalcev za prakti\u010dno izobra\u017eevanje \u0161tudentov,<\/li>\n<li><a href=\"https:\/\/www.scpet.si\/vss\/o-soli\/seznam-do-tk\/\" target=\"_blank\" rel=\"noopener\">TELEKOMUNIKACIJE<\/a>,<\/li>\n<li><a href=\"https:\/\/www.scpet.si\/vss\/o-soli\/seznam-do-eko\/\" target=\"_blank\" rel=\"noopener\">EKONOMIST<\/a>,<\/li>\n<li>Mo\u017enost prakti\u010dnega izobra\u017eevanja v tujini, <a href=\"https:\/\/www.scpet.si\/vss\/studij\/erasmus\/razpisi-erasmus\/\" target=\"_blank\" rel=\"noopener\">Erasmus+<\/a>.<\/li>\n<\/ul>\n<p><em>Za \u0161tudente, diplomante (iskalce zaposlitve in zaposlene):<\/em><\/p>\n<ul>\n<li><a href=\"https:\/\/www.scpet.si\/vss\/diploma-in-kariera\/karierni-center\/aktualno\/\" target=\"_blank\" rel=\"noopener\">Aktualno <\/a>(vabila na dogodke, oglasi, karierna sredi\u0161\u010da, sejmi, koristne povezave, itd.)<\/li>\n<li><a href=\"https:\/\/www.scpet.si\/vss\/diploma-in-kariera\/karierni-center\/alumni-klub-diplomantov\/\" target=\"_blank\" rel=\"noopener\">ALUMNI klub diplomantov <\/a>(\u010dlanstvo in dejavnosti).<\/li>\n<\/ul>\n<\/div><div class=\"fusion-sep-clear\"><\/div><div class=\"fusion-separator fusion-full-width-sep\" style=\"margin-left: auto;margin-right: auto;margin-top:0px;margin-bottom:5px;width:100%;\"><div class=\"fusion-separator-border sep-single sep-solid\" style=\"border-color:#333333;border-top-width:1px;\"><\/div><\/div><div class=\"fusion-sep-clear\"><\/div><div class=\"fusion-text fusion-text-4\"><p><a href=\"https:\/\/www.scpet.si\/vss\/diploma-in-kariera\/karierni-center\/aktivni-v-alumni\/\" target=\"_blank\" rel=\"noopener\">Aktivni v Alumni<\/a><\/p>\n<p><a href=\"https:\/\/www.scpet.si\/vss\/karierni-center\/arhiv-dogodkov\/\" target=\"_blank\" rel=\"noopener\">Arhiv dogodkov<\/a><\/p>\n<\/div><div class=\"fusion-clearfix\"><\/div><\/div><\/div><\/div><\/div>\n","protected":false},"excerpt":{"rendered":"","protected":false},"author":1,"featured_media":0,"parent":0,"menu_order":0,"comment_status":"closed","ping_status":"closed","template":"100-width.php","meta":{"xn-wppe-expiration":[],"xn-wppe-expiration-action":[],"xn-wppe-expiration-prefix":[],"_mi_skip_tracking":false,"_exactmetrics_sitenote_active":false,"_exactmetrics_sitenote_note":"","_exactmetrics_sitenote_category":0},"yoast_head":"<!-- This site is optimized with the Yoast SEO plugin v20.8 - https:\/\/yoast.com\/wordpress\/plugins\/seo\/ -->\n<title>Karierni center - VI\u0160JA STROKOVNA \u0160OLA<\/title>\n<meta name=\"description\" content=\"Karierni center je namenjen posredovanju informacij in ustrezne strokovne pomo\u010di vsem dele\u017enikom izobra\u017eevanja, \u0161e posebej pa \u0161tudentom, diplomantom in delodajalcem.\" \/>\n<meta name=\"robots\" content=\"index, follow, max-snippet:-1, max-image-preview:large, max-video-preview:-1\" \/>\n<link rel=\"canonical\" href=\"https:\/\/www.scpet.si\/vss\/karierni-center\/\" \/>\n<meta property=\"og:locale\" content=\"sl_SI\" \/>\n<meta property=\"og:type\" content=\"article\" \/>\n<meta property=\"og:title\" content=\"Karierni center - VI\u0160JA STROKOVNA \u0160OLA\" \/>\n<meta property=\"og:description\" content=\"Karierni center je namenjen posredovanju informacij in ustrezne strokovne pomo\u010di vsem dele\u017enikom izobra\u017eevanja, \u0161e posebej pa \u0161tudentom, diplomantom in delodajalcem.\" \/>\n<meta property=\"og:url\" content=\"https:\/\/www.scpet.si\/vss\/karierni-center\/\" \/>\n<meta property=\"og:site_name\" content=\"VI\u0160JA STROKOVNA \u0160OLA\" \/>\n<meta property=\"article:modified_time\" content=\"2023-10-03T12:00:15+00:00\" \/>\n<meta name=\"twitter:card\" content=\"summary_large_image\" \/>\n<meta name=\"twitter:label1\" content=\"Est. reading time\" \/>\n\t<meta name=\"twitter:data1\" content=\"4 minute\" \/>\n<script type=\"application\/ld+json\" class=\"yoast-schema-graph\">{\"@context\":\"https:\/\/schema.org\",\"@graph\":[{\"@type\":\"WebPage\",\"@id\":\"https:\/\/www.scpet.si\/vss\/karierni-center\/\",\"url\":\"https:\/\/www.scpet.si\/vss\/karierni-center\/\",\"name\":\"Karierni center - VI\u0160JA STROKOVNA \u0160OLA\",\"isPartOf\":{\"@id\":\"\/#website\"},\"datePublished\":\"2019-09-23T10:03:45+00:00\",\"dateModified\":\"2023-10-03T12:00:15+00:00\",\"description\":\"Karierni center je namenjen posredovanju informacij in ustrezne strokovne pomo\u010di vsem dele\u017enikom izobra\u017eevanja, \u0161e posebej pa \u0161tudentom, diplomantom in delodajalcem.\",\"breadcrumb\":{\"@id\":\"https:\/\/www.scpet.si\/vss\/karierni-center\/#breadcrumb\"},\"inLanguage\":\"sl-SI\",\"potentialAction\":[{\"@type\":\"ReadAction\",\"target\":[\"https:\/\/www.scpet.si\/vss\/karierni-center\/\"]}]},{\"@type\":\"BreadcrumbList\",\"@id\":\"https:\/\/www.scpet.si\/vss\/karierni-center\/#breadcrumb\",\"itemListElement\":[{\"@type\":\"ListItem\",\"position\":1,\"name\":\"Home\",\"item\":\"https:\/\/www.scpet.si\/vss\/\"},{\"@type\":\"ListItem\",\"position\":2,\"name\":\"Karierni center\"}]},{\"@type\":\"WebSite\",\"@id\":\"\/#website\",\"url\":\"\/\",\"name\":\"VI\u0160JA STROKOVNA \u0160OLA\",\"description\":\"Just another \u0160C PET Sites site\",\"potentialAction\":[{\"@type\":\"SearchAction\",\"target\":{\"@type\":\"EntryPoint\",\"urlTemplate\":\"\/?s={search_term_string}\"},\"query-input\":\"required name=search_term_string\"}],\"inLanguage\":\"sl-SI\"}]}<\/script>\n<!-- \/ Yoast SEO plugin. -->","yoast_head_json":{"title":"Karierni center - VI\u0160JA STROKOVNA \u0160OLA","description":"Karierni center je namenjen posredovanju informacij in ustrezne strokovne pomo\u010di vsem dele\u017enikom izobra\u017eevanja, \u0161e posebej pa \u0161tudentom, diplomantom in delodajalcem.","robots":{"index":"index","follow":"follow","max-snippet":"max-snippet:-1","max-image-preview":"max-image-preview:large","max-video-preview":"max-video-preview:-1"},"canonical":"https:\/\/www.scpet.si\/vss\/karierni-center\/","og_locale":"sl_SI","og_type":"article","og_title":"Karierni center - VI\u0160JA STROKOVNA \u0160OLA","og_description":"Karierni center je namenjen posredovanju informacij in ustrezne strokovne pomo\u010di vsem dele\u017enikom izobra\u017eevanja, \u0161e posebej pa \u0161tudentom, diplomantom in delodajalcem.","og_url":"https:\/\/www.scpet.si\/vss\/karierni-center\/","og_site_name":"VI\u0160JA STROKOVNA \u0160OLA","article_modified_time":"2023-10-03T12:00:15+00:00","twitter_card":"summary_large_image","twitter_misc":{"Est. reading time":"4 minute"},"schema":{"@context":"https:\/\/schema.org","@graph":[{"@type":"WebPage","@id":"https:\/\/www.scpet.si\/vss\/karierni-center\/","url":"https:\/\/www.scpet.si\/vss\/karierni-center\/","name":"Karierni center - VI\u0160JA STROKOVNA \u0160OLA","isPartOf":{"@id":"\/#website"},"datePublished":"2019-09-23T10:03:45+00:00","dateModified":"2023-10-03T12:00:15+00:00","description":"Karierni center je namenjen posredovanju informacij in ustrezne strokovne pomo\u010di vsem dele\u017enikom izobra\u017eevanja, \u0161e posebej pa \u0161tudentom, diplomantom in delodajalcem.","breadcrumb":{"@id":"https:\/\/www.scpet.si\/vss\/karierni-center\/#breadcrumb"},"inLanguage":"sl-SI","potentialAction":[{"@type":"ReadAction","target":["https:\/\/www.scpet.si\/vss\/karierni-center\/"]}]},{"@type":"BreadcrumbList","@id":"https:\/\/www.scpet.si\/vss\/karierni-center\/#breadcrumb","itemListElement":[{"@type":"ListItem","position":1,"name":"Home","item":"https:\/\/www.scpet.si\/vss\/"},{"@type":"ListItem","position":2,"name":"Karierni center"}]},{"@type":"WebSite","@id":"\/#website","url":"\/","name":"VI\u0160JA STROKOVNA \u0160OLA","description":"Just another \u0160C PET Sites site","potentialAction":[{"@type":"SearchAction","target":{"@type":"EntryPoint","urlTemplate":"\/?s={search_term_string}"},"query-input":"required name=search_term_string"}],"inLanguage":"sl-SI"}]}},"_links":{"self":[{"href":"https:\/\/www.scpet.si\/vss\/wp-json\/wp\/v2\/pages\/188"}],"collection":[{"href":"https:\/\/www.scpet.si\/vss\/wp-json\/wp\/v2\/pages"}],"about":[{"href":"https:\/\/www.scpet.si\/vss\/wp-json\/wp\/v2\/types\/page"}],"author":[{"embeddable":true,"href":"https:\/\/www.scpet.si\/vss\/wp-json\/wp\/v2\/users\/1"}],"replies":[{"embeddable":true,"href":"https:\/\/www.scpet.si\/vss\/wp-json\/wp\/v2\/comments?post=188"}],"version-history":[{"count":0,"href":"https:\/\/www.scpet.si\/vss\/wp-json\/wp\/v2\/pages\/188\/revisions"}],"wp:attachment":[{"href":"https:\/\/www.scpet.si\/vss\/wp-json\/wp\/v2\/media?parent=188"}],"curies":[{"name":"wp","href":"https:\/\/api.w.org\/{rel}","templated":true}]}}