{"id":1897,"date":"2022-01-17T09:26:05","date_gmt":"2022-01-17T08:26:05","guid":{"rendered":"https:\/\/www.scpet.si\/vss\/?page_id=1897"},"modified":"2024-01-26T09:14:11","modified_gmt":"2024-01-26T08:14:11","slug":"tutorstvo","status":"publish","type":"page","link":"https:\/\/www.scpet.si\/vss\/tutorstvo\/","title":{"rendered":"Tutorstvo"},"content":{"rendered":"<div class=\"fusion-fullwidth fullwidth-box fusion-builder-row-1 fusion-flex-container nonhundred-percent-fullwidth non-hundred-percent-height-scrolling\" style=\"background-color: rgba(255,255,255,0);background-position: center center;background-repeat: no-repeat;border-width: 0px 0px 0px 0px;border-color:#eae9e9;border-style:solid;\" ><div class=\"fusion-builder-row fusion-row fusion-flex-align-items-flex-start\" style=\"max-width:1331.2px;margin-left: calc(-4% \/ 2 );margin-right: calc(-4% \/ 2 );\"><div class=\"fusion-layout-column fusion_builder_column fusion-builder-column-0 fusion_builder_column_1_1 1_1 fusion-flex-column\"><div class=\"fusion-column-wrapper fusion-flex-justify-content-flex-start fusion-content-layout-column\" style=\"background-position:left top;background-repeat:no-repeat;-webkit-background-size:cover;-moz-background-size:cover;-o-background-size:cover;background-size:cover;padding: 0px 0px 0px 0px;\"><div class=\"fusion-text fusion-text-1\"><h2>Tutorstvo<\/h2>\n<\/div><div class=\"fusion-text fusion-text-2\"><p>Namen \u0161tudentskega tutorstva je nuditi \u0161tudentom ustrezno podporo pri \u0161tudiju, tako v obliki pomo\u010di pri osvajanju \u0161tudijske snovi kot tudi pri ostalih te\u017eavah, ki se lahko pojavijo med \u0161tudijem in s tem ogrozijo njegovo \u0161tudijsko uspe\u0161nost. Kvalitetna izvedba \u0161tudentskega tutorstva pripomore k vi\u0161anju prehodnosti v vi\u0161ji letnik \u0161tudija, prejemnikom tutorske pomo\u010di pa znatno pove\u010da kvaliteto \u0161tudija.<\/p>\n<p>Glede na izra\u017eene potrebe \u0161tudentov, vi\u0161ja strokovna \u0161ola organizira izvajanje predmetnega tutorstva, tutorstva za \u0161tudente s posebnimi potrebami in tutorstva za tuje \u0161tudente. Poseben poudarek je na organizaciji in izvajanju predmetnega tutorstva. Na\u0161tete oblike \u0161tudentskega tutorstva se med seboj razlikujejo glede na kriterije izbora tutorjev, na\u010din dela in ciljno populacijo \u0161tudentov, ki so dele\u017eni tutorske pomo\u010di.<\/p>\n<\/div><div class=\"fusion-separator fusion-full-width-sep\" style=\"align-self: center;margin-left: auto;margin-right: auto;margin-top:4px;margin-bottom:4px;width:100%;\"><div class=\"fusion-separator-border sep-double\" style=\"border-color:#ffffff;border-top-width:4px;border-bottom-width:4px;\"><\/div><\/div><div class=\"fusion-text fusion-text-3\"><p><strong>Predmetno tutorstvo<br \/>\n<\/strong><\/p>\n<\/div><div class=\"fusion-text fusion-text-4\"><p>Predmetno tutorstvo je namenjeno \u0161tudentom kot dodatna pomo\u010d pri razumevanju in osvajanju \u0161tudijske snovi posameznih predmetov \u0161tudijskega programa. Obi\u010dajno je predmetno tutorstvo organizirano kot pomo\u010d pri predmetih z zahtevno in obse\u017eno \u0161tudijsko snovjo. Na uri predmetnega tutorstva lahko \u0161tudent povpra\u0161a po dodatni razlagi snovi, ki je ni razumel med predavanji. Predmetni tutorji \u0161tudentom svetujejo o najprimernej\u0161ih \u0161tudijskih metodah in strategijah u\u010denja pri posameznem predmetu ter \u0161tudente seznanijo s pomembnimi informacijami in literaturo za posamezen predmet.<\/p>\n<p>Predmetno tutorstvo omogo\u010da \u0161tudentu nudenje dodatne pomo\u010di pri osvajanju znanj, posledi\u010dno pa se izbolj\u0161ajo \u0161tudijski rezultati \u0161tudentov na izpitih. \u0160tudent mora priti na sre\u010danje s tutorjem ustrezno pripravljen.<\/p>\n<p><strong>\u00a0<\/strong><\/p>\n<p><strong>Predmetni tutor predavatelj:<\/strong><\/p>\n<p><a href=\"https:\/\/www.scpet.si\/vss\/o-soli\/predavatelji\/telekomunikacije\/\">Predavatelj tutor \u2013 za \u0161tudijski program (TK)<\/a><\/p>\n<p><a href=\"https:\/\/www.scpet.si\/vss\/o-soli\/predavatelji\/ekonomist\/\">Predavatelj tutor \u2013 za \u0161tudijski program (EKO)<\/a><\/p>\n<\/div><div class=\"fusion-separator fusion-full-width-sep\" style=\"align-self: center;margin-left: auto;margin-right: auto;margin-top:4px;margin-bottom:4px;width:100%;\"><div class=\"fusion-separator-border sep-double\" style=\"border-color:#ffffff;border-top-width:4px;border-bottom-width:4px;\"><\/div><\/div><div class=\"fusion-text fusion-text-5\"><p><strong>Predmetni tutor \u0161tudent:<br \/>\n<\/strong>za \u0161tudijska programa (TK in EKO)<\/p>\n<p>Tutorstvo \u0161tudent &#8211; \u0161tudentu je organizirano v sodelovanju s \u0161tudentsko organizacijo \u0160C PET VS\u0160 in \u0161tudentsko organizacijo univerze v Ljubljani.<\/p>\n<p>\u0160tudent ki potrebuje tutorstvo pri posameznem predmetu to sporo\u010di v referat VS\u0160 osebno, ali po e-po\u0161ti na <a href=\"mailto:vss@scpet.si\">vss@scpet.si<\/a>, najmanj 30 dni pred objavljenim izpitnim rokom. Predstavnik \u0161ole kontaktira predstavnika \u0161tudentov \u0160O \u0160OU v Ljubljani, ki kontaktira \u0161tudente in organizira tutorstvo.<\/p>\n<\/div><div class=\"fusion-separator fusion-full-width-sep\" style=\"align-self: center;margin-left: auto;margin-right: auto;margin-top:2px;margin-bottom:2px;width:100%;\"><div class=\"fusion-separator-border sep-double\" style=\"border-color:#ffffff;border-top-width:2px;border-bottom-width:2px;\"><\/div><\/div><div class=\"fusion-text fusion-text-6\"><p>Pogoj za organizacijo predmetnega tutorstva \u0161tudent-\u0161tudentu je prijava najmanj treh \u0161tudentov za isti predmet (izjemoma tudi manj).<\/p>\n<\/div><div class=\"fusion-separator fusion-full-width-sep\" style=\"align-self: center;margin-left: auto;margin-right: auto;margin-top:4px;margin-bottom:4px;width:100%;\"><div class=\"fusion-separator-border sep-double\" style=\"border-color:#ffffff;border-top-width:4px;border-bottom-width:4px;\"><\/div><\/div><div class=\"fusion-text fusion-text-7\"><p><strong>Tutorstvo za \u0161tudente s posebnimi potrebami<\/strong><\/p>\n<p>\u0160tudentom, ki jim je odobren status \u0161tudenta s posebnimi potrebami, sta v podporo in spremljanje \u0161tudijskega dela na voljo predavatelja, tutorja za posebne potrebe, mag. Darko Rupret in mag. Nata\u0161a N. Ipavec.<\/p>\n<\/div><div class=\"fusion-separator fusion-full-width-sep\" style=\"align-self: center;margin-left: auto;margin-right: auto;margin-top:2px;margin-bottom:2px;width:100%;\"><div class=\"fusion-separator-border sep-double\" style=\"border-color:#ffffff;border-top-width:1px;border-bottom-width:1px;\"><\/div><\/div><div class=\"fusion-text fusion-text-8\"><p><strong>Tutorstvo za tuje \u0161tudente<\/strong><\/p>\n<p>Glavni namen tutorstva tujim \u0161tudentom je predvsem pomo\u010d \u0161tudentom pri premagovanju kulturnega \u0161oka (drugi obi\u010daji, jezik, ljudje) in pri privajanju na novo okolje, ko pridejo v Slovenijo. Tuji \u0161tudenti obi\u010dajno potrebujejo pomo\u010d pri urejanju prioritetnih zadev, kot so nastanitev (v kolikor ne bivajo pri sorodnikih) in pridobitev vozovnice. Tekom \u0161tudija v Sloveniji se soo\u010dajo s kulturnimi razlikami, ki lahko vplivajo na njihovo \u0161tudijsko uspe\u0161nost. Tutorji \u2013 \u0161tudenti, jim obi\u010dajno pomagajo pri integraciji v slovensko okolje, premagovanju domoto\u017eja in urejanju dolo\u010denih administrativnih zadev.<\/p>\n<\/div><div class=\"fusion-separator fusion-full-width-sep\" style=\"align-self: center;margin-left: auto;margin-right: auto;margin-top:4px;margin-bottom:4px;width:100%;\"><div class=\"fusion-separator-border sep-double\" style=\"border-color:#ffffff;border-top-width:4px;border-bottom-width:4px;\"><\/div><\/div><div class=\"fusion-text fusion-text-9\"><p>\u0160tudenti ki bi potrebovali pomo\u010d, to javijo v referat VS\u0160 osebno ali preko e-po\u0161te na <a href=\"mailto:vss@scpet.si\">vss@scpet.si<\/a>. \u0160ola sproti pomaga pri re\u0161evanju te\u017eav, tudi tako, da poi\u0161\u010de ustreznega \u0161tudenta \u2013 tutorja, \u010de je to potrebno.<\/p>\n<\/div><\/div><style type=\"text\/css\">.fusion-body .fusion-builder-column-0{width:100% !important;margin-top : 0px;margin-bottom : 0px;}.fusion-builder-column-0 > .fusion-column-wrapper {padding-top : 0px !important;padding-right : 0px !important;margin-right : 1.92%;padding-bottom : 0px !important;padding-left : 0px !important;margin-left : 1.92%;}@media only screen and (max-width:1024px) {.fusion-body .fusion-builder-column-0{width:100% !important;order : 0;}.fusion-builder-column-0 > .fusion-column-wrapper {margin-right : 1.92%;margin-left : 1.92%;}}@media only screen and (max-width:640px) {.fusion-body .fusion-builder-column-0{width:100% !important;order : 0;}.fusion-builder-column-0 > .fusion-column-wrapper {margin-right : 1.92%;margin-left : 1.92%;}}<\/style><\/div><\/div><style type=\"text\/css\">.fusion-body .fusion-flex-container.fusion-builder-row-1{ padding-top : 0px;margin-top : 0px;padding-right : 0px;padding-bottom : 0px;margin-bottom : 0px;padding-left : ;}<\/style><\/div>\n","protected":false},"excerpt":{"rendered":"","protected":false},"author":5,"featured_media":0,"parent":0,"menu_order":0,"comment_status":"closed","ping_status":"closed","template":"","meta":{"xn-wppe-expiration":[],"xn-wppe-expiration-action":[],"xn-wppe-expiration-prefix":[],"_mi_skip_tracking":false,"_exactmetrics_sitenote_active":false,"_exactmetrics_sitenote_note":"","_exactmetrics_sitenote_category":0},"yoast_head":"<!-- This site is optimized with the Yoast SEO plugin v20.8 - https:\/\/yoast.com\/wordpress\/plugins\/seo\/ -->\n<title>Tutorstvo - VI\u0160JA STROKOVNA \u0160OLA<\/title>\n<meta name=\"description\" content=\"Tutorstvo\" \/>\n<meta name=\"robots\" content=\"index, follow, max-snippet:-1, max-image-preview:large, max-video-preview:-1\" \/>\n<link rel=\"canonical\" href=\"https:\/\/www.scpet.si\/vss\/tutorstvo\/\" \/>\n<meta property=\"og:locale\" content=\"sl_SI\" \/>\n<meta property=\"og:type\" content=\"article\" \/>\n<meta property=\"og:title\" content=\"Tutorstvo - VI\u0160JA STROKOVNA \u0160OLA\" \/>\n<meta property=\"og:description\" content=\"Tutorstvo\" \/>\n<meta property=\"og:url\" content=\"https:\/\/www.scpet.si\/vss\/tutorstvo\/\" \/>\n<meta property=\"og:site_name\" content=\"VI\u0160JA STROKOVNA \u0160OLA\" \/>\n<meta property=\"article:modified_time\" content=\"2024-01-26T08:14:11+00:00\" \/>\n<meta name=\"twitter:card\" content=\"summary_large_image\" \/>\n<meta name=\"twitter:label1\" content=\"Est. reading time\" \/>\n\t<meta name=\"twitter:data1\" content=\"10 minut\" \/>\n<script type=\"application\/ld+json\" class=\"yoast-schema-graph\">{\"@context\":\"https:\/\/schema.org\",\"@graph\":[{\"@type\":\"WebPage\",\"@id\":\"https:\/\/www.scpet.si\/vss\/tutorstvo\/\",\"url\":\"https:\/\/www.scpet.si\/vss\/tutorstvo\/\",\"name\":\"Tutorstvo - VI\u0160JA STROKOVNA \u0160OLA\",\"isPartOf\":{\"@id\":\"\/#website\"},\"datePublished\":\"2022-01-17T08:26:05+00:00\",\"dateModified\":\"2024-01-26T08:14:11+00:00\",\"description\":\"Tutorstvo\",\"breadcrumb\":{\"@id\":\"https:\/\/www.scpet.si\/vss\/tutorstvo\/#breadcrumb\"},\"inLanguage\":\"sl-SI\",\"potentialAction\":[{\"@type\":\"ReadAction\",\"target\":[\"https:\/\/www.scpet.si\/vss\/tutorstvo\/\"]}]},{\"@type\":\"BreadcrumbList\",\"@id\":\"https:\/\/www.scpet.si\/vss\/tutorstvo\/#breadcrumb\",\"itemListElement\":[{\"@type\":\"ListItem\",\"position\":1,\"name\":\"Home\",\"item\":\"https:\/\/www.scpet.si\/vss\/\"},{\"@type\":\"ListItem\",\"position\":2,\"name\":\"Tutorstvo\"}]},{\"@type\":\"WebSite\",\"@id\":\"\/#website\",\"url\":\"\/\",\"name\":\"VI\u0160JA STROKOVNA \u0160OLA\",\"description\":\"Just another \u0160C PET Sites site\",\"potentialAction\":[{\"@type\":\"SearchAction\",\"target\":{\"@type\":\"EntryPoint\",\"urlTemplate\":\"\/?s={search_term_string}\"},\"query-input\":\"required name=search_term_string\"}],\"inLanguage\":\"sl-SI\"}]}<\/script>\n<!-- \/ Yoast SEO plugin. -->","yoast_head_json":{"title":"Tutorstvo - VI\u0160JA STROKOVNA \u0160OLA","description":"Tutorstvo","robots":{"index":"index","follow":"follow","max-snippet":"max-snippet:-1","max-image-preview":"max-image-preview:large","max-video-preview":"max-video-preview:-1"},"canonical":"https:\/\/www.scpet.si\/vss\/tutorstvo\/","og_locale":"sl_SI","og_type":"article","og_title":"Tutorstvo - VI\u0160JA STROKOVNA \u0160OLA","og_description":"Tutorstvo","og_url":"https:\/\/www.scpet.si\/vss\/tutorstvo\/","og_site_name":"VI\u0160JA STROKOVNA \u0160OLA","article_modified_time":"2024-01-26T08:14:11+00:00","twitter_card":"summary_large_image","twitter_misc":{"Est. reading time":"10 minut"},"schema":{"@context":"https:\/\/schema.org","@graph":[{"@type":"WebPage","@id":"https:\/\/www.scpet.si\/vss\/tutorstvo\/","url":"https:\/\/www.scpet.si\/vss\/tutorstvo\/","name":"Tutorstvo - VI\u0160JA STROKOVNA \u0160OLA","isPartOf":{"@id":"\/#website"},"datePublished":"2022-01-17T08:26:05+00:00","dateModified":"2024-01-26T08:14:11+00:00","description":"Tutorstvo","breadcrumb":{"@id":"https:\/\/www.scpet.si\/vss\/tutorstvo\/#breadcrumb"},"inLanguage":"sl-SI","potentialAction":[{"@type":"ReadAction","target":["https:\/\/www.scpet.si\/vss\/tutorstvo\/"]}]},{"@type":"BreadcrumbList","@id":"https:\/\/www.scpet.si\/vss\/tutorstvo\/#breadcrumb","itemListElement":[{"@type":"ListItem","position":1,"name":"Home","item":"https:\/\/www.scpet.si\/vss\/"},{"@type":"ListItem","position":2,"name":"Tutorstvo"}]},{"@type":"WebSite","@id":"\/#website","url":"\/","name":"VI\u0160JA STROKOVNA \u0160OLA","description":"Just another \u0160C PET Sites site","potentialAction":[{"@type":"SearchAction","target":{"@type":"EntryPoint","urlTemplate":"\/?s={search_term_string}"},"query-input":"required name=search_term_string"}],"inLanguage":"sl-SI"}]}},"_links":{"self":[{"href":"https:\/\/www.scpet.si\/vss\/wp-json\/wp\/v2\/pages\/1897"}],"collection":[{"href":"https:\/\/www.scpet.si\/vss\/wp-json\/wp\/v2\/pages"}],"about":[{"href":"https:\/\/www.scpet.si\/vss\/wp-json\/wp\/v2\/types\/page"}],"author":[{"embeddable":true,"href":"https:\/\/www.scpet.si\/vss\/wp-json\/wp\/v2\/users\/5"}],"replies":[{"embeddable":true,"href":"https:\/\/www.scpet.si\/vss\/wp-json\/wp\/v2\/comments?post=1897"}],"version-history":[{"count":0,"href":"https:\/\/www.scpet.si\/vss\/wp-json\/wp\/v2\/pages\/1897\/revisions"}],"wp:attachment":[{"href":"https:\/\/www.scpet.si\/vss\/wp-json\/wp\/v2\/media?parent=1897"}],"curies":[{"name":"wp","href":"https:\/\/api.w.org\/{rel}","templated":true}]}}