{"id":200,"date":"2019-10-28T08:52:32","date_gmt":"2019-10-28T07:52:32","guid":{"rendered":"http:\/\/scpet.sample.si\/vss\/projekti\/cisco-copy\/"},"modified":"2022-08-11T10:52:42","modified_gmt":"2022-08-11T08:52:42","slug":"cisco-urnik","status":"publish","type":"page","link":"https:\/\/www.scpet.si\/vss\/cisco-akademija-ccna\/cisco-urnik\/","title":{"rendered":"URNIK"},"content":{"rendered":"<div class=\"fusion-fullwidth fullwidth-box fusion-builder-row-1 nonhundred-percent-fullwidth non-hundred-percent-height-scrolling\" style=\"background-color: rgba(255,255,255,0);background-position: center center;background-repeat: no-repeat;padding-top:0px;padding-right:0px;padding-bottom:0px;margin-bottom: 0px;margin-top: 0px;border-width: 0px 0px 0px 0px;border-color:#eae9e9;border-style:solid;\" ><div class=\"fusion-builder-row fusion-row\"><div class=\"fusion-layout-column fusion_builder_column fusion-builder-column-0 fusion_builder_column_1_1 1_1 fusion-one-full fusion-column-first fusion-column-last\" style=\"margin-top:0px;margin-bottom:0px;\"><div class=\"fusion-column-wrapper fusion-flex-column-wrapper-legacy\" style=\"background-position:left top;background-repeat:no-repeat;-webkit-background-size:cover;-moz-background-size:cover;-o-background-size:cover;background-size:cover;padding: 0px 0px 0px 0px;\"><style type=\"text\/css\"><\/style><div class=\"fusion-title title fusion-title-1 fusion-sep-none fusion-title-text fusion-title-size-one\" style=\"margin-top:0px;margin-right:0px;margin-bottom:31px;margin-left:0px;\"><h1 class=\"title-heading-left\" style=\"margin:0;\">URNIK<\/h1><\/div><div class=\"fusion-text fusion-text-1\"><p><strong>\u0160OLSKI CENTER ZA PO\u0160TO EKONOMIJO IN TELEKOMUNIKACIJE, LJUBLJANA<br \/>\nVI\u0160JA STROKOVNA \u0160OLA, Cisco Lokalna Akademija<\/strong><br \/>\nCeljska ulica 16, 1000 Ljubljana<br \/>\ntel: <a href=\"tel:0038612342454\">01 2342 454<\/a><br \/>\nelektronska po\u0161ta: <a href=\"mailto:vss@scpet.si\">vss@scpet.si<\/a> <u><\/u><\/p>\n<p>OBJAVLJA RAZPIS\u00a0ZA IZOBRA\u017dEVANJE Cisco (CCNA) ZA\u00a0\u0160TUDIJSKO LETO 2020\/21:<\/p>\n<p>Za pridobitev certifikata 1. stopnje (CCNA), razpisujemo prosta mesta:<\/p>\n<ul>\n<li>za \u0161tudente vi\u0161je\u0161olskega \u0161tudijskega programa Telekomunikacije redni \u0161tudij (brezpla\u010dno) in<\/li>\n<li>izredno vpisane \u0161tudente, ter ostale zainteresirane (<a href=\"https:\/\/www.scpet.si\/vss\/projekti\/cisco\/cisco-cenik\/\">v skladu s cenikom storitev<\/a>).<\/li>\n<\/ul>\n<p>Izobra\u017eevanje bomo izvajali v P14, \u0160C PET.<\/p>\n<p>Modul M1 (za\u010detni) bomo izvajali, \u010de bo prijavljeno min. 10 kandidatov.<br \/>\nModul M2 (nadaljevalni) bomo izvajali, \u010de bo prijavljenih minimalno 8 kandidatov.<br \/>\nModula M3 zaradi Covid-19 ne bomo izvajali.<\/p>\n<\/div><div class=\"fusion-sep-clear\"><\/div><div class=\"fusion-separator fusion-full-width-sep\" style=\"margin-left: auto;margin-right: auto;margin-top:20px;width:100%;\"><\/div><div class=\"fusion-sep-clear\"><\/div>\n<table class=\"table-1\">\n<tbody>\n<tr>\n<td rowspan=\"2\" width=\"193\">Izobra\u017eevanje za pridobitev certifikata 1. stopnje(CCNA)<\/td>\n<td width=\"135\">Razpisanih<br \/>\nmest<\/td>\n<\/tr>\n<tr>\n<td width=\"135\">redni\/izredni\/zunanji<\/td>\n<\/tr>\n<tr>\n<td width=\"193\"><strong>modul (M1)<\/strong><\/td>\n<td width=\"135\">14<\/td>\n<\/tr>\n<tr>\n<td width=\"193\"><strong>modul (M2)<\/strong><\/td>\n<td width=\"135\">\/<\/td>\n<\/tr>\n<tr>\n<td width=\"193\"><strong>modul (M3)<\/strong><\/td>\n<td width=\"135\">\/<\/td>\n<\/tr>\n<tr>\n<td width=\"193\"><strong>modul (M4)<\/strong><\/td>\n<td width=\"135\">\/<\/td>\n<\/tr>\n<\/tbody>\n<\/table>\n<div class=\"fusion-text fusion-text-2\"><p><strong>Prijave\u00a0<\/strong>bomo zbirali v referatu VS\u0160 do zapolnitve mest &#8211; po e-po\u0161ti, ali osebno (tel. <a href=\"tel:0038612342454\">01\/2342 454<\/a>).<\/p>\n<\/div><div class=\"fusion-sep-clear\"><\/div><div class=\"fusion-separator fusion-full-width-sep\" style=\"margin-left: auto;margin-right: auto;margin-top:20px;margin-bottom:20px;width:100%;\"><div class=\"fusion-separator-border sep-single sep-solid\" style=\"border-color:#333333;border-top-width:1px;\"><\/div><\/div><div class=\"fusion-sep-clear\"><\/div><div class=\"fusion-text fusion-text-3\"><p>URNIK IZOBRA\u017dEVANJA za \u0161tudijsko leto 2020\/21<\/p>\n<p>M-2 (nadaljevalni), <em>za\u010detek 10.11.<\/em> <em>2020<\/em> <em>odpade\u00a0<\/em><em>zaradi Covid-19<\/em><br \/>\nM-1 (za\u010detni), <i>(<\/i><i>zaradi Covid -19 je prestavljen na 3. 5. 2021)\u00a0<\/i><\/p>\n<p><em> z<strong>adnja sprememba urnika<\/strong>: 27. 5. 2021<\/em><\/p>\n<\/div><div class=\"fusion-sep-clear\"><\/div><div class=\"fusion-separator fusion-full-width-sep\" style=\"margin-left: auto;margin-right: auto;margin-top:20px;width:100%;\"><\/div><div class=\"fusion-sep-clear\"><\/div>\n<table class=\"table-1\" width=\"\">\n<tbody>\n<tr>\n<td width=\"45\"><strong>PON<\/strong><\/td>\n<td width=\"45\"><\/td>\n<td width=\"45\"><strong>TOR<\/strong><\/td>\n<td width=\"41\"><\/td>\n<td width=\"45\"><strong>SRE<\/strong><\/td>\n<td width=\"43\"><\/td>\n<td width=\"43\"><strong>\u010cET<\/strong><\/td>\n<td width=\"38\"><\/td>\n<td width=\"47\"><strong>PET<\/strong><\/td>\n<td width=\"38\">ura<\/td>\n<\/tr>\n<tr>\n<td width=\"45\">Datum<\/td>\n<td width=\"45\">16.30<\/td>\n<td width=\"45\">Datum<\/td>\n<td width=\"41\"><\/td>\n<td width=\"45\">Datum<\/td>\n<td width=\"43\"><\/td>\n<td width=\"43\">Datum<\/td>\n<td width=\"38\">16.30<\/td>\n<td width=\"47\">Datum<\/td>\n<td width=\"38\"><\/td>\n<\/tr>\n<tr>\n<td width=\"45\">03.05<\/td>\n<td width=\"45\">M1<\/td>\n<td width=\"45\">04.05<\/td>\n<td width=\"41\"><\/td>\n<td width=\"45\">05.05<\/td>\n<td width=\"43\"><\/td>\n<td width=\"43\">06.05<\/td>\n<td width=\"38\">x<\/td>\n<td width=\"47\">07.05<\/td>\n<td width=\"38\">x<\/td>\n<\/tr>\n<tr>\n<td width=\"45\">10.05<\/td>\n<td width=\"45\">M1<\/td>\n<td width=\"45\">11.05<\/td>\n<td width=\"41\">x<\/td>\n<td width=\"45\">12.05<\/td>\n<td width=\"43\"><\/td>\n<td width=\"43\">13.05<\/td>\n<td width=\"38\"><\/td>\n<td width=\"47\">14.05<\/td>\n<td width=\"38\">x<\/td>\n<\/tr>\n<tr>\n<td width=\"45\">17.05<\/td>\n<td width=\"45\">M1<\/td>\n<td width=\"45\">18.05<\/td>\n<td width=\"41\"><\/td>\n<td width=\"45\">19.05<\/td>\n<td width=\"43\"><\/td>\n<td width=\"43\">20.05<\/td>\n<td width=\"38\">x<\/td>\n<td width=\"47\">21.05<\/td>\n<td width=\"38\"><\/td>\n<\/tr>\n<tr>\n<td width=\"45\">24.05<\/td>\n<td width=\"45\">M1<\/td>\n<td width=\"45\">25.05<\/td>\n<td width=\"41\"><\/td>\n<td width=\"45\">26.05<\/td>\n<td width=\"43\"><\/td>\n<td width=\"43\">27.05<\/td>\n<td width=\"38\"><\/td>\n<td width=\"47\">28.05<\/td>\n<td width=\"38\"><\/td>\n<\/tr>\n<tr>\n<td width=\"45\">31.05<\/td>\n<td width=\"45\">x<\/td>\n<td width=\"45\">01.06<\/td>\n<td width=\"41\"><\/td>\n<td width=\"45\">02.06<\/td>\n<td width=\"43\"><\/td>\n<td width=\"43\">03.06<\/td>\n<td width=\"38\">x<\/td>\n<td width=\"47\">04.06<\/td>\n<td width=\"38\"><\/td>\n<\/tr>\n<tr>\n<td width=\"45\">07.06<\/td>\n<td width=\"45\">x<\/td>\n<td width=\"45\">08.06<\/td>\n<td width=\"41\">M1<\/td>\n<td width=\"45\">09.06<\/td>\n<td width=\"43\">x<\/td>\n<td width=\"43\">10.06<\/td>\n<td width=\"38\"><\/td>\n<td width=\"47\">11.06<\/td>\n<td width=\"38\">x<\/td>\n<\/tr>\n<tr>\n<td width=\"45\">14.06<\/td>\n<td width=\"45\">M1<\/td>\n<td width=\"45\">15.06<\/td>\n<td width=\"41\"><\/td>\n<td width=\"45\">16.06<\/td>\n<td width=\"43\"><\/td>\n<td width=\"43\">17.06<\/td>\n<td width=\"38\">x<\/td>\n<td width=\"47\">18.06<\/td>\n<td width=\"38\"><\/td>\n<\/tr>\n<tr>\n<td width=\"45\">21.06<\/td>\n<td width=\"45\">M1<\/td>\n<td width=\"45\">22.06<\/td>\n<td width=\"41\">x<\/td>\n<td width=\"45\">23.06<\/td>\n<td width=\"43\"><\/td>\n<td width=\"43\">24.06<\/td>\n<td width=\"38\">x<\/td>\n<td width=\"47\">25.06<\/td>\n<td width=\"38\">x<\/td>\n<\/tr>\n<tr>\n<td width=\"45\">28.06<\/td>\n<td width=\"45\">x<\/td>\n<td width=\"45\">29.06<\/td>\n<td width=\"41\">x<\/td>\n<td width=\"45\">30.06<\/td>\n<td width=\"43\">x<\/td>\n<td width=\"43\">01.07<\/td>\n<td width=\"38\">x<\/td>\n<td width=\"47\">02.07<\/td>\n<td width=\"38\">x<\/td>\n<\/tr>\n<tr>\n<td width=\"45\">05.07<\/td>\n<td width=\"45\">M1<\/td>\n<td width=\"45\">06.07<\/td>\n<td width=\"41\"><\/td>\n<td width=\"45\">07.07<\/td>\n<td width=\"43\"><\/td>\n<td width=\"43\">08.07<\/td>\n<td width=\"38\">M1<\/td>\n<td width=\"47\">09.07<\/td>\n<td width=\"38\"><\/td>\n<\/tr>\n<tr>\n<td width=\"45\">12.07<\/td>\n<td width=\"45\">M1<\/td>\n<td width=\"45\">13.07<\/td>\n<td width=\"41\"><\/td>\n<td width=\"45\">14.07<\/td>\n<td width=\"43\"><\/td>\n<td width=\"43\">15.07<\/td>\n<td width=\"38\"><\/td>\n<td width=\"47\">16.07<\/td>\n<td width=\"38\"><\/td>\n<\/tr>\n<tr>\n<td width=\"45\">30.08<\/td>\n<td width=\"45\">M1<\/td>\n<td width=\"45\">31.08<\/td>\n<td width=\"41\"><\/td>\n<td width=\"45\">01.09<\/td>\n<td width=\"43\"><\/td>\n<td width=\"43\">02.09<\/td>\n<td width=\"35\"><\/td>\n<td width=\"47\">03.09<\/td>\n<td width=\"38\"><\/td>\n<\/tr>\n<tr>\n<td width=\"45\">06.09<\/td>\n<td width=\"45\">M1<\/td>\n<td width=\"45\">07.09<\/td>\n<td width=\"41\">x<\/td>\n<td width=\"45\">08.09<\/td>\n<td width=\"43\"><\/td>\n<td width=\"43\">09.09<\/td>\n<td width=\"35\">x<\/td>\n<td width=\"47\">10.09<\/td>\n<td width=\"38\"><\/td>\n<\/tr>\n<tr>\n<td width=\"45\">13.09<\/td>\n<td width=\"45\">M1<\/td>\n<td width=\"45\">14.09<\/td>\n<td width=\"41\">x<\/td>\n<td width=\"45\">15.09<\/td>\n<td width=\"43\">x<\/td>\n<td width=\"43\">16.09<\/td>\n<td width=\"35\">x<\/td>\n<td width=\"47\">17.09<\/td>\n<td width=\"38\"><\/td>\n<\/tr>\n<tr>\n<td width=\"45\">20.09<\/td>\n<td width=\"45\">M1<\/td>\n<td width=\"45\">21.09<\/td>\n<td width=\"41\"><\/td>\n<td width=\"45\">22.09<\/td>\n<td width=\"43\">x<\/td>\n<td width=\"43\">23.09<\/td>\n<td width=\"35\"><\/td>\n<td width=\"47\">24.09<\/td>\n<td width=\"38\"><\/td>\n<\/tr>\n<tr>\n<td width=\"45\">27.09<\/td>\n<td width=\"45\">M1<\/td>\n<td width=\"45\">28.09<\/td>\n<td width=\"41\"><\/td>\n<td width=\"45\">29.09<\/td>\n<td width=\"43\"><\/td>\n<td width=\"43\">30.09<\/td>\n<td width=\"35\"><\/td>\n<td width=\"47\">01.10<\/td>\n<td width=\"38\"><\/td>\n<\/tr>\n<tr>\n<td width=\"45\">04.10<\/td>\n<td width=\"45\"><\/td>\n<td width=\"45\">05.10<\/td>\n<td width=\"41\"><\/td>\n<td width=\"45\">06.10<\/td>\n<td width=\"43\"><\/td>\n<td width=\"43\">07.10<\/td>\n<td width=\"35\">M1<\/td>\n<td width=\"47\">08.10<\/td>\n<td width=\"38\"><\/td>\n<\/tr>\n<\/tbody>\n<\/table>\n<div class=\"fusion-text fusion-text-4\"><p><em>M1 <\/em><em>In\u0161tr. Jurca<\/em><\/p>\n<\/div><div class=\"fusion-clearfix\"><\/div><\/div><\/div><\/div><\/div>\n","protected":false},"excerpt":{"rendered":"","protected":false},"author":1,"featured_media":0,"parent":179,"menu_order":0,"comment_status":"closed","ping_status":"closed","template":"100-width.php","meta":{"xn-wppe-expiration":[],"xn-wppe-expiration-action":[],"xn-wppe-expiration-prefix":[],"_mi_skip_tracking":false,"_exactmetrics_sitenote_active":false,"_exactmetrics_sitenote_note":"","_exactmetrics_sitenote_category":0},"yoast_head":"<!-- This site is optimized with the Yoast SEO plugin v20.8 - https:\/\/yoast.com\/wordpress\/plugins\/seo\/ -->\n<title>URNIK - VI\u0160JA STROKOVNA \u0160OLA<\/title>\n<meta name=\"description\" content=\"Urnik -Vi\u0161ja strokovna \u0161ola na \u0161olskem centru za po\u0161to, ekonimijo in telekomunikacije Ljubljana.\" \/>\n<meta name=\"robots\" content=\"index, follow, max-snippet:-1, max-image-preview:large, max-video-preview:-1\" \/>\n<link rel=\"canonical\" href=\"https:\/\/www.scpet.si\/vss\/cisco-akademija-ccna\/cisco-urnik\/\" \/>\n<meta property=\"og:locale\" content=\"sl_SI\" \/>\n<meta property=\"og:type\" content=\"article\" \/>\n<meta property=\"og:title\" content=\"URNIK - VI\u0160JA STROKOVNA \u0160OLA\" \/>\n<meta property=\"og:description\" content=\"Urnik -Vi\u0161ja strokovna \u0161ola na \u0161olskem centru za po\u0161to, ekonimijo in telekomunikacije Ljubljana.\" \/>\n<meta property=\"og:url\" content=\"https:\/\/www.scpet.si\/vss\/cisco-akademija-ccna\/cisco-urnik\/\" \/>\n<meta property=\"og:site_name\" content=\"VI\u0160JA STROKOVNA \u0160OLA\" \/>\n<meta property=\"article:modified_time\" content=\"2022-08-11T08:52:42+00:00\" \/>\n<meta name=\"twitter:card\" content=\"summary_large_image\" \/>\n<meta name=\"twitter:label1\" content=\"Est. reading time\" \/>\n\t<meta name=\"twitter:data1\" content=\"3 minute\" \/>\n<script type=\"application\/ld+json\" class=\"yoast-schema-graph\">{\"@context\":\"https:\/\/schema.org\",\"@graph\":[{\"@type\":\"WebPage\",\"@id\":\"https:\/\/www.scpet.si\/vss\/cisco-akademija-ccna\/cisco-urnik\/\",\"url\":\"https:\/\/www.scpet.si\/vss\/cisco-akademija-ccna\/cisco-urnik\/\",\"name\":\"URNIK - VI\u0160JA STROKOVNA \u0160OLA\",\"isPartOf\":{\"@id\":\"\/#website\"},\"datePublished\":\"2019-10-28T07:52:32+00:00\",\"dateModified\":\"2022-08-11T08:52:42+00:00\",\"description\":\"Urnik -Vi\u0161ja strokovna \u0161ola na \u0161olskem centru za po\u0161to, ekonimijo in telekomunikacije Ljubljana.\",\"breadcrumb\":{\"@id\":\"https:\/\/www.scpet.si\/vss\/cisco-akademija-ccna\/cisco-urnik\/#breadcrumb\"},\"inLanguage\":\"sl-SI\",\"potentialAction\":[{\"@type\":\"ReadAction\",\"target\":[\"https:\/\/www.scpet.si\/vss\/cisco-akademija-ccna\/cisco-urnik\/\"]}]},{\"@type\":\"BreadcrumbList\",\"@id\":\"https:\/\/www.scpet.si\/vss\/cisco-akademija-ccna\/cisco-urnik\/#breadcrumb\",\"itemListElement\":[{\"@type\":\"ListItem\",\"position\":1,\"name\":\"Home\",\"item\":\"https:\/\/www.scpet.si\/vss\/\"},{\"@type\":\"ListItem\",\"position\":2,\"name\":\"Cisco Akademija CCNA\",\"item\":\"https:\/\/www.scpet.si\/vss\/cisco-akademija-ccna\/\"},{\"@type\":\"ListItem\",\"position\":3,\"name\":\"URNIK\"}]},{\"@type\":\"WebSite\",\"@id\":\"\/#website\",\"url\":\"\/\",\"name\":\"VI\u0160JA STROKOVNA \u0160OLA\",\"description\":\"Just another \u0160C PET Sites site\",\"potentialAction\":[{\"@type\":\"SearchAction\",\"target\":{\"@type\":\"EntryPoint\",\"urlTemplate\":\"\/?s={search_term_string}\"},\"query-input\":\"required name=search_term_string\"}],\"inLanguage\":\"sl-SI\"}]}<\/script>\n<!-- \/ Yoast SEO plugin. -->","yoast_head_json":{"title":"URNIK - VI\u0160JA STROKOVNA \u0160OLA","description":"Urnik -Vi\u0161ja strokovna \u0161ola na \u0161olskem centru za po\u0161to, ekonimijo in telekomunikacije Ljubljana.","robots":{"index":"index","follow":"follow","max-snippet":"max-snippet:-1","max-image-preview":"max-image-preview:large","max-video-preview":"max-video-preview:-1"},"canonical":"https:\/\/www.scpet.si\/vss\/cisco-akademija-ccna\/cisco-urnik\/","og_locale":"sl_SI","og_type":"article","og_title":"URNIK - VI\u0160JA STROKOVNA \u0160OLA","og_description":"Urnik -Vi\u0161ja strokovna \u0161ola na \u0161olskem centru za po\u0161to, ekonimijo in telekomunikacije Ljubljana.","og_url":"https:\/\/www.scpet.si\/vss\/cisco-akademija-ccna\/cisco-urnik\/","og_site_name":"VI\u0160JA STROKOVNA \u0160OLA","article_modified_time":"2022-08-11T08:52:42+00:00","twitter_card":"summary_large_image","twitter_misc":{"Est. reading time":"3 minute"},"schema":{"@context":"https:\/\/schema.org","@graph":[{"@type":"WebPage","@id":"https:\/\/www.scpet.si\/vss\/cisco-akademija-ccna\/cisco-urnik\/","url":"https:\/\/www.scpet.si\/vss\/cisco-akademija-ccna\/cisco-urnik\/","name":"URNIK - VI\u0160JA STROKOVNA \u0160OLA","isPartOf":{"@id":"\/#website"},"datePublished":"2019-10-28T07:52:32+00:00","dateModified":"2022-08-11T08:52:42+00:00","description":"Urnik -Vi\u0161ja strokovna \u0161ola na \u0161olskem centru za po\u0161to, ekonimijo in telekomunikacije Ljubljana.","breadcrumb":{"@id":"https:\/\/www.scpet.si\/vss\/cisco-akademija-ccna\/cisco-urnik\/#breadcrumb"},"inLanguage":"sl-SI","potentialAction":[{"@type":"ReadAction","target":["https:\/\/www.scpet.si\/vss\/cisco-akademija-ccna\/cisco-urnik\/"]}]},{"@type":"BreadcrumbList","@id":"https:\/\/www.scpet.si\/vss\/cisco-akademija-ccna\/cisco-urnik\/#breadcrumb","itemListElement":[{"@type":"ListItem","position":1,"name":"Home","item":"https:\/\/www.scpet.si\/vss\/"},{"@type":"ListItem","position":2,"name":"Cisco Akademija CCNA","item":"https:\/\/www.scpet.si\/vss\/cisco-akademija-ccna\/"},{"@type":"ListItem","position":3,"name":"URNIK"}]},{"@type":"WebSite","@id":"\/#website","url":"\/","name":"VI\u0160JA STROKOVNA \u0160OLA","description":"Just another \u0160C PET Sites site","potentialAction":[{"@type":"SearchAction","target":{"@type":"EntryPoint","urlTemplate":"\/?s={search_term_string}"},"query-input":"required name=search_term_string"}],"inLanguage":"sl-SI"}]}},"_links":{"self":[{"href":"https:\/\/www.scpet.si\/vss\/wp-json\/wp\/v2\/pages\/200"}],"collection":[{"href":"https:\/\/www.scpet.si\/vss\/wp-json\/wp\/v2\/pages"}],"about":[{"href":"https:\/\/www.scpet.si\/vss\/wp-json\/wp\/v2\/types\/page"}],"author":[{"embeddable":true,"href":"https:\/\/www.scpet.si\/vss\/wp-json\/wp\/v2\/users\/1"}],"replies":[{"embeddable":true,"href":"https:\/\/www.scpet.si\/vss\/wp-json\/wp\/v2\/comments?post=200"}],"version-history":[{"count":0,"href":"https:\/\/www.scpet.si\/vss\/wp-json\/wp\/v2\/pages\/200\/revisions"}],"up":[{"embeddable":true,"href":"https:\/\/www.scpet.si\/vss\/wp-json\/wp\/v2\/pages\/179"}],"wp:attachment":[{"href":"https:\/\/www.scpet.si\/vss\/wp-json\/wp\/v2\/media?parent=200"}],"curies":[{"name":"wp","href":"https:\/\/api.w.org\/{rel}","templated":true}]}}