{"id":222,"date":"2019-10-29T14:21:22","date_gmt":"2019-10-29T13:21:22","guid":{"rendered":"http:\/\/scpet.sample.si\/vss\/studij\/tk-copy\/"},"modified":"2025-10-20T09:11:26","modified_gmt":"2025-10-20T07:11:26","slug":"prehodnost-programov","status":"publish","type":"page","link":"https:\/\/www.scpet.si\/vss\/programi-in-vpis\/prehodnost-programov\/","title":{"rendered":"Prehodnost programov"},"content":{"rendered":"<p><div class=\"fusion-fullwidth fullwidth-box fusion-builder-row-1 nonhundred-percent-fullwidth non-hundred-percent-height-scrolling\" style=\"background-color: rgba(255,255,255,0);background-position: center center;background-repeat: no-repeat;padding-top:0px;padding-right:0px;padding-bottom:0px;margin-bottom: 0px;margin-top: 0px;border-width: 0px 0px 0px 0px;border-color:#eae9e9;border-style:solid;\" ><div class=\"fusion-builder-row fusion-row\"><div class=\"fusion-layout-column fusion_builder_column fusion-builder-column-0 fusion_builder_column_1_1 1_1 fusion-one-full fusion-column-first fusion-column-last\" style=\"margin-top:0px;margin-bottom:0px;\"><div class=\"fusion-column-wrapper fusion-flex-column-wrapper-legacy\" style=\"background-position:left top;background-repeat:no-repeat;-webkit-background-size:cover;-moz-background-size:cover;-o-background-size:cover;background-size:cover;padding: 0px 0px 0px 0px;\"><style type=\"text\/css\"><\/style><div class=\"fusion-title title fusion-title-1 fusion-sep-none fusion-title-text fusion-title-size-one\" style=\"margin-top:0px;margin-right:0px;margin-bottom:31px;margin-left:0px;\"><h1 class=\"title-heading-left\" style=\"margin:0;\">Prehodnost programov<\/h1><\/div><div class=\"fusion-text fusion-text-1\"><h4>PREHODNOST DIPLOMANTOV VS\u0160 NA VISOKO\u0160OLSKE ZAVODE:<\/h4>\n<\/div><div class=\"fusion-text fusion-text-2\"><p style=\"font-weight: 400;\">Visoko\u0161olski zavod lahko dolo\u010di, da je mogo\u010d prehod iz kon\u010danega programa za pridobitev vi\u0161je strokovne izobrazbe po zakonu o poklicnem in strokovnem izobra\u017eevanju (Uradni list RS, \u0161t. 12\/96) v drugi letnik sorodnega \u0161tudijskega programa za pridobitev visoke strokovne izobrazbe.<br \/>\nZa prehod, opredeljen v prej\u0161njem odstavku, je treba imeti diplomo o kon\u010danem programu za pridobitev vi\u0161je strokovne izobrazbe, poleg tega pa se upo\u0161tevajo:<\/p>\n<ul style=\"font-weight: 400;\">\n<li>izpolnjevanje pogojev za vpis v \u0161tudijski program za pridobitev visoke strokovne izobrazbe,<\/li>\n<li>povpre\u010dna ocena opravljenih obveznosti v vi\u0161ji strokovni \u0161oli najmanj 8,<\/li>\n<li>opredelitev diferencialnih izpitov in drugih \u0161tudijskih obveznosti iz prvega letnika, ki jih mora \u0161tudent opraviti, \u010de \u017eeli napredovati ter diplomirati v programu za pridobitev visoke strokovne izobrazbe,<\/li>\n<li>\u0161tevilo razpolo\u017eljivih \u0161tudijskih mest,<\/li>\n<li>opredelitev izpitov in drugih obveznosti iz kon\u010danega programa za pridobitev vi\u0161je strokovne izobrazbe (npr. prakti\u010dno usposabljanje), ki se lahko priznajo.<\/li>\n<\/ul>\n<p style=\"font-weight: 400;\">Natan\u010dnej\u0161i pogoji in merila za prehod se dolo\u010dijo s sporazumi o prehodnosti. Vloge za prehod se obravnavajo individualno po postopku, dolo\u010denem s statutom visoko\u0161olskega zavoda.<\/p>\n<\/div><div class=\"fusion-sep-clear\"><\/div><div class=\"fusion-separator fusion-full-width-sep\" style=\"margin-left: auto;margin-right: auto;margin-bottom:20px;width:100%;\"><\/div><div class=\"fusion-sep-clear\"><\/div><div class=\"fusion-text fusion-text-3\"><h4>SPORAZUMI O PREHODNOSTI DIPLOMANTOV:<\/h4>\n<\/div><div class=\"fusion-clearfix\"><\/div><\/div><\/div><\/div><\/div><div class=\"fusion-fullwidth fullwidth-box fusion-builder-row-2 fusion-flex-container nonhundred-percent-fullwidth non-hundred-percent-height-scrolling\" style=\"background-color: rgba(255,255,255,0);background-position: center center;background-repeat: no-repeat;border-width: 0px 0px 0px 0px;border-color:#eae9e9;border-style:solid;\" ><div class=\"fusion-builder-row fusion-row fusion-flex-align-items-flex-start\" style=\"max-width:1331.2px;margin-left: calc(-4% \/ 2 );margin-right: calc(-4% \/ 2 );\"><div class=\"fusion-layout-column fusion_builder_column fusion-builder-column-1 fusion_builder_column_1_2 1_2 fusion-flex-column\"><div class=\"fusion-column-wrapper fusion-flex-justify-content-flex-start fusion-content-layout-column\" style=\"background-position:left top;background-repeat:no-repeat;-webkit-background-size:cover;-moz-background-size:cover;-o-background-size:cover;background-size:cover;padding: 0px 0px 0px 0px;\"><div class=\"fusion-text fusion-text-4\"><p><strong>EKONOMIST<\/strong>\u00a0<em>(prenova programa 2008)<\/em><\/p>\n<p><i class=\"far fa-file-pdf\"><\/i>\u00a0\u00a0<a href=\"https:\/\/www.scpet.si\/vss\/wp-content\/uploads\/sites\/3\/2023\/04\/Prehodnost_MLC_2023.pdf\" target=\"_blank\" rel=\"noopener\">MLC, Fakulteta za menagement in pravo Ljubljana<\/a>, sporazum o prehodnosti, 2023<\/p>\n<p><i class=\"far fa-file-pdf\"><\/i>\u00a0\u00a0<a href=\"https:\/\/www.scpet.si\/vss\/wp-content\/uploads\/sites\/3\/2025\/02\/Sporazum-med-FKPV-in-SC-PET_2025.pdf\" target=\"_blank\" rel=\"noopener\">FKPV, Fakulteta za komercialne in poslovne vede<\/a>, sporazum o prehodnosti, 2025<\/p>\n<p><i class=\"far fa-file-pdf\"><\/i>\u00a0\u00a0<a href=\"https:\/\/www.scpet.si\/vss\/wp-content\/uploads\/sites\/3\/2021\/09\/Sporazum-Alma_mater__2019.pdf\" target=\"_blank\" rel=\"noopener\">ALMA MATER EUROPAEA<\/a> &#8211; evropski center MB, sporazum o prehodnosti, 2019<\/p>\n<p><i class=\"far fa-file-pdf\"><\/i>\u00a0\u00a0<a href=\"https:\/\/www.scpet.si\/vss\/wp-content\/uploads\/sites\/3\/2021\/09\/Sporazum-Gea_college-2013.pdf\" target=\"_blank\" rel=\"noopener\">GEA College<\/a>, sporazum o prehodnosti, 2013<\/p>\n<p><i class=\"far fa-file-pdf\"><\/i>\u00a0\u00a0<a href=\"https:\/\/www.scpet.si\/vss\/wp-content\/uploads\/sites\/3\/2025\/10\/Sporazum_FL_SCPET_10102025.pdf\" target=\"_blank\" rel=\"noopener\">UM, Fakulteta za logistiko v Celju<\/a>, sporazum o prehodnosti, 2025<\/p>\n<\/div><\/div><style type=\"text\/css\">.fusion-body .fusion-builder-column-1{width:50% !important;margin-top : 0px;margin-bottom : 0px;}.fusion-builder-column-1 > .fusion-column-wrapper {padding-top : 0px !important;padding-right : 0px !important;margin-right : 3.84%;padding-bottom : 0px !important;padding-left : 0px !important;margin-left : 3.84%;}@media only screen and (max-width:1024px) {.fusion-body .fusion-builder-column-1{width:100% !important;order : 0;}.fusion-builder-column-1 > .fusion-column-wrapper {margin-right : 1.92%;margin-left : 1.92%;}}@media only screen and (max-width:640px) {.fusion-body .fusion-builder-column-1{width:100% !important;order : 0;}.fusion-builder-column-1 > .fusion-column-wrapper {margin-right : 1.92%;margin-left : 1.92%;}}<\/style><\/div><div class=\"fusion-layout-column fusion_builder_column fusion-builder-column-2 fusion_builder_column_1_2 1_2 fusion-flex-column\"><div class=\"fusion-column-wrapper fusion-flex-justify-content-flex-start fusion-content-layout-column\" style=\"background-position:left top;background-repeat:no-repeat;-webkit-background-size:cover;-moz-background-size:cover;-o-background-size:cover;background-size:cover;padding: 0px 0px 0px 0px;\"><div class=\"fusion-text fusion-text-5\"><p><strong>EKONOMIST in TELEKOMUNIKACIJE<\/strong>\u00a0<em>(prenova programa 2008)<\/em><\/p>\n<p><i class=\"far fa-file-pdf\"><\/i>\u00a0\u00a0<a href=\"https:\/\/www.scpet.si\/vss\/wp-content\/uploads\/sites\/3\/2021\/09\/Sporazum-FOS-2014.pdf\" target=\"_blank\" rel=\"noopener\">FOS Fakulteta za organizacijske \u0161tudije<\/a>, Novo mesto, sporazum o prehodnosti, 2014<br \/>\n&#8211; \u00a0<i class=\"far fa-file-pdf\"><\/i>\u00a0\u00a0<a href=\"https:\/\/www.scpet.si\/vss\/wp-content\/uploads\/sites\/3\/2022\/02\/FOS-zlozenka_2021.pdf\" target=\"_blank\" rel=\"noopener\">zlo\u017eenka FOS<\/a> (2021)<br \/>\n&#8211; \u00a0<i class=\"far fa-file-pdf\"><\/i>\u00a0\u00a0<a href=\"https:\/\/www.scpet.si\/vss\/wp-content\/uploads\/sites\/3\/2022\/02\/Dopis_FOS_2021.pdf\" target=\"_blank\" rel=\"noopener\">ve\u010d o \u0161tudiju na FOS<\/a> (2021)<\/p>\n<p><i class=\"far fa-file-pdf\"><\/i>\u00a0\u00a0<a href=\"https:\/\/www.scpet.si\/vss\/wp-content\/uploads\/sites\/3\/2021\/09\/Sporazum_GRM_NM___2014_.pdf\" target=\"_blank\" rel=\"noopener\">GRM Visoka \u0161ola za upravljanje pode\u017eelja NM<\/a>, sporazum o prehodnosti, 2014<\/p>\n<p>&#8211; <i class=\"far fa-file-pdf\"><\/i> <a href=\"https:\/\/www.scpet.si\/vss\/wp-content\/uploads\/sites\/3\/2024\/02\/VS-GRM_podrocja-studija_2023.pdf\" target=\"_blank\" rel=\"noopener\">podro\u010dja \u0161tudija GRM (2023)<\/a><br \/>\n&#8211; <i class=\"far fa-file-pdf\"><\/i> <a href=\"https:\/\/www.scpet.si\/vss\/wp-content\/uploads\/sites\/3\/2024\/02\/VS-GRM_Zlozenka_2021.pdf\" target=\"_blank\" rel=\"noopener\">zlo\u017eenka GRM (2021)<\/a><br \/>\n&#8211; <i class=\"far fa-file-pdf\"><\/i> <a href=\"https:\/\/www.scpet.si\/vss\/wp-content\/uploads\/sites\/3\/2024\/02\/grm_merila_2021.pdf\" target=\"_blank\" rel=\"noopener\">vpis po merilih GRM (2021)<\/a><\/p>\n<\/div><\/div><style type=\"text\/css\">.fusion-body .fusion-builder-column-2{width:50% !important;margin-top : 0px;margin-bottom : 0px;}.fusion-builder-column-2 > .fusion-column-wrapper {padding-top : 0px !important;padding-right : 0px !important;margin-right : 3.84%;padding-bottom : 0px !important;padding-left : 0px !important;margin-left : 3.84%;}@media only screen and (max-width:1024px) {.fusion-body .fusion-builder-column-2{width:100% !important;order : 0;}.fusion-builder-column-2 > .fusion-column-wrapper {margin-right : 1.92%;margin-left : 1.92%;}}@media only screen and (max-width:640px) {.fusion-body .fusion-builder-column-2{width:100% !important;order : 0;}.fusion-builder-column-2 > .fusion-column-wrapper {margin-right : 1.92%;margin-left : 1.92%;}}<\/style><\/div><\/div><style type=\"text\/css\">.fusion-body .fusion-flex-container.fusion-builder-row-2{ padding-top : 0px;margin-top : 0px;padding-right : 0px;padding-bottom : 0px;margin-bottom : 0px;padding-left : ;}<\/style><\/div><\/p>\n","protected":false},"excerpt":{"rendered":"","protected":false},"author":1,"featured_media":0,"parent":781,"menu_order":0,"comment_status":"closed","ping_status":"closed","template":"100-width.php","meta":{"xn-wppe-expiration":[],"xn-wppe-expiration-action":[],"xn-wppe-expiration-prefix":[],"_mi_skip_tracking":false,"_exactmetrics_sitenote_active":false,"_exactmetrics_sitenote_note":"","_exactmetrics_sitenote_category":0},"yoast_head":"<!-- This site is optimized with the Yoast SEO plugin v20.8 - https:\/\/yoast.com\/wordpress\/plugins\/seo\/ -->\n<title>Prehodnost programov - VI\u0160JA STROKOVNA \u0160OLA<\/title>\n<meta name=\"description\" content=\"Prehodnost programov - Visoko\u0161olski zavod lahko dolo\u010di, da je mogo\u010d prehod iz kon\u010danega programa za pridobitev vi\u0161je strokovne izobrazbe.\" \/>\n<meta name=\"robots\" content=\"index, follow, max-snippet:-1, max-image-preview:large, max-video-preview:-1\" \/>\n<link rel=\"canonical\" href=\"https:\/\/www.scpet.si\/vss\/programi-in-vpis\/prehodnost-programov\/\" \/>\n<meta property=\"og:locale\" content=\"sl_SI\" \/>\n<meta property=\"og:type\" content=\"article\" \/>\n<meta property=\"og:title\" content=\"Prehodnost programov - VI\u0160JA STROKOVNA \u0160OLA\" \/>\n<meta property=\"og:description\" content=\"Prehodnost programov - Visoko\u0161olski zavod lahko dolo\u010di, da je mogo\u010d prehod iz kon\u010danega programa za pridobitev vi\u0161je strokovne izobrazbe.\" \/>\n<meta property=\"og:url\" content=\"https:\/\/www.scpet.si\/vss\/programi-in-vpis\/prehodnost-programov\/\" \/>\n<meta property=\"og:site_name\" content=\"VI\u0160JA STROKOVNA \u0160OLA\" \/>\n<meta property=\"article:modified_time\" content=\"2025-10-20T07:11:26+00:00\" \/>\n<meta name=\"twitter:card\" content=\"summary_large_image\" \/>\n<meta name=\"twitter:label1\" content=\"Est. reading time\" \/>\n\t<meta name=\"twitter:data1\" content=\"2 minuti\" \/>\n<script type=\"application\/ld+json\" class=\"yoast-schema-graph\">{\"@context\":\"https:\/\/schema.org\",\"@graph\":[{\"@type\":\"WebPage\",\"@id\":\"https:\/\/www.scpet.si\/vss\/programi-in-vpis\/prehodnost-programov\/\",\"url\":\"https:\/\/www.scpet.si\/vss\/programi-in-vpis\/prehodnost-programov\/\",\"name\":\"Prehodnost programov - VI\u0160JA STROKOVNA \u0160OLA\",\"isPartOf\":{\"@id\":\"\/#website\"},\"datePublished\":\"2019-10-29T13:21:22+00:00\",\"dateModified\":\"2025-10-20T07:11:26+00:00\",\"description\":\"Prehodnost programov - Visoko\u0161olski zavod lahko dolo\u010di, da je mogo\u010d prehod iz kon\u010danega programa za pridobitev vi\u0161je strokovne izobrazbe.\",\"breadcrumb\":{\"@id\":\"https:\/\/www.scpet.si\/vss\/programi-in-vpis\/prehodnost-programov\/#breadcrumb\"},\"inLanguage\":\"sl-SI\",\"potentialAction\":[{\"@type\":\"ReadAction\",\"target\":[\"https:\/\/www.scpet.si\/vss\/programi-in-vpis\/prehodnost-programov\/\"]}]},{\"@type\":\"BreadcrumbList\",\"@id\":\"https:\/\/www.scpet.si\/vss\/programi-in-vpis\/prehodnost-programov\/#breadcrumb\",\"itemListElement\":[{\"@type\":\"ListItem\",\"position\":1,\"name\":\"Home\",\"item\":\"https:\/\/www.scpet.si\/vss\/\"},{\"@type\":\"ListItem\",\"position\":2,\"name\":\"PROGRAMI IN VPIS\",\"item\":\"https:\/\/www.scpet.si\/vss\/programi-in-vpis\/\"},{\"@type\":\"ListItem\",\"position\":3,\"name\":\"Prehodnost programov\"}]},{\"@type\":\"WebSite\",\"@id\":\"\/#website\",\"url\":\"\/\",\"name\":\"VI\u0160JA STROKOVNA \u0160OLA\",\"description\":\"Just another \u0160C PET Sites site\",\"potentialAction\":[{\"@type\":\"SearchAction\",\"target\":{\"@type\":\"EntryPoint\",\"urlTemplate\":\"\/?s={search_term_string}\"},\"query-input\":\"required name=search_term_string\"}],\"inLanguage\":\"sl-SI\"}]}<\/script>\n<!-- \/ Yoast SEO plugin. -->","yoast_head_json":{"title":"Prehodnost programov - VI\u0160JA STROKOVNA \u0160OLA","description":"Prehodnost programov - Visoko\u0161olski zavod lahko dolo\u010di, da je mogo\u010d prehod iz kon\u010danega programa za pridobitev vi\u0161je strokovne izobrazbe.","robots":{"index":"index","follow":"follow","max-snippet":"max-snippet:-1","max-image-preview":"max-image-preview:large","max-video-preview":"max-video-preview:-1"},"canonical":"https:\/\/www.scpet.si\/vss\/programi-in-vpis\/prehodnost-programov\/","og_locale":"sl_SI","og_type":"article","og_title":"Prehodnost programov - VI\u0160JA STROKOVNA \u0160OLA","og_description":"Prehodnost programov - Visoko\u0161olski zavod lahko dolo\u010di, da je mogo\u010d prehod iz kon\u010danega programa za pridobitev vi\u0161je strokovne izobrazbe.","og_url":"https:\/\/www.scpet.si\/vss\/programi-in-vpis\/prehodnost-programov\/","og_site_name":"VI\u0160JA STROKOVNA \u0160OLA","article_modified_time":"2025-10-20T07:11:26+00:00","twitter_card":"summary_large_image","twitter_misc":{"Est. reading time":"2 minuti"},"schema":{"@context":"https:\/\/schema.org","@graph":[{"@type":"WebPage","@id":"https:\/\/www.scpet.si\/vss\/programi-in-vpis\/prehodnost-programov\/","url":"https:\/\/www.scpet.si\/vss\/programi-in-vpis\/prehodnost-programov\/","name":"Prehodnost programov - VI\u0160JA STROKOVNA \u0160OLA","isPartOf":{"@id":"\/#website"},"datePublished":"2019-10-29T13:21:22+00:00","dateModified":"2025-10-20T07:11:26+00:00","description":"Prehodnost programov - Visoko\u0161olski zavod lahko dolo\u010di, da je mogo\u010d prehod iz kon\u010danega programa za pridobitev vi\u0161je strokovne izobrazbe.","breadcrumb":{"@id":"https:\/\/www.scpet.si\/vss\/programi-in-vpis\/prehodnost-programov\/#breadcrumb"},"inLanguage":"sl-SI","potentialAction":[{"@type":"ReadAction","target":["https:\/\/www.scpet.si\/vss\/programi-in-vpis\/prehodnost-programov\/"]}]},{"@type":"BreadcrumbList","@id":"https:\/\/www.scpet.si\/vss\/programi-in-vpis\/prehodnost-programov\/#breadcrumb","itemListElement":[{"@type":"ListItem","position":1,"name":"Home","item":"https:\/\/www.scpet.si\/vss\/"},{"@type":"ListItem","position":2,"name":"PROGRAMI IN VPIS","item":"https:\/\/www.scpet.si\/vss\/programi-in-vpis\/"},{"@type":"ListItem","position":3,"name":"Prehodnost programov"}]},{"@type":"WebSite","@id":"\/#website","url":"\/","name":"VI\u0160JA STROKOVNA \u0160OLA","description":"Just another \u0160C PET Sites site","potentialAction":[{"@type":"SearchAction","target":{"@type":"EntryPoint","urlTemplate":"\/?s={search_term_string}"},"query-input":"required name=search_term_string"}],"inLanguage":"sl-SI"}]}},"_links":{"self":[{"href":"https:\/\/www.scpet.si\/vss\/wp-json\/wp\/v2\/pages\/222"}],"collection":[{"href":"https:\/\/www.scpet.si\/vss\/wp-json\/wp\/v2\/pages"}],"about":[{"href":"https:\/\/www.scpet.si\/vss\/wp-json\/wp\/v2\/types\/page"}],"author":[{"embeddable":true,"href":"https:\/\/www.scpet.si\/vss\/wp-json\/wp\/v2\/users\/1"}],"replies":[{"embeddable":true,"href":"https:\/\/www.scpet.si\/vss\/wp-json\/wp\/v2\/comments?post=222"}],"version-history":[{"count":0,"href":"https:\/\/www.scpet.si\/vss\/wp-json\/wp\/v2\/pages\/222\/revisions"}],"up":[{"embeddable":true,"href":"https:\/\/www.scpet.si\/vss\/wp-json\/wp\/v2\/pages\/781"}],"wp:attachment":[{"href":"https:\/\/www.scpet.si\/vss\/wp-json\/wp\/v2\/media?parent=222"}],"curies":[{"name":"wp","href":"https:\/\/api.w.org\/{rel}","templated":true}]}}