{"id":2272,"date":"2023-03-15T14:46:32","date_gmt":"2023-03-15T13:46:32","guid":{"rendered":"https:\/\/www.scpet.si\/vss\/?page_id=2272"},"modified":"2023-04-17T09:22:10","modified_gmt":"2023-04-17T07:22:10","slug":"ms365","status":"publish","type":"page","link":"https:\/\/www.scpet.si\/vss\/ms365\/","title":{"rendered":"MS365"},"content":{"rendered":"<div class=\"fusion-fullwidth fullwidth-box fusion-builder-row-1 fusion-flex-container nonhundred-percent-fullwidth non-hundred-percent-height-scrolling\" style=\"background-color: rgba(255,255,255,0);background-position: center center;background-repeat: no-repeat;border-width: 0px 0px 0px 0px;border-color:#eae9e9;border-style:solid;\" ><div class=\"fusion-builder-row fusion-row fusion-flex-align-items-flex-start\" style=\"max-width:1331.2px;margin-left: calc(-4% \/ 2 );margin-right: calc(-4% \/ 2 );\"><div class=\"fusion-layout-column fusion_builder_column fusion-builder-column-0 fusion_builder_column_1_2 1_2 fusion-flex-column\"><div class=\"fusion-column-wrapper fusion-flex-justify-content-flex-start fusion-content-layout-column\" style=\"background-position:left top;background-repeat:no-repeat;-webkit-background-size:cover;-moz-background-size:cover;-o-background-size:cover;background-size:cover;padding: 0px 0px 0px 0px;\"><div class=\"fusion-text fusion-text-1\"><p>Vsi redni in izredni \u0161tudentje VS\u0160 imate dostop do programov v oblaku podjetja Microsoft (Word, Excel, PowerPoint, &#8230;).<\/p>\n<blockquote>\n<p>Za prijavo uporabite uporabni\u0161ko ime, ki mu dodate kon\u010dnico <strong>@scpet.si<\/strong> (npr. janez.novak@scpet.si), in geslo, ki ga uporabljate za prijavo v ra\u010dunalni\u0161kih u\u010dilnicah in spletne u\u010dilnice.<\/p>\n<\/blockquote>\n<p>Povezava do oba\u010dnih storitev <a href=\"https:\/\/login.microsoftonline.com\/common\/oauth2\/v2.0\/authorize?client_id=4765445b-32c6-49b0-83e6-1d93765276ca&amp;redirect_uri=https%3A%2F%2Fwww.office.com%2Flandingv2&amp;response_type=code%20id_token&amp;scope=openid%20profile%20https%3A%2F%2Fwww.office.com%2Fv2%2FOfficeHome.All&amp;response_mode=form_post&amp;nonce=638055656188753400.NmQ4ZTUyMTgtZTVlMC00OGU5LWIyNzgtMzNjNjYyNzc1NTM3ZjlkMDk5YzUtMzkwOC00NDgwLTg4NmMtYjU4ZTg0MjI0ZTYz&amp;ui_locales=sl&amp;mkt=sl&amp;client-request-id=82e775e2-4f85-407f-ae02-fc6115953911&amp;state=sP5tEtXzUgaM-mJFTH54GCbM4mgYNNZMpmKeVHsvjwMwKl9Pat6928ZBugcHA1twjce2pw0E8zC9jsIR8gBj7p978TpCxV2QyuHLbNdVhW1Z1M0F1PHU9_yC0RRpEYQJzTOzKxaI1hMJcC_HnxnfyFb-zQUVyyuUarYdn75mSsDfSU6wkFRUfWGf-c5SGsdDXJ0jW3Hlw5gfA_VqkSmFHYrPfrisxGXz3l0yqYhF1r9K0c8W4cbOabEzcxbqr1A3Y_BmiPamxf_loiPkkjF8Cw&amp;x-client-SKU=ID_NETSTANDARD2_0&amp;x-client-ver=6.16.0.0\" target=\"_blank\" rel=\"noopener\">Microsoft 365<\/a>.<\/p>\n<p><a href=\"https:\/\/support.microsoft.com\/sl-si\/office\/videoposnetek-vpis-v-office-f374bfd7-a280-4dae-9274-fbe1b3c04593\" target=\"_blank\" rel=\"noopener\">Video pomo\u010d za prijavo v obla\u010dne storitve Microsoft 365<\/a>.<\/p>\n<blockquote>\n<p><em>Dostop do obla\u010dnih storitev Microsoft 365 imate na osnovi va\u0161ega statusa na VS\u0160.<\/em><\/p>\n<\/blockquote>\n<\/div><\/div><style type=\"text\/css\">.fusion-body .fusion-builder-column-0{width:50% !important;margin-top : 0px;margin-bottom : 0px;}.fusion-builder-column-0 > .fusion-column-wrapper {padding-top : 0px !important;padding-right : 0px !important;margin-right : 3.84%;padding-bottom : 0px !important;padding-left : 0px !important;margin-left : 3.84%;}@media only screen and (max-width:1024px) {.fusion-body .fusion-builder-column-0{width:100% !important;order : 0;}.fusion-builder-column-0 > .fusion-column-wrapper {margin-right : 1.92%;margin-left : 1.92%;}}@media only screen and (max-width:640px) {.fusion-body .fusion-builder-column-0{width:100% !important;order : 0;}.fusion-builder-column-0 > .fusion-column-wrapper {margin-right : 1.92%;margin-left : 1.92%;}}<\/style><\/div><div class=\"fusion-layout-column fusion_builder_column fusion-builder-column-1 fusion_builder_column_1_2 1_2 fusion-flex-column\"><div class=\"fusion-column-wrapper fusion-flex-justify-content-flex-start fusion-content-layout-column\" style=\"background-position:left top;background-repeat:no-repeat;-webkit-background-size:cover;-moz-background-size:cover;-o-background-size:cover;background-size:cover;padding: 0px 0px 0px 0px;\"><div class=\"fusion-text fusion-text-2\"><p><img decoding=\"async\" class=\"lazyload alignnone size-full wp-image-2199\" src=\"https:\/\/www.scpet.si\/vss\/wp-content\/uploads\/sites\/3\/2022\/12\/MS365-WWW.jpg\" data-orig-src=\"https:\/\/www.scpet.si\/vss\/wp-content\/uploads\/sites\/3\/2022\/12\/MS365-WWW.jpg\" alt=\"\" width=\"1200\" height=\"660\" srcset=\"data:image\/svg+xml,%3Csvg%20xmlns%3D%27http%3A%2F%2Fwww.w3.org%2F2000%2Fsvg%27%20width%3D%271200%27%20height%3D%27660%27%20viewBox%3D%270%200%201200%20660%27%3E%3Crect%20width%3D%271200%27%20height%3D%27660%27%20fill-opacity%3D%220%22%2F%3E%3C%2Fsvg%3E\" data-srcset=\"https:\/\/www.scpet.si\/vss\/wp-content\/uploads\/sites\/3\/2022\/12\/MS365-WWW-200x110.jpg 200w, https:\/\/www.scpet.si\/vss\/wp-content\/uploads\/sites\/3\/2022\/12\/MS365-WWW-300x165.jpg 300w, https:\/\/www.scpet.si\/vss\/wp-content\/uploads\/sites\/3\/2022\/12\/MS365-WWW-372x205.jpg 372w, https:\/\/www.scpet.si\/vss\/wp-content\/uploads\/sites\/3\/2022\/12\/MS365-WWW-400x220.jpg 400w, https:\/\/www.scpet.si\/vss\/wp-content\/uploads\/sites\/3\/2022\/12\/MS365-WWW-600x330.jpg 600w, https:\/\/www.scpet.si\/vss\/wp-content\/uploads\/sites\/3\/2022\/12\/MS365-WWW-768x422.jpg 768w, https:\/\/www.scpet.si\/vss\/wp-content\/uploads\/sites\/3\/2022\/12\/MS365-WWW-800x440.jpg 800w, https:\/\/www.scpet.si\/vss\/wp-content\/uploads\/sites\/3\/2022\/12\/MS365-WWW-1024x563.jpg 1024w, https:\/\/www.scpet.si\/vss\/wp-content\/uploads\/sites\/3\/2022\/12\/MS365-WWW.jpg 1200w\" data-sizes=\"auto\" data-orig-sizes=\"(max-width: 1200px) 100vw, 1200px\" \/><\/p>\n<\/div><\/div><style type=\"text\/css\">.fusion-body .fusion-builder-column-1{width:50% !important;margin-top : 0px;margin-bottom : 0px;}.fusion-builder-column-1 > .fusion-column-wrapper {padding-top : 0px !important;padding-right : 0px !important;margin-right : 3.84%;padding-bottom : 0px !important;padding-left : 0px !important;margin-left : 3.84%;}@media only screen and (max-width:1024px) {.fusion-body .fusion-builder-column-1{width:100% !important;order : 0;}.fusion-builder-column-1 > .fusion-column-wrapper {margin-right : 1.92%;margin-left : 1.92%;}}@media only screen and (max-width:640px) {.fusion-body .fusion-builder-column-1{width:100% !important;order : 0;}.fusion-builder-column-1 > .fusion-column-wrapper {margin-right : 1.92%;margin-left : 1.92%;}}<\/style><\/div><\/div><style type=\"text\/css\">.fusion-body .fusion-flex-container.fusion-builder-row-1{ padding-top : 0px;margin-top : 0px;padding-right : 0px;padding-bottom : 0px;margin-bottom : 0px;padding-left : ;}<\/style><\/div>\n","protected":false},"excerpt":{"rendered":"","protected":false},"author":5,"featured_media":0,"parent":0,"menu_order":0,"comment_status":"closed","ping_status":"closed","template":"","meta":{"xn-wppe-expiration":[],"xn-wppe-expiration-action":[],"xn-wppe-expiration-prefix":[],"_mi_skip_tracking":false,"_exactmetrics_sitenote_active":false,"_exactmetrics_sitenote_note":"","_exactmetrics_sitenote_category":0},"yoast_head":"<!-- This site is optimized with the Yoast SEO plugin v20.8 - https:\/\/yoast.com\/wordpress\/plugins\/seo\/ -->\n<title>MS365 - VI\u0160JA STROKOVNA \u0160OLA<\/title>\n<meta name=\"description\" content=\"Vsi redni in izredni \u0161tudentje VS\u0160 imate dostop do programov v oblaku podjetja Microsoft (Word, Excel, PowerPoint, ...).\" \/>\n<meta name=\"robots\" content=\"index, follow, max-snippet:-1, max-image-preview:large, max-video-preview:-1\" \/>\n<link rel=\"canonical\" href=\"https:\/\/www.scpet.si\/vss\/ms365\/\" \/>\n<meta property=\"og:locale\" content=\"sl_SI\" \/>\n<meta property=\"og:type\" content=\"article\" \/>\n<meta property=\"og:title\" content=\"MS365 - VI\u0160JA STROKOVNA \u0160OLA\" \/>\n<meta property=\"og:description\" content=\"Vsi redni in izredni \u0161tudentje VS\u0160 imate dostop do programov v oblaku podjetja Microsoft (Word, Excel, PowerPoint, ...).\" \/>\n<meta property=\"og:url\" content=\"https:\/\/www.scpet.si\/vss\/ms365\/\" \/>\n<meta property=\"og:site_name\" content=\"VI\u0160JA STROKOVNA \u0160OLA\" \/>\n<meta property=\"article:modified_time\" content=\"2023-04-17T07:22:10+00:00\" \/>\n<meta property=\"og:image\" content=\"https:\/\/www.scpet.si\/vss\/wp-content\/uploads\/sites\/3\/2022\/12\/MS365-WWW.jpg\" \/>\n<meta name=\"twitter:card\" content=\"summary_large_image\" \/>\n<meta name=\"twitter:label1\" content=\"Est. reading time\" \/>\n\t<meta name=\"twitter:data1\" content=\"5 minut\" \/>\n<script type=\"application\/ld+json\" class=\"yoast-schema-graph\">{\"@context\":\"https:\/\/schema.org\",\"@graph\":[{\"@type\":\"WebPage\",\"@id\":\"https:\/\/www.scpet.si\/vss\/ms365\/\",\"url\":\"https:\/\/www.scpet.si\/vss\/ms365\/\",\"name\":\"MS365 - VI\u0160JA STROKOVNA \u0160OLA\",\"isPartOf\":{\"@id\":\"\/#website\"},\"datePublished\":\"2023-03-15T13:46:32+00:00\",\"dateModified\":\"2023-04-17T07:22:10+00:00\",\"description\":\"Vsi redni in izredni \u0161tudentje VS\u0160 imate dostop do programov v oblaku podjetja Microsoft (Word, Excel, PowerPoint, ...).\",\"breadcrumb\":{\"@id\":\"https:\/\/www.scpet.si\/vss\/ms365\/#breadcrumb\"},\"inLanguage\":\"sl-SI\",\"potentialAction\":[{\"@type\":\"ReadAction\",\"target\":[\"https:\/\/www.scpet.si\/vss\/ms365\/\"]}]},{\"@type\":\"BreadcrumbList\",\"@id\":\"https:\/\/www.scpet.si\/vss\/ms365\/#breadcrumb\",\"itemListElement\":[{\"@type\":\"ListItem\",\"position\":1,\"name\":\"Home\",\"item\":\"https:\/\/www.scpet.si\/vss\/\"},{\"@type\":\"ListItem\",\"position\":2,\"name\":\"MS365\"}]},{\"@type\":\"WebSite\",\"@id\":\"\/#website\",\"url\":\"\/\",\"name\":\"VI\u0160JA STROKOVNA \u0160OLA\",\"description\":\"Just another \u0160C PET Sites site\",\"potentialAction\":[{\"@type\":\"SearchAction\",\"target\":{\"@type\":\"EntryPoint\",\"urlTemplate\":\"\/?s={search_term_string}\"},\"query-input\":\"required name=search_term_string\"}],\"inLanguage\":\"sl-SI\"}]}<\/script>\n<!-- \/ Yoast SEO plugin. -->","yoast_head_json":{"title":"MS365 - VI\u0160JA STROKOVNA \u0160OLA","description":"Vsi redni in izredni \u0161tudentje VS\u0160 imate dostop do programov v oblaku podjetja Microsoft (Word, Excel, PowerPoint, ...).","robots":{"index":"index","follow":"follow","max-snippet":"max-snippet:-1","max-image-preview":"max-image-preview:large","max-video-preview":"max-video-preview:-1"},"canonical":"https:\/\/www.scpet.si\/vss\/ms365\/","og_locale":"sl_SI","og_type":"article","og_title":"MS365 - VI\u0160JA STROKOVNA \u0160OLA","og_description":"Vsi redni in izredni \u0161tudentje VS\u0160 imate dostop do programov v oblaku podjetja Microsoft (Word, Excel, PowerPoint, ...).","og_url":"https:\/\/www.scpet.si\/vss\/ms365\/","og_site_name":"VI\u0160JA STROKOVNA \u0160OLA","article_modified_time":"2023-04-17T07:22:10+00:00","og_image":[{"url":"https:\/\/www.scpet.si\/vss\/wp-content\/uploads\/sites\/3\/2022\/12\/MS365-WWW.jpg"}],"twitter_card":"summary_large_image","twitter_misc":{"Est. reading time":"5 minut"},"schema":{"@context":"https:\/\/schema.org","@graph":[{"@type":"WebPage","@id":"https:\/\/www.scpet.si\/vss\/ms365\/","url":"https:\/\/www.scpet.si\/vss\/ms365\/","name":"MS365 - VI\u0160JA STROKOVNA \u0160OLA","isPartOf":{"@id":"\/#website"},"datePublished":"2023-03-15T13:46:32+00:00","dateModified":"2023-04-17T07:22:10+00:00","description":"Vsi redni in izredni \u0161tudentje VS\u0160 imate dostop do programov v oblaku podjetja Microsoft (Word, Excel, PowerPoint, ...).","breadcrumb":{"@id":"https:\/\/www.scpet.si\/vss\/ms365\/#breadcrumb"},"inLanguage":"sl-SI","potentialAction":[{"@type":"ReadAction","target":["https:\/\/www.scpet.si\/vss\/ms365\/"]}]},{"@type":"BreadcrumbList","@id":"https:\/\/www.scpet.si\/vss\/ms365\/#breadcrumb","itemListElement":[{"@type":"ListItem","position":1,"name":"Home","item":"https:\/\/www.scpet.si\/vss\/"},{"@type":"ListItem","position":2,"name":"MS365"}]},{"@type":"WebSite","@id":"\/#website","url":"\/","name":"VI\u0160JA STROKOVNA \u0160OLA","description":"Just another \u0160C PET Sites site","potentialAction":[{"@type":"SearchAction","target":{"@type":"EntryPoint","urlTemplate":"\/?s={search_term_string}"},"query-input":"required name=search_term_string"}],"inLanguage":"sl-SI"}]}},"_links":{"self":[{"href":"https:\/\/www.scpet.si\/vss\/wp-json\/wp\/v2\/pages\/2272"}],"collection":[{"href":"https:\/\/www.scpet.si\/vss\/wp-json\/wp\/v2\/pages"}],"about":[{"href":"https:\/\/www.scpet.si\/vss\/wp-json\/wp\/v2\/types\/page"}],"author":[{"embeddable":true,"href":"https:\/\/www.scpet.si\/vss\/wp-json\/wp\/v2\/users\/5"}],"replies":[{"embeddable":true,"href":"https:\/\/www.scpet.si\/vss\/wp-json\/wp\/v2\/comments?post=2272"}],"version-history":[{"count":0,"href":"https:\/\/www.scpet.si\/vss\/wp-json\/wp\/v2\/pages\/2272\/revisions"}],"wp:attachment":[{"href":"https:\/\/www.scpet.si\/vss\/wp-json\/wp\/v2\/media?parent=2272"}],"curies":[{"name":"wp","href":"https:\/\/api.w.org\/{rel}","templated":true}]}}