{"id":231,"date":"2019-12-11T13:22:33","date_gmt":"2019-12-11T12:22:33","guid":{"rendered":"https:\/\/nova.scpet.si\/vss\/o-soli\/predavatelji-copy\/"},"modified":"2025-11-18T09:11:00","modified_gmt":"2025-11-18T08:11:00","slug":"ekonomist","status":"publish","type":"page","link":"https:\/\/www.scpet.si\/vss\/o-soli\/predavatelji\/ekonomist\/","title":{"rendered":"Ekonomist"},"content":{"rendered":"<div class=\"fusion-fullwidth fullwidth-box fusion-builder-row-1 nonhundred-percent-fullwidth non-hundred-percent-height-scrolling\" style=\"background-color: rgba(255,255,255,0);background-position: center center;background-repeat: no-repeat;padding-top:0px;padding-right:0px;padding-bottom:0px;margin-bottom: 0px;margin-top: 0px;border-width: 0px 0px 0px 0px;border-color:#eae9e9;border-style:solid;\" ><div class=\"fusion-builder-row fusion-row\"><div class=\"fusion-layout-column fusion_builder_column fusion-builder-column-0 fusion_builder_column_1_1 1_1 fusion-one-full fusion-column-first fusion-column-last\" style=\"margin-top:0px;margin-bottom:0px;\"><div class=\"fusion-column-wrapper fusion-flex-column-wrapper-legacy\" style=\"background-position:left top;background-repeat:no-repeat;-webkit-background-size:cover;-moz-background-size:cover;-o-background-size:cover;background-size:cover;padding: 0px 0px 0px 0px;\"><style type=\"text\/css\"><\/style><div class=\"fusion-title title fusion-title-1 fusion-sep-none fusion-title-text fusion-title-size-one\" style=\"margin-top:0px;margin-right:0px;margin-bottom:31px;margin-left:0px;\"><h1 class=\"title-heading-left\" style=\"margin:0;\">Predavatelji &#8211; Ekonomist<\/h1><\/div>\n<div class=\"table-1\">\n<table style=\"height: 2256px;\" width=\"1437\">\n<tbody>\n<tr>\n<td width=\"139\"><strong>Predavatel\/ica<\/strong><\/td>\n<td width=\"196\"><strong>e-naslov<\/strong><\/td>\n<td width=\"81\"><strong>Predmet<\/strong><\/td>\n<td width=\"102\"><strong>redni ali izredni<\/strong><\/td>\n<td width=\"189\"><strong>Konzultacije\/Tutorstvo <\/strong><\/td>\n<\/tr>\n<tr>\n<td width=\"139\"><strong>mag. Maja Benko<\/strong>, univ. dipl. mat.<\/td>\n<td width=\"196\"><a href=\"mailto:maja.benko@triglav.si\">maja.benko@triglav.si<\/a><\/td>\n<td width=\"81\">OAM<\/td>\n<td width=\"102\">redni\/izredni<\/td>\n<td width=\"189\">Po predhodnem dogovoru preko e- po\u0161te, pred ali po predavanjih.<\/td>\n<\/tr>\n<tr>\n<td width=\"139\"><strong>Hilda Dijak<\/strong>, univ. dipl. ped.<\/td>\n<td width=\"196\"><a href=\"mailto:hilda.dijak@gmail.com\">hilda.dijak@gmail.com<\/a><\/td>\n<td width=\"81\">POK<\/td>\n<td width=\"102\">izredni<\/td>\n<td width=\"189\">Po predhodnem dogovoru preko e- po\u0161te.<\/td>\n<\/tr>\n<tr>\n<td width=\"139\"><strong>Lovro Dretnik<\/strong>, prof. mat., spec.<\/td>\n<td width=\"196\"><a href=\"mailto:lovro.dretnik@guest.arnes.si\">lovro.dretnik@guest.arnes.si<\/a><\/td>\n<td width=\"81\">PMS<\/td>\n<td width=\"102\">izredni<\/td>\n<td width=\"189\">Po predhodnem dogovoru preko e- po\u0161te.<\/td>\n<\/tr>\n<tr>\n<td width=\"139\"><strong>Vinko Filipi\u010d<\/strong>, univ. dipl. ekon.<\/td>\n<td width=\"196\"><a href=\"mailto:vinko.filipic@guest.arnes.si\">vinko.filipic@guest.arnes.si<\/a><\/td>\n<td width=\"81\">TR\u017d<\/td>\n<td width=\"102\">redni\/izredni<\/td>\n<td width=\"189\">Po predhodnem dogovoru preko e- po\u0161te, brez najave samo po predavnih.<\/td>\n<\/tr>\n<tr>\n<td width=\"139\">dr.<strong>Toma\u017e Fink\u0161t<\/strong>, univ. dipl. str.<\/td>\n<td width=\"196\"><a href=\"mailto:tomaz.finkst@guest.arnes.si\">tomaz.finkst@guest.arnes.si<\/a><\/td>\n<td width=\"81\">INF<\/td>\n<td width=\"102\">redni\/izredni<\/td>\n<td width=\"189\">Po predhodnem dogovoru preko e- po\u0161te, brez najave samo po predavnih.<\/td>\n<\/tr>\n<tr>\n<td width=\"139\"><strong>dr. Mateja Gorenc<\/strong>, univ. dipl. mat.<\/td>\n<td width=\"196\"><a href=\"mailto:mateja.gorenc@gmail.com\">mateja.gorenc@gmail.com<\/a><\/td>\n<td width=\"81\">PMS<\/td>\n<td width=\"102\">redni<\/td>\n<td width=\"189\">Po predhodnem dogovoru preko e- po\u0161te.<\/td>\n<\/tr>\n<tr>\n<td width=\"139\"><strong>Sne\u017eana Groznik<\/strong>, dipl. ekon.<\/td>\n<td width=\"196\"><a href=\"mailto:grozniksnezana@gmail.com\">grozniksnezana@gmail.com<\/a><\/td>\n<td width=\"81\">TBP\/PZV<\/td>\n<td width=\"102\">redni\/izredni<\/td>\n<td width=\"189\">Konzultacije preko e-po\u0161te.<\/td>\n<\/tr>\n<tr>\n<td width=\"139\"><strong>Tina Turk Hafner<\/strong>, univ. dipl. polit.<\/td>\n<td width=\"196\"><a href=\"mailto:tina.turk-hafnar@vzajemna.si\">tina.turk-hafnar@vzajemna.si<\/a><\/td>\n<td width=\"81\">OZV<\/td>\n<td width=\"102\">redni\/izredni<\/td>\n<td width=\"189\">Po predhodnem dogovoru preko e- po\u0161te.<\/td>\n<\/tr>\n<tr>\n<td width=\"139\"><strong>mag. Peter Filip Jakopi\u010d<\/strong>, univ. dipl. ekon.<\/td>\n<td width=\"196\"><a href=\"mailto:peter.jakopic@triglav.si\">peter.jakopic@triglav.si<\/a><\/td>\n<td width=\"81\">ZEK<\/td>\n<td width=\"102\">redni\/izredni<\/td>\n<td width=\"189\">Po predhodnem dogovoru preko e- po\u0161te, pred ali po predavanjih.<\/td>\n<\/tr>\n<tr>\n<td width=\"139\"><strong>Mile Jovanovski<\/strong>, univ. dipl. ekon.<\/td>\n<td width=\"196\"><a href=\"mailto:mile.j555@gmail.com\">mile.j555@gmail.com<\/a><\/td>\n<td width=\"81\">PRO<\/td>\n<td width=\"102\">redni\/izredni<\/td>\n<td width=\"189\">Po predhodnem dogovoru preko e- po\u0161te.<\/td>\n<\/tr>\n<tr>\n<td width=\"139\"><strong>Stojan Ko\u0161ti, mag.<\/strong><\/td>\n<td width=\"196\"><a href=\"mailto:stojan.kosti@gmail.com\">stojan.kosti@gmail.com<\/a><\/td>\n<td width=\"81\">PDO<\/td>\n<td width=\"102\">redni\/izredni<\/td>\n<td width=\"189\">Po predhodnem dogovoru preko e- po\u0161te.<\/td>\n<\/tr>\n<tr>\n<td width=\"139\"><strong>mag. Bo\u017eena Kramar<\/strong>, univ. dipl. ekon.<\/td>\n<td width=\"196\"><a href=\"mailto:kramarbozena@gmail.com\">kramarbozena@gmail.com<\/a><\/td>\n<td width=\"81\">TBP<\/td>\n<td width=\"102\">redni\/izredni<\/td>\n<td width=\"189\">Po predhodnem dogovoru preko e- po\u0161te, brez najave samo po predavanjih.<\/td>\n<\/tr>\n<tr>\n<td width=\"139\"><strong>Uro\u0161 Ledinek<\/strong>, mag. poslovnih ved<\/td>\n<td width=\"196\"><a href=\"mailto:uledinek@gmail.com\">uledinek@gmail.com<\/a><\/td>\n<td width=\"81\">UFT<\/td>\n<td width=\"102\">redni\/izredni<\/td>\n<td width=\"189\">Po predhodnem dogovoru preko e- po\u0161te.<\/td>\n<\/tr>\n<tr>\n<td width=\"139\"><strong>mag. Nata\u0161a Novak Ipavec<\/strong>, univ. dipl. ekon.<\/td>\n<td width=\"196\"><a href=\"mailto:natasa.novakipavec@scpet.si\">natasa.novakipavec@scpet.si<\/a><\/td>\n<td width=\"81\">EKN<\/td>\n<td width=\"102\">redni<\/td>\n<td width=\"189\">Po predhodnem dogovoru preko e- po\u0161te, pred ali po predavanjih.<\/td>\n<\/tr>\n<tr>\n<td width=\"139\"><strong>Emil\u00a0 Novak<\/strong>, univ. dipl. in\u017e. teh. prom.<\/td>\n<td width=\"196\"><a href=\"mailto:emil.novak@hotmail.com\">emil.novak@hotmail.com<\/a><\/td>\n<td width=\"81\">VLP<\/td>\n<td width=\"102\">redni\/izredni<\/td>\n<td width=\"189\">Po predhodnem dogovoru preko e- po\u0161te.<\/td>\n<\/tr>\n<tr>\n<td width=\"139\"><strong>Toma\u017e Ocepek<\/strong>, univ. dipl. org.<\/td>\n<td width=\"196\"><a href=\"mailto:tomaz@micom.si\">tomaz@micom.si<\/a><\/td>\n<td width=\"81\">INF<\/td>\n<td width=\"102\">redni\/izredni<\/td>\n<td width=\"189\">Po predhodnem dogovoru preko e- po\u0161te, ali Moodle.<\/td>\n<\/tr>\n<tr>\n<td width=\"139\"><strong>mag. Ludvik Pevec<\/strong>, univ. dipl. in\u017e. teh. prom.<\/td>\n<td width=\"196\"><a href=\"mailto:ludvik.pevec@gmail.com\">ludvik.pevec@gmail.com<\/a><\/td>\n<td width=\"81\">TME\/TAS<\/td>\n<td width=\"102\">redni\/izredni<\/td>\n<td width=\"189\">Po predhodnem dogovoru preko e- po\u0161te.<\/td>\n<\/tr>\n<tr>\n<td width=\"139\"><strong>mag. Darko Pirtov\u0161ek<\/strong>, univ. dipl. in\u017e. rud.<\/td>\n<td width=\"196\"><a href=\"mailto:darko.pirtovsek@guest.arnes.si\">darko.pirtovsek@guest.arnes.si<\/a><\/td>\n<td width=\"81\">POL<\/td>\n<td width=\"102\">redni\/izredni<\/td>\n<td width=\"189\">Po predhodnem dogovoru preko e- po\u0161te v Moodle.<\/td>\n<\/tr>\n<tr>\n<td width=\"139\"><strong>Sa\u0161a Plemenita\u0161<\/strong>, univ. dipl. ekon.<\/td>\n<td width=\"196\"><a href=\"mailto:sasaplemenitas@gmail.com\">sasaplemenitas@gmail.com<\/a><\/td>\n<td width=\"81\">OVE<\/td>\n<td width=\"102\">redni\/izredni<\/td>\n<td width=\"189\">Po predhodnem dogovoru preko e- po\u0161te.<\/td>\n<\/tr>\n<tr>\n<td width=\"139\"><strong>mag. Marija Podbregar<\/strong>, univ. dipl. ekon.<\/td>\n<td width=\"196\"><a href=\"mailto:mari.podbregar@gmail.com\">mari.podbregar@gmail.com<\/a><\/td>\n<td width=\"81\">UZA<\/td>\n<td width=\"102\">redni\/izredni<\/td>\n<td width=\"189\">Po predhodnem dogovoru preko e- po\u0161te v Moodle.<\/td>\n<\/tr>\n<tr>\n<td width=\"139\"><strong>dr. Helena Pov\u0161e<\/strong>, univ. dipl. ekon.<\/td>\n<td width=\"196\"><a href=\"mailto:helenapovse@yahoo.com\">helenapovse@yahoo.com<\/a><\/td>\n<td width=\"81\">EKN\/OPF<\/td>\n<td width=\"102\">redni\/izredni<\/td>\n<td width=\"189\">Po predhodnem dogovoru preko e- po\u0161te.<\/td>\n<\/tr>\n<tr>\n<td width=\"139\"><strong>mag. Darko Rupret<\/strong>, univ. dipl. org. dela<\/td>\n<td width=\"196\"><a href=\"mailto:darko.rupret@guest.arnes.si\">darko.rupret@guest.arnes.si<\/a><\/td>\n<td width=\"81\">OMP<\/td>\n<td width=\"102\">redni\/izredni<\/td>\n<td width=\"189\">Po predhodnem dogovoru preko e- po\u0161te, ob petkih (8.00, kabinet PUD 1. nadstropje).<\/td>\n<\/tr>\n<tr>\n<td width=\"139\"><strong>mag. Gregor Sakovi\u010d<\/strong>, univ. dipl. ekon.<\/td>\n<td width=\"196\"><a href=\"mailto:gregor.sakovic@nlb.si \">gregor.sakovic@nlb.si<\/a><\/td>\n<td width=\"81\">FTR<\/td>\n<td width=\"102\">redni\/izredni<\/td>\n<td width=\"189\">Po predhodnem dogovoru preko e- po\u0161te, pred ali po predavanjih.<\/td>\n<\/tr>\n<tr>\n<td width=\"139\"><strong>mag. Mojca Skok<\/strong>, univ. dipl. org.<\/td>\n<td width=\"196\"><a href=\"mailto:mojca.skok@siol.net\">mojca.skok@siol.net<\/a><\/td>\n<td width=\"81\">UZK<\/td>\n<td width=\"102\">redni\/izredni<\/td>\n<td width=\"189\">Eno uro pred predavanji, vsako prvo sredo v mesecu.<\/td>\n<\/tr>\n<tr>\n<td width=\"139\"><strong>mag. Jo\u017eica V. Srakar<\/strong>, univ. dipl. ekon.<\/td>\n<td width=\"196\"><a href=\"mailto:vjozica@gmail.com\">vjozica@gmail.com<\/a><\/td>\n<td width=\"81\">DPO<\/td>\n<td width=\"102\">redni\/izredni<\/td>\n<td width=\"189\">Po predhodnem dogovoru preko e- po\u0161te.<\/td>\n<\/tr>\n<tr>\n<td width=\"139\"><strong>Dejan Sr\u0161e<\/strong>, univ. dipl. prav.<\/td>\n<td width=\"196\"><a href=\"mailto:dejan.srse@gmail.com\">dejan.srse@gmail.com<\/a><\/td>\n<td width=\"81\">PPR<\/td>\n<td width=\"102\">redni<\/td>\n<td width=\"189\">Po predhodnem dogovoru preko e- po\u0161te.<\/td>\n<\/tr>\n<tr>\n<td width=\"139\"><strong>Jernej \u0160tesl<\/strong>, univ. dipl. prav.<\/td>\n<td width=\"196\"><a href=\"mailto:jernej.stesl@gmail.com\">jernej.stesl@gmail.com<\/a><\/td>\n<td width=\"81\">OZV<\/td>\n<td width=\"102\">redni\/izredni<\/td>\n<td width=\"189\">Po predhodnem dogovoru preko e- po\u0161te.<\/td>\n<\/tr>\n<tr>\n<td width=\"139\"><strong>Ana Trnav\u010devi\u0107<\/strong>,univ. dipl. soc.<\/td>\n<td width=\"196\"><a href=\"mailto:trn_ana@yahoo.com\">trn_ana@yahoo.com<\/a><\/td>\n<td width=\"81\">POK<\/td>\n<td width=\"102\">redni\/izredni<\/td>\n<td width=\"189\">Po predhodnem dogovoru preko e- po\u0161te, pred ali po predavanjih.<\/td>\n<\/tr>\n<tr>\n<td width=\"139\"><strong>dr. Ur\u0161ka Vidmar<\/strong>, univ. dipl. prof. angl.<\/td>\n<td width=\"196\"><a href=\"mailto:urska.vidmar@scpet.si\">urska.vidmar@scpet.si<\/a><\/td>\n<td width=\"81\">PTJ-a<\/td>\n<td width=\"102\">redni\/izredni<\/td>\n<td width=\"189\">Po predhodnem dogovoru preko e- po\u0161te, pred ali po predavanjih.<\/td>\n<\/tr>\n<tr>\n<td width=\"139\"><strong>dr. Tina Vukasovi\u010d<\/strong>, univ. dipl. ekon.<\/td>\n<td width=\"196\"><a href=\"mailto:tina.vukasovic@mfdps.si\">tina.vukasovic@mfdps.si<\/a><\/td>\n<td width=\"81\">TR\u017d<\/td>\n<td width=\"102\">redni<\/td>\n<td width=\"189\">Po predhodnem dogovoru preko e- po\u0161te, pred ali po predavanjih.<\/td>\n<\/tr>\n<tr>\n<td width=\"139\"><strong>Janez Zavrl<\/strong>, univ. dipl. prav.<\/td>\n<td width=\"196\"><a href=\"mailto:janez.zavrl@guest.arnes.si\">janez.zavrl@guest.arnes.si<\/a><\/td>\n<td width=\"81\">PPR<\/td>\n<td width=\"102\">redni\/izredni<\/td>\n<td width=\"189\">Konzultacije preko e- po\u0161te.<\/td>\n<\/tr>\n<tr>\n<td width=\"139\"><strong>mag. Igor \u017dvokelj<\/strong>, univ. dipl. ekon.<\/td>\n<td width=\"196\"><a href=\"mailto:igor.zvokelj@gmail.com\">igor.zvokelj@gmail.com<\/a><\/td>\n<td width=\"81\">BN\u010c<\/td>\n<td width=\"102\">redni\/izredni<\/td>\n<td width=\"189\">Po predhodnem dogovoru preko e- po\u0161te.<\/td>\n<\/tr>\n<\/tbody>\n<\/table>\n<\/div>\n<div class=\"fusion-clearfix\"><\/div><\/div><\/div><\/div><\/div>\n","protected":false},"excerpt":{"rendered":"","protected":false},"author":1,"featured_media":0,"parent":123,"menu_order":0,"comment_status":"closed","ping_status":"closed","template":"100-width.php","meta":{"xn-wppe-expiration":[],"xn-wppe-expiration-action":[],"xn-wppe-expiration-prefix":[],"_mi_skip_tracking":false,"_exactmetrics_sitenote_active":false,"_exactmetrics_sitenote_note":"","_exactmetrics_sitenote_category":0},"yoast_head":"<!-- This site is optimized with the Yoast SEO plugin v20.8 - https:\/\/yoast.com\/wordpress\/plugins\/seo\/ -->\n<title>Ekonomist - VI\u0160JA STROKOVNA \u0160OLA<\/title>\n<meta name=\"description\" content=\"Predavatelji - Ekonomski tehnik - ekonomist\" \/>\n<meta name=\"robots\" content=\"index, follow, max-snippet:-1, max-image-preview:large, max-video-preview:-1\" \/>\n<link rel=\"canonical\" href=\"https:\/\/www.scpet.si\/vss\/o-soli\/predavatelji\/ekonomist\/\" \/>\n<meta property=\"og:locale\" content=\"sl_SI\" \/>\n<meta property=\"og:type\" content=\"article\" \/>\n<meta property=\"og:title\" content=\"Ekonomist - VI\u0160JA STROKOVNA \u0160OLA\" \/>\n<meta property=\"og:description\" content=\"Predavatelji - Ekonomski tehnik - ekonomist\" \/>\n<meta property=\"og:url\" content=\"https:\/\/www.scpet.si\/vss\/o-soli\/predavatelji\/ekonomist\/\" \/>\n<meta property=\"og:site_name\" content=\"VI\u0160JA STROKOVNA \u0160OLA\" \/>\n<meta property=\"article:modified_time\" content=\"2025-11-18T08:11:00+00:00\" \/>\n<meta name=\"twitter:card\" content=\"summary_large_image\" \/>\n<meta name=\"twitter:label1\" content=\"Est. reading time\" \/>\n\t<meta name=\"twitter:data1\" content=\"10 minut\" \/>\n<script type=\"application\/ld+json\" class=\"yoast-schema-graph\">{\"@context\":\"https:\/\/schema.org\",\"@graph\":[{\"@type\":\"WebPage\",\"@id\":\"https:\/\/www.scpet.si\/vss\/o-soli\/predavatelji\/ekonomist\/\",\"url\":\"https:\/\/www.scpet.si\/vss\/o-soli\/predavatelji\/ekonomist\/\",\"name\":\"Ekonomist - VI\u0160JA STROKOVNA \u0160OLA\",\"isPartOf\":{\"@id\":\"\/#website\"},\"datePublished\":\"2019-12-11T12:22:33+00:00\",\"dateModified\":\"2025-11-18T08:11:00+00:00\",\"description\":\"Predavatelji - Ekonomski tehnik - ekonomist\",\"breadcrumb\":{\"@id\":\"https:\/\/www.scpet.si\/vss\/o-soli\/predavatelji\/ekonomist\/#breadcrumb\"},\"inLanguage\":\"sl-SI\",\"potentialAction\":[{\"@type\":\"ReadAction\",\"target\":[\"https:\/\/www.scpet.si\/vss\/o-soli\/predavatelji\/ekonomist\/\"]}]},{\"@type\":\"BreadcrumbList\",\"@id\":\"https:\/\/www.scpet.si\/vss\/o-soli\/predavatelji\/ekonomist\/#breadcrumb\",\"itemListElement\":[{\"@type\":\"ListItem\",\"position\":1,\"name\":\"Home\",\"item\":\"https:\/\/www.scpet.si\/vss\/\"},{\"@type\":\"ListItem\",\"position\":2,\"name\":\"O \u0160OLI\",\"item\":\"https:\/\/www.scpet.si\/vss\/o-soli\/\"},{\"@type\":\"ListItem\",\"position\":3,\"name\":\"Predavatelji\",\"item\":\"https:\/\/www.scpet.si\/vss\/o-soli\/predavatelji\/\"},{\"@type\":\"ListItem\",\"position\":4,\"name\":\"Ekonomist\"}]},{\"@type\":\"WebSite\",\"@id\":\"\/#website\",\"url\":\"\/\",\"name\":\"VI\u0160JA STROKOVNA \u0160OLA\",\"description\":\"Just another \u0160C PET Sites site\",\"potentialAction\":[{\"@type\":\"SearchAction\",\"target\":{\"@type\":\"EntryPoint\",\"urlTemplate\":\"\/?s={search_term_string}\"},\"query-input\":\"required name=search_term_string\"}],\"inLanguage\":\"sl-SI\"}]}<\/script>\n<!-- \/ Yoast SEO plugin. -->","yoast_head_json":{"title":"Ekonomist - VI\u0160JA STROKOVNA \u0160OLA","description":"Predavatelji - Ekonomski tehnik - ekonomist","robots":{"index":"index","follow":"follow","max-snippet":"max-snippet:-1","max-image-preview":"max-image-preview:large","max-video-preview":"max-video-preview:-1"},"canonical":"https:\/\/www.scpet.si\/vss\/o-soli\/predavatelji\/ekonomist\/","og_locale":"sl_SI","og_type":"article","og_title":"Ekonomist - VI\u0160JA STROKOVNA \u0160OLA","og_description":"Predavatelji - Ekonomski tehnik - ekonomist","og_url":"https:\/\/www.scpet.si\/vss\/o-soli\/predavatelji\/ekonomist\/","og_site_name":"VI\u0160JA STROKOVNA \u0160OLA","article_modified_time":"2025-11-18T08:11:00+00:00","twitter_card":"summary_large_image","twitter_misc":{"Est. reading time":"10 minut"},"schema":{"@context":"https:\/\/schema.org","@graph":[{"@type":"WebPage","@id":"https:\/\/www.scpet.si\/vss\/o-soli\/predavatelji\/ekonomist\/","url":"https:\/\/www.scpet.si\/vss\/o-soli\/predavatelji\/ekonomist\/","name":"Ekonomist - VI\u0160JA STROKOVNA \u0160OLA","isPartOf":{"@id":"\/#website"},"datePublished":"2019-12-11T12:22:33+00:00","dateModified":"2025-11-18T08:11:00+00:00","description":"Predavatelji - Ekonomski tehnik - ekonomist","breadcrumb":{"@id":"https:\/\/www.scpet.si\/vss\/o-soli\/predavatelji\/ekonomist\/#breadcrumb"},"inLanguage":"sl-SI","potentialAction":[{"@type":"ReadAction","target":["https:\/\/www.scpet.si\/vss\/o-soli\/predavatelji\/ekonomist\/"]}]},{"@type":"BreadcrumbList","@id":"https:\/\/www.scpet.si\/vss\/o-soli\/predavatelji\/ekonomist\/#breadcrumb","itemListElement":[{"@type":"ListItem","position":1,"name":"Home","item":"https:\/\/www.scpet.si\/vss\/"},{"@type":"ListItem","position":2,"name":"O \u0160OLI","item":"https:\/\/www.scpet.si\/vss\/o-soli\/"},{"@type":"ListItem","position":3,"name":"Predavatelji","item":"https:\/\/www.scpet.si\/vss\/o-soli\/predavatelji\/"},{"@type":"ListItem","position":4,"name":"Ekonomist"}]},{"@type":"WebSite","@id":"\/#website","url":"\/","name":"VI\u0160JA STROKOVNA \u0160OLA","description":"Just another \u0160C PET Sites site","potentialAction":[{"@type":"SearchAction","target":{"@type":"EntryPoint","urlTemplate":"\/?s={search_term_string}"},"query-input":"required name=search_term_string"}],"inLanguage":"sl-SI"}]}},"_links":{"self":[{"href":"https:\/\/www.scpet.si\/vss\/wp-json\/wp\/v2\/pages\/231"}],"collection":[{"href":"https:\/\/www.scpet.si\/vss\/wp-json\/wp\/v2\/pages"}],"about":[{"href":"https:\/\/www.scpet.si\/vss\/wp-json\/wp\/v2\/types\/page"}],"author":[{"embeddable":true,"href":"https:\/\/www.scpet.si\/vss\/wp-json\/wp\/v2\/users\/1"}],"replies":[{"embeddable":true,"href":"https:\/\/www.scpet.si\/vss\/wp-json\/wp\/v2\/comments?post=231"}],"version-history":[{"count":0,"href":"https:\/\/www.scpet.si\/vss\/wp-json\/wp\/v2\/pages\/231\/revisions"}],"up":[{"embeddable":true,"href":"https:\/\/www.scpet.si\/vss\/wp-json\/wp\/v2\/pages\/123"}],"wp:attachment":[{"href":"https:\/\/www.scpet.si\/vss\/wp-json\/wp\/v2\/media?parent=231"}],"curies":[{"name":"wp","href":"https:\/\/api.w.org\/{rel}","templated":true}]}}