{"id":232,"date":"2019-12-11T13:29:54","date_gmt":"2019-12-11T12:29:54","guid":{"rendered":"https:\/\/nova.scpet.si\/vss\/o-soli\/predavatelji\/ekonomist-copy\/"},"modified":"2025-11-18T09:30:23","modified_gmt":"2025-11-18T08:30:23","slug":"telekomunikacije","status":"publish","type":"page","link":"https:\/\/www.scpet.si\/vss\/o-soli\/predavatelji\/telekomunikacije\/","title":{"rendered":"Telekomunikacije"},"content":{"rendered":"<div class=\"fusion-fullwidth fullwidth-box fusion-builder-row-1 nonhundred-percent-fullwidth non-hundred-percent-height-scrolling\" style=\"background-color: rgba(255,255,255,0);background-position: center center;background-repeat: no-repeat;padding-top:0px;padding-right:0px;padding-bottom:0px;margin-bottom: 0px;margin-top: 0px;border-width: 0px 0px 0px 0px;border-color:#eae9e9;border-style:solid;\" ><div class=\"fusion-builder-row fusion-row\"><div class=\"fusion-layout-column fusion_builder_column fusion-builder-column-0 fusion_builder_column_1_1 1_1 fusion-one-full fusion-column-first fusion-column-last\" style=\"margin-top:0px;margin-bottom:0px;\"><div class=\"fusion-column-wrapper fusion-flex-column-wrapper-legacy\" style=\"background-position:left top;background-repeat:no-repeat;-webkit-background-size:cover;-moz-background-size:cover;-o-background-size:cover;background-size:cover;padding: 0px 0px 0px 0px;\"><style type=\"text\/css\"><\/style><div class=\"fusion-title title fusion-title-1 fusion-sep-none fusion-title-text fusion-title-size-one\" style=\"margin-top:0px;margin-right:0px;margin-bottom:31px;margin-left:0px;\"><h1 class=\"title-heading-left\" style=\"margin:0;\">Predavatelji &#8211; Telekomunikacije<\/h1><\/div>\n<table class=\"table-1\" style=\"width: 100%;\" cellspacing=\"5\" cellpadding=\"3\" align=\"center\">\n<tbody>\n<tr>\n<td style=\"width: 20%;\" width=\"20%\"><strong>Predavatelj\/ica<\/strong><\/td>\n<td style=\"width: 10%;\" align=\"center\" width=\"10%\"><strong>kontakt<\/strong><\/td>\n<td style=\"width: 10%;\" align=\"center\" width=\"10%\"><strong>predmet<\/strong><\/td>\n<td style=\"width: 10%;\" align=\"center\" width=\"10%\"><strong>redni\/izredni<\/strong><\/td>\n<td style=\"width: 30%;\" width=\"30%\"><strong>konzultacije\/tutorstvo<\/strong><\/td>\n<\/tr>\n<tr>\n<td width=\"20%\"><strong>Anton An\u017ei\u010d<\/strong>, univ. dipl. in\u017e. el.<\/td>\n<td align=\"center\" width=\"10%\"><a href=\"mailto:anton.anzic@telekom.si\">anton.anzic@telekom.si<\/a><\/td>\n<td align=\"center\" width=\"10%\">TKO I<\/td>\n<td align=\"center\" width=\"10%\">redni\/izredni<\/td>\n<td width=\"30%\">Pred predavanji po predhodni najavi preko elektronske po\u0161te ali na 041 756 335 v kabinetu za predavatelje.<\/td>\n<\/tr>\n<tr>\n<td width=\"20%\">mag. <strong>Janez An\u017ei\u010d<\/strong>, univ. dipl. in\u017e. el.<\/td>\n<td align=\"center\" width=\"10%\"><a href=\"mailto:janez.anzic@siol.net\">janez.anzic@siol.net<\/a><\/td>\n<td align=\"center\" width=\"10%\">\u0160IO<\/td>\n<td align=\"center\" width=\"10%\">redni\/izredni<\/td>\n<td width=\"30%\">Od 15.30 do 16.15 po urniku za EKS in \u0160IO.<\/td>\n<\/tr>\n<tr>\n<td width=\"20%\"><strong>Janez Avsec<\/strong>, dipl. multimed. prod.<\/td>\n<td align=\"center\" width=\"10%\"><a href=\"mailto:janez.avsec@scpet.si\">janez.avsec@scpet.si<\/a><\/td>\n<td align=\"center\" width=\"10%\">\u0160IO\/TNA, TKO I (LV), TKOII\/EKS (LV)<\/td>\n<td align=\"center\" width=\"10%\">redni\/izredni<\/td>\n<td width=\"30%\">Po predhodnem dogovoru preko elektronske po\u0161te.<\/td>\n<\/tr>\n<tr>\n<td width=\"20%\">dr. <strong>Samo Bo\u017ei\u010d<\/strong>, univ. dipl. in\u017e. str.<\/td>\n<td align=\"center\" width=\"10%\"><a href=\"mailto:samo_bozic@yahoo.com\">samo_bozic@yahoo.com<\/a><\/td>\n<td align=\"center\" width=\"10%\">EKP, TRS<\/td>\n<td align=\"center\" width=\"10%\">redni\/izredni<\/td>\n<td width=\"30%\">Pred ali po predavanjih v kabinetu za predavetelje VS\u0160(2), oziroma po dogovoru na (031 555 311).<\/td>\n<\/tr>\n<tr>\n<td width=\"20%\"><strong>Jo\u017ee Brvar<\/strong>, univ. dipl. in\u017e. el.<\/td>\n<td align=\"center\" width=\"10%\"><a href=\"mailto:joze.brvar@gmail.com\">joze.brvar@gmail.com<\/a><\/td>\n<td align=\"center\" width=\"10%\">GP*, PKS (LV)<\/td>\n<td align=\"center\" width=\"10%\">redni<\/td>\n<td width=\"30%\">Po predhodni najavi preko e-po\u0161te.<\/td>\n<\/tr>\n<tr>\n<td width=\"20%\"><strong>Miha Bukovec<\/strong>, univ. dipl. in\u017e. el.<\/td>\n<td align=\"center\" width=\"10%\"><a href=\"mailto:miha.bukovec@rtvslo.si\">miha.bukovec@rtvslo.si<\/a><\/td>\n<td align=\"center\" width=\"10%\">MMT, AVS<\/td>\n<td align=\"center\" width=\"10%\">redni\/izredni<\/td>\n<td width=\"30%\">Prva sreda v mesecu ob 16.00 uri v kabinetu za predavatelje po predhodni najavi preko elektronske po\u0161te.<\/td>\n<\/tr>\n<tr>\n<td width=\"139\">dr.<strong>Toma\u017e Fink\u0161t<\/strong>, univ. dipl. str.<\/td>\n<td width=\"196\"><a href=\"mailto:tomaz.finkst@guest.arnes.si\">tomaz.finkst@guest.arnes.si<\/a><\/td>\n<td style=\"text-align: center;\" width=\"81\">RAI, PDO<\/td>\n<td width=\"102\">redni\/izredni<\/td>\n<td width=\"189\">Po predhodnem dogovoru preko e- po\u0161te, brez najave samo po predavnih.<\/td>\n<\/tr>\n<tr>\n<td width=\"20%\"><strong>Franc Florjan\u010di\u010d<\/strong>, univ. dipl. in\u017e. el.<\/td>\n<td align=\"center\" width=\"10%\"><a href=\"mailto:franc.florjancic@guest.arnes.si\">franc.florjancic@guest.arnes.si<\/a><\/td>\n<td align=\"center\" width=\"10%\">PDO<\/td>\n<td align=\"center\" width=\"10%\">izredni<\/td>\n<td width=\"30%\">V kabinetu za predavatelje po predhodnem dogovoru in najavi po e-po\u0161ti.<\/td>\n<\/tr>\n<tr>\n<td width=\"20%\"><strong>Gregor Rakef<\/strong>, mag. dipl. in\u017e. el.<\/td>\n<td style=\"text-align: center;\" align=\"center\" width=\"10%\"><a href=\"mailto:Gregor.Rakef@scpet.si\" target=\"_blank\" rel=\"noopener noreferrer\">Gregor.Rakef@scpet.si<\/a><\/td>\n<td align=\"center\" width=\"10%\">TKO I (LV)<\/td>\n<td align=\"center\" width=\"10%\">redni<\/td>\n<td width=\"30%\">V P7 ali kabinetu za predavatelje po predhodnem dogovoru in najavi po e-po\u0161ti.<\/td>\n<\/tr>\n<tr>\n<td width=\"20%\"><strong>David Gustin\u010di\u010d<\/strong>, dipl. in\u017e. el.<\/td>\n<td align=\"center\" width=\"10%\"><a href=\"mailto:david.gustincic@telekom.si\">david.gustincic@telekom.si<\/a><\/td>\n<td align=\"center\" width=\"10%\">\u0160IO\/TNA (LV), TKOII\/EKS (LV)<\/td>\n<td align=\"center\" width=\"10%\">redni\/izredni<\/td>\n<td width=\"30%\">V kabinetu za predavatelje po predhodnem dogovoru in najavi po e-po\u0161ti.<\/td>\n<\/tr>\n<tr>\n<td width=\"20%\">mag.<strong> Alojz Hudobivnik<\/strong>, univ. dipl. in\u017e. el.<\/td>\n<td align=\"center\" width=\"10%\"><a href=\"mailto:alojz.hudobivnik@gmail.com\">alojz.hudobivnik@gmail.com<\/a><\/td>\n<td align=\"center\" width=\"10%\">TKO II, EKS<\/td>\n<td align=\"center\" width=\"10%\">redni\/izredni<\/td>\n<td width=\"30%\">Govorilne ure pol ure pred predavanjem ali pol ure po predavanju, po predhodni najavi po e-po\u0161ti in v ve\u010dernem \u010dasu po videokonferen\u010dni zvezi ob predhodnem dogovoru po e-po\u0161ti.<\/td>\n<\/tr>\n<tr>\n<td width=\"20%\"><strong>Mile Jovanovski<\/strong>, univ. dipl. ekon.<\/td>\n<td align=\"center\" width=\"10%\"><a href=\"mailto:mile.j555@gmail.com\">mile.j555@gmail.com<\/a><\/td>\n<td align=\"center\" width=\"10%\">PRO<\/td>\n<td align=\"center\" width=\"10%\">redni\/izredni<\/td>\n<td width=\"30%\">V kabinetu za predavatelje po predhodnem dogovoru in najavi po e-po\u0161ti.<\/td>\n<\/tr>\n<tr>\n<td width=\"20%\"><strong>Marija Marot<\/strong>, univ. dipl. in\u017e. kem. teh.<\/td>\n<td align=\"center\" width=\"10%\"><a href=\"mailto:mari.marot@gmail.com\">mari.marot@gmail.com<\/a><\/td>\n<td align=\"center\" width=\"10%\">VDO<\/td>\n<td align=\"center\" width=\"10%\">redni\/izredni<\/td>\n<td width=\"30%\">Vsako zadnjo sredo v mesecu pred predavanjem po predhodnem dogovoru preko e- po\u0161te.<\/td>\n<\/tr>\n<tr>\n<td width=\"20%\"><strong>Toma\u017e Ocepek<\/strong>, univ. dipl. in\u017e.<\/td>\n<td align=\"center\" width=\"10%\"><a href=\"mailto:tomaz@micom.si\">tomaz@micom.si<\/a><\/td>\n<td align=\"center\" width=\"10%\">IKT, TKO I (LV)<\/td>\n<td align=\"center\" width=\"10%\">redni\/izredni<\/td>\n<td width=\"30%\">Po predhodnem dogovoru preko elektronske po\u0161te ali preko Moodla.<\/td>\n<\/tr>\n<tr>\n<td width=\"20%\">mag. <strong>Radivoj Pavlin<\/strong>, univ. dipl. in\u017e. el.<\/td>\n<td align=\"center\" width=\"10%\"><a href=\"mailto:radivoj.pavlin@gmail.com\">radivoj.pavlin@gmail.com<\/a><\/td>\n<td align=\"center\" width=\"10%\">MMT, AVS, EKS<\/td>\n<td align=\"center\" width=\"10%\">redni\/izredni<\/td>\n<td width=\"30%\">V kabinetu za predavatelje po predhodnem dogovoru in najavi po e-po\u0161ti.<\/td>\n<\/tr>\n<tr>\n<td width=\"20%\">mag. <strong>Peter Peterlin<\/strong>, univ. dipl. in\u017e. el.<\/td>\n<td align=\"center\" width=\"10%\"><a href=\"mailto:p.peterlin@siol.net\">p.peterlin@siol.net<\/a><\/td>\n<td align=\"center\" width=\"10%\">TNA<\/td>\n<td align=\"center\" width=\"10%\">redni\/izredni<\/td>\n<td width=\"30%\">Pred in po predavanjih po predhodni najavi preko e- po\u0161te.<\/td>\n<\/tr>\n<tr>\n<td width=\"20%\">dr. <strong>Marko Podber\u0161i\u010d<\/strong>, univ.dipl.in\u017e.el.<\/td>\n<td align=\"center\" width=\"10%\"><a href=\"mailto:marko.podbersic@gmail.com\">marko.podbersic@gmail.com<\/a><\/td>\n<td align=\"center\" width=\"10%\">GTK, PKS<\/td>\n<td align=\"center\" width=\"10%\">redni\/izredni<\/td>\n<td width=\"30%\">Za konzultacije se prijavite preko e-po\u0161te.<\/td>\n<\/tr>\n<tr>\n<td width=\"20%\"><strong>Iztok Saje,<\/strong> univ. dipl. in\u017e. el.<\/td>\n<td align=\"center\" width=\"10%\"><a href=\"mailto:s52d@s5cc.eu\">s52d@s5cc.eu<\/a><\/td>\n<td align=\"center\" width=\"10%\">MST<\/td>\n<td align=\"center\" width=\"10%\">redni\/izredni<\/td>\n<td width=\"30%\">Pred in po predavanjih po predhodni najavi po e po\u0161ti.<\/td>\n<\/tr>\n<tr>\n<td width=\"20%\"><strong>Stella Straus,<\/strong> prof. angl. In ital. jezika<\/td>\n<td align=\"center\" width=\"10%\"><a href=\"mailto:stella.straus@gmail.com\">stella.straus@gmail.com<\/a><\/td>\n<td align=\"center\" width=\"10%\">KTJ-a<\/td>\n<td align=\"center\" width=\"10%\">redni\/izredni<\/td>\n<td width=\"30%\">Po kon\u010danih predavanjih po predhodni najavi po e-po\u0161ti.<\/td>\n<\/tr>\n<tr>\n<td width=\"20%\"><strong>Bo\u0161tjan Tav\u010dar<\/strong>, univ. dipl. in\u017e. el.<\/td>\n<td align=\"center\" width=\"10%\"><a href=\"mailto:sebastian.tavcar@gmail.com\">sebastian.tavcar@gmail.com<\/a><\/td>\n<td align=\"center\" width=\"10%\">GTK, PKS<\/td>\n<td align=\"center\" width=\"10%\">redni\/izredni<\/td>\n<td width=\"30%\">Konzultacije praviloma v ponedeljek od 15.30 do 16.30 ure ob predhodni najavi prek e-po\u0161te.<\/td>\n<\/tr>\n<tr>\n<td width=\"139\"><strong>Ana Trnav\u010devi\u0107<\/strong>,univ. dipl. soc.<\/td>\n<td width=\"196\"><a href=\"mailto:trn_ana@yahoo.com\">trn_ana@yahoo.com<\/a><\/td>\n<td style=\"text-align: center;\" width=\"81\">PKV<\/td>\n<td width=\"102\">redni\/izredni<\/td>\n<td width=\"189\">Po predhodnem dogovoru preko e- po\u0161te, pred ali po predavanjih.<\/td>\n<\/tr>\n<tr>\n<td width=\"20%\"><strong>Alojz Vindi\u0161<\/strong>, univ. dipl. in\u017e. el.<\/td>\n<td align=\"center\" width=\"10%\"><a href=\"mailto:alojz.vindis@telekom.si\">alojz.vindis@telekom.si<\/a><\/td>\n<td align=\"center\" width=\"10%\">\u0160IO<\/td>\n<td align=\"center\" width=\"10%\">redni<\/td>\n<td width=\"30%\">Po predavanjih z predhodno najavo preko e- po\u0161te.<\/td>\n<\/tr>\n<tr>\n<td width=\"20%\"><strong>Sa\u0161a \u017dbontar<\/strong>, univ. dipl. in\u017e. el.<\/td>\n<td align=\"center\" width=\"10%\"><a href=\"mailto:sasa.zbontar@telekom.si\">sasa.zbontar@telekom.si<\/a><\/td>\n<td align=\"center\" width=\"10%\">TKOII<\/td>\n<td align=\"center\" width=\"10%\">redni\/izredni<\/td>\n<td width=\"30%\">Pred ali po predavanjih po predhodni najavi preko e-po\u0161te.<\/td>\n<\/tr>\n<tr>\n<td width=\"20%\"><strong>Alojz \u017deljko<\/strong>, univ. dipl. in\u017e. el.<\/td>\n<td align=\"center\" width=\"10%\"><a href=\"mailto:dunja_licen@t-2.net\">dunja_licen@t-2.net<\/a><\/td>\n<td align=\"center\" width=\"10%\">MMT, AVS<\/td>\n<td align=\"center\" width=\"10%\">redni\/izredni<\/td>\n<td width=\"30%\">Po predhodni najavi po e-po\u0161ti (ob torkih ob 16.00).<\/td>\n<\/tr>\n<\/tbody>\n<\/table>\n<div class=\"fusion-clearfix\"><\/div><\/div><\/div><\/div><\/div>\n","protected":false},"excerpt":{"rendered":"","protected":false},"author":1,"featured_media":0,"parent":123,"menu_order":0,"comment_status":"closed","ping_status":"closed","template":"100-width.php","meta":{"xn-wppe-expiration":[],"xn-wppe-expiration-action":[],"xn-wppe-expiration-prefix":[],"_mi_skip_tracking":false,"_exactmetrics_sitenote_active":false,"_exactmetrics_sitenote_note":"","_exactmetrics_sitenote_category":0},"yoast_head":"<!-- This site is optimized with the Yoast SEO plugin v20.8 - https:\/\/yoast.com\/wordpress\/plugins\/seo\/ -->\n<title>Telekomunikacije - VI\u0160JA STROKOVNA \u0160OLA<\/title>\n<meta name=\"description\" content=\"Predavatelji - telekomunikacije - \u0160olski center za po\u0161to, ekonomijo in telekomunikacije Ljubljana.\" \/>\n<meta name=\"robots\" content=\"index, follow, max-snippet:-1, max-image-preview:large, max-video-preview:-1\" \/>\n<link rel=\"canonical\" href=\"https:\/\/www.scpet.si\/vss\/o-soli\/predavatelji\/telekomunikacije\/\" \/>\n<meta property=\"og:locale\" content=\"sl_SI\" \/>\n<meta property=\"og:type\" content=\"article\" \/>\n<meta property=\"og:title\" content=\"Telekomunikacije - VI\u0160JA STROKOVNA \u0160OLA\" \/>\n<meta property=\"og:description\" content=\"Predavatelji - telekomunikacije - \u0160olski center za po\u0161to, ekonomijo in telekomunikacije Ljubljana.\" \/>\n<meta property=\"og:url\" content=\"https:\/\/www.scpet.si\/vss\/o-soli\/predavatelji\/telekomunikacije\/\" \/>\n<meta property=\"og:site_name\" content=\"VI\u0160JA STROKOVNA \u0160OLA\" \/>\n<meta property=\"article:modified_time\" content=\"2025-11-18T08:30:23+00:00\" \/>\n<meta name=\"twitter:card\" content=\"summary_large_image\" \/>\n<meta name=\"twitter:label1\" content=\"Est. reading time\" \/>\n\t<meta name=\"twitter:data1\" content=\"5 minut\" \/>\n<script type=\"application\/ld+json\" class=\"yoast-schema-graph\">{\"@context\":\"https:\/\/schema.org\",\"@graph\":[{\"@type\":\"WebPage\",\"@id\":\"https:\/\/www.scpet.si\/vss\/o-soli\/predavatelji\/telekomunikacije\/\",\"url\":\"https:\/\/www.scpet.si\/vss\/o-soli\/predavatelji\/telekomunikacije\/\",\"name\":\"Telekomunikacije - VI\u0160JA STROKOVNA \u0160OLA\",\"isPartOf\":{\"@id\":\"\/#website\"},\"datePublished\":\"2019-12-11T12:29:54+00:00\",\"dateModified\":\"2025-11-18T08:30:23+00:00\",\"description\":\"Predavatelji - telekomunikacije - \u0160olski center za po\u0161to, ekonomijo in telekomunikacije Ljubljana.\",\"breadcrumb\":{\"@id\":\"https:\/\/www.scpet.si\/vss\/o-soli\/predavatelji\/telekomunikacije\/#breadcrumb\"},\"inLanguage\":\"sl-SI\",\"potentialAction\":[{\"@type\":\"ReadAction\",\"target\":[\"https:\/\/www.scpet.si\/vss\/o-soli\/predavatelji\/telekomunikacije\/\"]}]},{\"@type\":\"BreadcrumbList\",\"@id\":\"https:\/\/www.scpet.si\/vss\/o-soli\/predavatelji\/telekomunikacije\/#breadcrumb\",\"itemListElement\":[{\"@type\":\"ListItem\",\"position\":1,\"name\":\"Home\",\"item\":\"https:\/\/www.scpet.si\/vss\/\"},{\"@type\":\"ListItem\",\"position\":2,\"name\":\"O \u0160OLI\",\"item\":\"https:\/\/www.scpet.si\/vss\/o-soli\/\"},{\"@type\":\"ListItem\",\"position\":3,\"name\":\"Predavatelji\",\"item\":\"https:\/\/www.scpet.si\/vss\/o-soli\/predavatelji\/\"},{\"@type\":\"ListItem\",\"position\":4,\"name\":\"Telekomunikacije\"}]},{\"@type\":\"WebSite\",\"@id\":\"\/#website\",\"url\":\"\/\",\"name\":\"VI\u0160JA STROKOVNA \u0160OLA\",\"description\":\"Just another \u0160C PET Sites site\",\"potentialAction\":[{\"@type\":\"SearchAction\",\"target\":{\"@type\":\"EntryPoint\",\"urlTemplate\":\"\/?s={search_term_string}\"},\"query-input\":\"required name=search_term_string\"}],\"inLanguage\":\"sl-SI\"}]}<\/script>\n<!-- \/ Yoast SEO plugin. -->","yoast_head_json":{"title":"Telekomunikacije - VI\u0160JA STROKOVNA \u0160OLA","description":"Predavatelji - telekomunikacije - \u0160olski center za po\u0161to, ekonomijo in telekomunikacije Ljubljana.","robots":{"index":"index","follow":"follow","max-snippet":"max-snippet:-1","max-image-preview":"max-image-preview:large","max-video-preview":"max-video-preview:-1"},"canonical":"https:\/\/www.scpet.si\/vss\/o-soli\/predavatelji\/telekomunikacije\/","og_locale":"sl_SI","og_type":"article","og_title":"Telekomunikacije - VI\u0160JA STROKOVNA \u0160OLA","og_description":"Predavatelji - telekomunikacije - \u0160olski center za po\u0161to, ekonomijo in telekomunikacije Ljubljana.","og_url":"https:\/\/www.scpet.si\/vss\/o-soli\/predavatelji\/telekomunikacije\/","og_site_name":"VI\u0160JA STROKOVNA \u0160OLA","article_modified_time":"2025-11-18T08:30:23+00:00","twitter_card":"summary_large_image","twitter_misc":{"Est. reading time":"5 minut"},"schema":{"@context":"https:\/\/schema.org","@graph":[{"@type":"WebPage","@id":"https:\/\/www.scpet.si\/vss\/o-soli\/predavatelji\/telekomunikacije\/","url":"https:\/\/www.scpet.si\/vss\/o-soli\/predavatelji\/telekomunikacije\/","name":"Telekomunikacije - VI\u0160JA STROKOVNA \u0160OLA","isPartOf":{"@id":"\/#website"},"datePublished":"2019-12-11T12:29:54+00:00","dateModified":"2025-11-18T08:30:23+00:00","description":"Predavatelji - telekomunikacije - \u0160olski center za po\u0161to, ekonomijo in telekomunikacije Ljubljana.","breadcrumb":{"@id":"https:\/\/www.scpet.si\/vss\/o-soli\/predavatelji\/telekomunikacije\/#breadcrumb"},"inLanguage":"sl-SI","potentialAction":[{"@type":"ReadAction","target":["https:\/\/www.scpet.si\/vss\/o-soli\/predavatelji\/telekomunikacije\/"]}]},{"@type":"BreadcrumbList","@id":"https:\/\/www.scpet.si\/vss\/o-soli\/predavatelji\/telekomunikacije\/#breadcrumb","itemListElement":[{"@type":"ListItem","position":1,"name":"Home","item":"https:\/\/www.scpet.si\/vss\/"},{"@type":"ListItem","position":2,"name":"O \u0160OLI","item":"https:\/\/www.scpet.si\/vss\/o-soli\/"},{"@type":"ListItem","position":3,"name":"Predavatelji","item":"https:\/\/www.scpet.si\/vss\/o-soli\/predavatelji\/"},{"@type":"ListItem","position":4,"name":"Telekomunikacije"}]},{"@type":"WebSite","@id":"\/#website","url":"\/","name":"VI\u0160JA STROKOVNA \u0160OLA","description":"Just another \u0160C PET Sites site","potentialAction":[{"@type":"SearchAction","target":{"@type":"EntryPoint","urlTemplate":"\/?s={search_term_string}"},"query-input":"required name=search_term_string"}],"inLanguage":"sl-SI"}]}},"_links":{"self":[{"href":"https:\/\/www.scpet.si\/vss\/wp-json\/wp\/v2\/pages\/232"}],"collection":[{"href":"https:\/\/www.scpet.si\/vss\/wp-json\/wp\/v2\/pages"}],"about":[{"href":"https:\/\/www.scpet.si\/vss\/wp-json\/wp\/v2\/types\/page"}],"author":[{"embeddable":true,"href":"https:\/\/www.scpet.si\/vss\/wp-json\/wp\/v2\/users\/1"}],"replies":[{"embeddable":true,"href":"https:\/\/www.scpet.si\/vss\/wp-json\/wp\/v2\/comments?post=232"}],"version-history":[{"count":0,"href":"https:\/\/www.scpet.si\/vss\/wp-json\/wp\/v2\/pages\/232\/revisions"}],"up":[{"embeddable":true,"href":"https:\/\/www.scpet.si\/vss\/wp-json\/wp\/v2\/pages\/123"}],"wp:attachment":[{"href":"https:\/\/www.scpet.si\/vss\/wp-json\/wp\/v2\/media?parent=232"}],"curies":[{"name":"wp","href":"https:\/\/api.w.org\/{rel}","templated":true}]}}