{"id":236,"date":"2019-12-11T13:56:46","date_gmt":"2019-12-11T12:56:46","guid":{"rendered":"https:\/\/nova.scpet.si\/vss\/projekti\/munera-copy\/"},"modified":"2024-05-15T13:32:16","modified_gmt":"2024-05-15T11:32:16","slug":"erasmus","status":"publish","type":"page","link":"https:\/\/www.scpet.si\/vss\/studij\/erasmus\/","title":{"rendered":"ERASMUS +"},"content":{"rendered":"<p><div class=\"fusion-fullwidth fullwidth-box fusion-builder-row-1 nonhundred-percent-fullwidth non-hundred-percent-height-scrolling\" style=\"background-color: rgba(255,255,255,0);background-position: center center;background-repeat: no-repeat;padding-top:0px;padding-right:0px;padding-bottom:0px;margin-bottom: 0px;margin-top: 0px;border-width: 0px 0px 0px 0px;border-color:#eae9e9;border-style:solid;\" ><div class=\"fusion-builder-row fusion-row\"><div class=\"fusion-layout-column fusion_builder_column fusion-builder-column-0 fusion_builder_column_1_1 1_1 fusion-one-full fusion-column-first fusion-column-last\" style=\"margin-top:0px;margin-bottom:0px;\"><div class=\"fusion-column-wrapper fusion-flex-column-wrapper-legacy\" style=\"background-position:left top;background-repeat:no-repeat;-webkit-background-size:cover;-moz-background-size:cover;-o-background-size:cover;background-size:cover;padding: 0px 0px 0px 0px;\"><style type=\"text\/css\"><\/style><div class=\"fusion-title title fusion-title-1 fusion-sep-none fusion-title-text fusion-title-size-one\" style=\"margin-top:0px;margin-right:0px;margin-bottom:31px;margin-left:0px;\"><h1 class=\"title-heading-left\" style=\"margin:0;\">Erasmus<\/h1><\/div><div class=\"fusion-text fusion-text-1\"><p>Program Erasmus je bil ustanovljen leta 1987 in je t. i. &#8216;paradni konj&#8217; EU med programi izobra\u017eevanja in usposabljanja za mobilnost in sodelovanje v visokem \u0161olstvu v Evropi. Razli\u010dne akcije programa niso namenjene zgolj \u0161tudentom, ki \u017eelijo \u0161tudirati in delati v tujini, pa\u010d pa tudi visoko\u0161olskim u\u010diteljem in podjetnikom, ki \u017eelijo pou\u010devati v tujini, ter osebju v terciarnem izobra\u017eevanju, ki se \u017eeli udele\u017eiti usposabljanja v tujini. Poleg tega program Erasmus podpira visoko\u0161olske zavode pri njihovem skupnem delu prek intenzivnih programov, mre\u017e in ve\u010dstranskih projektov ter jim pomaga, da dose\u017eejo poslovni svet. Zajema torej celoten terciarni sektor izobra\u017eevanja (1), kar v Sloveniji konkretno pomeni vse akreditirane institucije, za\u010den\u0161i z vi\u0161jimi strokovnimi \u0161olami.<\/p>\n<p>Ime Erasmus je akronim: European Action Scheme for the Mobility of University Students. Ideja programa ustreza tudi na\u010delom in \u017eivljenju ter delu Erazma Rotterdamskega, katerega ime se dandanes povezuje s programom kot vzornika, ki je \u0161tudijske obveznosti opravljal v razli\u010dnih dr\u017eavah.<\/p>\n<\/div><div class=\"fusion-sep-clear\"><\/div><div class=\"fusion-separator fusion-full-width-sep\" style=\"margin-left: auto;margin-right: auto;margin-top:20px;width:100%;\"><\/div><div class=\"fusion-sep-clear\"><\/div><div class=\"fusion-text fusion-text-2\"><span class=\" fusion-imageframe imageframe-none imageframe-1 hover-type-none\"><img decoding=\"async\" width=\"300\" height=\"84\" title=\"Erasmus+-300&#215;84\" src=\"data:image\/svg+xml,%3Csvg%20xmlns%3D%27http%3A%2F%2Fwww.w3.org%2F2000%2Fsvg%27%20width%3D%27300%27%20height%3D%2784%27%20viewBox%3D%270%200%20300%2084%27%3E%3Crect%20width%3D%27300%27%20height%3D%2784%27%20fill-opacity%3D%220%22%2F%3E%3C%2Fsvg%3E\" data-orig-src=\"https:\/\/www.scpet.si\/vss\/wp-content\/uploads\/sites\/3\/2019\/12\/Erasmus-300x84.jpg\" class=\"lazyload img-responsive wp-image-238\"\/><\/span>\n<\/div><div class=\"fusion-clearfix\"><\/div><\/div><\/div><\/div><\/div><div class=\"fusion-fullwidth fullwidth-box fusion-builder-row-2 fusion-flex-container nonhundred-percent-fullwidth non-hundred-percent-height-scrolling\" style=\"background-color: rgba(255,255,255,0);background-position: center center;background-repeat: no-repeat;border-width: 0px 0px 0px 0px;border-color:#eae9e9;border-style:solid;\" ><div class=\"fusion-builder-row fusion-row fusion-flex-align-items-flex-start\" style=\"max-width:1331.2px;margin-left: calc(-4% \/ 2 );margin-right: calc(-4% \/ 2 );\"><div class=\"fusion-layout-column fusion_builder_column fusion-builder-column-1 fusion_builder_column_1_3 1_3 fusion-flex-column\"><div class=\"fusion-column-wrapper fusion-flex-justify-content-flex-start fusion-content-layout-column\" style=\"background-position:left top;background-repeat:no-repeat;-webkit-background-size:cover;-moz-background-size:cover;-o-background-size:cover;background-size:cover;padding: 0px 0px 0px 0px;\"><div class=\"fusion-text fusion-text-3\"><p><strong><i class=\"far fa-file-pdf\"><\/i>\u00a0\u00a0<a href=\"https:\/\/www.scpet.si\/vss\/wp-content\/uploads\/sites\/3\/2021\/06\/NEW_ECHE_2021_27__podpisana.pdf\" target=\"_blank\" rel=\"noopener\">ERASMUS LISTINA \u0160OLE<\/a><\/strong>\u00a0(<strong>2021-2027<\/strong>)<\/p>\n<p><strong><i class=\"far fa-file-pdf\"><\/i>\u00a0\u00a0<a href=\"https:\/\/www.scpet.si\/vss\/wp-content\/uploads\/sites\/3\/2021\/09\/Erasmus_listina_14_20.pdf\" target=\"_blank\" rel=\"noopener\">ERASMUS LISTINA \u0160OLE<\/a> (2014-2020)<\/strong><\/p>\n<\/div><\/div><style type=\"text\/css\">.fusion-body .fusion-builder-column-1{width:33.333333333333% !important;margin-top : 0px;margin-bottom : 0px;}.fusion-builder-column-1 > .fusion-column-wrapper {padding-top : 0px !important;padding-right : 0px !important;margin-right : 5.76%;padding-bottom : 0px !important;padding-left : 0px !important;margin-left : 5.76%;}@media only screen and (max-width:1024px) {.fusion-body .fusion-builder-column-1{width:100% !important;order : 0;}.fusion-builder-column-1 > .fusion-column-wrapper {margin-right : 1.92%;margin-left : 1.92%;}}@media only screen and (max-width:640px) {.fusion-body .fusion-builder-column-1{width:100% !important;order : 0;}.fusion-builder-column-1 > .fusion-column-wrapper {margin-right : 1.92%;margin-left : 1.92%;}}<\/style><\/div><div class=\"fusion-layout-column fusion_builder_column fusion-builder-column-2 fusion_builder_column_1_3 1_3 fusion-flex-column\"><div class=\"fusion-column-wrapper fusion-flex-justify-content-flex-start fusion-content-layout-column\" style=\"background-position:left top;background-repeat:no-repeat;-webkit-background-size:cover;-moz-background-size:cover;-o-background-size:cover;background-size:cover;padding: 0px 0px 0px 0px;\"><div class=\"fusion-text fusion-text-4\"><p><strong><i class=\"far fa-file-pdf\"><\/i>\u00a0\u00a0<a href=\"https:\/\/www.scpet.si\/vss\/wp-content\/uploads\/sites\/3\/2021\/06\/EPS__15.2.21__podpisana.pdf\" target=\"_blank\" rel=\"noopener\">IZJAVA- Policy statement <\/a>(2021-2027)<br \/>\n<i class=\"far fa-file-pdf\"><\/i>\u00a0\u00a0<a href=\"https:\/\/www.scpet.si\/vss\/wp-content\/uploads\/sites\/3\/2021\/09\/Policy_statement_2014_2020.pdf\" target=\"_blank\" rel=\"noopener\">IZJAVA- Policy statement<\/a> (2014-2020)<\/strong><\/p>\n<\/div><\/div><style type=\"text\/css\">.fusion-body .fusion-builder-column-2{width:33.333333333333% !important;margin-top : 0px;margin-bottom : 0px;}.fusion-builder-column-2 > .fusion-column-wrapper {padding-top : 0px !important;padding-right : 0px !important;margin-right : 5.76%;padding-bottom : 0px !important;padding-left : 0px !important;margin-left : 5.76%;}@media only screen and (max-width:1024px) {.fusion-body .fusion-builder-column-2{width:100% !important;order : 0;}.fusion-builder-column-2 > .fusion-column-wrapper {margin-right : 1.92%;margin-left : 1.92%;}}@media only screen and (max-width:640px) {.fusion-body .fusion-builder-column-2{width:100% !important;order : 0;}.fusion-builder-column-2 > .fusion-column-wrapper {margin-right : 1.92%;margin-left : 1.92%;}}<\/style><\/div><div class=\"fusion-layout-column fusion_builder_column fusion-builder-column-3 fusion_builder_column_1_3 1_3 fusion-flex-column\"><div class=\"fusion-column-wrapper fusion-flex-justify-content-flex-start fusion-content-layout-column\" style=\"background-position:left top;background-repeat:no-repeat;-webkit-background-size:cover;-moz-background-size:cover;-o-background-size:cover;background-size:cover;padding: 0px 0px 0px 0px;\"><\/div><style type=\"text\/css\">.fusion-body .fusion-builder-column-3{width:33.333333333333% !important;margin-top : 0px;margin-bottom : 0px;}.fusion-builder-column-3 > .fusion-column-wrapper {padding-top : 0px !important;padding-right : 0px !important;margin-right : 5.76%;padding-bottom : 0px !important;padding-left : 0px !important;margin-left : 5.76%;}@media only screen and (max-width:1024px) {.fusion-body .fusion-builder-column-3{width:100% !important;order : 0;}.fusion-builder-column-3 > .fusion-column-wrapper {margin-right : 1.92%;margin-left : 1.92%;}}@media only screen and (max-width:640px) {.fusion-body .fusion-builder-column-3{width:100% !important;order : 0;}.fusion-builder-column-3 > .fusion-column-wrapper {margin-right : 1.92%;margin-left : 1.92%;}}<\/style><\/div><\/div><style type=\"text\/css\">.fusion-body .fusion-flex-container.fusion-builder-row-2{ padding-top : 0px;margin-top : 0px;padding-right : 0px;padding-bottom : 0px;margin-bottom : 0px;padding-left : ;}<\/style><\/div><div class=\"fusion-fullwidth fullwidth-box fusion-builder-row-3 fusion-flex-container nonhundred-percent-fullwidth non-hundred-percent-height-scrolling\" style=\"background-color: rgba(255,255,255,0);background-position: center center;background-repeat: no-repeat;border-width: 0px 0px 0px 0px;border-color:#eae9e9;border-style:solid;\" ><div class=\"fusion-builder-row fusion-row fusion-flex-align-items-flex-start\" style=\"max-width:1331.2px;margin-left: calc(-4% \/ 2 );margin-right: calc(-4% \/ 2 );\"><div class=\"fusion-layout-column fusion_builder_column fusion-builder-column-4 fusion_builder_column_1_1 1_1 fusion-flex-column\"><div class=\"fusion-column-wrapper fusion-flex-justify-content-flex-start fusion-content-layout-column\" style=\"background-position:left top;background-repeat:no-repeat;-webkit-background-size:cover;-moz-background-size:cover;-o-background-size:cover;background-size:cover;padding: 0px 0px 0px 0px;\"><div class=\"fusion-separator fusion-full-width-sep\" style=\"align-self: center;margin-left: auto;margin-right: auto;margin-top:20px;width:100%;\"><\/div><div class=\"fusion-text fusion-text-5\"><p>Vrsta EUC: <strong>Erasmus +<\/strong><br \/>\n\u0160tevilka\u00a0listine: <strong>264038-LA-1-2014-1-SI-E4AKA1-ECHE<\/strong><br \/>\nPIC koda: <strong>949650953,<\/strong> OID koda:<strong> E10107710<\/strong><\/p>\n<p>Erasmus koda: <strong>SI LJUBLJA23<\/strong><\/p>\n<p>VS\u0160 \u0160C PET je \u010dlan konzorcija za mobilnost, ki deluje pod okriljem Skupnosti VS\u0160<\/p>\n<\/div><\/div><style type=\"text\/css\">.fusion-body .fusion-builder-column-4{width:100% !important;margin-top : 0px;margin-bottom : 0px;}.fusion-builder-column-4 > .fusion-column-wrapper {padding-top : 0px !important;padding-right : 0px !important;margin-right : 1.92%;padding-bottom : 0px !important;padding-left : 0px !important;margin-left : 1.92%;}@media only screen and (max-width:1024px) {.fusion-body .fusion-builder-column-4{width:100% !important;order : 0;}.fusion-builder-column-4 > .fusion-column-wrapper {margin-right : 1.92%;margin-left : 1.92%;}}@media only screen and (max-width:640px) {.fusion-body .fusion-builder-column-4{width:100% !important;order : 0;}.fusion-builder-column-4 > .fusion-column-wrapper {margin-right : 1.92%;margin-left : 1.92%;}}<\/style><\/div><\/div><style type=\"text\/css\">.fusion-body .fusion-flex-container.fusion-builder-row-3{ padding-top : 0px;margin-top : 0px;padding-right : 0px;padding-bottom : 0px;margin-bottom : 0px;padding-left : ;}<\/style><\/div><div class=\"fusion-fullwidth fullwidth-box fusion-builder-row-4 nonhundred-percent-fullwidth non-hundred-percent-height-scrolling\" style=\"background-color: rgba(255,255,255,0);background-position: center center;background-repeat: no-repeat;padding-top:0px;padding-right:0px;padding-bottom:0px;margin-bottom: 0px;margin-top: 0px;border-width: 0px 0px 0px 0px;border-color:#eae9e9;border-style:solid;\" ><div class=\"fusion-builder-row fusion-row\"><div class=\"fusion-layout-column fusion_builder_column fusion-builder-column-5 fusion_builder_column_1_1 1_1 fusion-one-full fusion-column-first fusion-column-last\" style=\"margin-top:0px;margin-bottom:0px;\"><div class=\"fusion-column-wrapper fusion-flex-column-wrapper-legacy\" style=\"background-position:left top;background-repeat:no-repeat;-webkit-background-size:cover;-moz-background-size:cover;-o-background-size:cover;background-size:cover;padding: 0px 0px 0px 0px;\"><div class=\"fusion-sep-clear\"><\/div><div class=\"fusion-separator fusion-full-width-sep\" style=\"margin-left: auto;margin-right: auto;margin-top:20px;width:100%;\"><\/div><div class=\"fusion-sep-clear\"><\/div><div class=\"fusion-text fusion-text-6\"><p><strong>KOORDINATORKA:<\/strong><br \/>\n<strong>Tereza Mohar<\/strong>, &#8230;&#8230;.<a href=\"mailto:tereza.mohar@scpet.si\">tereza.mohar@scpet.si<\/a><br \/>\nTelefon: 01 \/ 2342 415<\/p>\n<p>Aktualne informacije: <a href=\"http:\/\/www.cmepius.si\/o-nas\/programi\/erasmus\/\">CMEPIUS\/Erasmus+)<\/a> &#8230; <a href=\"https:\/\/www.skupnost-vss.si\/konzorcij-za-mobilnost\/\">Erasmus+(Skupnost VS\u0160 Slovenije)<\/a><\/p>\n<\/div><div class=\"fusion-sep-clear\"><\/div><div class=\"fusion-separator fusion-full-width-sep\" style=\"margin-left: auto;margin-right: auto;margin-top:20px;width:100%;\"><\/div><div class=\"fusion-sep-clear\"><\/div><div class=\"fusion-text fusion-text-7\"><p><strong>CILJI programa Erasmus<\/strong><br \/>\n<em>Splo\u0161na cilja programa sta:<\/em><\/p>\n<ul>\n<li>podpiranje uresni\u010denja evropskega visoko\u0161olskega prostora in<\/li>\n<li>krepitev prispevka visoko\u0161olskega in poklicnega izobra\u017eevanja na vi\u0161jih stopnjah k<br \/>\ninovativnim procesom.<\/li>\n<\/ul>\n<p><em>Konkretnej\u0161i, bolj usmerjeni cilji pa so:<\/em><\/p>\n<ul>\n<li>Izbolj\u0161anje kakovosti in pove\u010danje obsega mobilnosti \u0161tudentov in u\u010diteljskega osebja\u00a0po Evropi;<\/li>\n<li>Izbolj\u0161anje kakovosti in pove\u010danje obsega ve\u010dstranskega sodelovanja medvisoko\u0161olskimi zavodi v Evropi;<\/li>\n<li>Pove\u010danje stopnje preglednosti in zdru\u017eljivosti med kvalifikacijami, pridobljenimi vvisoko\u0161olskem izobra\u017eevanju in na vi\u0161jih ravneh poklicnega izobra\u017eevanja v Evropi;<\/li>\n<li>Izbolj\u0161anje kakovosti in pove\u010danje obsega sodelovanja med visoko\u0161olskimi zavodi in podjetji;<\/li>\n<li>Omogo\u010danje razvoja inovativnih praks v izobra\u017eevanju in usposabljanju na terciarni ravni ter njihov prenos, vklju\u010dno s prenosom iz ene dr\u017eave udele\u017eenke v ostale;<\/li>\n<li>Razvijanje inovativnih vsebin, storitev, pedagogike in prakse za vse\u017eivljenjsko u\u010denje, ki temeljijo na IKT.<\/li>\n<\/ul>\n<\/div><div class=\"fusion-text fusion-text-8\"><p><strong>ERASMUS MOBILNOST \u0160TUDENTOV<\/strong><\/p>\n<p><em>Program \u0161tudentom ponuja naslednje mo\u017enosti:<\/em><\/p>\n<ul>\n<li>Da del rednih \u0161tudijskih obveznosti opravijo na partnerski instituciji v eni od sodelujo\u010dih dr\u017eav programa V\u017dU;<\/li>\n<li>Opravljanje prakse v podjetju v tujini;<\/li>\n<li>Opro\u0161\u010deni so stro\u0161kov \u0161olnine v tujini;<\/li>\n<li>Da so jim priznane opravljene obveznosti v tujini,<\/li>\n<li>Da pridobijo finan\u010dno pomo\u010d v okviru programa V\u017dU &#8211; Erasmus.<\/li>\n<\/ul>\n<p>Mobilnost v programu Erasmus \u0161tudentom omogo\u010da spoznavanje \u0161tudentskega in delovnega \u017eivljenja v tujini, osebnostno rast, ve\u010djo zaposljivost, nove izku\u0161nje in predvsem veliko novih poznanstev.<\/p>\n<p><em>Minimalni &#8211; zahtevani pogoji, pravice in dol\u017enosti \u0161tudentov za mobilnost (praksa):<\/em><\/p>\n<ul>\n<li>\u0160tudent mora biti vpisan v 1. ali 2. letnik \u0160C PET, VS\u0160;<\/li>\n<li>Mora biti ali dr\u017eavljan ene od sodelujo\u010dih dr\u017eav v programu V\u017dU ali dr\u017eavljan druge dr\u017eave, vpisan na visoko\u0161olski zavod v sodelujo\u010di dr\u017eavi pod pogoji, ki jih dolo\u010da vsaka sodelujo\u010da dr\u017eava,<\/li>\n<li>Status Erasmus se lahko \u0161tudentu dodeli le dvakrat: enkrat za \u0161tudij in enkrat za prakso, skupaj za najve\u010d 24 mesecev;<\/li>\n<\/ul>\n<p><em><strong>Priznavanje v tujini opravljenih obveznosti:<\/strong><\/em><\/p>\n<p>Ob koncu obdobja v tujini mora institucija gostiteljica Erasmus \u0161tudentu in njegovi mati\u010dni instituciji poslati kopijo potrdila o opravljenih obveznostih (da je v \u0160tudijskem sporazumu dogovorjeni program zaklju\u010den) ter potrditi dose\u017eene rezultate. Mati\u010dna institucija mora v celoti akademsko priznati zadovoljivo opravljene aktivnosti v \u010dasu obdobja Erasmus mobilnosti, kot je dolo\u010deno v \u0160tudijskem sporazumu (dogovoru o usposabljanju). Kreditne to\u010dke se vrednotijo po ECTS (1KT= 25-30 ur \u0161tudentove aktivnosti). \u0160tudentom ki se vrnejo iz tujine, priznamo njihove dose\u017eke (po ECTS) na osnovi predlo\u017eenih \u0161tudijskih vsebin ter \u0161tevila opravljenih ur in na osnovi &#8220;transcripts of records&#8221; &#8211; opisa dejavnosti, ki jih dobijo na tej instituciji. \u0160tudentom (tujim) ki so pri nas v okviru mobilnosti, izstavimo potrdilo o opravljenih dose\u017ekih (ovrednotenih s KT) in podatke o \u0161tudijskem programu, z vsebinami programa in \u010dasovnim okvirjem izvedbe usposabljanja.<br \/>\nObdobje mobilnosti v programu Erasmus mora biti vpisano vsaj v Dodatku k diplomi. Poleg tega se spodbuja tudi uporaba dokumentov mobilnosti Europass (<a href=\"https:\/\/www.europass.si\/\" target=\"_blank\" rel=\"noopener\">http:\/\/www.europass.si\/<\/a>).<\/p>\n<\/div><div class=\"fusion-sep-clear\"><\/div><div class=\"fusion-separator fusion-full-width-sep\" style=\"margin-left: auto;margin-right: auto;margin-top:20px;width:100%;\"><\/div><div class=\"fusion-sep-clear\"><\/div><div class=\"fusion-text fusion-text-9\"><p><strong>DR\u017dAVE \u010cLANICE<\/strong><\/p>\n<p>Mobilnost je mogo\u010da v naslednjih dr\u017eavah:<\/p>\n<ul>\n<li>V dr\u017eavah \u010dlanic EU (28 dr\u017eav);<\/li>\n<li>Islandija, Lihten\u0161tajn, Norve\u0161ka (dr\u017eave EFTA-EGP, ki so \u010dlanice Evropskega zdru\u017eenja za prosto trgovino in hkrati pripadajo Evropskemu gospodarskemu prostoru);<\/li>\n<li>Makedonija, Tur\u010dija;<\/li>\n<li>\u010cezmorske dr\u017eave in teritoriji, dolo\u010deni v Sklepu Sveta 2001\/822\/ES.<\/li>\n<\/ul>\n<\/div><div class=\"fusion-sep-clear\"><\/div><div class=\"fusion-separator fusion-full-width-sep\" style=\"margin-left: auto;margin-right: auto;margin-top:15px;margin-bottom:10px;width:100%;\"><div class=\"fusion-separator-border sep-single sep-solid\" style=\"border-color:#333333;border-top-width:1px;\"><\/div><\/div><div class=\"fusion-sep-clear\"><\/div><div class=\"fusion-text fusion-text-10\"><p><a href=\"https:\/\/www.scpet.si\/vss\/studij\/erasmus\/razpisi-erasmus\/\" target=\"_blank\" rel=\"noopener\">Razpis Erasmus<\/a><\/p>\n<p><a href=\"https:\/\/www.scpet.si\/vss\/studij\/erasmus\/arhiv-dogodkov\/\" target=\"_blank\" rel=\"noopener\">Arhiv dogodkov<\/a><\/p>\n<\/div><div class=\"fusion-clearfix\"><\/div><\/div><\/div><\/div><\/div><\/p>\n","protected":false},"excerpt":{"rendered":"","protected":false},"author":1,"featured_media":0,"parent":135,"menu_order":0,"comment_status":"closed","ping_status":"closed","template":"100-width.php","meta":{"xn-wppe-expiration":[],"xn-wppe-expiration-action":[],"xn-wppe-expiration-prefix":[],"_mi_skip_tracking":false,"_exactmetrics_sitenote_active":false,"_exactmetrics_sitenote_note":"","_exactmetrics_sitenote_category":0},"yoast_head":"<!-- This site is optimized with the Yoast SEO plugin v20.8 - https:\/\/yoast.com\/wordpress\/plugins\/seo\/ -->\n<title>ERASMUS + - VI\u0160JA STROKOVNA \u0160OLA<\/title>\n<meta name=\"description\" content=\"Program Erasmus je bil ustanovljen leta 1987 in je med programi izobra\u017eevanja in usposabljanja za sodelovanje v visokem \u0161olstvu v Evropi.\" \/>\n<meta name=\"robots\" content=\"index, follow, max-snippet:-1, max-image-preview:large, max-video-preview:-1\" \/>\n<link rel=\"canonical\" href=\"https:\/\/www.scpet.si\/vss\/studij\/erasmus\/\" \/>\n<meta property=\"og:locale\" content=\"sl_SI\" \/>\n<meta property=\"og:type\" content=\"article\" \/>\n<meta property=\"og:title\" content=\"ERASMUS + - VI\u0160JA STROKOVNA \u0160OLA\" \/>\n<meta property=\"og:description\" content=\"Program Erasmus je bil ustanovljen leta 1987 in je med programi izobra\u017eevanja in usposabljanja za sodelovanje v visokem \u0161olstvu v Evropi.\" \/>\n<meta property=\"og:url\" content=\"https:\/\/www.scpet.si\/vss\/studij\/erasmus\/\" \/>\n<meta property=\"og:site_name\" content=\"VI\u0160JA STROKOVNA \u0160OLA\" \/>\n<meta property=\"article:modified_time\" content=\"2024-05-15T11:32:16+00:00\" \/>\n<meta name=\"twitter:card\" content=\"summary_large_image\" \/>\n<meta name=\"twitter:label1\" content=\"Est. reading time\" \/>\n\t<meta name=\"twitter:data1\" content=\"6 minut\" \/>\n<script type=\"application\/ld+json\" class=\"yoast-schema-graph\">{\"@context\":\"https:\/\/schema.org\",\"@graph\":[{\"@type\":\"WebPage\",\"@id\":\"https:\/\/www.scpet.si\/vss\/studij\/erasmus\/\",\"url\":\"https:\/\/www.scpet.si\/vss\/studij\/erasmus\/\",\"name\":\"ERASMUS + - VI\u0160JA STROKOVNA \u0160OLA\",\"isPartOf\":{\"@id\":\"\/#website\"},\"datePublished\":\"2019-12-11T12:56:46+00:00\",\"dateModified\":\"2024-05-15T11:32:16+00:00\",\"description\":\"Program Erasmus je bil ustanovljen leta 1987 in je med programi izobra\u017eevanja in usposabljanja za sodelovanje v visokem \u0161olstvu v Evropi.\",\"breadcrumb\":{\"@id\":\"https:\/\/www.scpet.si\/vss\/studij\/erasmus\/#breadcrumb\"},\"inLanguage\":\"sl-SI\",\"potentialAction\":[{\"@type\":\"ReadAction\",\"target\":[\"https:\/\/www.scpet.si\/vss\/studij\/erasmus\/\"]}]},{\"@type\":\"BreadcrumbList\",\"@id\":\"https:\/\/www.scpet.si\/vss\/studij\/erasmus\/#breadcrumb\",\"itemListElement\":[{\"@type\":\"ListItem\",\"position\":1,\"name\":\"Home\",\"item\":\"https:\/\/www.scpet.si\/vss\/\"},{\"@type\":\"ListItem\",\"position\":2,\"name\":\"\u0160TUDIJ\",\"item\":\"https:\/\/www.scpet.si\/vss\/studij\/\"},{\"@type\":\"ListItem\",\"position\":3,\"name\":\"ERASMUS +\"}]},{\"@type\":\"WebSite\",\"@id\":\"\/#website\",\"url\":\"\/\",\"name\":\"VI\u0160JA STROKOVNA \u0160OLA\",\"description\":\"Just another \u0160C PET Sites site\",\"potentialAction\":[{\"@type\":\"SearchAction\",\"target\":{\"@type\":\"EntryPoint\",\"urlTemplate\":\"\/?s={search_term_string}\"},\"query-input\":\"required name=search_term_string\"}],\"inLanguage\":\"sl-SI\"}]}<\/script>\n<!-- \/ Yoast SEO plugin. -->","yoast_head_json":{"title":"ERASMUS + - VI\u0160JA STROKOVNA \u0160OLA","description":"Program Erasmus je bil ustanovljen leta 1987 in je med programi izobra\u017eevanja in usposabljanja za sodelovanje v visokem \u0161olstvu v Evropi.","robots":{"index":"index","follow":"follow","max-snippet":"max-snippet:-1","max-image-preview":"max-image-preview:large","max-video-preview":"max-video-preview:-1"},"canonical":"https:\/\/www.scpet.si\/vss\/studij\/erasmus\/","og_locale":"sl_SI","og_type":"article","og_title":"ERASMUS + - VI\u0160JA STROKOVNA \u0160OLA","og_description":"Program Erasmus je bil ustanovljen leta 1987 in je med programi izobra\u017eevanja in usposabljanja za sodelovanje v visokem \u0161olstvu v Evropi.","og_url":"https:\/\/www.scpet.si\/vss\/studij\/erasmus\/","og_site_name":"VI\u0160JA STROKOVNA \u0160OLA","article_modified_time":"2024-05-15T11:32:16+00:00","twitter_card":"summary_large_image","twitter_misc":{"Est. reading time":"6 minut"},"schema":{"@context":"https:\/\/schema.org","@graph":[{"@type":"WebPage","@id":"https:\/\/www.scpet.si\/vss\/studij\/erasmus\/","url":"https:\/\/www.scpet.si\/vss\/studij\/erasmus\/","name":"ERASMUS + - VI\u0160JA STROKOVNA \u0160OLA","isPartOf":{"@id":"\/#website"},"datePublished":"2019-12-11T12:56:46+00:00","dateModified":"2024-05-15T11:32:16+00:00","description":"Program Erasmus je bil ustanovljen leta 1987 in je med programi izobra\u017eevanja in usposabljanja za sodelovanje v visokem \u0161olstvu v Evropi.","breadcrumb":{"@id":"https:\/\/www.scpet.si\/vss\/studij\/erasmus\/#breadcrumb"},"inLanguage":"sl-SI","potentialAction":[{"@type":"ReadAction","target":["https:\/\/www.scpet.si\/vss\/studij\/erasmus\/"]}]},{"@type":"BreadcrumbList","@id":"https:\/\/www.scpet.si\/vss\/studij\/erasmus\/#breadcrumb","itemListElement":[{"@type":"ListItem","position":1,"name":"Home","item":"https:\/\/www.scpet.si\/vss\/"},{"@type":"ListItem","position":2,"name":"\u0160TUDIJ","item":"https:\/\/www.scpet.si\/vss\/studij\/"},{"@type":"ListItem","position":3,"name":"ERASMUS +"}]},{"@type":"WebSite","@id":"\/#website","url":"\/","name":"VI\u0160JA STROKOVNA \u0160OLA","description":"Just another \u0160C PET Sites site","potentialAction":[{"@type":"SearchAction","target":{"@type":"EntryPoint","urlTemplate":"\/?s={search_term_string}"},"query-input":"required name=search_term_string"}],"inLanguage":"sl-SI"}]}},"_links":{"self":[{"href":"https:\/\/www.scpet.si\/vss\/wp-json\/wp\/v2\/pages\/236"}],"collection":[{"href":"https:\/\/www.scpet.si\/vss\/wp-json\/wp\/v2\/pages"}],"about":[{"href":"https:\/\/www.scpet.si\/vss\/wp-json\/wp\/v2\/types\/page"}],"author":[{"embeddable":true,"href":"https:\/\/www.scpet.si\/vss\/wp-json\/wp\/v2\/users\/1"}],"replies":[{"embeddable":true,"href":"https:\/\/www.scpet.si\/vss\/wp-json\/wp\/v2\/comments?post=236"}],"version-history":[{"count":0,"href":"https:\/\/www.scpet.si\/vss\/wp-json\/wp\/v2\/pages\/236\/revisions"}],"up":[{"embeddable":true,"href":"https:\/\/www.scpet.si\/vss\/wp-json\/wp\/v2\/pages\/135"}],"wp:attachment":[{"href":"https:\/\/www.scpet.si\/vss\/wp-json\/wp\/v2\/media?parent=236"}],"curies":[{"name":"wp","href":"https:\/\/api.w.org\/{rel}","templated":true}]}}