{"id":245,"date":"2019-12-12T09:10:21","date_gmt":"2019-12-12T08:10:21","guid":{"rendered":"https:\/\/nova.scpet.si\/vss\/projekti\/erasmus\/studenti-copy\/"},"modified":"2023-10-26T10:10:05","modified_gmt":"2023-10-26T08:10:05","slug":"razpisi-erasmus","status":"publish","type":"page","link":"https:\/\/www.scpet.si\/vss\/studij\/erasmus\/razpisi-erasmus\/","title":{"rendered":"Razpisi Erasmus"},"content":{"rendered":"<div class=\"fusion-fullwidth fullwidth-box fusion-builder-row-1 nonhundred-percent-fullwidth non-hundred-percent-height-scrolling\" style=\"background-color: rgba(255,255,255,0);background-position: center center;background-repeat: no-repeat;padding-top:0px;padding-right:0px;padding-bottom:0px;margin-bottom: 0px;margin-top: 0px;border-width: 0px 0px 0px 0px;border-color:#eae9e9;border-style:solid;\" ><div class=\"fusion-builder-row fusion-row\"><div class=\"fusion-layout-column fusion_builder_column fusion-builder-column-0 fusion_builder_column_1_1 1_1 fusion-one-full fusion-column-first fusion-column-last\" style=\"margin-top:0px;margin-bottom:0px;\"><div class=\"fusion-column-wrapper fusion-flex-column-wrapper-legacy\" style=\"background-position:left top;background-repeat:no-repeat;-webkit-background-size:cover;-moz-background-size:cover;-o-background-size:cover;background-size:cover;padding: 0px 0px 0px 0px;\"><style type=\"text\/css\"><\/style><div class=\"fusion-title title fusion-title-1 fusion-sep-none fusion-title-text fusion-title-size-one\" style=\"margin-top:0px;margin-right:0px;margin-bottom:31px;margin-left:0px;\"><h1 class=\"title-heading-left\" style=\"margin:0;\">Razpisi Erasmus<\/h1><\/div><div class=\"fusion-text fusion-text-1\"><h3>RAZPIS ZA MOBILNOST \u0160TUDENTOV IN OSEBJA<br \/>\n(v okviru Konzorcija Skupnosti VS\u0160 in programa Erasmus+ za obdobje 2021-2027)<\/h3>\n<p><strong>Za \u0161tudente:<\/strong> <a href=\"https:\/\/www.scpet.si\/vss\/wp-content\/uploads\/sites\/3\/2023\/03\/Razpis_ERASMUS-studentov-za-2021-27.pdf\" target=\"_blank\" rel=\"noopener\">Razpis za sofinanciranje<\/a> opravljanja prakti\u010dnega izobra\u017eevanja v tujini<br \/>\n<strong>Za osebje:<\/strong> <a href=\"https:\/\/www.scpet.si\/vss\/wp-content\/uploads\/sites\/3\/2023\/03\/Razpis_ERASMUS-osebja-za-2021-27.pdf\" target=\"_blank\" rel=\"noopener\">Razpis za sofinanciranje<\/a> mobilnosti osebja &#8211; za pou\u010devanje in usposabljanje v tujini<\/p>\n<h4><strong>PRIJAVA NA RAZPIS<\/strong><\/h4>\n<p><strong>Za \u0161tudente:<\/strong> dodatne informacije so na voljo v <a href=\"https:\/\/e-ucilnica.scpet.si\/course\/index.php?categoryid=44\" target=\"_blank\" rel=\"noopener\">Moodle<\/a><br \/>\n<strong>Za osebje:<\/strong> kontaktirajte <a href=\"mailto:tereza.mohar@scpet.si\" target=\"_blank\" rel=\"noopener\">koordinatorko <\/a>za Erasmus+<\/p>\n<\/div><div class=\"fusion-clearfix\"><\/div><\/div><\/div><\/div><\/div>\n","protected":false},"excerpt":{"rendered":"","protected":false},"author":1,"featured_media":0,"parent":236,"menu_order":0,"comment_status":"closed","ping_status":"closed","template":"100-width.php","meta":{"xn-wppe-expiration":[],"xn-wppe-expiration-action":[],"xn-wppe-expiration-prefix":[],"_mi_skip_tracking":false,"_exactmetrics_sitenote_active":false,"_exactmetrics_sitenote_note":"","_exactmetrics_sitenote_category":0},"yoast_head":"<!-- This site is optimized with the Yoast SEO plugin v20.8 - https:\/\/yoast.com\/wordpress\/plugins\/seo\/ -->\n<title>Razpisi Erasmus - VI\u0160JA STROKOVNA \u0160OLA<\/title>\n<meta name=\"description\" content=\"Razpisi Erasmus\" \/>\n<meta name=\"robots\" content=\"index, follow, max-snippet:-1, max-image-preview:large, max-video-preview:-1\" \/>\n<link rel=\"canonical\" href=\"https:\/\/www.scpet.si\/vss\/studij\/erasmus\/razpisi-erasmus\/\" \/>\n<meta property=\"og:locale\" content=\"sl_SI\" \/>\n<meta property=\"og:type\" content=\"article\" \/>\n<meta property=\"og:title\" content=\"Razpisi Erasmus - VI\u0160JA STROKOVNA \u0160OLA\" \/>\n<meta property=\"og:description\" content=\"Razpisi Erasmus\" \/>\n<meta property=\"og:url\" content=\"https:\/\/www.scpet.si\/vss\/studij\/erasmus\/razpisi-erasmus\/\" \/>\n<meta property=\"og:site_name\" content=\"VI\u0160JA STROKOVNA \u0160OLA\" \/>\n<meta property=\"article:modified_time\" content=\"2023-10-26T08:10:05+00:00\" \/>\n<meta name=\"twitter:card\" content=\"summary_large_image\" \/>\n<meta name=\"twitter:label1\" content=\"Est. reading time\" \/>\n\t<meta name=\"twitter:data1\" content=\"1 minuta\" \/>\n<script type=\"application\/ld+json\" class=\"yoast-schema-graph\">{\"@context\":\"https:\/\/schema.org\",\"@graph\":[{\"@type\":\"WebPage\",\"@id\":\"https:\/\/www.scpet.si\/vss\/studij\/erasmus\/razpisi-erasmus\/\",\"url\":\"https:\/\/www.scpet.si\/vss\/studij\/erasmus\/razpisi-erasmus\/\",\"name\":\"Razpisi Erasmus - VI\u0160JA STROKOVNA \u0160OLA\",\"isPartOf\":{\"@id\":\"\/#website\"},\"datePublished\":\"2019-12-12T08:10:21+00:00\",\"dateModified\":\"2023-10-26T08:10:05+00:00\",\"description\":\"Razpisi Erasmus\",\"breadcrumb\":{\"@id\":\"https:\/\/www.scpet.si\/vss\/studij\/erasmus\/razpisi-erasmus\/#breadcrumb\"},\"inLanguage\":\"sl-SI\",\"potentialAction\":[{\"@type\":\"ReadAction\",\"target\":[\"https:\/\/www.scpet.si\/vss\/studij\/erasmus\/razpisi-erasmus\/\"]}]},{\"@type\":\"BreadcrumbList\",\"@id\":\"https:\/\/www.scpet.si\/vss\/studij\/erasmus\/razpisi-erasmus\/#breadcrumb\",\"itemListElement\":[{\"@type\":\"ListItem\",\"position\":1,\"name\":\"Home\",\"item\":\"https:\/\/www.scpet.si\/vss\/\"},{\"@type\":\"ListItem\",\"position\":2,\"name\":\"\u0160TUDIJ\",\"item\":\"https:\/\/www.scpet.si\/vss\/studij\/\"},{\"@type\":\"ListItem\",\"position\":3,\"name\":\"ERASMUS +\",\"item\":\"https:\/\/www.scpet.si\/vss\/studij\/erasmus\/\"},{\"@type\":\"ListItem\",\"position\":4,\"name\":\"Razpisi Erasmus\"}]},{\"@type\":\"WebSite\",\"@id\":\"\/#website\",\"url\":\"\/\",\"name\":\"VI\u0160JA STROKOVNA \u0160OLA\",\"description\":\"Just another \u0160C PET Sites site\",\"potentialAction\":[{\"@type\":\"SearchAction\",\"target\":{\"@type\":\"EntryPoint\",\"urlTemplate\":\"\/?s={search_term_string}\"},\"query-input\":\"required name=search_term_string\"}],\"inLanguage\":\"sl-SI\"}]}<\/script>\n<!-- \/ Yoast SEO plugin. -->","yoast_head_json":{"title":"Razpisi Erasmus - VI\u0160JA STROKOVNA \u0160OLA","description":"Razpisi Erasmus","robots":{"index":"index","follow":"follow","max-snippet":"max-snippet:-1","max-image-preview":"max-image-preview:large","max-video-preview":"max-video-preview:-1"},"canonical":"https:\/\/www.scpet.si\/vss\/studij\/erasmus\/razpisi-erasmus\/","og_locale":"sl_SI","og_type":"article","og_title":"Razpisi Erasmus - VI\u0160JA STROKOVNA \u0160OLA","og_description":"Razpisi Erasmus","og_url":"https:\/\/www.scpet.si\/vss\/studij\/erasmus\/razpisi-erasmus\/","og_site_name":"VI\u0160JA STROKOVNA \u0160OLA","article_modified_time":"2023-10-26T08:10:05+00:00","twitter_card":"summary_large_image","twitter_misc":{"Est. reading time":"1 minuta"},"schema":{"@context":"https:\/\/schema.org","@graph":[{"@type":"WebPage","@id":"https:\/\/www.scpet.si\/vss\/studij\/erasmus\/razpisi-erasmus\/","url":"https:\/\/www.scpet.si\/vss\/studij\/erasmus\/razpisi-erasmus\/","name":"Razpisi Erasmus - VI\u0160JA STROKOVNA \u0160OLA","isPartOf":{"@id":"\/#website"},"datePublished":"2019-12-12T08:10:21+00:00","dateModified":"2023-10-26T08:10:05+00:00","description":"Razpisi Erasmus","breadcrumb":{"@id":"https:\/\/www.scpet.si\/vss\/studij\/erasmus\/razpisi-erasmus\/#breadcrumb"},"inLanguage":"sl-SI","potentialAction":[{"@type":"ReadAction","target":["https:\/\/www.scpet.si\/vss\/studij\/erasmus\/razpisi-erasmus\/"]}]},{"@type":"BreadcrumbList","@id":"https:\/\/www.scpet.si\/vss\/studij\/erasmus\/razpisi-erasmus\/#breadcrumb","itemListElement":[{"@type":"ListItem","position":1,"name":"Home","item":"https:\/\/www.scpet.si\/vss\/"},{"@type":"ListItem","position":2,"name":"\u0160TUDIJ","item":"https:\/\/www.scpet.si\/vss\/studij\/"},{"@type":"ListItem","position":3,"name":"ERASMUS +","item":"https:\/\/www.scpet.si\/vss\/studij\/erasmus\/"},{"@type":"ListItem","position":4,"name":"Razpisi Erasmus"}]},{"@type":"WebSite","@id":"\/#website","url":"\/","name":"VI\u0160JA STROKOVNA \u0160OLA","description":"Just another \u0160C PET Sites site","potentialAction":[{"@type":"SearchAction","target":{"@type":"EntryPoint","urlTemplate":"\/?s={search_term_string}"},"query-input":"required name=search_term_string"}],"inLanguage":"sl-SI"}]}},"_links":{"self":[{"href":"https:\/\/www.scpet.si\/vss\/wp-json\/wp\/v2\/pages\/245"}],"collection":[{"href":"https:\/\/www.scpet.si\/vss\/wp-json\/wp\/v2\/pages"}],"about":[{"href":"https:\/\/www.scpet.si\/vss\/wp-json\/wp\/v2\/types\/page"}],"author":[{"embeddable":true,"href":"https:\/\/www.scpet.si\/vss\/wp-json\/wp\/v2\/users\/1"}],"replies":[{"embeddable":true,"href":"https:\/\/www.scpet.si\/vss\/wp-json\/wp\/v2\/comments?post=245"}],"version-history":[{"count":0,"href":"https:\/\/www.scpet.si\/vss\/wp-json\/wp\/v2\/pages\/245\/revisions"}],"up":[{"embeddable":true,"href":"https:\/\/www.scpet.si\/vss\/wp-json\/wp\/v2\/pages\/236"}],"wp:attachment":[{"href":"https:\/\/www.scpet.si\/vss\/wp-json\/wp\/v2\/media?parent=245"}],"curies":[{"name":"wp","href":"https:\/\/api.w.org\/{rel}","templated":true}]}}