{"id":246,"date":"2019-12-12T09:20:03","date_gmt":"2019-12-12T08:20:03","guid":{"rendered":"https:\/\/nova.scpet.si\/vss\/projekti\/erasmus\/osebje-copy\/"},"modified":"2023-10-26T09:46:22","modified_gmt":"2023-10-26T07:46:22","slug":"arhiv-dogodkov","status":"publish","type":"page","link":"https:\/\/www.scpet.si\/vss\/studij\/erasmus\/arhiv-dogodkov\/","title":{"rendered":"Arhiv dogodkov"},"content":{"rendered":"<div class=\"fusion-fullwidth fullwidth-box fusion-builder-row-1 nonhundred-percent-fullwidth non-hundred-percent-height-scrolling\" style=\"background-color: rgba(255,255,255,0);background-position: center center;background-repeat: no-repeat;padding-top:0px;padding-right:0px;padding-bottom:0px;margin-bottom: 0px;margin-top: 0px;border-width: 0px 0px 0px 0px;border-color:#eae9e9;border-style:solid;\" ><div class=\"fusion-builder-row fusion-row\"><div class=\"fusion-layout-column fusion_builder_column fusion-builder-column-0 fusion_builder_column_1_1 1_1 fusion-one-full fusion-column-first fusion-column-last\" style=\"margin-top:0px;margin-bottom:0px;\"><div class=\"fusion-column-wrapper fusion-flex-column-wrapper-legacy\" style=\"background-position:left top;background-repeat:no-repeat;-webkit-background-size:cover;-moz-background-size:cover;-o-background-size:cover;background-size:cover;padding: 0px 0px 0px 0px;\"><style type=\"text\/css\"><\/style><div class=\"fusion-title title fusion-title-1 fusion-sep-none fusion-title-text fusion-title-size-one\" style=\"margin-top:0px;margin-right:0px;margin-bottom:31px;margin-left:0px;\"><h1 class=\"title-heading-left\" style=\"margin:0;\">Arhiv dogodkov<\/h1><\/div><div class=\"fusion-text fusion-text-1\"><p><strong>Erasmus+, izobra\u017eevanje \u0161tudentke v tujini (2021)<\/strong><br \/>\nV okviru izmenjave Erasmus+, je \u0161tudentka Ekonomije, Tja\u0161a Tomani\u010d, uspe\u0161no zaklju\u010dila prakti\u010dno izobra\u017eevanje, v podjetju s 150 zaposlenimi v Pragi (\u010ce\u0161ka republika).<\/p>\n<\/div><div class=\"fusion-sep-clear\"><\/div><div class=\"fusion-separator fusion-full-width-sep\" style=\"margin-left: auto;margin-right: auto;margin-top:20px;margin-bottom:20px;width:100%;\"><div class=\"fusion-separator-border sep-single sep-solid\" style=\"border-color:#333333;border-top-width:1px;\"><\/div><\/div><div class=\"fusion-sep-clear\"><\/div><div class=\"fusion-text fusion-text-2\"><p><strong>Erasmus+ (KA1) projekt: Give me five (2016)<\/strong><\/p>\n<p>V\u00a0okviru projekta Give me five \u2013 Mobilnost u\u010diteljev, je tokrat strokovno izobra\u017eevanje potekalo v Leedsu oziroma natan\u010dneje v kampusu Leeds City College v Keighleyju.<\/p>\n<p>V angl. \u0161olskem sistemu traja obvezno \u0161olanje 11 let (nekako do 16. leta starosti). Nato lahko mladi izstopijo iz srednje\u0161olskega \u0161olanja in nadaljujejo poklicno izobra\u017eevanje, ki poteka na kolid\u017eih. A tudi po tej poti lahko pridejo do izpolnitve pogojev za vpis na univerzo.\u00a0Leeds City College je ogromna izobra\u017eevalna ustanova \u2013 povedali so, da imajo vpisanih pribli\u017eno 26.000 \u0161tudentov. Ustanova ima v samem mestu Leeds ve\u010d kampusov (Park Lane, Printworks, Technology Campus, University Centre), eden manj\u0161ih pa je tudi v kraju Keighley pribl.\u00a030 kmizven Leedsa.<\/p>\n<p>Keighley College ponuja konglomerat izobra\u017eevalnih programov. Imajo 700\u2013800 \u0161tudentov. Ponujajo izobra\u017eevanje z naslednjimi poklicnimi podro\u010dji: lepotna terapija, zidarstvo, poslovanje, komplementarne terapije, oblikovanje ra\u010dunalni\u0161kih iger, ra\u010dunalni\u0161tvo, elektri\u010dar, kovinarstvo, vodovodarstvo, frizerstvo, zdravstveno in socialno skrbstvo, avtomehanika, \u0161portne dejavnosti itd.<\/p>\n<p>Sre\u010danje v okviru projekta je potekalo v \u010dasu od 6. do 13. 5. 2017. Izmenjave so se udele\u017eili tudi \u0161tirje u\u010ditelji\u00a0iz \u0160C PET Ljubljana, med njimi predavatelj VS\u0160 F. Ivan\u010di\u010d. Partnerji v projektu so poleg \u0160C PET Ljubljana \u0161e Zvezna dvojezi\u010dna trgovska akademija v Celovcu in Leeds City College.<\/p>\n<\/div><div class=\"fusion-sep-clear\"><\/div><div class=\"fusion-separator fusion-full-width-sep\" style=\"margin-left: auto;margin-right: auto;margin-top:20px;margin-bottom:20px;width:100%;\"><div class=\"fusion-separator-border sep-single sep-solid\" style=\"border-color:#333333;border-top-width:1px;\"><\/div><\/div><div class=\"fusion-sep-clear\"><\/div><div class=\"fusion-text fusion-text-3\"><p><strong>Erasmus+ (Mladi v akciji) projekt: Let me hear you (2016)<\/strong><\/p>\n<p>Program &#8220;<strong>Erasmus+\u00a0Mladi v akciji<\/strong>&#8221;\u00a0je del programa Erasmus+, ki je stopil v veljavo z letom 2014. Zdru\u017euje dose\u017eke ve\u010d kot 25-letne zgodovine programov EU na podro\u010dju izobra\u017eevanja, usposabljanja in mladine. Namen programa je izbolj\u0161ati spretnosti in zaposljivost mladih, posodobitev in razvoj izobra\u017eevanja, usposabljanja in mladinskega dela.\u00a0Mladi ob tem razvijajo svoje kompetence, postajajo pozorni na dru\u017ebeno relevantne teme in podro\u010dja, preko vrstni\u0161kega u\u010denja raziskujejo nove kulture, navade in \u017eivljenjske stile, ter krepijo vrednote solidarnosti, demokrati\u010dnosti in prijateljstva. V aktivnosti mladinskih izmenjav se mo\u010dno spodbuja tudi vklju\u010devanje mladih z manj prilo\u017enostmi.<\/p>\n<p>Projekt\u00a0<strong>Let me hear You<\/strong>, je potekal v \u010dasu od\u00a016. 10. 2016 do 23. 10. 2016 v Mersinu, Tur\u010dija. V projektu je sodelovalo 42 udele\u017eencev iz 7 dr\u017eav (Tur\u010dija, Makedonija, Slova\u0161ka, Mad\u017earska, Latvija, Poljska in Slovenija).<\/p>\n<p>Slovenijo so zastopali predstavniki \u0160C PET, VS\u0160,\u00a0dr. Samo Bo\u017ei\u010d \/profesor\/ in \u0161tudenti,\u00a0Janko Planko \/TK\/,\u00a0Alja\u017e Novak \/EKO\/,\u00a0Grega Mlakar \/EKO\/,\u00a0Sabina D\u017eamastagi\u0107 \/TK\/ in\u00a0Sabina Sedi\u0107 \/EKO\/.<\/p>\n<\/div><div class=\"fusion-sep-clear\"><\/div><div class=\"fusion-separator fusion-full-width-sep\" style=\"margin-left: auto;margin-right: auto;margin-top:20px;margin-bottom:20px;width:100%;\"><div class=\"fusion-separator-border sep-single sep-solid\" style=\"border-color:#333333;border-top-width:1px;\"><\/div><\/div><div class=\"fusion-sep-clear\"><\/div><div class=\"fusion-text fusion-text-4\"><p><strong>Poslovni tuji jezik (Angle\u0161ki), obisk \u0161tudentov iz Japonske (2015)<\/strong><\/p>\n<\/div><style type=\"text\/css\">.fusion-gallery-1 .fusion-gallery-image {border:0px solid #f6f6f6;}<\/style><div class=\"fusion-gallery fusion-gallery-container fusion-grid-4 fusion-columns-total-4 fusion-gallery-layout-grid fusion-gallery-1\" style=\"margin:-5px;\"><div style=\"padding:5px;\" class=\"fusion-grid-column fusion-gallery-column fusion-gallery-column-4 hover-type-none\"><div class=\"fusion-gallery-image\"><a href=\"https:\/\/www.scpet.si\/vss\/wp-content\/uploads\/sites\/3\/2021\/06\/507IMG_4318.jpg\" rel=\"noreferrer\" data-rel=\"iLightbox[gallery_image_1]\" class=\"fusion-lightbox\" target=\"_self\"><img decoding=\"async\" src=\"https:\/\/www.scpet.si\/vss\/wp-content\/uploads\/sites\/3\/2021\/06\/507IMG_4318-320x202.jpg\" width=\"320\" height=\"202\" alt=\"\" title=\"507IMG_4318\" aria-label=\"507IMG_4318\" class=\"img-responsive wp-image-691 fusion-gallery-image-size-fixed\" \/><\/a><\/div><\/div><div style=\"padding:5px;\" class=\"fusion-grid-column fusion-gallery-column fusion-gallery-column-4 hover-type-none\"><div class=\"fusion-gallery-image\"><a href=\"https:\/\/www.scpet.si\/vss\/wp-content\/uploads\/sites\/3\/2021\/06\/952IMG_4340.jpg\" rel=\"noreferrer\" data-rel=\"iLightbox[gallery_image_1]\" class=\"fusion-lightbox\" target=\"_self\"><img decoding=\"async\" src=\"https:\/\/www.scpet.si\/vss\/wp-content\/uploads\/sites\/3\/2021\/06\/952IMG_4340-320x202.jpg\" width=\"320\" height=\"202\" alt=\"\" title=\"952IMG_4340\" aria-label=\"952IMG_4340\" class=\"img-responsive wp-image-696 fusion-gallery-image-size-fixed\" \/><\/a><\/div><\/div><div style=\"padding:5px;\" class=\"fusion-grid-column fusion-gallery-column fusion-gallery-column-4 hover-type-none\"><div class=\"fusion-gallery-image\"><a href=\"https:\/\/www.scpet.si\/vss\/wp-content\/uploads\/sites\/3\/2021\/06\/101IMG_4336.jpg\" rel=\"noreferrer\" data-rel=\"iLightbox[gallery_image_1]\" class=\"fusion-lightbox\" target=\"_self\"><img decoding=\"async\" src=\"https:\/\/www.scpet.si\/vss\/wp-content\/uploads\/sites\/3\/2021\/06\/101IMG_4336-320x202.jpg\" width=\"320\" height=\"202\" alt=\"\" title=\"101IMG_4336\" aria-label=\"101IMG_4336\" class=\"img-responsive wp-image-690 fusion-gallery-image-size-fixed\" \/><\/a><\/div><\/div><div style=\"padding:5px;\" class=\"fusion-grid-column fusion-gallery-column fusion-gallery-column-4 hover-type-none\"><div class=\"fusion-gallery-image\"><a href=\"https:\/\/www.scpet.si\/vss\/wp-content\/uploads\/sites\/3\/2021\/06\/916IMG_4345.jpg\" rel=\"noreferrer\" data-rel=\"iLightbox[gallery_image_1]\" class=\"fusion-lightbox\" target=\"_self\"><img decoding=\"async\" src=\"https:\/\/www.scpet.si\/vss\/wp-content\/uploads\/sites\/3\/2021\/06\/916IMG_4345-320x202.jpg\" width=\"320\" height=\"202\" alt=\"\" title=\"916IMG_4345\" aria-label=\"916IMG_4345\" class=\"img-responsive wp-image-693 fusion-gallery-image-size-fixed\" \/><\/a><\/div><\/div><div class=\"clearfix\"><\/div><\/div><div class=\"fusion-clearfix\"><\/div><\/div><\/div><\/div><\/div>\n","protected":false},"excerpt":{"rendered":"","protected":false},"author":1,"featured_media":0,"parent":236,"menu_order":0,"comment_status":"closed","ping_status":"closed","template":"100-width.php","meta":{"xn-wppe-expiration":[],"xn-wppe-expiration-action":[],"xn-wppe-expiration-prefix":[],"_mi_skip_tracking":false,"_exactmetrics_sitenote_active":false,"_exactmetrics_sitenote_note":"","_exactmetrics_sitenote_category":0},"yoast_head":"<!-- This site is optimized with the Yoast SEO plugin v20.8 - https:\/\/yoast.com\/wordpress\/plugins\/seo\/ -->\n<title>Arhiv dogodkov - VI\u0160JA STROKOVNA \u0160OLA<\/title>\n<meta name=\"description\" content=\"Arhiv dogodkov\" \/>\n<meta name=\"robots\" content=\"index, follow, max-snippet:-1, max-image-preview:large, max-video-preview:-1\" \/>\n<link rel=\"canonical\" href=\"https:\/\/www.scpet.si\/vss\/studij\/erasmus\/arhiv-dogodkov\/\" \/>\n<meta property=\"og:locale\" content=\"sl_SI\" \/>\n<meta property=\"og:type\" content=\"article\" \/>\n<meta property=\"og:title\" content=\"Arhiv dogodkov - VI\u0160JA STROKOVNA \u0160OLA\" \/>\n<meta property=\"og:description\" content=\"Arhiv dogodkov\" \/>\n<meta property=\"og:url\" content=\"https:\/\/www.scpet.si\/vss\/studij\/erasmus\/arhiv-dogodkov\/\" \/>\n<meta property=\"og:site_name\" content=\"VI\u0160JA STROKOVNA \u0160OLA\" \/>\n<meta property=\"article:modified_time\" content=\"2023-10-26T07:46:22+00:00\" \/>\n<meta name=\"twitter:card\" content=\"summary_large_image\" \/>\n<meta name=\"twitter:label1\" content=\"Est. reading time\" \/>\n\t<meta name=\"twitter:data1\" content=\"4 minute\" \/>\n<script type=\"application\/ld+json\" class=\"yoast-schema-graph\">{\"@context\":\"https:\/\/schema.org\",\"@graph\":[{\"@type\":\"WebPage\",\"@id\":\"https:\/\/www.scpet.si\/vss\/studij\/erasmus\/arhiv-dogodkov\/\",\"url\":\"https:\/\/www.scpet.si\/vss\/studij\/erasmus\/arhiv-dogodkov\/\",\"name\":\"Arhiv dogodkov - VI\u0160JA STROKOVNA \u0160OLA\",\"isPartOf\":{\"@id\":\"\/#website\"},\"datePublished\":\"2019-12-12T08:20:03+00:00\",\"dateModified\":\"2023-10-26T07:46:22+00:00\",\"description\":\"Arhiv dogodkov\",\"breadcrumb\":{\"@id\":\"https:\/\/www.scpet.si\/vss\/studij\/erasmus\/arhiv-dogodkov\/#breadcrumb\"},\"inLanguage\":\"sl-SI\",\"potentialAction\":[{\"@type\":\"ReadAction\",\"target\":[\"https:\/\/www.scpet.si\/vss\/studij\/erasmus\/arhiv-dogodkov\/\"]}]},{\"@type\":\"BreadcrumbList\",\"@id\":\"https:\/\/www.scpet.si\/vss\/studij\/erasmus\/arhiv-dogodkov\/#breadcrumb\",\"itemListElement\":[{\"@type\":\"ListItem\",\"position\":1,\"name\":\"Home\",\"item\":\"https:\/\/www.scpet.si\/vss\/\"},{\"@type\":\"ListItem\",\"position\":2,\"name\":\"\u0160TUDIJ\",\"item\":\"https:\/\/www.scpet.si\/vss\/studij\/\"},{\"@type\":\"ListItem\",\"position\":3,\"name\":\"ERASMUS +\",\"item\":\"https:\/\/www.scpet.si\/vss\/studij\/erasmus\/\"},{\"@type\":\"ListItem\",\"position\":4,\"name\":\"Arhiv dogodkov\"}]},{\"@type\":\"WebSite\",\"@id\":\"\/#website\",\"url\":\"\/\",\"name\":\"VI\u0160JA STROKOVNA \u0160OLA\",\"description\":\"Just another \u0160C PET Sites site\",\"potentialAction\":[{\"@type\":\"SearchAction\",\"target\":{\"@type\":\"EntryPoint\",\"urlTemplate\":\"\/?s={search_term_string}\"},\"query-input\":\"required name=search_term_string\"}],\"inLanguage\":\"sl-SI\"}]}<\/script>\n<!-- \/ Yoast SEO plugin. -->","yoast_head_json":{"title":"Arhiv dogodkov - VI\u0160JA STROKOVNA \u0160OLA","description":"Arhiv dogodkov","robots":{"index":"index","follow":"follow","max-snippet":"max-snippet:-1","max-image-preview":"max-image-preview:large","max-video-preview":"max-video-preview:-1"},"canonical":"https:\/\/www.scpet.si\/vss\/studij\/erasmus\/arhiv-dogodkov\/","og_locale":"sl_SI","og_type":"article","og_title":"Arhiv dogodkov - VI\u0160JA STROKOVNA \u0160OLA","og_description":"Arhiv dogodkov","og_url":"https:\/\/www.scpet.si\/vss\/studij\/erasmus\/arhiv-dogodkov\/","og_site_name":"VI\u0160JA STROKOVNA \u0160OLA","article_modified_time":"2023-10-26T07:46:22+00:00","twitter_card":"summary_large_image","twitter_misc":{"Est. reading time":"4 minute"},"schema":{"@context":"https:\/\/schema.org","@graph":[{"@type":"WebPage","@id":"https:\/\/www.scpet.si\/vss\/studij\/erasmus\/arhiv-dogodkov\/","url":"https:\/\/www.scpet.si\/vss\/studij\/erasmus\/arhiv-dogodkov\/","name":"Arhiv dogodkov - VI\u0160JA STROKOVNA \u0160OLA","isPartOf":{"@id":"\/#website"},"datePublished":"2019-12-12T08:20:03+00:00","dateModified":"2023-10-26T07:46:22+00:00","description":"Arhiv dogodkov","breadcrumb":{"@id":"https:\/\/www.scpet.si\/vss\/studij\/erasmus\/arhiv-dogodkov\/#breadcrumb"},"inLanguage":"sl-SI","potentialAction":[{"@type":"ReadAction","target":["https:\/\/www.scpet.si\/vss\/studij\/erasmus\/arhiv-dogodkov\/"]}]},{"@type":"BreadcrumbList","@id":"https:\/\/www.scpet.si\/vss\/studij\/erasmus\/arhiv-dogodkov\/#breadcrumb","itemListElement":[{"@type":"ListItem","position":1,"name":"Home","item":"https:\/\/www.scpet.si\/vss\/"},{"@type":"ListItem","position":2,"name":"\u0160TUDIJ","item":"https:\/\/www.scpet.si\/vss\/studij\/"},{"@type":"ListItem","position":3,"name":"ERASMUS +","item":"https:\/\/www.scpet.si\/vss\/studij\/erasmus\/"},{"@type":"ListItem","position":4,"name":"Arhiv dogodkov"}]},{"@type":"WebSite","@id":"\/#website","url":"\/","name":"VI\u0160JA STROKOVNA \u0160OLA","description":"Just another \u0160C PET Sites site","potentialAction":[{"@type":"SearchAction","target":{"@type":"EntryPoint","urlTemplate":"\/?s={search_term_string}"},"query-input":"required name=search_term_string"}],"inLanguage":"sl-SI"}]}},"_links":{"self":[{"href":"https:\/\/www.scpet.si\/vss\/wp-json\/wp\/v2\/pages\/246"}],"collection":[{"href":"https:\/\/www.scpet.si\/vss\/wp-json\/wp\/v2\/pages"}],"about":[{"href":"https:\/\/www.scpet.si\/vss\/wp-json\/wp\/v2\/types\/page"}],"author":[{"embeddable":true,"href":"https:\/\/www.scpet.si\/vss\/wp-json\/wp\/v2\/users\/1"}],"replies":[{"embeddable":true,"href":"https:\/\/www.scpet.si\/vss\/wp-json\/wp\/v2\/comments?post=246"}],"version-history":[{"count":0,"href":"https:\/\/www.scpet.si\/vss\/wp-json\/wp\/v2\/pages\/246\/revisions"}],"up":[{"embeddable":true,"href":"https:\/\/www.scpet.si\/vss\/wp-json\/wp\/v2\/pages\/236"}],"wp:attachment":[{"href":"https:\/\/www.scpet.si\/vss\/wp-json\/wp\/v2\/media?parent=246"}],"curies":[{"name":"wp","href":"https:\/\/api.w.org\/{rel}","templated":true}]}}