{"id":256,"date":"2019-12-12T12:45:32","date_gmt":"2019-12-12T11:45:32","guid":{"rendered":"https:\/\/nova.scpet.si\/vss\/studij\/urniki\/ekonomist-redni\/2-letnik-poslovna-logistika-ekonomist-redni-copy\/"},"modified":"2024-01-30T10:15:55","modified_gmt":"2024-01-30T09:15:55","slug":"2-letnik-zavarovalnistvo-ekonomist-redni","status":"publish","type":"page","link":"https:\/\/www.scpet.si\/vss\/urniki\/ekonomist-redni\/2-letnik-zavarovalnistvo-ekonomist-redni\/","title":{"rendered":"2. letnik zavarovalni\u0161tvo &#8211; Ekonomist redni"},"content":{"rendered":"<div class=\"fusion-fullwidth fullwidth-box fusion-builder-row-1 nonhundred-percent-fullwidth non-hundred-percent-height-scrolling\" style=\"background-color: rgba(255,255,255,0);background-position: center center;background-repeat: no-repeat;padding-top:0px;padding-right:0px;padding-bottom:0px;margin-bottom: 0px;margin-top: 0px;border-width: 0px 0px 0px 0px;border-color:#eae9e9;border-style:solid;\" ><div class=\"fusion-builder-row fusion-row\"><div class=\"fusion-layout-column fusion_builder_column fusion-builder-column-0 fusion_builder_column_1_1 1_1 fusion-one-full fusion-column-first fusion-column-last\" style=\"margin-top:0px;margin-bottom:0px;\"><div class=\"fusion-column-wrapper fusion-flex-column-wrapper-legacy\" style=\"background-position:left top;background-repeat:no-repeat;-webkit-background-size:cover;-moz-background-size:cover;-o-background-size:cover;background-size:cover;padding: 0px 0px 0px 0px;\"><style type=\"text\/css\"><\/style><div class=\"fusion-title title fusion-title-1 fusion-sep-none fusion-title-text fusion-title-size-one\" style=\"margin-top:0px;margin-right:0px;margin-bottom:31px;margin-left:0px;\"><h1 class=\"title-heading-left\" style=\"margin:0;\"><a href=\"https:\/\/www.scpet.si\/vss\/xinha\/plugins\/ExtendedFileManager\/demo_images\/\"><strong>2. letnik zavarovalni\u0161tvo URNIK 2019\/20<\/strong>\u00a0(LETNI PREGLED)<\/a><\/h1><\/div><div class=\"fusion-text fusion-text-1\"><table class=\"table-1\">\n<tbody>\n<tr>\n<td><strong>Obvezno<\/strong><\/td>\n<td><strong>M5<\/strong>\u00a0\u2013 pravo<\/td>\n<td><\/td>\n<\/tr>\n<tr>\n<td><strong>PPR<\/strong><\/td>\n<td>Poslovno pravo<\/td>\n<td><a href=\"\/vss\/o-soli\/predavatelji\/ekonomist\/\">Janez Zavrl<\/a><br \/>\n<a href=\"\/vss\/o-soli\/predavatelji\/ekonomist\/\">mag. Dejan Sr\u0161e<\/a><\/td>\n<\/tr>\n<tr>\n<td><strong>Obvezno-izb<\/strong><\/td>\n<td><strong>M10<\/strong>\u00a0\u2013 zavarovalni\u0161tvo<\/td>\n<td><\/td>\n<\/tr>\n<tr>\n<td><strong>OZV<\/strong><\/td>\n<td>Osnove zavarovalni\u0161tva<\/td>\n<td><a href=\"\/vss\/o-soli\/predavatelji\/ekonomist\/\">Damjana Trtnik<\/a><br \/>\n<a href=\"\/vss\/o-soli\/predavatelji\/ekonomist\/\">Tina T. Hafnar<\/a><\/td>\n<\/tr>\n<tr>\n<td><strong>Obvezno-izb<\/strong><\/td>\n<td><strong>M11<\/strong>\u00a0\u2013 zavarovalne podlage 1<\/td>\n<td><\/td>\n<\/tr>\n<tr>\n<td><strong>PZV<\/strong><\/td>\n<td>Premo\u017eenjska zavarovanja<\/td>\n<td><a href=\"\/vss\/o-soli\/predavatelji\/ekonomist\/\">Damjana Trtnik<\/a><\/td>\n<\/tr>\n<tr>\n<td><strong>OSZ<\/strong><\/td>\n<td>Osebna zavarovanja<\/td>\n<td><a href=\"\/vss\/o-soli\/predavatelji\/ekonomist\/\">Tanja Cebek<\/a><\/td>\n<\/tr>\n<tr>\n<td><strong>Obvezno-izb.<\/strong><\/td>\n<td><strong>M12<\/strong>\u00a0\u2013 zavarovalne podlage 2<\/td>\n<td><\/td>\n<\/tr>\n<tr>\n<td><strong>ZEK<\/strong><\/td>\n<td>Zavarovalna ekonomika<\/td>\n<td><a href=\"\/vss\/o-soli\/predavatelji\/ekonomist\/\">mag. Andrej \u0160alamun<\/a><\/td>\n<\/tr>\n<tr>\n<td><strong>OAM<\/strong><\/td>\n<td>Osnove aktuarske matematike<\/td>\n<td><a href=\"\/vss\/o-soli\/predavatelji\/ekonomist\/\">dr. Ale\u0161 Toma\u017ein<\/a><\/td>\n<\/tr>\n<tr>\n<td><strong>Obvezno-izb.<\/strong><\/td>\n<td><strong>M13<\/strong>\u00a0\u2013 kakovost<\/td>\n<td><\/td>\n<\/tr>\n<tr>\n<td><strong>UZK<\/strong><\/td>\n<td>Upravljanje in zagotavljanje kakovosti<\/td>\n<td><a href=\"\/vss\/o-soli\/predavatelji\/ekonomist\/\">mag. Mojca Skok<\/a><\/td>\n<\/tr>\n<tr>\n<td><strong>Izbirno<\/strong><\/td>\n<td>prosto izbirni predmet<\/td>\n<td><\/td>\n<\/tr>\n<tr>\n<td><strong>FTR<\/strong><\/td>\n<td>Finan\u010dni trgi<\/td>\n<td><a href=\"\/vss\/o-soli\/predavatelji\/ekonomist\/\">mag. Gregor Sakovi\u010d<\/a><\/td>\n<\/tr>\n<tr>\n<td><strong>DIP<\/strong><\/td>\n<td>Priprave na diplomski izpit<\/td>\n<td><a href=\"\/vss\/o-soli\/predavatelji\/ekonomist\/\">Melita Mu\u010di\u0107<\/a><\/td>\n<\/tr>\n<tr>\n<td><strong>PRI 2<\/strong><\/td>\n<td>Prakti\u010dno izobra\u017eevanje<\/td>\n<td><a href=\"\/vss\/o-soli\/predavatelji\/ekonomist\/\">mag. Nata\u0161a N. Ipavec, org. izobra\u017eevanja<\/a><\/td>\n<\/tr>\n<\/tbody>\n<\/table>\n<\/div><div class=\"fusion-clearfix\"><\/div><\/div><\/div><\/div><\/div>\n","protected":false},"excerpt":{"rendered":"","protected":false},"author":1,"featured_media":0,"parent":252,"menu_order":0,"comment_status":"closed","ping_status":"closed","template":"100-width.php","meta":{"xn-wppe-expiration":[],"xn-wppe-expiration-action":[],"xn-wppe-expiration-prefix":[],"_mi_skip_tracking":false,"_exactmetrics_sitenote_active":false,"_exactmetrics_sitenote_note":"","_exactmetrics_sitenote_category":0},"yoast_head":"<!-- This site is optimized with the Yoast SEO plugin v20.8 - https:\/\/yoast.com\/wordpress\/plugins\/seo\/ -->\n<title>2. letnik zavarovalni\u0161tvo - Ekonomist redni - VI\u0160JA STROKOVNA \u0160OLA<\/title>\n<meta name=\"description\" content=\"2. letnik zavarovalni\u0161tvo - Ekonomist redni\" \/>\n<meta name=\"robots\" content=\"index, follow, max-snippet:-1, max-image-preview:large, max-video-preview:-1\" \/>\n<link rel=\"canonical\" href=\"https:\/\/www.scpet.si\/vss\/urniki\/ekonomist-redni\/2-letnik-zavarovalnistvo-ekonomist-redni\/\" \/>\n<meta property=\"og:locale\" content=\"sl_SI\" \/>\n<meta property=\"og:type\" content=\"article\" \/>\n<meta property=\"og:title\" content=\"2. letnik zavarovalni\u0161tvo - Ekonomist redni - VI\u0160JA STROKOVNA \u0160OLA\" \/>\n<meta property=\"og:description\" content=\"2. letnik zavarovalni\u0161tvo - Ekonomist redni\" \/>\n<meta property=\"og:url\" content=\"https:\/\/www.scpet.si\/vss\/urniki\/ekonomist-redni\/2-letnik-zavarovalnistvo-ekonomist-redni\/\" \/>\n<meta property=\"og:site_name\" content=\"VI\u0160JA STROKOVNA \u0160OLA\" \/>\n<meta property=\"article:modified_time\" content=\"2024-01-30T09:15:55+00:00\" \/>\n<meta name=\"twitter:card\" content=\"summary_large_image\" \/>\n<meta name=\"twitter:label1\" content=\"Est. reading time\" \/>\n\t<meta name=\"twitter:data1\" content=\"1 minuta\" \/>\n<script type=\"application\/ld+json\" class=\"yoast-schema-graph\">{\"@context\":\"https:\/\/schema.org\",\"@graph\":[{\"@type\":\"WebPage\",\"@id\":\"https:\/\/www.scpet.si\/vss\/urniki\/ekonomist-redni\/2-letnik-zavarovalnistvo-ekonomist-redni\/\",\"url\":\"https:\/\/www.scpet.si\/vss\/urniki\/ekonomist-redni\/2-letnik-zavarovalnistvo-ekonomist-redni\/\",\"name\":\"2. letnik zavarovalni\u0161tvo - Ekonomist redni - VI\u0160JA STROKOVNA \u0160OLA\",\"isPartOf\":{\"@id\":\"\/#website\"},\"datePublished\":\"2019-12-12T11:45:32+00:00\",\"dateModified\":\"2024-01-30T09:15:55+00:00\",\"description\":\"2. letnik zavarovalni\u0161tvo - Ekonomist redni\",\"breadcrumb\":{\"@id\":\"https:\/\/www.scpet.si\/vss\/urniki\/ekonomist-redni\/2-letnik-zavarovalnistvo-ekonomist-redni\/#breadcrumb\"},\"inLanguage\":\"sl-SI\",\"potentialAction\":[{\"@type\":\"ReadAction\",\"target\":[\"https:\/\/www.scpet.si\/vss\/urniki\/ekonomist-redni\/2-letnik-zavarovalnistvo-ekonomist-redni\/\"]}]},{\"@type\":\"BreadcrumbList\",\"@id\":\"https:\/\/www.scpet.si\/vss\/urniki\/ekonomist-redni\/2-letnik-zavarovalnistvo-ekonomist-redni\/#breadcrumb\",\"itemListElement\":[{\"@type\":\"ListItem\",\"position\":1,\"name\":\"Home\",\"item\":\"https:\/\/www.scpet.si\/vss\/\"},{\"@type\":\"ListItem\",\"position\":2,\"name\":\"Urniki\",\"item\":\"https:\/\/www.scpet.si\/vss\/urniki\/\"},{\"@type\":\"ListItem\",\"position\":3,\"name\":\"Ekonomist redni\",\"item\":\"https:\/\/www.scpet.si\/vss\/urniki\/ekonomist-redni\/\"},{\"@type\":\"ListItem\",\"position\":4,\"name\":\"2. letnik zavarovalni\u0161tvo &#8211; Ekonomist redni\"}]},{\"@type\":\"WebSite\",\"@id\":\"\/#website\",\"url\":\"\/\",\"name\":\"VI\u0160JA STROKOVNA \u0160OLA\",\"description\":\"Just another \u0160C PET Sites site\",\"potentialAction\":[{\"@type\":\"SearchAction\",\"target\":{\"@type\":\"EntryPoint\",\"urlTemplate\":\"\/?s={search_term_string}\"},\"query-input\":\"required name=search_term_string\"}],\"inLanguage\":\"sl-SI\"}]}<\/script>\n<!-- \/ Yoast SEO plugin. -->","yoast_head_json":{"title":"2. letnik zavarovalni\u0161tvo - Ekonomist redni - VI\u0160JA STROKOVNA \u0160OLA","description":"2. letnik zavarovalni\u0161tvo - Ekonomist redni","robots":{"index":"index","follow":"follow","max-snippet":"max-snippet:-1","max-image-preview":"max-image-preview:large","max-video-preview":"max-video-preview:-1"},"canonical":"https:\/\/www.scpet.si\/vss\/urniki\/ekonomist-redni\/2-letnik-zavarovalnistvo-ekonomist-redni\/","og_locale":"sl_SI","og_type":"article","og_title":"2. letnik zavarovalni\u0161tvo - Ekonomist redni - VI\u0160JA STROKOVNA \u0160OLA","og_description":"2. letnik zavarovalni\u0161tvo - Ekonomist redni","og_url":"https:\/\/www.scpet.si\/vss\/urniki\/ekonomist-redni\/2-letnik-zavarovalnistvo-ekonomist-redni\/","og_site_name":"VI\u0160JA STROKOVNA \u0160OLA","article_modified_time":"2024-01-30T09:15:55+00:00","twitter_card":"summary_large_image","twitter_misc":{"Est. reading time":"1 minuta"},"schema":{"@context":"https:\/\/schema.org","@graph":[{"@type":"WebPage","@id":"https:\/\/www.scpet.si\/vss\/urniki\/ekonomist-redni\/2-letnik-zavarovalnistvo-ekonomist-redni\/","url":"https:\/\/www.scpet.si\/vss\/urniki\/ekonomist-redni\/2-letnik-zavarovalnistvo-ekonomist-redni\/","name":"2. letnik zavarovalni\u0161tvo - Ekonomist redni - VI\u0160JA STROKOVNA \u0160OLA","isPartOf":{"@id":"\/#website"},"datePublished":"2019-12-12T11:45:32+00:00","dateModified":"2024-01-30T09:15:55+00:00","description":"2. letnik zavarovalni\u0161tvo - Ekonomist redni","breadcrumb":{"@id":"https:\/\/www.scpet.si\/vss\/urniki\/ekonomist-redni\/2-letnik-zavarovalnistvo-ekonomist-redni\/#breadcrumb"},"inLanguage":"sl-SI","potentialAction":[{"@type":"ReadAction","target":["https:\/\/www.scpet.si\/vss\/urniki\/ekonomist-redni\/2-letnik-zavarovalnistvo-ekonomist-redni\/"]}]},{"@type":"BreadcrumbList","@id":"https:\/\/www.scpet.si\/vss\/urniki\/ekonomist-redni\/2-letnik-zavarovalnistvo-ekonomist-redni\/#breadcrumb","itemListElement":[{"@type":"ListItem","position":1,"name":"Home","item":"https:\/\/www.scpet.si\/vss\/"},{"@type":"ListItem","position":2,"name":"Urniki","item":"https:\/\/www.scpet.si\/vss\/urniki\/"},{"@type":"ListItem","position":3,"name":"Ekonomist redni","item":"https:\/\/www.scpet.si\/vss\/urniki\/ekonomist-redni\/"},{"@type":"ListItem","position":4,"name":"2. letnik zavarovalni\u0161tvo &#8211; Ekonomist redni"}]},{"@type":"WebSite","@id":"\/#website","url":"\/","name":"VI\u0160JA STROKOVNA \u0160OLA","description":"Just another \u0160C PET Sites site","potentialAction":[{"@type":"SearchAction","target":{"@type":"EntryPoint","urlTemplate":"\/?s={search_term_string}"},"query-input":"required name=search_term_string"}],"inLanguage":"sl-SI"}]}},"_links":{"self":[{"href":"https:\/\/www.scpet.si\/vss\/wp-json\/wp\/v2\/pages\/256"}],"collection":[{"href":"https:\/\/www.scpet.si\/vss\/wp-json\/wp\/v2\/pages"}],"about":[{"href":"https:\/\/www.scpet.si\/vss\/wp-json\/wp\/v2\/types\/page"}],"author":[{"embeddable":true,"href":"https:\/\/www.scpet.si\/vss\/wp-json\/wp\/v2\/users\/1"}],"replies":[{"embeddable":true,"href":"https:\/\/www.scpet.si\/vss\/wp-json\/wp\/v2\/comments?post=256"}],"version-history":[{"count":0,"href":"https:\/\/www.scpet.si\/vss\/wp-json\/wp\/v2\/pages\/256\/revisions"}],"up":[{"embeddable":true,"href":"https:\/\/www.scpet.si\/vss\/wp-json\/wp\/v2\/pages\/252"}],"wp:attachment":[{"href":"https:\/\/www.scpet.si\/vss\/wp-json\/wp\/v2\/media?parent=256"}],"curies":[{"name":"wp","href":"https:\/\/api.w.org\/{rel}","templated":true}]}}