{"id":2606,"date":"2025-04-15T14:27:23","date_gmt":"2025-04-15T12:27:23","guid":{"rendered":"https:\/\/www.scpet.si\/vss\/?page_id=2606"},"modified":"2025-04-15T14:27:23","modified_gmt":"2025-04-15T12:27:23","slug":"osnove-programiranja-v-programskem-jeziku-python","status":"publish","type":"page","link":"https:\/\/www.scpet.si\/vss\/osnove-programiranja-v-programskem-jeziku-python\/","title":{"rendered":"Osnove programiranja v programskem jeziku Python"},"content":{"rendered":"<p><div class=\"fusion-fullwidth fullwidth-box fusion-builder-row-1 fusion-flex-container nonhundred-percent-fullwidth non-hundred-percent-height-scrolling\" style=\"background-color: rgba(255,255,255,0);background-position: center center;background-repeat: no-repeat;border-width: 0px 0px 0px 0px;border-color:#eae9e9;border-style:solid;\" ><div class=\"fusion-builder-row fusion-row fusion-flex-align-items-flex-start\" style=\"max-width:1331.2px;margin-left: calc(-4% \/ 2 );margin-right: calc(-4% \/ 2 );\"><div class=\"fusion-layout-column fusion_builder_column fusion-builder-column-0 fusion_builder_column_1_3 1_3 fusion-flex-column\"><div class=\"fusion-column-wrapper fusion-flex-justify-content-flex-start fusion-content-layout-column\" style=\"background-position:left top;background-repeat:no-repeat;-webkit-background-size:cover;-moz-background-size:cover;-o-background-size:cover;background-size:cover;padding: 0px 0px 0px 0px;\"><div class=\"fusion-text fusion-text-1\"><p><img decoding=\"async\" class=\"lazyload alignnone size-full wp-image-2608\" src=\"https:\/\/www.scpet.si\/vss\/wp-content\/uploads\/sites\/3\/2025\/04\/python_png.png\" data-orig-src=\"https:\/\/www.scpet.si\/vss\/wp-content\/uploads\/sites\/3\/2025\/04\/python_png.png\" alt=\"\" width=\"350\" height=\"391\" srcset=\"data:image\/svg+xml,%3Csvg%20xmlns%3D%27http%3A%2F%2Fwww.w3.org%2F2000%2Fsvg%27%20width%3D%27350%27%20height%3D%27391%27%20viewBox%3D%270%200%20350%20391%27%3E%3Crect%20width%3D%27350%27%20height%3D%27391%27%20fill-opacity%3D%220%22%2F%3E%3C%2Fsvg%3E\" data-srcset=\"https:\/\/www.scpet.si\/vss\/wp-content\/uploads\/sites\/3\/2025\/04\/python_png-197x220.png 197w, https:\/\/www.scpet.si\/vss\/wp-content\/uploads\/sites\/3\/2025\/04\/python_png-200x223.png 200w, https:\/\/www.scpet.si\/vss\/wp-content\/uploads\/sites\/3\/2025\/04\/python_png-217x242.png 217w, https:\/\/www.scpet.si\/vss\/wp-content\/uploads\/sites\/3\/2025\/04\/python_png-269x300.png 269w, https:\/\/www.scpet.si\/vss\/wp-content\/uploads\/sites\/3\/2025\/04\/python_png.png 350w\" data-sizes=\"auto\" data-orig-sizes=\"(max-width: 350px) 100vw, 350px\" \/><\/p>\n<\/div><div class=\"fusion-separator fusion-full-width-sep\" style=\"align-self: center;margin-left: auto;margin-right: auto;margin-top:14px;margin-bottom:14px;width:100%;\"><div class=\"fusion-separator-border sep-double\" style=\"border-color:#e0dede;border-top-width:0px;border-bottom-width:0px;\"><\/div><\/div><\/div><style type=\"text\/css\">.fusion-body .fusion-builder-column-0{width:33.333333333333% !important;margin-top : 0px;margin-bottom : 0px;}.fusion-builder-column-0 > .fusion-column-wrapper {padding-top : 0px !important;padding-right : 0px !important;margin-right : 5.76%;padding-bottom : 0px !important;padding-left : 0px !important;margin-left : 5.76%;}@media only screen and (max-width:1024px) {.fusion-body .fusion-builder-column-0{width:100% !important;order : 0;}.fusion-builder-column-0 > .fusion-column-wrapper {margin-right : 1.92%;margin-left : 1.92%;}}@media only screen and (max-width:640px) {.fusion-body .fusion-builder-column-0{width:100% !important;order : 0;}.fusion-builder-column-0 > .fusion-column-wrapper {margin-right : 1.92%;margin-left : 1.92%;}}<\/style><\/div><div class=\"fusion-layout-column fusion_builder_column fusion-builder-column-1 fusion_builder_column_2_3 2_3 fusion-flex-column fusion-flex-align-self-center\"><div class=\"fusion-column-wrapper fusion-flex-justify-content-flex-start fusion-content-layout-column\" style=\"background-position:left top;background-repeat:no-repeat;-webkit-background-size:cover;-moz-background-size:cover;-o-background-size:cover;background-size:cover;padding: 0px 0px 0px 0px;\"><div class=\"fusion-text fusion-text-2\"><p>Te\u010daj programiranja je odli\u010dno izhodi\u0161\u010de za vse, ki se \u017eelijo nau\u010diti programirati skozi sintakso in semantiko in vse ostale zna\u010dilnosti jezika Python.<\/p>\n<\/div><div class=\"fusion-separator fusion-full-width-sep\" style=\"align-self: center;margin-left: auto;margin-right: auto;margin-top:14px;margin-bottom:14px;width:100%;\"><div class=\"fusion-separator-border sep-double\" style=\"border-color:#e0dede;border-top-width:0px;border-bottom-width:0px;\"><\/div><\/div><div class=\"fusion-text fusion-text-3\"><p>Zakaj je Python odli\u010dna izbira za u\u010denje programiranja:<\/p>\n<ul>\n<li>Velja za enostaven programski jezik, zato se lahko programe s Pythonom pi\u0161e hitreje;<\/li>\n<li>Je brezpla\u010den in odprtokodni jezik;<\/li>\n<li>Veliko modulov je \u017ee spisanih, kar pomeni, da jih je potrebno poiskati in vklju\u010diti;<\/li>\n<li>Poznavanje Python-a je odli\u010dno za za\u010detek, daje trdne temelje za la\u017eje u\u010denje drugih programskih jezikov (npr. C++, Java ali C).<\/li>\n<\/ul>\n<\/div><div class=\"fusion-separator fusion-full-width-sep\" style=\"align-self: center;margin-left: auto;margin-right: auto;margin-top:14px;margin-bottom:14px;width:100%;\"><div class=\"fusion-separator-border sep-double\" style=\"border-color:#e0dede;border-top-width:0px;border-bottom-width:0px;\"><\/div><\/div><\/div><style type=\"text\/css\">.fusion-body .fusion-builder-column-1{width:66.666666666667% !important;margin-top : 0px;margin-bottom : 0px;}.fusion-builder-column-1 > .fusion-column-wrapper {padding-top : 0px !important;padding-right : 0px !important;margin-right : 2.88%;padding-bottom : 0px !important;padding-left : 0px !important;margin-left : 2.88%;}@media only screen and (max-width:1024px) {.fusion-body .fusion-builder-column-1{width:100% !important;order : 0;}.fusion-builder-column-1 > .fusion-column-wrapper {margin-right : 1.92%;margin-left : 1.92%;}}@media only screen and (max-width:640px) {.fusion-body .fusion-builder-column-1{width:100% !important;order : 0;}.fusion-builder-column-1 > .fusion-column-wrapper {margin-right : 1.92%;margin-left : 1.92%;}}<\/style><\/div><\/div><style type=\"text\/css\">.fusion-body .fusion-flex-container.fusion-builder-row-1{ padding-top : 0px;margin-top : 0px;padding-right : 0px;padding-bottom : 0px;margin-bottom : 0px;padding-left : ;}<\/style><\/div><div class=\"fusion-fullwidth fullwidth-box fusion-builder-row-2 fusion-flex-container nonhundred-percent-fullwidth non-hundred-percent-height-scrolling\" style=\"background-color: rgba(255,255,255,0);background-position: center center;background-repeat: no-repeat;border-width: 0px 0px 0px 0px;border-color:#eae9e9;border-style:solid;\" ><div class=\"fusion-builder-row fusion-row fusion-flex-align-items-flex-start\" style=\"max-width:1331.2px;margin-left: calc(-4% \/ 2 );margin-right: calc(-4% \/ 2 );\"><div class=\"fusion-layout-column fusion_builder_column fusion-builder-column-2 fusion_builder_column_1_2 1_2 fusion-flex-column\"><div class=\"fusion-column-wrapper fusion-flex-justify-content-flex-start fusion-content-layout-column\" style=\"background-position:left top;background-repeat:no-repeat;-webkit-background-size:cover;-moz-background-size:cover;-o-background-size:cover;background-size:cover;padding: 0px 0px 0px 0px;\"><div class=\"fusion-text fusion-text-4\"><h2>Vsebina:<\/h2>\n<ul>\n<li>Osnove ra\u010dunalni\u0161kega programiranja;<\/li>\n<li>osnovne metode oblikovanja in izpisa podatkov (funkcija, literali, operatorji, spremenljivke, komentarji, izhod vs. vhod), s pisanjem preprostih interaktivnih programov;<\/li>\n<li>osnovni koncepti (relacijski operaterji, pogoji, stavki if\/of-else, zanke, seznami);<\/li>\n<li>oblikovanje in pisanje funkcij (parametrizirane funkcije, rekurzija, vodniki in slovarji);<\/li>\n<li>moduli (uporaba in uvoz modulov, delo s standardnimi moduli, napake, izjeme);<\/li>\n<li>osnovni koncepti objektivnega programiranja (razredi, sklad, metode, dedovanje;<\/li>\n<li>generatorji in zaprtja, delom s pravimi datotekami).<\/li>\n<\/ul>\n<\/div><\/div><style type=\"text\/css\">.fusion-body .fusion-builder-column-2{width:50% !important;margin-top : 0px;margin-bottom : 0px;}.fusion-builder-column-2 > .fusion-column-wrapper {padding-top : 0px !important;padding-right : 0px !important;margin-right : 3.84%;padding-bottom : 0px !important;padding-left : 0px !important;margin-left : 3.84%;}@media only screen and (max-width:1024px) {.fusion-body .fusion-builder-column-2{width:100% !important;order : 0;}.fusion-builder-column-2 > .fusion-column-wrapper {margin-right : 1.92%;margin-left : 1.92%;}}@media only screen and (max-width:640px) {.fusion-body .fusion-builder-column-2{width:100% !important;order : 0;}.fusion-builder-column-2 > .fusion-column-wrapper {margin-right : 1.92%;margin-left : 1.92%;}}<\/style><\/div><div class=\"fusion-layout-column fusion_builder_column fusion-builder-column-3 fusion_builder_column_1_2 1_2 fusion-flex-column\"><div class=\"fusion-column-wrapper fusion-flex-justify-content-flex-start fusion-content-layout-column\" style=\"background-position:left top;background-repeat:no-repeat;-webkit-background-size:cover;-moz-background-size:cover;-o-background-size:cover;background-size:cover;padding: 0px 0px 0px 0px;\"><div class=\"fusion-text fusion-text-5\"><h2>Cilji usposabljanja<\/h2>\n<ul>\n<li>Spoznati splo\u0161ne koncepte ra\u010dunalni\u0161kega programiranja in razmi\u0161ljati algoritmi\u010dno;<\/li>\n<li>Spoznati programski jezik Python, semantiko in okolje za delo;<\/li>\n<li>Spoznati splo\u0161ne tehnike kodiranja in objektno usmerjenega programiranja.<\/li>\n<\/ul>\n<\/div><div class=\"fusion-text fusion-text-6\"><h2>Ciljna skupina<\/h2>\n<p>Vsi, ki se \u017eelijo nau\u010diti osnov programiranja s pomo\u010djo programskega jezika Python.<\/p>\n<\/div><\/div><style type=\"text\/css\">.fusion-body .fusion-builder-column-3{width:50% !important;margin-top : 0px;margin-bottom : 0px;}.fusion-builder-column-3 > .fusion-column-wrapper {padding-top : 0px !important;padding-right : 0px !important;margin-right : 3.84%;padding-bottom : 0px !important;padding-left : 0px !important;margin-left : 3.84%;}@media only screen and (max-width:1024px) {.fusion-body .fusion-builder-column-3{width:100% !important;order : 0;}.fusion-builder-column-3 > .fusion-column-wrapper {margin-right : 1.92%;margin-left : 1.92%;}}@media only screen and (max-width:640px) {.fusion-body .fusion-builder-column-3{width:100% !important;order : 0;}.fusion-builder-column-3 > .fusion-column-wrapper {margin-right : 1.92%;margin-left : 1.92%;}}<\/style><\/div><\/div><style type=\"text\/css\">.fusion-body .fusion-flex-container.fusion-builder-row-2{ padding-top : 0px;margin-top : 0px;padding-right : 0px;padding-bottom : 0px;margin-bottom : 0px;padding-left : ;}<\/style><\/div><div class=\"fusion-fullwidth fullwidth-box fusion-builder-row-3 fusion-flex-container nonhundred-percent-fullwidth non-hundred-percent-height-scrolling\" style=\"background-color: rgba(255,255,255,0);background-position: center center;background-repeat: no-repeat;border-width: 0px 0px 0px 0px;border-color:#eae9e9;border-style:solid;\" ><div class=\"fusion-builder-row fusion-row fusion-flex-align-items-flex-start\" style=\"max-width:1331.2px;margin-left: calc(-4% \/ 2 );margin-right: calc(-4% \/ 2 );\"><div class=\"fusion-layout-column fusion_builder_column fusion-builder-column-4 fusion_builder_column_1_1 1_1 fusion-flex-column\"><div class=\"fusion-column-wrapper fusion-flex-justify-content-flex-start fusion-content-layout-column\" style=\"background-position:left top;background-repeat:no-repeat;-webkit-background-size:cover;-moz-background-size:cover;-o-background-size:cover;background-size:cover;padding: 0px 0px 0px 0px;\"><div class=\"fusion-separator fusion-full-width-sep\" style=\"align-self: center;margin-left: auto;margin-right: auto;margin-top:14px;margin-bottom:14px;width:100%;\"><div class=\"fusion-separator-border sep-double\" style=\"border-color:#e0dede;border-top-width:0px;border-bottom-width:0px;\"><\/div><\/div><div class=\"fusion-text fusion-text-7\"><p>Te\u010daj bomo izvajali, \u010de bo prijavljeno min. 10 kandidatov.<br \/>\nIzobra\u017eevanje bomo izvajali v P-11, \u0160C PET Ljubljana.<\/p>\n<\/div><div class=\"fusion-separator fusion-full-width-sep\" style=\"align-self: center;margin-left: auto;margin-right: auto;margin-top:14px;margin-bottom:14px;width:100%;\"><div class=\"fusion-separator-border sep-double\" style=\"border-color:#e0dede;border-top-width:0px;border-bottom-width:0px;\"><\/div><\/div><div class=\"fusion-text fusion-text-8\"><p>Za\u00a0\u0161tudente Vi\u0161je strokovne \u0161ole \u0160C PET Ljubljana je izobra\u017eevanje brezpla\u010dno (pogoj je status \u0161tudenta). S \u0161tudentom se sklene pogodba o izobra\u017eevanju, ki vklju\u010duje obveznosti \u0161tudenta do brezpla\u010dnega izobra\u017eevanja.<\/p>\n<\/div><div class=\"fusion-separator fusion-full-width-sep\" style=\"align-self: center;margin-left: auto;margin-right: auto;margin-top:14px;margin-bottom:14px;width:100%;\"><div class=\"fusion-separator-border sep-double\" style=\"border-color:#e0dede;border-top-width:0px;border-bottom-width:0px;\"><\/div><\/div><div class=\"fusion-text fusion-text-9\"><p>Prijave zbiramo v referatu VS\u0160, osebno ali po e-po\u0161ti\u00a0<a href=\"mailto:vss.@scpet.si\">vss.@scpet.si<\/a>\u00a0.<\/p>\n<p><a href=\"https:\/\/e-ucilnica.scpet.si\/course\/index.php?categoryid=48\" target=\"_blank\" rel=\"noopener\">URNIKI<\/a> \u2013 Osnove programiranja (povezava na urnike).<\/p>\n<\/div><\/div><style type=\"text\/css\">.fusion-body .fusion-builder-column-4{width:100% !important;margin-top : 0px;margin-bottom : 0px;}.fusion-builder-column-4 > .fusion-column-wrapper {padding-top : 0px !important;padding-right : 0px !important;margin-right : 1.92%;padding-bottom : 0px !important;padding-left : 0px !important;margin-left : 1.92%;}@media only screen and (max-width:1024px) {.fusion-body .fusion-builder-column-4{width:100% !important;order : 0;}.fusion-builder-column-4 > .fusion-column-wrapper {margin-right : 1.92%;margin-left : 1.92%;}}@media only screen and (max-width:640px) {.fusion-body .fusion-builder-column-4{width:100% !important;order : 0;}.fusion-builder-column-4 > .fusion-column-wrapper {margin-right : 1.92%;margin-left : 1.92%;}}<\/style><\/div><\/div><style type=\"text\/css\">.fusion-body .fusion-flex-container.fusion-builder-row-3{ padding-top : 0px;margin-top : 0px;padding-right : 0px;padding-bottom : 0px;margin-bottom : 0px;padding-left : ;}<\/style><\/div><\/p>\n","protected":false},"excerpt":{"rendered":"","protected":false},"author":5,"featured_media":0,"parent":0,"menu_order":0,"comment_status":"closed","ping_status":"closed","template":"","meta":{"xn-wppe-expiration":[],"xn-wppe-expiration-action":[],"xn-wppe-expiration-prefix":[],"_mi_skip_tracking":false,"_exactmetrics_sitenote_active":false,"_exactmetrics_sitenote_note":"","_exactmetrics_sitenote_category":0},"yoast_head":"<!-- This site is optimized with the Yoast SEO plugin v20.8 - https:\/\/yoast.com\/wordpress\/plugins\/seo\/ -->\n<title>Osnove programiranja v programskem jeziku Python - VI\u0160JA STROKOVNA \u0160OLA<\/title>\n<meta name=\"robots\" content=\"index, follow, max-snippet:-1, max-image-preview:large, max-video-preview:-1\" \/>\n<link rel=\"canonical\" href=\"https:\/\/www.scpet.si\/vss\/osnove-programiranja-v-programskem-jeziku-python\/\" \/>\n<meta property=\"og:locale\" content=\"sl_SI\" \/>\n<meta property=\"og:type\" content=\"article\" \/>\n<meta property=\"og:title\" content=\"Osnove programiranja v programskem jeziku Python - VI\u0160JA STROKOVNA \u0160OLA\" \/>\n<meta property=\"og:url\" content=\"https:\/\/www.scpet.si\/vss\/osnove-programiranja-v-programskem-jeziku-python\/\" \/>\n<meta property=\"og:site_name\" content=\"VI\u0160JA STROKOVNA \u0160OLA\" \/>\n<meta property=\"og:image\" content=\"https:\/\/www.scpet.si\/vss\/wp-content\/uploads\/sites\/3\/2025\/04\/python_png.png\" \/>\n<meta name=\"twitter:card\" content=\"summary_large_image\" \/>\n<meta name=\"twitter:label1\" content=\"Est. reading time\" \/>\n\t<meta name=\"twitter:data1\" content=\"16 minut\" \/>\n<script type=\"application\/ld+json\" class=\"yoast-schema-graph\">{\"@context\":\"https:\/\/schema.org\",\"@graph\":[{\"@type\":\"WebPage\",\"@id\":\"https:\/\/www.scpet.si\/vss\/osnove-programiranja-v-programskem-jeziku-python\/\",\"url\":\"https:\/\/www.scpet.si\/vss\/osnove-programiranja-v-programskem-jeziku-python\/\",\"name\":\"Osnove programiranja v programskem jeziku Python - VI\u0160JA STROKOVNA \u0160OLA\",\"isPartOf\":{\"@id\":\"\/#website\"},\"datePublished\":\"2025-04-15T12:27:23+00:00\",\"dateModified\":\"2025-04-15T12:27:23+00:00\",\"breadcrumb\":{\"@id\":\"https:\/\/www.scpet.si\/vss\/osnove-programiranja-v-programskem-jeziku-python\/#breadcrumb\"},\"inLanguage\":\"sl-SI\",\"potentialAction\":[{\"@type\":\"ReadAction\",\"target\":[\"https:\/\/www.scpet.si\/vss\/osnove-programiranja-v-programskem-jeziku-python\/\"]}]},{\"@type\":\"BreadcrumbList\",\"@id\":\"https:\/\/www.scpet.si\/vss\/osnove-programiranja-v-programskem-jeziku-python\/#breadcrumb\",\"itemListElement\":[{\"@type\":\"ListItem\",\"position\":1,\"name\":\"Home\",\"item\":\"https:\/\/www.scpet.si\/vss\/\"},{\"@type\":\"ListItem\",\"position\":2,\"name\":\"Osnove programiranja v programskem jeziku Python\"}]},{\"@type\":\"WebSite\",\"@id\":\"\/#website\",\"url\":\"\/\",\"name\":\"VI\u0160JA STROKOVNA \u0160OLA\",\"description\":\"Just another \u0160C PET Sites site\",\"potentialAction\":[{\"@type\":\"SearchAction\",\"target\":{\"@type\":\"EntryPoint\",\"urlTemplate\":\"\/?s={search_term_string}\"},\"query-input\":\"required name=search_term_string\"}],\"inLanguage\":\"sl-SI\"}]}<\/script>\n<!-- \/ Yoast SEO plugin. -->","yoast_head_json":{"title":"Osnove programiranja v programskem jeziku Python - VI\u0160JA STROKOVNA \u0160OLA","robots":{"index":"index","follow":"follow","max-snippet":"max-snippet:-1","max-image-preview":"max-image-preview:large","max-video-preview":"max-video-preview:-1"},"canonical":"https:\/\/www.scpet.si\/vss\/osnove-programiranja-v-programskem-jeziku-python\/","og_locale":"sl_SI","og_type":"article","og_title":"Osnove programiranja v programskem jeziku Python - VI\u0160JA STROKOVNA \u0160OLA","og_url":"https:\/\/www.scpet.si\/vss\/osnove-programiranja-v-programskem-jeziku-python\/","og_site_name":"VI\u0160JA STROKOVNA \u0160OLA","og_image":[{"url":"https:\/\/www.scpet.si\/vss\/wp-content\/uploads\/sites\/3\/2025\/04\/python_png.png"}],"twitter_card":"summary_large_image","twitter_misc":{"Est. reading time":"16 minut"},"schema":{"@context":"https:\/\/schema.org","@graph":[{"@type":"WebPage","@id":"https:\/\/www.scpet.si\/vss\/osnove-programiranja-v-programskem-jeziku-python\/","url":"https:\/\/www.scpet.si\/vss\/osnove-programiranja-v-programskem-jeziku-python\/","name":"Osnove programiranja v programskem jeziku Python - VI\u0160JA STROKOVNA \u0160OLA","isPartOf":{"@id":"\/#website"},"datePublished":"2025-04-15T12:27:23+00:00","dateModified":"2025-04-15T12:27:23+00:00","breadcrumb":{"@id":"https:\/\/www.scpet.si\/vss\/osnove-programiranja-v-programskem-jeziku-python\/#breadcrumb"},"inLanguage":"sl-SI","potentialAction":[{"@type":"ReadAction","target":["https:\/\/www.scpet.si\/vss\/osnove-programiranja-v-programskem-jeziku-python\/"]}]},{"@type":"BreadcrumbList","@id":"https:\/\/www.scpet.si\/vss\/osnove-programiranja-v-programskem-jeziku-python\/#breadcrumb","itemListElement":[{"@type":"ListItem","position":1,"name":"Home","item":"https:\/\/www.scpet.si\/vss\/"},{"@type":"ListItem","position":2,"name":"Osnove programiranja v programskem jeziku Python"}]},{"@type":"WebSite","@id":"\/#website","url":"\/","name":"VI\u0160JA STROKOVNA \u0160OLA","description":"Just another \u0160C PET Sites site","potentialAction":[{"@type":"SearchAction","target":{"@type":"EntryPoint","urlTemplate":"\/?s={search_term_string}"},"query-input":"required name=search_term_string"}],"inLanguage":"sl-SI"}]}},"_links":{"self":[{"href":"https:\/\/www.scpet.si\/vss\/wp-json\/wp\/v2\/pages\/2606"}],"collection":[{"href":"https:\/\/www.scpet.si\/vss\/wp-json\/wp\/v2\/pages"}],"about":[{"href":"https:\/\/www.scpet.si\/vss\/wp-json\/wp\/v2\/types\/page"}],"author":[{"embeddable":true,"href":"https:\/\/www.scpet.si\/vss\/wp-json\/wp\/v2\/users\/5"}],"replies":[{"embeddable":true,"href":"https:\/\/www.scpet.si\/vss\/wp-json\/wp\/v2\/comments?post=2606"}],"version-history":[{"count":0,"href":"https:\/\/www.scpet.si\/vss\/wp-json\/wp\/v2\/pages\/2606\/revisions"}],"wp:attachment":[{"href":"https:\/\/www.scpet.si\/vss\/wp-json\/wp\/v2\/media?parent=2606"}],"curies":[{"name":"wp","href":"https:\/\/api.w.org\/{rel}","templated":true}]}}