{"id":264,"date":"2019-12-12T13:37:01","date_gmt":"2019-12-12T12:37:01","guid":{"rendered":"https:\/\/nova.scpet.si\/vss\/studij\/urniki\/ekonomist-redni-copy\/"},"modified":"2024-01-26T09:59:39","modified_gmt":"2024-01-26T08:59:39","slug":"ekonomist-izredni","status":"publish","type":"page","link":"https:\/\/www.scpet.si\/vss\/urniki\/ekonomist-izredni\/","title":{"rendered":"Ekonomist izredni"},"content":{"rendered":"<div class=\"fusion-fullwidth fullwidth-box fusion-builder-row-1 nonhundred-percent-fullwidth non-hundred-percent-height-scrolling\" style=\"background-color: rgba(255,255,255,0);background-position: center center;background-repeat: no-repeat;padding-top:0px;padding-right:0px;padding-bottom:0px;margin-bottom: 0px;margin-top: 0px;border-width: 0px 0px 0px 0px;border-color:#eae9e9;border-style:solid;\" ><div class=\"fusion-builder-row fusion-row\"><div class=\"fusion-layout-column fusion_builder_column fusion-builder-column-0 fusion_builder_column_1_1 1_1 fusion-one-full fusion-column-first fusion-column-last\" style=\"margin-top:0px;margin-bottom:0px;\"><div class=\"fusion-column-wrapper fusion-flex-column-wrapper-legacy\" style=\"background-position:left top;background-repeat:no-repeat;-webkit-background-size:cover;-moz-background-size:cover;-o-background-size:cover;background-size:cover;padding: 0px 0px 0px 0px;\"><style type=\"text\/css\"><\/style><div class=\"fusion-title title fusion-title-1 fusion-sep-none fusion-title-text fusion-title-size-one\" style=\"margin-top:0px;margin-right:0px;margin-bottom:31px;margin-left:0px;\"><h1 class=\"title-heading-left\" style=\"margin:0;\">LOREM IPSUM<\/h1><\/div><div class=\"fusion-text fusion-text-1\"><p>Lorem ipsum dolor sit amet, consectetur adipiscing elit. Donec vehicula condimentum purus et pharetra. Aenean augue mi, lobortis sit amet ante a, dignissim mattis nunc. Praesent ornare consequat malesuada. Ut suscipit ipsum at ex aliquet eleifend. Aenean aliquam tincidunt sodales. Suspendisse potenti. Nunc iaculis leo quis mi tempor egestas eget sodales enim. Vestibulum dapibus, est sit amet scelerisque pretium, justo leo facilisis nunc, eu auctor tortor tellus cursus lorem. Sed ac ante a mauris efficitur iaculis. Suspendisse tempor, diam vitae tempor elementum, eros odio maximus nisi, in gravida leo elit ac lectus.<\/p>\n<p>Phasellus leo ex, mollis pulvinar pharetra vitae, tincidunt quis sapien. Vivamus leo magna, tincidunt eu dapibus ac, sagittis vitae velit. Suspendisse vel nunc hendrerit, rhoncus diam eget, hendrerit mi. Nullam nec turpis non erat ullamcorper congue. Vestibulum molestie massa purus, at scelerisque ex fermentum vitae.<\/p>\n<\/div><div class=\"fusion-clearfix\"><\/div><\/div><\/div><\/div><\/div>\n","protected":false},"excerpt":{"rendered":"","protected":false},"author":1,"featured_media":0,"parent":141,"menu_order":0,"comment_status":"closed","ping_status":"closed","template":"100-width.php","meta":{"xn-wppe-expiration":[],"xn-wppe-expiration-action":[],"xn-wppe-expiration-prefix":[],"_mi_skip_tracking":false,"_exactmetrics_sitenote_active":false,"_exactmetrics_sitenote_note":"","_exactmetrics_sitenote_category":0},"yoast_head":"<!-- This site is optimized with the Yoast SEO plugin v20.8 - https:\/\/yoast.com\/wordpress\/plugins\/seo\/ -->\n<title>Ekonomist izredni - VI\u0160JA STROKOVNA \u0160OLA<\/title>\n<meta name=\"description\" content=\"Ekonomist izredni\" \/>\n<meta name=\"robots\" content=\"index, follow, max-snippet:-1, max-image-preview:large, max-video-preview:-1\" \/>\n<link rel=\"canonical\" href=\"https:\/\/www.scpet.si\/vss\/urniki\/ekonomist-izredni\/\" \/>\n<meta property=\"og:locale\" content=\"sl_SI\" \/>\n<meta property=\"og:type\" content=\"article\" \/>\n<meta property=\"og:title\" content=\"Ekonomist izredni - VI\u0160JA STROKOVNA \u0160OLA\" \/>\n<meta property=\"og:description\" content=\"Ekonomist izredni\" \/>\n<meta property=\"og:url\" content=\"https:\/\/www.scpet.si\/vss\/urniki\/ekonomist-izredni\/\" \/>\n<meta property=\"og:site_name\" content=\"VI\u0160JA STROKOVNA \u0160OLA\" \/>\n<meta property=\"article:modified_time\" content=\"2024-01-26T08:59:39+00:00\" \/>\n<meta name=\"twitter:card\" content=\"summary_large_image\" \/>\n<meta name=\"twitter:label1\" content=\"Est. reading time\" \/>\n\t<meta name=\"twitter:data1\" content=\"2 minuti\" \/>\n<script type=\"application\/ld+json\" class=\"yoast-schema-graph\">{\"@context\":\"https:\/\/schema.org\",\"@graph\":[{\"@type\":\"WebPage\",\"@id\":\"https:\/\/www.scpet.si\/vss\/urniki\/ekonomist-izredni\/\",\"url\":\"https:\/\/www.scpet.si\/vss\/urniki\/ekonomist-izredni\/\",\"name\":\"Ekonomist izredni - VI\u0160JA STROKOVNA \u0160OLA\",\"isPartOf\":{\"@id\":\"\/#website\"},\"datePublished\":\"2019-12-12T12:37:01+00:00\",\"dateModified\":\"2024-01-26T08:59:39+00:00\",\"description\":\"Ekonomist izredni\",\"breadcrumb\":{\"@id\":\"https:\/\/www.scpet.si\/vss\/urniki\/ekonomist-izredni\/#breadcrumb\"},\"inLanguage\":\"sl-SI\",\"potentialAction\":[{\"@type\":\"ReadAction\",\"target\":[\"https:\/\/www.scpet.si\/vss\/urniki\/ekonomist-izredni\/\"]}]},{\"@type\":\"BreadcrumbList\",\"@id\":\"https:\/\/www.scpet.si\/vss\/urniki\/ekonomist-izredni\/#breadcrumb\",\"itemListElement\":[{\"@type\":\"ListItem\",\"position\":1,\"name\":\"Home\",\"item\":\"https:\/\/www.scpet.si\/vss\/\"},{\"@type\":\"ListItem\",\"position\":2,\"name\":\"Urniki\",\"item\":\"https:\/\/www.scpet.si\/vss\/urniki\/\"},{\"@type\":\"ListItem\",\"position\":3,\"name\":\"Ekonomist izredni\"}]},{\"@type\":\"WebSite\",\"@id\":\"\/#website\",\"url\":\"\/\",\"name\":\"VI\u0160JA STROKOVNA \u0160OLA\",\"description\":\"Just another \u0160C PET Sites site\",\"potentialAction\":[{\"@type\":\"SearchAction\",\"target\":{\"@type\":\"EntryPoint\",\"urlTemplate\":\"\/?s={search_term_string}\"},\"query-input\":\"required name=search_term_string\"}],\"inLanguage\":\"sl-SI\"}]}<\/script>\n<!-- \/ Yoast SEO plugin. -->","yoast_head_json":{"title":"Ekonomist izredni - VI\u0160JA STROKOVNA \u0160OLA","description":"Ekonomist izredni","robots":{"index":"index","follow":"follow","max-snippet":"max-snippet:-1","max-image-preview":"max-image-preview:large","max-video-preview":"max-video-preview:-1"},"canonical":"https:\/\/www.scpet.si\/vss\/urniki\/ekonomist-izredni\/","og_locale":"sl_SI","og_type":"article","og_title":"Ekonomist izredni - VI\u0160JA STROKOVNA \u0160OLA","og_description":"Ekonomist izredni","og_url":"https:\/\/www.scpet.si\/vss\/urniki\/ekonomist-izredni\/","og_site_name":"VI\u0160JA STROKOVNA \u0160OLA","article_modified_time":"2024-01-26T08:59:39+00:00","twitter_card":"summary_large_image","twitter_misc":{"Est. reading time":"2 minuti"},"schema":{"@context":"https:\/\/schema.org","@graph":[{"@type":"WebPage","@id":"https:\/\/www.scpet.si\/vss\/urniki\/ekonomist-izredni\/","url":"https:\/\/www.scpet.si\/vss\/urniki\/ekonomist-izredni\/","name":"Ekonomist izredni - VI\u0160JA STROKOVNA \u0160OLA","isPartOf":{"@id":"\/#website"},"datePublished":"2019-12-12T12:37:01+00:00","dateModified":"2024-01-26T08:59:39+00:00","description":"Ekonomist izredni","breadcrumb":{"@id":"https:\/\/www.scpet.si\/vss\/urniki\/ekonomist-izredni\/#breadcrumb"},"inLanguage":"sl-SI","potentialAction":[{"@type":"ReadAction","target":["https:\/\/www.scpet.si\/vss\/urniki\/ekonomist-izredni\/"]}]},{"@type":"BreadcrumbList","@id":"https:\/\/www.scpet.si\/vss\/urniki\/ekonomist-izredni\/#breadcrumb","itemListElement":[{"@type":"ListItem","position":1,"name":"Home","item":"https:\/\/www.scpet.si\/vss\/"},{"@type":"ListItem","position":2,"name":"Urniki","item":"https:\/\/www.scpet.si\/vss\/urniki\/"},{"@type":"ListItem","position":3,"name":"Ekonomist izredni"}]},{"@type":"WebSite","@id":"\/#website","url":"\/","name":"VI\u0160JA STROKOVNA \u0160OLA","description":"Just another \u0160C PET Sites site","potentialAction":[{"@type":"SearchAction","target":{"@type":"EntryPoint","urlTemplate":"\/?s={search_term_string}"},"query-input":"required name=search_term_string"}],"inLanguage":"sl-SI"}]}},"_links":{"self":[{"href":"https:\/\/www.scpet.si\/vss\/wp-json\/wp\/v2\/pages\/264"}],"collection":[{"href":"https:\/\/www.scpet.si\/vss\/wp-json\/wp\/v2\/pages"}],"about":[{"href":"https:\/\/www.scpet.si\/vss\/wp-json\/wp\/v2\/types\/page"}],"author":[{"embeddable":true,"href":"https:\/\/www.scpet.si\/vss\/wp-json\/wp\/v2\/users\/1"}],"replies":[{"embeddable":true,"href":"https:\/\/www.scpet.si\/vss\/wp-json\/wp\/v2\/comments?post=264"}],"version-history":[{"count":0,"href":"https:\/\/www.scpet.si\/vss\/wp-json\/wp\/v2\/pages\/264\/revisions"}],"up":[{"embeddable":true,"href":"https:\/\/www.scpet.si\/vss\/wp-json\/wp\/v2\/pages\/141"}],"wp:attachment":[{"href":"https:\/\/www.scpet.si\/vss\/wp-json\/wp\/v2\/media?parent=264"}],"curies":[{"name":"wp","href":"https:\/\/api.w.org\/{rel}","templated":true}]}}