{"id":300,"date":"2019-12-13T10:29:31","date_gmt":"2019-12-13T09:29:31","guid":{"rendered":"https:\/\/nova.scpet.si\/vss\/studij\/urniki\/telekomunikacije-izredni\/3-leto-m6-telekomunikacije-izredni-copy\/"},"modified":"2024-01-30T10:19:27","modified_gmt":"2024-01-30T09:19:27","slug":"3-leto-m7-telekomunikacije-izredni","status":"publish","type":"page","link":"https:\/\/www.scpet.si\/vss\/urniki\/telekomunikacije-izredni\/3-leto-m7-telekomunikacije-izredni\/","title":{"rendered":"3. leto (M7) &#8211; Telekomunikacije izredni"},"content":{"rendered":"<div class=\"fusion-fullwidth fullwidth-box fusion-builder-row-1 nonhundred-percent-fullwidth non-hundred-percent-height-scrolling\" style=\"background-color: rgba(255,255,255,0);background-position: center center;background-repeat: no-repeat;padding-top:0px;padding-right:0px;padding-bottom:0px;margin-bottom: 0px;margin-top: 0px;border-width: 0px 0px 0px 0px;border-color:#eae9e9;border-style:solid;\" ><div class=\"fusion-builder-row fusion-row\"><div class=\"fusion-layout-column fusion_builder_column fusion-builder-column-0 fusion_builder_column_1_1 1_1 fusion-one-full fusion-column-first fusion-column-last\" style=\"margin-top:0px;margin-bottom:0px;\"><div class=\"fusion-column-wrapper fusion-flex-column-wrapper-legacy\" style=\"background-position:left top;background-repeat:no-repeat;-webkit-background-size:cover;-moz-background-size:cover;-o-background-size:cover;background-size:cover;padding: 0px 0px 0px 0px;\"><style type=\"text\/css\"><\/style><div class=\"fusion-title title fusion-title-1 fusion-sep-none fusion-title-text fusion-title-size-one\" style=\"margin-top:0px;margin-right:0px;margin-bottom:31px;margin-left:0px;\"><h1 class=\"title-heading-left\" style=\"margin:0;\"><a title=\"URNIK___EKO_1._leto_izredni__19_20_\" href=\"https:\/\/www.scpet.si\/vss\/xinha\/plugins\/ExtendedFileManager\/demo_images\/urniki\/tk\/izredni\/URNIK___TK_izredni_3._leto__M7__19_20_.pdf\"><strong>3. leto (M7) URNIK 2019\/2020<\/strong>\u00a0(LETNI PREGLED)<\/a><\/h1><\/div><div class=\"fusion-text fusion-text-1\"><table class=\"table-1\">\n<tbody>\n<tr>\n<td><strong>Obvezno-izb<\/strong>.<\/td>\n<td><strong>M7<\/strong>\u00a0\u2013 elektronska kom. omre\u017eja in storitve<\/td>\n<td><\/td>\n<\/tr>\n<tr>\n<td><strong>\u0160IO<\/strong><\/td>\n<td>\u0160irokopasovna omre\u017eja<\/td>\n<td>mag. Janez An\u017ei\u010d<br \/>\nAlojz Vindi\u0161<\/td>\n<\/tr>\n<tr>\n<td><strong>TNA<\/strong><\/td>\n<td>Terminalne naprave<\/td>\n<td>mag. Peter Peterlin<br \/>\nUrban Jurca<\/td>\n<\/tr>\n<tr>\n<td><strong>Izbirno<\/strong><\/td>\n<td>prosto izbirni predmet<\/td>\n<td><\/td>\n<\/tr>\n<tr>\n<td><strong><br \/>\nAVS<\/strong><\/td>\n<td>Audio\/Video sistemi<\/td>\n<td>mag. Radivo Pavlin<br \/>\nAlojz \u017deljko<br \/>\nMiha Bukovec<\/td>\n<\/tr>\n<tr>\n<td><strong>PRI 2<\/strong><\/td>\n<td>Prakti\u010dno izobra\u017eevanje<\/td>\n<td>Drago Zupan\u010di\u010d, koordinacija<\/td>\n<\/tr>\n<tr>\n<td><strong>DIP<\/strong><\/td>\n<td>Priprave na diplomski izpit<\/td>\n<td>Melita Mu\u010di\u0107<\/td>\n<\/tr>\n<\/tbody>\n<\/table>\n<\/div><div class=\"fusion-clearfix\"><\/div><\/div><\/div><\/div><\/div>\n","protected":false},"excerpt":{"rendered":"","protected":false},"author":1,"featured_media":0,"parent":294,"menu_order":0,"comment_status":"closed","ping_status":"closed","template":"100-width.php","meta":{"xn-wppe-expiration":[],"xn-wppe-expiration-action":[],"xn-wppe-expiration-prefix":[],"_mi_skip_tracking":false,"_exactmetrics_sitenote_active":false,"_exactmetrics_sitenote_note":"","_exactmetrics_sitenote_category":0},"yoast_head":"<!-- This site is optimized with the Yoast SEO plugin v20.8 - https:\/\/yoast.com\/wordpress\/plugins\/seo\/ -->\n<title>3. leto (M7) - Telekomunikacije izredni - VI\u0160JA STROKOVNA \u0160OLA<\/title>\n<meta name=\"description\" content=\"3. leto (M7) - Telekomunikacije izredni\" \/>\n<meta name=\"robots\" content=\"index, follow, max-snippet:-1, max-image-preview:large, max-video-preview:-1\" \/>\n<link rel=\"canonical\" href=\"https:\/\/www.scpet.si\/vss\/urniki\/telekomunikacije-izredni\/3-leto-m7-telekomunikacije-izredni\/\" \/>\n<meta property=\"og:locale\" content=\"sl_SI\" \/>\n<meta property=\"og:type\" content=\"article\" \/>\n<meta property=\"og:title\" content=\"3. leto (M7) - Telekomunikacije izredni - VI\u0160JA STROKOVNA \u0160OLA\" \/>\n<meta property=\"og:description\" content=\"3. leto (M7) - Telekomunikacije izredni\" \/>\n<meta property=\"og:url\" content=\"https:\/\/www.scpet.si\/vss\/urniki\/telekomunikacije-izredni\/3-leto-m7-telekomunikacije-izredni\/\" \/>\n<meta property=\"og:site_name\" content=\"VI\u0160JA STROKOVNA \u0160OLA\" \/>\n<meta property=\"article:modified_time\" content=\"2024-01-30T09:19:27+00:00\" \/>\n<meta name=\"twitter:card\" content=\"summary_large_image\" \/>\n<meta name=\"twitter:label1\" content=\"Est. reading time\" \/>\n\t<meta name=\"twitter:data1\" content=\"1 minuta\" \/>\n<script type=\"application\/ld+json\" class=\"yoast-schema-graph\">{\"@context\":\"https:\/\/schema.org\",\"@graph\":[{\"@type\":\"WebPage\",\"@id\":\"https:\/\/www.scpet.si\/vss\/urniki\/telekomunikacije-izredni\/3-leto-m7-telekomunikacije-izredni\/\",\"url\":\"https:\/\/www.scpet.si\/vss\/urniki\/telekomunikacije-izredni\/3-leto-m7-telekomunikacije-izredni\/\",\"name\":\"3. leto (M7) - Telekomunikacije izredni - VI\u0160JA STROKOVNA \u0160OLA\",\"isPartOf\":{\"@id\":\"\/#website\"},\"datePublished\":\"2019-12-13T09:29:31+00:00\",\"dateModified\":\"2024-01-30T09:19:27+00:00\",\"description\":\"3. leto (M7) - Telekomunikacije izredni\",\"breadcrumb\":{\"@id\":\"https:\/\/www.scpet.si\/vss\/urniki\/telekomunikacije-izredni\/3-leto-m7-telekomunikacije-izredni\/#breadcrumb\"},\"inLanguage\":\"sl-SI\",\"potentialAction\":[{\"@type\":\"ReadAction\",\"target\":[\"https:\/\/www.scpet.si\/vss\/urniki\/telekomunikacije-izredni\/3-leto-m7-telekomunikacije-izredni\/\"]}]},{\"@type\":\"BreadcrumbList\",\"@id\":\"https:\/\/www.scpet.si\/vss\/urniki\/telekomunikacije-izredni\/3-leto-m7-telekomunikacije-izredni\/#breadcrumb\",\"itemListElement\":[{\"@type\":\"ListItem\",\"position\":1,\"name\":\"Home\",\"item\":\"https:\/\/www.scpet.si\/vss\/\"},{\"@type\":\"ListItem\",\"position\":2,\"name\":\"Urniki\",\"item\":\"https:\/\/www.scpet.si\/vss\/urniki\/\"},{\"@type\":\"ListItem\",\"position\":3,\"name\":\"Telekomunikacije izredni\",\"item\":\"https:\/\/www.scpet.si\/vss\/urniki\/telekomunikacije-izredni\/\"},{\"@type\":\"ListItem\",\"position\":4,\"name\":\"3. leto (M7) &#8211; Telekomunikacije izredni\"}]},{\"@type\":\"WebSite\",\"@id\":\"\/#website\",\"url\":\"\/\",\"name\":\"VI\u0160JA STROKOVNA \u0160OLA\",\"description\":\"Just another \u0160C PET Sites site\",\"potentialAction\":[{\"@type\":\"SearchAction\",\"target\":{\"@type\":\"EntryPoint\",\"urlTemplate\":\"\/?s={search_term_string}\"},\"query-input\":\"required name=search_term_string\"}],\"inLanguage\":\"sl-SI\"}]}<\/script>\n<!-- \/ Yoast SEO plugin. -->","yoast_head_json":{"title":"3. leto (M7) - Telekomunikacije izredni - VI\u0160JA STROKOVNA \u0160OLA","description":"3. leto (M7) - Telekomunikacije izredni","robots":{"index":"index","follow":"follow","max-snippet":"max-snippet:-1","max-image-preview":"max-image-preview:large","max-video-preview":"max-video-preview:-1"},"canonical":"https:\/\/www.scpet.si\/vss\/urniki\/telekomunikacije-izredni\/3-leto-m7-telekomunikacije-izredni\/","og_locale":"sl_SI","og_type":"article","og_title":"3. leto (M7) - Telekomunikacije izredni - VI\u0160JA STROKOVNA \u0160OLA","og_description":"3. leto (M7) - Telekomunikacije izredni","og_url":"https:\/\/www.scpet.si\/vss\/urniki\/telekomunikacije-izredni\/3-leto-m7-telekomunikacije-izredni\/","og_site_name":"VI\u0160JA STROKOVNA \u0160OLA","article_modified_time":"2024-01-30T09:19:27+00:00","twitter_card":"summary_large_image","twitter_misc":{"Est. reading time":"1 minuta"},"schema":{"@context":"https:\/\/schema.org","@graph":[{"@type":"WebPage","@id":"https:\/\/www.scpet.si\/vss\/urniki\/telekomunikacije-izredni\/3-leto-m7-telekomunikacije-izredni\/","url":"https:\/\/www.scpet.si\/vss\/urniki\/telekomunikacije-izredni\/3-leto-m7-telekomunikacije-izredni\/","name":"3. leto (M7) - Telekomunikacije izredni - VI\u0160JA STROKOVNA \u0160OLA","isPartOf":{"@id":"\/#website"},"datePublished":"2019-12-13T09:29:31+00:00","dateModified":"2024-01-30T09:19:27+00:00","description":"3. leto (M7) - Telekomunikacije izredni","breadcrumb":{"@id":"https:\/\/www.scpet.si\/vss\/urniki\/telekomunikacije-izredni\/3-leto-m7-telekomunikacije-izredni\/#breadcrumb"},"inLanguage":"sl-SI","potentialAction":[{"@type":"ReadAction","target":["https:\/\/www.scpet.si\/vss\/urniki\/telekomunikacije-izredni\/3-leto-m7-telekomunikacije-izredni\/"]}]},{"@type":"BreadcrumbList","@id":"https:\/\/www.scpet.si\/vss\/urniki\/telekomunikacije-izredni\/3-leto-m7-telekomunikacije-izredni\/#breadcrumb","itemListElement":[{"@type":"ListItem","position":1,"name":"Home","item":"https:\/\/www.scpet.si\/vss\/"},{"@type":"ListItem","position":2,"name":"Urniki","item":"https:\/\/www.scpet.si\/vss\/urniki\/"},{"@type":"ListItem","position":3,"name":"Telekomunikacije izredni","item":"https:\/\/www.scpet.si\/vss\/urniki\/telekomunikacije-izredni\/"},{"@type":"ListItem","position":4,"name":"3. leto (M7) &#8211; Telekomunikacije izredni"}]},{"@type":"WebSite","@id":"\/#website","url":"\/","name":"VI\u0160JA STROKOVNA \u0160OLA","description":"Just another \u0160C PET Sites site","potentialAction":[{"@type":"SearchAction","target":{"@type":"EntryPoint","urlTemplate":"\/?s={search_term_string}"},"query-input":"required name=search_term_string"}],"inLanguage":"sl-SI"}]}},"_links":{"self":[{"href":"https:\/\/www.scpet.si\/vss\/wp-json\/wp\/v2\/pages\/300"}],"collection":[{"href":"https:\/\/www.scpet.si\/vss\/wp-json\/wp\/v2\/pages"}],"about":[{"href":"https:\/\/www.scpet.si\/vss\/wp-json\/wp\/v2\/types\/page"}],"author":[{"embeddable":true,"href":"https:\/\/www.scpet.si\/vss\/wp-json\/wp\/v2\/users\/1"}],"replies":[{"embeddable":true,"href":"https:\/\/www.scpet.si\/vss\/wp-json\/wp\/v2\/comments?post=300"}],"version-history":[{"count":0,"href":"https:\/\/www.scpet.si\/vss\/wp-json\/wp\/v2\/pages\/300\/revisions"}],"up":[{"embeddable":true,"href":"https:\/\/www.scpet.si\/vss\/wp-json\/wp\/v2\/pages\/294"}],"wp:attachment":[{"href":"https:\/\/www.scpet.si\/vss\/wp-json\/wp\/v2\/media?parent=300"}],"curies":[{"name":"wp","href":"https:\/\/api.w.org\/{rel}","templated":true}]}}