{"id":312,"date":"2019-12-13T11:11:31","date_gmt":"2019-12-13T10:11:31","guid":{"rendered":"https:\/\/nova.scpet.si\/vss\/studij\/gradivo-copy\/"},"modified":"2024-01-24T08:29:38","modified_gmt":"2024-01-24T07:29:38","slug":"ekonomist-gradivo","status":"publish","type":"page","link":"https:\/\/www.scpet.si\/vss\/studij\/knjiznica\/studijska-gradiva-in-iskanje-cobiss\/ekonomist-gradivo\/","title":{"rendered":"Ekonomist &#8211; Gradivo"},"content":{"rendered":"<div class=\"fusion-fullwidth fullwidth-box fusion-builder-row-1 nonhundred-percent-fullwidth non-hundred-percent-height-scrolling\" style=\"background-color: rgba(255,255,255,0);background-position: center center;background-repeat: no-repeat;padding-top:0px;padding-right:0px;padding-bottom:0px;margin-bottom: 0px;margin-top: 0px;border-width: 0px 0px 0px 0px;border-color:#eae9e9;border-style:solid;\" ><div class=\"fusion-builder-row fusion-row\"><div class=\"fusion-layout-column fusion_builder_column fusion-builder-column-0 fusion_builder_column_1_1 1_1 fusion-one-full fusion-column-first fusion-column-last\" style=\"margin-top:0px;margin-bottom:0px;\"><div class=\"fusion-column-wrapper fusion-flex-column-wrapper-legacy\" style=\"background-position:left top;background-repeat:no-repeat;-webkit-background-size:cover;-moz-background-size:cover;-o-background-size:cover;background-size:cover;padding: 0px 0px 0px 0px;\"><style type=\"text\/css\"><\/style><div class=\"fusion-title title fusion-title-1 fusion-sep-none fusion-title-text fusion-title-size-one\" style=\"margin-top:0px;margin-right:0px;margin-bottom:31px;margin-left:0px;\"><h1 class=\"title-heading-left\" style=\"margin:0;\">Ekonomist<\/h1><\/div><div class=\"fusion-text fusion-text-1 tableImgWidth\"><table class=\"table-1\">\n<tbody>\n<tr>\n<td colspan=\"2\">Predmet<\/td>\n<td>Letnik<\/td>\n<td colspan=\"2\" width=\"185\">Avtor\/ica<\/td>\n<td>Naslov gradiva<\/td>\n<td>Datoteka<\/td>\n<\/tr>\n<tr>\n<td colspan=\"2\">OMP<\/td>\n<td>1. letnik<\/td>\n<td colspan=\"2\">mag. Darko Rupret<\/td>\n<td>Organizacija in mened\u017ement podjetja (interno)<\/td>\n<td align=\"center\"><a target=\"_blank\" rel=\"noopener\"><img class=\"lazyload\" decoding=\"async\" src=\"data:image\/gif;base64,R0lGODlhAQABAAAAACH5BAEKAAEALAAAAAABAAEAAAICTAEAOw==\" data-orig-src=\"https:\/\/www.scpet.si\/vss\/wp-content\/uploads\/sites\/3\/2021\/06\/file-pdf-regular.svg\" \/><\/a><\/td>\n<\/tr>\n<tr>\n<td colspan=\"2\">PMS<\/td>\n<td>1. letnik<\/td>\n<td colspan=\"2\">Elizabeta Hernaus Berlec<\/td>\n<td>Statistika<\/td>\n<td align=\"center\"><a target=\"_blank\" rel=\"noopener\"><img class=\"lazyload\" decoding=\"async\" src=\"data:image\/gif;base64,R0lGODlhAQABAAAAACH5BAEKAAEALAAAAAABAAEAAAICTAEAOw==\" data-orig-src=\"https:\/\/www.scpet.si\/vss\/wp-content\/uploads\/sites\/3\/2021\/06\/file-pdf-regular.svg\" \/><\/a><\/td>\n<\/tr>\n<tr>\n<td colspan=\"2\">EKN<\/td>\n<td>1.letnik<\/td>\n<td colspan=\"2\">Helena Pov\u0161e<\/td>\n<td>Ekonomija (interno gradivo 2019\/2020)<\/td>\n<td align=\"center\"><a target=\"_blank\" rel=\"noopener\"><img class=\"lazyload\" decoding=\"async\" src=\"data:image\/gif;base64,R0lGODlhAQABAAAAACH5BAEKAAEALAAAAAABAAEAAAICTAEAOw==\" data-orig-src=\"https:\/\/www.scpet.si\/vss\/wp-content\/uploads\/sites\/3\/2021\/06\/file-pdf-regular.svg\" \/><\/a><\/td>\n<\/tr>\n<tr>\n<td colspan=\"2\">OPF<\/td>\n<td>1.letnik<\/td>\n<td colspan=\"2\">Helena Pov\u0161e<\/td>\n<td>U\u010dbenik in vaje za OPF<\/td>\n<td align=\"center\"><a target=\"_blank\" rel=\"noopener\"><img class=\"lazyload\" decoding=\"async\" src=\"data:image\/gif;base64,R0lGODlhAQABAAAAACH5BAEKAAEALAAAAAABAAEAAAICTAEAOw==\" data-orig-src=\"https:\/\/www.scpet.si\/vss\/wp-content\/uploads\/sites\/3\/2021\/06\/file-pdf-regular.svg\" \/><\/a><\/td>\n<\/tr>\n<tr>\n<td colspan=\"2\">PTJ<\/td>\n<td>1.letnik<\/td>\n<td colspan=\"2\">Ur\u0161ka Vidmar<\/td>\n<td>Poslovni tuj jezik-ang.<\/td>\n<td align=\"center\"><a target=\"_blank\" rel=\"noopener\"><img class=\"lazyload\" decoding=\"async\" src=\"data:image\/gif;base64,R0lGODlhAQABAAAAACH5BAEKAAEALAAAAAABAAEAAAICTAEAOw==\" data-orig-src=\"https:\/\/www.scpet.si\/vss\/wp-content\/uploads\/sites\/3\/2021\/06\/file-pdf-regular.svg\" \/><\/a><\/td>\n<\/tr>\n<tr>\n<td colspan=\"2\">PTJ<\/td>\n<td>1.letnik<\/td>\n<td colspan=\"2\">France Ivan\u010di\u010d<\/td>\n<td>Gradivo za Poslovni tuj jezik (interno 2014)<\/td>\n<td align=\"center\"><a target=\"_blank\" rel=\"noopener\"><img class=\"lazyload\" decoding=\"async\" src=\"data:image\/gif;base64,R0lGODlhAQABAAAAACH5BAEKAAEALAAAAAABAAEAAAICTAEAOw==\" data-orig-src=\"https:\/\/www.scpet.si\/vss\/wp-content\/uploads\/sites\/3\/2021\/06\/file-pdf-regular.svg\" \/><\/a><\/td>\n<\/tr>\n<tr>\n<td colspan=\"2\">TR\u017d<\/td>\n<td>1.letnik<\/td>\n<td colspan=\"2\">Vinko Filipi\u010d<\/td>\n<td>Tr\u017eenje (interno 2008)<\/td>\n<td align=\"center\"><a target=\"_blank\" rel=\"noopener\"><img class=\"lazyload\" decoding=\"async\" src=\"data:image\/gif;base64,R0lGODlhAQABAAAAACH5BAEKAAEALAAAAAABAAEAAAICTAEAOw==\" data-orig-src=\"https:\/\/www.scpet.si\/vss\/wp-content\/uploads\/sites\/3\/2021\/06\/file-pdf-regular.svg\" \/><\/a><\/td>\n<\/tr>\n<tr>\n<td colspan=\"2\">OPF<\/td>\n<td>1.letnik<\/td>\n<td colspan=\"2\">\u010cr\u010dinovi\u010d K. \/ Leva B.<\/td>\n<td>Osnove poslovnih financ (IMPLETUM)<\/td>\n<td align=\"center\"><a target=\"_blank\" rel=\"noopener\"><img class=\"lazyload\" decoding=\"async\" src=\"data:image\/gif;base64,R0lGODlhAQABAAAAACH5BAEKAAEALAAAAAABAAEAAAICTAEAOw==\" data-orig-src=\"https:\/\/www.scpet.si\/vss\/wp-content\/uploads\/sites\/3\/2021\/06\/file-pdf-regular.svg\" \/><\/a><\/td>\n<\/tr>\n<tr>\n<td colspan=\"2\">POK<\/td>\n<td>1.letnik<\/td>\n<td colspan=\"2\">Mirjam Po\u010dkar<\/td>\n<td>Poslovno komuniciranje (IMPLETUM)<\/td>\n<td align=\"center\"><a target=\"_blank\" rel=\"noopener\"><img class=\"lazyload\" decoding=\"async\" src=\"data:image\/gif;base64,R0lGODlhAQABAAAAACH5BAEKAAEALAAAAAABAAEAAAICTAEAOw==\" data-orig-src=\"https:\/\/www.scpet.si\/vss\/wp-content\/uploads\/sites\/3\/2021\/06\/file-pdf-regular.svg\" \/><\/a><\/td>\n<\/tr>\n<tr>\n<td colspan=\"2\">EKN<\/td>\n<td>1.letnik<\/td>\n<td colspan=\"2\">Majda Bukovnik<\/td>\n<td>Ekonomija (IMPLETUM)<\/td>\n<td align=\"center\"><a target=\"_blank\" rel=\"noopener\"><img class=\"lazyload\" decoding=\"async\" src=\"data:image\/gif;base64,R0lGODlhAQABAAAAACH5BAEKAAEALAAAAAABAAEAAAICTAEAOw==\" data-orig-src=\"https:\/\/www.scpet.si\/vss\/wp-content\/uploads\/sites\/3\/2021\/06\/file-pdf-regular.svg\" \/><\/a><\/td>\n<\/tr>\n<tr>\n<td colspan=\"2\">TAS<\/td>\n<td>2.letnik<\/td>\n<td colspan=\"2\">Ludvik Pevec<\/td>\n<td>Tarifni sistemi v logistiki<\/td>\n<td align=\"center\"><a target=\"_blank\" rel=\"noopener\"><img class=\"lazyload\" decoding=\"async\" src=\"data:image\/gif;base64,R0lGODlhAQABAAAAACH5BAEKAAEALAAAAAABAAEAAAICTAEAOw==\" data-orig-src=\"https:\/\/www.scpet.si\/vss\/wp-content\/uploads\/sites\/3\/2021\/06\/file-pdf-regular.svg\" \/><\/a><\/td>\n<\/tr>\n<tr>\n<td colspan=\"2\">UZA<\/td>\n<td>2. letnik<\/td>\n<td colspan=\"2\">Sa\u0161o Turk, Goran Mihailovi\u0107<\/td>\n<td>Upravljanje zalog<\/td>\n<td align=\"center\"><a target=\"_blank\" rel=\"noopener\"><img class=\"lazyload\" decoding=\"async\" src=\"data:image\/gif;base64,R0lGODlhAQABAAAAACH5BAEKAAEALAAAAAABAAEAAAICTAEAOw==\" data-orig-src=\"https:\/\/www.scpet.si\/vss\/wp-content\/uploads\/sites\/3\/2021\/06\/file-pdf-regular.svg\" \/><\/a><\/td>\n<\/tr>\n<tr>\n<td colspan=\"2\">TBP<\/td>\n<td>2. letnik<\/td>\n<td colspan=\"2\">Romana Fi\u0161er<\/td>\n<td>Temelji ban\u010dnega poslovanja (IMPLETUM)<\/td>\n<td align=\"center\"><a target=\"_blank\" rel=\"noopener\"><img class=\"lazyload\" decoding=\"async\" src=\"data:image\/gif;base64,R0lGODlhAQABAAAAACH5BAEKAAEALAAAAAABAAEAAAICTAEAOw==\" data-orig-src=\"https:\/\/www.scpet.si\/vss\/wp-content\/uploads\/sites\/3\/2021\/06\/file-pdf-regular.svg\" \/><\/a><\/td>\n<\/tr>\n<tr>\n<td colspan=\"2\">POL<\/td>\n<td>2. letnik<\/td>\n<td colspan=\"2\">Darko Pirtov\u0161ek<\/td>\n<td>Poslovna logistika &#8211; vaje (interno gradivo 2018\/19)<\/td>\n<td align=\"center\"><a target=\"_blank\" rel=\"noopener\"><img class=\"lazyload\" decoding=\"async\" src=\"data:image\/gif;base64,R0lGODlhAQABAAAAACH5BAEKAAEALAAAAAABAAEAAAICTAEAOw==\" data-orig-src=\"https:\/\/www.scpet.si\/vss\/wp-content\/uploads\/sites\/3\/2021\/06\/file-pdf-regular.svg\" \/><\/a><\/td>\n<\/tr>\n<tr>\n<td colspan=\"2\">BN\u010c<\/td>\n<td>2. letnik<\/td>\n<td colspan=\"2\">Igor \u017dvokelj<\/td>\n<td>Ban\u010dni\u0161tvo (2018)<\/td>\n<td align=\"center\"><a target=\"_blank\" rel=\"noopener\"><img class=\"lazyload\" decoding=\"async\" src=\"data:image\/gif;base64,R0lGODlhAQABAAAAACH5BAEKAAEALAAAAAABAAEAAAICTAEAOw==\" data-orig-src=\"https:\/\/www.scpet.si\/vss\/wp-content\/uploads\/sites\/3\/2021\/06\/file-pdf-regular.svg\" \/><\/a><\/td>\n<\/tr>\n<tr>\n<td colspan=\"2\">TPP<\/td>\n<td>2. letnik<\/td>\n<td colspan=\"2\">Rudolf Ru\u010dman<\/td>\n<td>Tehnologija po\u0161tnih procesov (interno 2016)<\/td>\n<td align=\"center\"><a target=\"_blank\" rel=\"noopener\"><img class=\"lazyload\" decoding=\"async\" src=\"data:image\/gif;base64,R0lGODlhAQABAAAAACH5BAEKAAEALAAAAAABAAEAAAICTAEAOw==\" data-orig-src=\"https:\/\/www.scpet.si\/vss\/wp-content\/uploads\/sites\/3\/2021\/06\/file-pdf-regular.svg\" \/><\/a><\/td>\n<\/tr>\n<tr>\n<td colspan=\"2\">FTR<\/td>\n<td>2. letnik<\/td>\n<td colspan=\"2\">\u0160tefan Jakovac<\/td>\n<td>Finan\u010dni trgi-vaje<\/td>\n<td align=\"center\"><a target=\"_blank\" rel=\"noopener\"><img class=\"lazyload\" decoding=\"async\" src=\"data:image\/gif;base64,R0lGODlhAQABAAAAACH5BAEKAAEALAAAAAABAAEAAAICTAEAOw==\" data-orig-src=\"https:\/\/www.scpet.si\/vss\/wp-content\/uploads\/sites\/3\/2021\/06\/file-pdf-regular.svg\" \/><\/a><\/td>\n<\/tr>\n<tr>\n<td colspan=\"2\">DPO<\/td>\n<td>2. letnik<\/td>\n<td colspan=\"2\">\u0160tefan Jakovac<\/td>\n<td>Denarno poslovanje -vaje (interno 2016)<\/td>\n<td align=\"center\"><a target=\"_blank\" rel=\"noopener\"><img class=\"lazyload\" decoding=\"async\" src=\"data:image\/gif;base64,R0lGODlhAQABAAAAACH5BAEKAAEALAAAAAABAAEAAAICTAEAOw==\" data-orig-src=\"https:\/\/www.scpet.si\/vss\/wp-content\/uploads\/sites\/3\/2021\/06\/file-pdf-regular.svg\" \/><\/a><\/td>\n<\/tr>\n<tr>\n<td colspan=\"2\">PPR<\/td>\n<td>2.letnik<\/td>\n<td colspan=\"2\">Janez Zavrl<\/td>\n<td>Poslovno pravo (interno 2018)<\/td>\n<td align=\"center\"><a target=\"_blank\" rel=\"noopener\"><img class=\"lazyload\" decoding=\"async\" src=\"data:image\/gif;base64,R0lGODlhAQABAAAAACH5BAEKAAEALAAAAAABAAEAAAICTAEAOw==\" data-orig-src=\"https:\/\/www.scpet.si\/vss\/wp-content\/uploads\/sites\/3\/2021\/06\/file-pdf-regular.svg\" \/><\/a><\/td>\n<\/tr>\n<tr>\n<td colspan=\"2\">TME<\/td>\n<td>2.letnik<\/td>\n<td colspan=\"2\">mag. Sa\u0161o Turk, Ludvik Pevec<\/td>\n<td>Transportni mened\u017ement (interno 2015)<\/td>\n<td align=\"center\"><a target=\"_blank\" rel=\"noopener\"><img class=\"lazyload\" decoding=\"async\" src=\"data:image\/gif;base64,R0lGODlhAQABAAAAACH5BAEKAAEALAAAAAABAAEAAAICTAEAOw==\" data-orig-src=\"https:\/\/www.scpet.si\/vss\/wp-content\/uploads\/sites\/3\/2021\/06\/file-pdf-regular.svg\" \/><\/a><\/td>\n<\/tr>\n<tr>\n<td colspan=\"2\">PZV<\/td>\n<td>2.letnik<\/td>\n<td colspan=\"2\">Damjana Trtnik<\/td>\n<td>Premo\u017eenjska zavarovanja (interno 2013)<\/td>\n<td align=\"center\"><a target=\"_blank\" rel=\"noopener\"><img class=\"lazyload\" decoding=\"async\" src=\"data:image\/gif;base64,R0lGODlhAQABAAAAACH5BAEKAAEALAAAAAABAAEAAAICTAEAOw==\" data-orig-src=\"https:\/\/www.scpet.si\/vss\/wp-content\/uploads\/sites\/3\/2021\/06\/file-pdf-regular.svg\" \/><\/a><\/td>\n<\/tr>\n<tr>\n<td colspan=\"2\">DPO<\/td>\n<td>2.letnik<\/td>\n<td colspan=\"2\">mag. \u0160tefan Jakovac<\/td>\n<td>Denarno poslovanje (interno 2013)<\/td>\n<td align=\"center\"><a target=\"_blank\" rel=\"noopener\"><img class=\"lazyload\" decoding=\"async\" src=\"data:image\/gif;base64,R0lGODlhAQABAAAAACH5BAEKAAEALAAAAAABAAEAAAICTAEAOw==\" data-orig-src=\"https:\/\/www.scpet.si\/vss\/wp-content\/uploads\/sites\/3\/2021\/06\/file-pdf-regular.svg\" \/><\/a><\/td>\n<\/tr>\n<tr>\n<td colspan=\"2\">FTR<\/td>\n<td>2.letnik<\/td>\n<td colspan=\"2\">mag. \u0160tefan Jakovac<\/td>\n<td>Finan\u010dni trgi (interno 2013)<\/td>\n<td align=\"center\"><a target=\"_blank\" rel=\"noopener\"><img class=\"lazyload\" decoding=\"async\" src=\"data:image\/gif;base64,R0lGODlhAQABAAAAACH5BAEKAAEALAAAAAABAAEAAAICTAEAOw==\" data-orig-src=\"https:\/\/www.scpet.si\/vss\/wp-content\/uploads\/sites\/3\/2021\/06\/file-pdf-regular.svg\" \/><\/a><\/td>\n<\/tr>\n<tr>\n<td>VLP<\/td>\n<td colspan=\"3\">2.letnik<\/td>\n<td>Du\u0161an Kolari\u010d<\/td>\n<td>Varnost v prometu in varstvo pri delu (IMPLETUM)<\/td>\n<td align=\"center\"><a target=\"_blank\" rel=\"noopener\"><img class=\"lazyload\" decoding=\"async\" src=\"data:image\/gif;base64,R0lGODlhAQABAAAAACH5BAEKAAEALAAAAAABAAEAAAICTAEAOw==\" data-orig-src=\"https:\/\/www.scpet.si\/vss\/wp-content\/uploads\/sites\/3\/2021\/06\/file-pdf-regular.svg\" \/><\/a><\/td>\n<\/tr>\n<tr>\n<td>POL<\/td>\n<td colspan=\"3\">2.letnik<\/td>\n<td>Bo\u0161tjan Urbancl<\/td>\n<td>Poslovna logistika (IMPLETUM)<\/td>\n<td align=\"center\"><a target=\"_blank\" rel=\"noopener\"><img class=\"lazyload\" decoding=\"async\" src=\"data:image\/gif;base64,R0lGODlhAQABAAAAACH5BAEKAAEALAAAAAABAAEAAAICTAEAOw==\" data-orig-src=\"https:\/\/www.scpet.si\/vss\/wp-content\/uploads\/sites\/3\/2021\/06\/file-pdf-regular.svg\" \/><\/a><\/td>\n<\/tr>\n<tr>\n<td>UZK<\/td>\n<td colspan=\"3\">2.letnik<\/td>\n<td>Malek \/ \u0160kafar \/ Vorina<\/td>\n<td>Ugotavljanje in zagotavljanje kakovosti (IMPLETUM)<\/td>\n<td align=\"center\"><a target=\"_blank\" rel=\"noopener\"><img class=\"lazyload\" decoding=\"async\" src=\"data:image\/gif;base64,R0lGODlhAQABAAAAACH5BAEKAAEALAAAAAABAAEAAAICTAEAOw==\" data-orig-src=\"https:\/\/www.scpet.si\/vss\/wp-content\/uploads\/sites\/3\/2021\/06\/file-pdf-regular.svg\" \/><\/a><\/td>\n<\/tr>\n<\/tbody>\n<\/table>\n<\/div><div class=\"fusion-clearfix\"><\/div><\/div><\/div><\/div><\/div>\n","protected":false},"excerpt":{"rendered":"","protected":false},"author":1,"featured_media":0,"parent":143,"menu_order":0,"comment_status":"closed","ping_status":"closed","template":"100-width.php","meta":{"xn-wppe-expiration":[],"xn-wppe-expiration-action":[],"xn-wppe-expiration-prefix":[],"_mi_skip_tracking":false,"_exactmetrics_sitenote_active":false,"_exactmetrics_sitenote_note":"","_exactmetrics_sitenote_category":0},"yoast_head":"<!-- This site is optimized with the Yoast SEO plugin v20.8 - https:\/\/yoast.com\/wordpress\/plugins\/seo\/ -->\n<title>Ekonomist - Gradivo - VI\u0160JA STROKOVNA \u0160OLA<\/title>\n<meta name=\"description\" content=\"Ekonomist Gradivo\" \/>\n<meta name=\"robots\" content=\"index, follow, max-snippet:-1, max-image-preview:large, max-video-preview:-1\" \/>\n<link rel=\"canonical\" href=\"https:\/\/www.scpet.si\/vss\/studij\/knjiznica\/studijska-gradiva-in-iskanje-cobiss\/ekonomist-gradivo\/\" \/>\n<meta property=\"og:locale\" content=\"sl_SI\" \/>\n<meta property=\"og:type\" content=\"article\" \/>\n<meta property=\"og:title\" content=\"Ekonomist - Gradivo - VI\u0160JA STROKOVNA \u0160OLA\" \/>\n<meta property=\"og:description\" content=\"Ekonomist Gradivo\" \/>\n<meta property=\"og:url\" content=\"https:\/\/www.scpet.si\/vss\/studij\/knjiznica\/studijska-gradiva-in-iskanje-cobiss\/ekonomist-gradivo\/\" \/>\n<meta property=\"og:site_name\" content=\"VI\u0160JA STROKOVNA \u0160OLA\" \/>\n<meta property=\"article:modified_time\" content=\"2024-01-24T07:29:38+00:00\" \/>\n<meta property=\"og:image\" content=\"https:\/\/www.scpet.si\/vss\/wp-content\/uploads\/sites\/3\/2021\/06\/file-pdf-regular.svg\" \/>\n<meta name=\"twitter:card\" content=\"summary_large_image\" \/>\n<meta name=\"twitter:label1\" content=\"Est. reading time\" \/>\n\t<meta name=\"twitter:data1\" content=\"2 minuti\" \/>\n<script type=\"application\/ld+json\" class=\"yoast-schema-graph\">{\"@context\":\"https:\/\/schema.org\",\"@graph\":[{\"@type\":\"WebPage\",\"@id\":\"https:\/\/www.scpet.si\/vss\/studij\/knjiznica\/studijska-gradiva-in-iskanje-cobiss\/ekonomist-gradivo\/\",\"url\":\"https:\/\/www.scpet.si\/vss\/studij\/knjiznica\/studijska-gradiva-in-iskanje-cobiss\/ekonomist-gradivo\/\",\"name\":\"Ekonomist - Gradivo - VI\u0160JA STROKOVNA \u0160OLA\",\"isPartOf\":{\"@id\":\"\/#website\"},\"datePublished\":\"2019-12-13T10:11:31+00:00\",\"dateModified\":\"2024-01-24T07:29:38+00:00\",\"description\":\"Ekonomist Gradivo\",\"breadcrumb\":{\"@id\":\"https:\/\/www.scpet.si\/vss\/studij\/knjiznica\/studijska-gradiva-in-iskanje-cobiss\/ekonomist-gradivo\/#breadcrumb\"},\"inLanguage\":\"sl-SI\",\"potentialAction\":[{\"@type\":\"ReadAction\",\"target\":[\"https:\/\/www.scpet.si\/vss\/studij\/knjiznica\/studijska-gradiva-in-iskanje-cobiss\/ekonomist-gradivo\/\"]}]},{\"@type\":\"BreadcrumbList\",\"@id\":\"https:\/\/www.scpet.si\/vss\/studij\/knjiznica\/studijska-gradiva-in-iskanje-cobiss\/ekonomist-gradivo\/#breadcrumb\",\"itemListElement\":[{\"@type\":\"ListItem\",\"position\":1,\"name\":\"Home\",\"item\":\"https:\/\/www.scpet.si\/vss\/\"},{\"@type\":\"ListItem\",\"position\":2,\"name\":\"\u0160TUDIJ\",\"item\":\"https:\/\/www.scpet.si\/vss\/studij\/\"},{\"@type\":\"ListItem\",\"position\":3,\"name\":\"Knji\u017enica\",\"item\":\"https:\/\/www.scpet.si\/vss\/studij\/knjiznica\/\"},{\"@type\":\"ListItem\",\"position\":4,\"name\":\"\u0160tudijska gradiva in iskanje (COBISS)\",\"item\":\"https:\/\/www.scpet.si\/vss\/studij\/knjiznica\/studijska-gradiva-in-iskanje-cobiss\/\"},{\"@type\":\"ListItem\",\"position\":5,\"name\":\"Ekonomist &#8211; Gradivo\"}]},{\"@type\":\"WebSite\",\"@id\":\"\/#website\",\"url\":\"\/\",\"name\":\"VI\u0160JA STROKOVNA \u0160OLA\",\"description\":\"Just another \u0160C PET Sites site\",\"potentialAction\":[{\"@type\":\"SearchAction\",\"target\":{\"@type\":\"EntryPoint\",\"urlTemplate\":\"\/?s={search_term_string}\"},\"query-input\":\"required name=search_term_string\"}],\"inLanguage\":\"sl-SI\"}]}<\/script>\n<!-- \/ Yoast SEO plugin. -->","yoast_head_json":{"title":"Ekonomist - Gradivo - VI\u0160JA STROKOVNA \u0160OLA","description":"Ekonomist Gradivo","robots":{"index":"index","follow":"follow","max-snippet":"max-snippet:-1","max-image-preview":"max-image-preview:large","max-video-preview":"max-video-preview:-1"},"canonical":"https:\/\/www.scpet.si\/vss\/studij\/knjiznica\/studijska-gradiva-in-iskanje-cobiss\/ekonomist-gradivo\/","og_locale":"sl_SI","og_type":"article","og_title":"Ekonomist - Gradivo - VI\u0160JA STROKOVNA \u0160OLA","og_description":"Ekonomist Gradivo","og_url":"https:\/\/www.scpet.si\/vss\/studij\/knjiznica\/studijska-gradiva-in-iskanje-cobiss\/ekonomist-gradivo\/","og_site_name":"VI\u0160JA STROKOVNA \u0160OLA","article_modified_time":"2024-01-24T07:29:38+00:00","og_image":[{"url":"https:\/\/www.scpet.si\/vss\/wp-content\/uploads\/sites\/3\/2021\/06\/file-pdf-regular.svg"}],"twitter_card":"summary_large_image","twitter_misc":{"Est. reading time":"2 minuti"},"schema":{"@context":"https:\/\/schema.org","@graph":[{"@type":"WebPage","@id":"https:\/\/www.scpet.si\/vss\/studij\/knjiznica\/studijska-gradiva-in-iskanje-cobiss\/ekonomist-gradivo\/","url":"https:\/\/www.scpet.si\/vss\/studij\/knjiznica\/studijska-gradiva-in-iskanje-cobiss\/ekonomist-gradivo\/","name":"Ekonomist - Gradivo - VI\u0160JA STROKOVNA \u0160OLA","isPartOf":{"@id":"\/#website"},"datePublished":"2019-12-13T10:11:31+00:00","dateModified":"2024-01-24T07:29:38+00:00","description":"Ekonomist Gradivo","breadcrumb":{"@id":"https:\/\/www.scpet.si\/vss\/studij\/knjiznica\/studijska-gradiva-in-iskanje-cobiss\/ekonomist-gradivo\/#breadcrumb"},"inLanguage":"sl-SI","potentialAction":[{"@type":"ReadAction","target":["https:\/\/www.scpet.si\/vss\/studij\/knjiznica\/studijska-gradiva-in-iskanje-cobiss\/ekonomist-gradivo\/"]}]},{"@type":"BreadcrumbList","@id":"https:\/\/www.scpet.si\/vss\/studij\/knjiznica\/studijska-gradiva-in-iskanje-cobiss\/ekonomist-gradivo\/#breadcrumb","itemListElement":[{"@type":"ListItem","position":1,"name":"Home","item":"https:\/\/www.scpet.si\/vss\/"},{"@type":"ListItem","position":2,"name":"\u0160TUDIJ","item":"https:\/\/www.scpet.si\/vss\/studij\/"},{"@type":"ListItem","position":3,"name":"Knji\u017enica","item":"https:\/\/www.scpet.si\/vss\/studij\/knjiznica\/"},{"@type":"ListItem","position":4,"name":"\u0160tudijska gradiva in iskanje (COBISS)","item":"https:\/\/www.scpet.si\/vss\/studij\/knjiznica\/studijska-gradiva-in-iskanje-cobiss\/"},{"@type":"ListItem","position":5,"name":"Ekonomist &#8211; Gradivo"}]},{"@type":"WebSite","@id":"\/#website","url":"\/","name":"VI\u0160JA STROKOVNA \u0160OLA","description":"Just another \u0160C PET Sites site","potentialAction":[{"@type":"SearchAction","target":{"@type":"EntryPoint","urlTemplate":"\/?s={search_term_string}"},"query-input":"required name=search_term_string"}],"inLanguage":"sl-SI"}]}},"_links":{"self":[{"href":"https:\/\/www.scpet.si\/vss\/wp-json\/wp\/v2\/pages\/312"}],"collection":[{"href":"https:\/\/www.scpet.si\/vss\/wp-json\/wp\/v2\/pages"}],"about":[{"href":"https:\/\/www.scpet.si\/vss\/wp-json\/wp\/v2\/types\/page"}],"author":[{"embeddable":true,"href":"https:\/\/www.scpet.si\/vss\/wp-json\/wp\/v2\/users\/1"}],"replies":[{"embeddable":true,"href":"https:\/\/www.scpet.si\/vss\/wp-json\/wp\/v2\/comments?post=312"}],"version-history":[{"count":0,"href":"https:\/\/www.scpet.si\/vss\/wp-json\/wp\/v2\/pages\/312\/revisions"}],"up":[{"embeddable":true,"href":"https:\/\/www.scpet.si\/vss\/wp-json\/wp\/v2\/pages\/143"}],"wp:attachment":[{"href":"https:\/\/www.scpet.si\/vss\/wp-json\/wp\/v2\/media?parent=312"}],"curies":[{"name":"wp","href":"https:\/\/api.w.org\/{rel}","templated":true}]}}