{"id":316,"date":"2019-12-13T11:22:00","date_gmt":"2019-12-13T10:22:00","guid":{"rendered":"https:\/\/nova.scpet.si\/vss\/studij\/prakticno-izobrazevanje\/telekomunikacije-prakticno-izobrazevanje-copy\/"},"modified":"2024-01-24T09:41:16","modified_gmt":"2024-01-24T08:41:16","slug":"ponudbe-za-prakticno-izobrazevanje","status":"publish","type":"page","link":"https:\/\/www.scpet.si\/vss\/studij\/prakticno-izobrazevanje\/ponudbe-za-prakticno-izobrazevanje\/","title":{"rendered":"Ponudbe za Prakti\u010dno izobra\u017eevanje"},"content":{"rendered":"<div class=\"fusion-fullwidth fullwidth-box fusion-builder-row-1 nonhundred-percent-fullwidth non-hundred-percent-height-scrolling\" style=\"background-color: rgba(255,255,255,0);background-position: center center;background-repeat: no-repeat;padding-top:0px;padding-right:0px;padding-bottom:0px;margin-bottom: 0px;margin-top: 0px;border-width: 0px 0px 0px 0px;border-color:#eae9e9;border-style:solid;\" ><div class=\"fusion-builder-row fusion-row\"><div class=\"fusion-layout-column fusion_builder_column fusion-builder-column-0 fusion_builder_column_1_1 1_1 fusion-one-full fusion-column-first fusion-column-last\" style=\"margin-top:0px;margin-bottom:0px;\"><div class=\"fusion-column-wrapper fusion-flex-column-wrapper-legacy\" style=\"background-position:left top;background-repeat:no-repeat;-webkit-background-size:cover;-moz-background-size:cover;-o-background-size:cover;background-size:cover;padding: 0px 0px 0px 0px;\"><style type=\"text\/css\"><\/style><div class=\"fusion-title title fusion-title-1 fusion-sep-none fusion-title-text fusion-title-size-one\" style=\"margin-top:0px;margin-right:0px;margin-bottom:31px;margin-left:0px;\"><h1 class=\"title-heading-left\" style=\"margin:0;\">Ponudbe za Prakti\u010dno izobra\u017eevanje<\/h1><\/div><div class=\"fusion-text fusion-text-1\"><p><span class=\"novice_naslov\">EKO redni, Ljubljanska borza<\/span>\u00a0<i>(04.10.2019)<\/i><\/p>\n<p>Ljubljanska borza d.d., nudi prakti\u010dno izobra\u017eevanje \u0161tudentu\/ki, ko bo<br \/>\nsodeloval pri:<br \/>\n&#8211; pripravi materiala za arhiv Slovenije,<br \/>\n&#8211; vnosu podatkov (Exel)<\/p>\n<p>Pri\u010dakuje se zavzetost in natan\u010dnost pri delu.<br \/>\nZa\u010detek dela &#8211; TAKOJ<\/p>\n<p>kontaktna oseba za prijavo:\u00a0<a href=\"mailto:natasa.ipavec@scpert.si\">natasa.ipavec@scpert.si<\/a><\/p>\n<\/div><div class=\"fusion-clearfix\"><\/div><\/div><\/div><\/div><\/div>\n","protected":false},"excerpt":{"rendered":"","protected":false},"author":1,"featured_media":0,"parent":142,"menu_order":0,"comment_status":"closed","ping_status":"closed","template":"100-width.php","meta":{"xn-wppe-expiration":[],"xn-wppe-expiration-action":[],"xn-wppe-expiration-prefix":[],"_mi_skip_tracking":false,"_exactmetrics_sitenote_active":false,"_exactmetrics_sitenote_note":"","_exactmetrics_sitenote_category":0},"yoast_head":"<!-- This site is optimized with the Yoast SEO plugin v20.8 - https:\/\/yoast.com\/wordpress\/plugins\/seo\/ -->\n<title>Ponudbe za Prakti\u010dno izobra\u017eevanje - VI\u0160JA STROKOVNA \u0160OLA<\/title>\n<meta name=\"description\" content=\"Ponudbe za Prakti\u010dno izobra\u017eevanje\" \/>\n<meta name=\"robots\" content=\"index, follow, max-snippet:-1, max-image-preview:large, max-video-preview:-1\" \/>\n<link rel=\"canonical\" href=\"https:\/\/www.scpet.si\/vss\/studij\/prakticno-izobrazevanje\/ponudbe-za-prakticno-izobrazevanje\/\" \/>\n<meta property=\"og:locale\" content=\"sl_SI\" \/>\n<meta property=\"og:type\" content=\"article\" \/>\n<meta property=\"og:title\" content=\"Ponudbe za Prakti\u010dno izobra\u017eevanje - VI\u0160JA STROKOVNA \u0160OLA\" \/>\n<meta property=\"og:description\" content=\"Ponudbe za Prakti\u010dno izobra\u017eevanje\" \/>\n<meta property=\"og:url\" content=\"https:\/\/www.scpet.si\/vss\/studij\/prakticno-izobrazevanje\/ponudbe-za-prakticno-izobrazevanje\/\" \/>\n<meta property=\"og:site_name\" content=\"VI\u0160JA STROKOVNA \u0160OLA\" \/>\n<meta property=\"article:modified_time\" content=\"2024-01-24T08:41:16+00:00\" \/>\n<meta name=\"twitter:card\" content=\"summary_large_image\" \/>\n<meta name=\"twitter:label1\" content=\"Est. reading time\" \/>\n\t<meta name=\"twitter:data1\" content=\"1 minuta\" \/>\n<script type=\"application\/ld+json\" class=\"yoast-schema-graph\">{\"@context\":\"https:\/\/schema.org\",\"@graph\":[{\"@type\":\"WebPage\",\"@id\":\"https:\/\/www.scpet.si\/vss\/studij\/prakticno-izobrazevanje\/ponudbe-za-prakticno-izobrazevanje\/\",\"url\":\"https:\/\/www.scpet.si\/vss\/studij\/prakticno-izobrazevanje\/ponudbe-za-prakticno-izobrazevanje\/\",\"name\":\"Ponudbe za Prakti\u010dno izobra\u017eevanje - VI\u0160JA STROKOVNA \u0160OLA\",\"isPartOf\":{\"@id\":\"\/#website\"},\"datePublished\":\"2019-12-13T10:22:00+00:00\",\"dateModified\":\"2024-01-24T08:41:16+00:00\",\"description\":\"Ponudbe za Prakti\u010dno izobra\u017eevanje\",\"breadcrumb\":{\"@id\":\"https:\/\/www.scpet.si\/vss\/studij\/prakticno-izobrazevanje\/ponudbe-za-prakticno-izobrazevanje\/#breadcrumb\"},\"inLanguage\":\"sl-SI\",\"potentialAction\":[{\"@type\":\"ReadAction\",\"target\":[\"https:\/\/www.scpet.si\/vss\/studij\/prakticno-izobrazevanje\/ponudbe-za-prakticno-izobrazevanje\/\"]}]},{\"@type\":\"BreadcrumbList\",\"@id\":\"https:\/\/www.scpet.si\/vss\/studij\/prakticno-izobrazevanje\/ponudbe-za-prakticno-izobrazevanje\/#breadcrumb\",\"itemListElement\":[{\"@type\":\"ListItem\",\"position\":1,\"name\":\"Home\",\"item\":\"https:\/\/www.scpet.si\/vss\/\"},{\"@type\":\"ListItem\",\"position\":2,\"name\":\"\u0160TUDIJ\",\"item\":\"https:\/\/www.scpet.si\/vss\/studij\/\"},{\"@type\":\"ListItem\",\"position\":3,\"name\":\"Prakti\u010dno izobra\u017eevanje\",\"item\":\"https:\/\/www.scpet.si\/vss\/studij\/prakticno-izobrazevanje\/\"},{\"@type\":\"ListItem\",\"position\":4,\"name\":\"Ponudbe za Prakti\u010dno izobra\u017eevanje\"}]},{\"@type\":\"WebSite\",\"@id\":\"\/#website\",\"url\":\"\/\",\"name\":\"VI\u0160JA STROKOVNA \u0160OLA\",\"description\":\"Just another \u0160C PET Sites site\",\"potentialAction\":[{\"@type\":\"SearchAction\",\"target\":{\"@type\":\"EntryPoint\",\"urlTemplate\":\"\/?s={search_term_string}\"},\"query-input\":\"required name=search_term_string\"}],\"inLanguage\":\"sl-SI\"}]}<\/script>\n<!-- \/ Yoast SEO plugin. -->","yoast_head_json":{"title":"Ponudbe za Prakti\u010dno izobra\u017eevanje - VI\u0160JA STROKOVNA \u0160OLA","description":"Ponudbe za Prakti\u010dno izobra\u017eevanje","robots":{"index":"index","follow":"follow","max-snippet":"max-snippet:-1","max-image-preview":"max-image-preview:large","max-video-preview":"max-video-preview:-1"},"canonical":"https:\/\/www.scpet.si\/vss\/studij\/prakticno-izobrazevanje\/ponudbe-za-prakticno-izobrazevanje\/","og_locale":"sl_SI","og_type":"article","og_title":"Ponudbe za Prakti\u010dno izobra\u017eevanje - VI\u0160JA STROKOVNA \u0160OLA","og_description":"Ponudbe za Prakti\u010dno izobra\u017eevanje","og_url":"https:\/\/www.scpet.si\/vss\/studij\/prakticno-izobrazevanje\/ponudbe-za-prakticno-izobrazevanje\/","og_site_name":"VI\u0160JA STROKOVNA \u0160OLA","article_modified_time":"2024-01-24T08:41:16+00:00","twitter_card":"summary_large_image","twitter_misc":{"Est. reading time":"1 minuta"},"schema":{"@context":"https:\/\/schema.org","@graph":[{"@type":"WebPage","@id":"https:\/\/www.scpet.si\/vss\/studij\/prakticno-izobrazevanje\/ponudbe-za-prakticno-izobrazevanje\/","url":"https:\/\/www.scpet.si\/vss\/studij\/prakticno-izobrazevanje\/ponudbe-za-prakticno-izobrazevanje\/","name":"Ponudbe za Prakti\u010dno izobra\u017eevanje - VI\u0160JA STROKOVNA \u0160OLA","isPartOf":{"@id":"\/#website"},"datePublished":"2019-12-13T10:22:00+00:00","dateModified":"2024-01-24T08:41:16+00:00","description":"Ponudbe za Prakti\u010dno izobra\u017eevanje","breadcrumb":{"@id":"https:\/\/www.scpet.si\/vss\/studij\/prakticno-izobrazevanje\/ponudbe-za-prakticno-izobrazevanje\/#breadcrumb"},"inLanguage":"sl-SI","potentialAction":[{"@type":"ReadAction","target":["https:\/\/www.scpet.si\/vss\/studij\/prakticno-izobrazevanje\/ponudbe-za-prakticno-izobrazevanje\/"]}]},{"@type":"BreadcrumbList","@id":"https:\/\/www.scpet.si\/vss\/studij\/prakticno-izobrazevanje\/ponudbe-za-prakticno-izobrazevanje\/#breadcrumb","itemListElement":[{"@type":"ListItem","position":1,"name":"Home","item":"https:\/\/www.scpet.si\/vss\/"},{"@type":"ListItem","position":2,"name":"\u0160TUDIJ","item":"https:\/\/www.scpet.si\/vss\/studij\/"},{"@type":"ListItem","position":3,"name":"Prakti\u010dno izobra\u017eevanje","item":"https:\/\/www.scpet.si\/vss\/studij\/prakticno-izobrazevanje\/"},{"@type":"ListItem","position":4,"name":"Ponudbe za Prakti\u010dno izobra\u017eevanje"}]},{"@type":"WebSite","@id":"\/#website","url":"\/","name":"VI\u0160JA STROKOVNA \u0160OLA","description":"Just another \u0160C PET Sites site","potentialAction":[{"@type":"SearchAction","target":{"@type":"EntryPoint","urlTemplate":"\/?s={search_term_string}"},"query-input":"required name=search_term_string"}],"inLanguage":"sl-SI"}]}},"_links":{"self":[{"href":"https:\/\/www.scpet.si\/vss\/wp-json\/wp\/v2\/pages\/316"}],"collection":[{"href":"https:\/\/www.scpet.si\/vss\/wp-json\/wp\/v2\/pages"}],"about":[{"href":"https:\/\/www.scpet.si\/vss\/wp-json\/wp\/v2\/types\/page"}],"author":[{"embeddable":true,"href":"https:\/\/www.scpet.si\/vss\/wp-json\/wp\/v2\/users\/1"}],"replies":[{"embeddable":true,"href":"https:\/\/www.scpet.si\/vss\/wp-json\/wp\/v2\/comments?post=316"}],"version-history":[{"count":0,"href":"https:\/\/www.scpet.si\/vss\/wp-json\/wp\/v2\/pages\/316\/revisions"}],"up":[{"embeddable":true,"href":"https:\/\/www.scpet.si\/vss\/wp-json\/wp\/v2\/pages\/142"}],"wp:attachment":[{"href":"https:\/\/www.scpet.si\/vss\/wp-json\/wp\/v2\/media?parent=316"}],"curies":[{"name":"wp","href":"https:\/\/api.w.org\/{rel}","templated":true}]}}