{"id":318,"date":"2019-12-13T13:54:45","date_gmt":"2019-12-13T12:54:45","guid":{"rendered":"https:\/\/nova.scpet.si\/vss\/studij\/seminarske-copy\/"},"modified":"2024-01-24T08:40:46","modified_gmt":"2024-01-24T07:40:46","slug":"ekonomist-seminarske","status":"publish","type":"page","link":"https:\/\/www.scpet.si\/vss\/studij\/pisni-izdelki-navodila\/ekonomist-seminarske\/","title":{"rendered":"Ekonomist &#8211; Seminarske"},"content":{"rendered":"<div class=\"fusion-fullwidth fullwidth-box fusion-builder-row-1 nonhundred-percent-fullwidth non-hundred-percent-height-scrolling\" style=\"background-color: rgba(255,255,255,0);background-position: center center;background-repeat: no-repeat;padding-top:0px;padding-right:0px;padding-bottom:0px;margin-bottom: 0px;margin-top: 0px;border-width: 0px 0px 0px 0px;border-color:#eae9e9;border-style:solid;\" ><div class=\"fusion-builder-row fusion-row\"><div class=\"fusion-layout-column fusion_builder_column fusion-builder-column-0 fusion_builder_column_1_1 1_1 fusion-one-full fusion-column-first fusion-column-last\" style=\"margin-top:0px;margin-bottom:0px;\"><div class=\"fusion-column-wrapper fusion-flex-column-wrapper-legacy\" style=\"background-position:left top;background-repeat:no-repeat;-webkit-background-size:cover;-moz-background-size:cover;-o-background-size:cover;background-size:cover;padding: 0px 0px 0px 0px;\"><style type=\"text\/css\"><\/style><div class=\"fusion-title title fusion-title-1 fusion-sep-none fusion-title-text fusion-title-size-one\" style=\"margin-top:0px;margin-right:0px;margin-bottom:31px;margin-left:0px;\"><h1 class=\"title-heading-left\" style=\"margin:0;\">Ekonomist<\/h1><\/div><div class=\"fusion-text fusion-text-1 tableImgWidth\"><table class=\"table-1\">\n<tbody>\n<tr>\n<td>\u0160tud. leto<\/td>\n<td>Program<\/td>\n<td>Predmet<\/td>\n<td>Modul\/smer<\/td>\n<td>Tip naloge<\/td>\n<td>Mentor\/ica<\/td>\n<td>Datoteka<\/td>\n<\/tr>\n<tr>\n<td>2020\/21<\/td>\n<td>EKO<\/td>\n<td>OPF<\/td>\n<td>2. leto (izredni)<\/td>\n<td>izbirna<\/td>\n<td>Barbara G. Drakslar<\/td>\n<td><\/td>\n<\/tr>\n<tr>\n<td>2020\/21<\/td>\n<td>EKO<\/td>\n<td>DPO<\/td>\n<td>2. letnik (ban\u010dni\u0161tvo)<\/td>\n<td>obvezna<\/td>\n<td>Maja Blaj, mag<\/td>\n<td align=\"center\"><a href=\"https:\/\/www.scpet.si\/vss\/wp-content\/uploads\/sites\/3\/2021\/06\/1193_SEMDPO___Blaj_20_21_spletna.pdf\" target=\"_blank\" rel=\"noopener\"><img class=\"lazyload\" decoding=\"async\" src=\"data:image\/gif;base64,R0lGODlhAQABAAAAACH5BAEKAAEALAAAAAABAAEAAAICTAEAOw==\" data-orig-src=\"https:\/\/www.scpet.si\/vss\/wp-content\/uploads\/sites\/3\/2021\/06\/file-pdf-regular.svg\" \/><\/a><\/td>\n<\/tr>\n<tr>\n<td>2020\/21<\/td>\n<td>EKO<\/td>\n<td>EKN\/OMP\/OPF<\/td>\n<td>1. letnik<\/td>\n<td>izbirna<\/td>\n<td>mag. N.Ipavec, mag.Rupret, dr.Pov\u0161e<\/td>\n<td align=\"center\"><a href=\"https:\/\/www.scpet.si\/vss\/wp-content\/uploads\/sites\/3\/2021\/06\/8902_SEMOMPEKNOPF_20_21.pdf\" target=\"_blank\" rel=\"noopener\"><img class=\"lazyload\" decoding=\"async\" src=\"data:image\/gif;base64,R0lGODlhAQABAAAAACH5BAEKAAEALAAAAAABAAEAAAICTAEAOw==\" data-orig-src=\"https:\/\/www.scpet.si\/vss\/wp-content\/uploads\/sites\/3\/2021\/06\/file-pdf-regular.svg\" \/><\/a><\/td>\n<\/tr>\n<tr>\n<td>2020\/21<\/td>\n<td>EKO<\/td>\n<td>UZA<\/td>\n<td>2. letnik (poslovna logistika)<\/td>\n<td>izbirna<\/td>\n<td>mag. Sa\u0161o Turk<\/td>\n<td><\/td>\n<\/tr>\n<tr>\n<td>2020\/21<\/td>\n<td>EKO<\/td>\n<td>TBP<\/td>\n<td>2. letnik (ban\u010dni\u0161tvo)<\/td>\n<td>izbirna<\/td>\n<td>mag. Bo\u017eena Kramar, Sne\u017eana Groznik<\/td>\n<td><\/td>\n<\/tr>\n<tr>\n<td>2020\/21<\/td>\n<td>EKO<\/td>\n<td>POL<\/td>\n<td>2. letnik (poslovna logistika)<\/td>\n<td>izbirna<\/td>\n<td>mag. Darko Pirtov\u0161ek<\/td>\n<td align=\"center\"><a href=\"https:\/\/www.scpet.si\/vss\/wp-content\/uploads\/sites\/3\/2021\/06\/1570_SEMPOL___Pirtovsek_20_21_spletna.pdf\" target=\"_blank\" rel=\"noopener\"><img class=\"lazyload\" decoding=\"async\" src=\"data:image\/gif;base64,R0lGODlhAQABAAAAACH5BAEKAAEALAAAAAABAAEAAAICTAEAOw==\" data-orig-src=\"https:\/\/www.scpet.si\/vss\/wp-content\/uploads\/sites\/3\/2021\/06\/file-pdf-regular.svg\" \/><\/a><\/td>\n<\/tr>\n<tr>\n<td>2020\/21<\/td>\n<td>EKO<\/td>\n<td>INF<\/td>\n<td>1. letnik<\/td>\n<td>obvezna<\/td>\n<td>mag. Erih Sko\u010dir<\/td>\n<td><\/td>\n<\/tr>\n<tr>\n<td>2020\/21<\/td>\n<td>EKO<\/td>\n<td>OVE<\/td>\n<td>2. letnik (poslovna logistika)<\/td>\n<td>izbirna<\/td>\n<td>Sa\u0161a Jagodi\u010d<\/td>\n<td align=\"center\"><a href=\"https:\/\/www.scpet.si\/vss\/wp-content\/uploads\/sites\/3\/2021\/06\/6990_SEMOVE___Jagodic_20_21_spletna.pdf\" target=\"_blank\" rel=\"noopener\"><img class=\"lazyload\" decoding=\"async\" src=\"data:image\/gif;base64,R0lGODlhAQABAAAAACH5BAEKAAEALAAAAAABAAEAAAICTAEAOw==\" data-orig-src=\"https:\/\/www.scpet.si\/vss\/wp-content\/uploads\/sites\/3\/2021\/06\/file-pdf-regular.svg\" \/><\/a><\/td>\n<\/tr>\n<tr>\n<td>2020\/21<\/td>\n<td>EKO<\/td>\n<td>PRO<\/td>\n<td>2. letnik (M8)<\/td>\n<td>izbirna<\/td>\n<td>Mile Jovanovski<\/td>\n<td align=\"center\"><a href=\"https:\/\/www.scpet.si\/vss\/wp-content\/uploads\/sites\/3\/2021\/06\/1411_SEMPRO___Jovanovski20_21_spletna.pdf\" target=\"_blank\" rel=\"noopener\"><img class=\"lazyload\" decoding=\"async\" src=\"data:image\/gif;base64,R0lGODlhAQABAAAAACH5BAEKAAEALAAAAAABAAEAAAICTAEAOw==\" data-orig-src=\"https:\/\/www.scpet.si\/vss\/wp-content\/uploads\/sites\/3\/2021\/06\/file-pdf-regular.svg\" \/><\/a><\/td>\n<\/tr>\n<tr>\n<td>2020\/21<\/td>\n<td>EKO<\/td>\n<td>ZEK<\/td>\n<td>2. letnik (zavarovalni\u0161tvo)<\/td>\n<td>izbirna<\/td>\n<td>mag. Andrej \u0160alamun<\/td>\n<td><\/td>\n<\/tr>\n<tr>\n<td>2020\/21<\/td>\n<td>EKO<\/td>\n<td>OZV<\/td>\n<td>2. letnik (zavarovalni\u0161tvo)<\/td>\n<td>obvezna<\/td>\n<td>Tina Turk Hafnar<\/td>\n<td><\/td>\n<\/tr>\n<\/tbody>\n<\/table>\n<\/div><div class=\"fusion-clearfix\"><\/div><\/div><\/div><\/div><\/div>\n","protected":false},"excerpt":{"rendered":"","protected":false},"author":1,"featured_media":0,"parent":594,"menu_order":0,"comment_status":"closed","ping_status":"closed","template":"100-width.php","meta":{"xn-wppe-expiration":[],"xn-wppe-expiration-action":[],"xn-wppe-expiration-prefix":[],"_mi_skip_tracking":false,"_exactmetrics_sitenote_active":false,"_exactmetrics_sitenote_note":"","_exactmetrics_sitenote_category":0},"yoast_head":"<!-- This site is optimized with the Yoast SEO plugin v20.8 - https:\/\/yoast.com\/wordpress\/plugins\/seo\/ -->\n<title>Ekonomist - Seminarske - VI\u0160JA STROKOVNA \u0160OLA<\/title>\n<meta name=\"description\" content=\"Ekonomist - Seminarske\" \/>\n<meta name=\"robots\" content=\"index, follow, max-snippet:-1, max-image-preview:large, max-video-preview:-1\" \/>\n<link rel=\"canonical\" href=\"https:\/\/www.scpet.si\/vss\/studij\/pisni-izdelki-navodila\/ekonomist-seminarske\/\" \/>\n<meta property=\"og:locale\" content=\"sl_SI\" \/>\n<meta property=\"og:type\" content=\"article\" \/>\n<meta property=\"og:title\" content=\"Ekonomist - Seminarske - VI\u0160JA STROKOVNA \u0160OLA\" \/>\n<meta property=\"og:description\" content=\"Ekonomist - Seminarske\" \/>\n<meta property=\"og:url\" content=\"https:\/\/www.scpet.si\/vss\/studij\/pisni-izdelki-navodila\/ekonomist-seminarske\/\" \/>\n<meta property=\"og:site_name\" content=\"VI\u0160JA STROKOVNA \u0160OLA\" \/>\n<meta property=\"article:modified_time\" content=\"2024-01-24T07:40:46+00:00\" \/>\n<meta property=\"og:image\" content=\"https:\/\/www.scpet.si\/vss\/wp-content\/uploads\/sites\/3\/2021\/06\/file-pdf-regular.svg\" \/>\n<meta name=\"twitter:card\" content=\"summary_large_image\" \/>\n<meta name=\"twitter:label1\" content=\"Est. reading time\" \/>\n\t<meta name=\"twitter:data1\" content=\"2 minuti\" \/>\n<script type=\"application\/ld+json\" class=\"yoast-schema-graph\">{\"@context\":\"https:\/\/schema.org\",\"@graph\":[{\"@type\":\"WebPage\",\"@id\":\"https:\/\/www.scpet.si\/vss\/studij\/pisni-izdelki-navodila\/ekonomist-seminarske\/\",\"url\":\"https:\/\/www.scpet.si\/vss\/studij\/pisni-izdelki-navodila\/ekonomist-seminarske\/\",\"name\":\"Ekonomist - Seminarske - VI\u0160JA STROKOVNA \u0160OLA\",\"isPartOf\":{\"@id\":\"\/#website\"},\"datePublished\":\"2019-12-13T12:54:45+00:00\",\"dateModified\":\"2024-01-24T07:40:46+00:00\",\"description\":\"Ekonomist - Seminarske\",\"breadcrumb\":{\"@id\":\"https:\/\/www.scpet.si\/vss\/studij\/pisni-izdelki-navodila\/ekonomist-seminarske\/#breadcrumb\"},\"inLanguage\":\"sl-SI\",\"potentialAction\":[{\"@type\":\"ReadAction\",\"target\":[\"https:\/\/www.scpet.si\/vss\/studij\/pisni-izdelki-navodila\/ekonomist-seminarske\/\"]}]},{\"@type\":\"BreadcrumbList\",\"@id\":\"https:\/\/www.scpet.si\/vss\/studij\/pisni-izdelki-navodila\/ekonomist-seminarske\/#breadcrumb\",\"itemListElement\":[{\"@type\":\"ListItem\",\"position\":1,\"name\":\"Home\",\"item\":\"https:\/\/www.scpet.si\/vss\/\"},{\"@type\":\"ListItem\",\"position\":2,\"name\":\"\u0160TUDIJ\",\"item\":\"https:\/\/www.scpet.si\/vss\/studij\/\"},{\"@type\":\"ListItem\",\"position\":3,\"name\":\"Pisni izdelki\/navodila\",\"item\":\"https:\/\/www.scpet.si\/vss\/studij\/pisni-izdelki-navodila\/\"},{\"@type\":\"ListItem\",\"position\":4,\"name\":\"Ekonomist &#8211; Seminarske\"}]},{\"@type\":\"WebSite\",\"@id\":\"\/#website\",\"url\":\"\/\",\"name\":\"VI\u0160JA STROKOVNA \u0160OLA\",\"description\":\"Just another \u0160C PET Sites site\",\"potentialAction\":[{\"@type\":\"SearchAction\",\"target\":{\"@type\":\"EntryPoint\",\"urlTemplate\":\"\/?s={search_term_string}\"},\"query-input\":\"required name=search_term_string\"}],\"inLanguage\":\"sl-SI\"}]}<\/script>\n<!-- \/ Yoast SEO plugin. -->","yoast_head_json":{"title":"Ekonomist - Seminarske - VI\u0160JA STROKOVNA \u0160OLA","description":"Ekonomist - Seminarske","robots":{"index":"index","follow":"follow","max-snippet":"max-snippet:-1","max-image-preview":"max-image-preview:large","max-video-preview":"max-video-preview:-1"},"canonical":"https:\/\/www.scpet.si\/vss\/studij\/pisni-izdelki-navodila\/ekonomist-seminarske\/","og_locale":"sl_SI","og_type":"article","og_title":"Ekonomist - Seminarske - VI\u0160JA STROKOVNA \u0160OLA","og_description":"Ekonomist - Seminarske","og_url":"https:\/\/www.scpet.si\/vss\/studij\/pisni-izdelki-navodila\/ekonomist-seminarske\/","og_site_name":"VI\u0160JA STROKOVNA \u0160OLA","article_modified_time":"2024-01-24T07:40:46+00:00","og_image":[{"url":"https:\/\/www.scpet.si\/vss\/wp-content\/uploads\/sites\/3\/2021\/06\/file-pdf-regular.svg"}],"twitter_card":"summary_large_image","twitter_misc":{"Est. reading time":"2 minuti"},"schema":{"@context":"https:\/\/schema.org","@graph":[{"@type":"WebPage","@id":"https:\/\/www.scpet.si\/vss\/studij\/pisni-izdelki-navodila\/ekonomist-seminarske\/","url":"https:\/\/www.scpet.si\/vss\/studij\/pisni-izdelki-navodila\/ekonomist-seminarske\/","name":"Ekonomist - Seminarske - VI\u0160JA STROKOVNA \u0160OLA","isPartOf":{"@id":"\/#website"},"datePublished":"2019-12-13T12:54:45+00:00","dateModified":"2024-01-24T07:40:46+00:00","description":"Ekonomist - Seminarske","breadcrumb":{"@id":"https:\/\/www.scpet.si\/vss\/studij\/pisni-izdelki-navodila\/ekonomist-seminarske\/#breadcrumb"},"inLanguage":"sl-SI","potentialAction":[{"@type":"ReadAction","target":["https:\/\/www.scpet.si\/vss\/studij\/pisni-izdelki-navodila\/ekonomist-seminarske\/"]}]},{"@type":"BreadcrumbList","@id":"https:\/\/www.scpet.si\/vss\/studij\/pisni-izdelki-navodila\/ekonomist-seminarske\/#breadcrumb","itemListElement":[{"@type":"ListItem","position":1,"name":"Home","item":"https:\/\/www.scpet.si\/vss\/"},{"@type":"ListItem","position":2,"name":"\u0160TUDIJ","item":"https:\/\/www.scpet.si\/vss\/studij\/"},{"@type":"ListItem","position":3,"name":"Pisni izdelki\/navodila","item":"https:\/\/www.scpet.si\/vss\/studij\/pisni-izdelki-navodila\/"},{"@type":"ListItem","position":4,"name":"Ekonomist &#8211; Seminarske"}]},{"@type":"WebSite","@id":"\/#website","url":"\/","name":"VI\u0160JA STROKOVNA \u0160OLA","description":"Just another \u0160C PET Sites site","potentialAction":[{"@type":"SearchAction","target":{"@type":"EntryPoint","urlTemplate":"\/?s={search_term_string}"},"query-input":"required name=search_term_string"}],"inLanguage":"sl-SI"}]}},"_links":{"self":[{"href":"https:\/\/www.scpet.si\/vss\/wp-json\/wp\/v2\/pages\/318"}],"collection":[{"href":"https:\/\/www.scpet.si\/vss\/wp-json\/wp\/v2\/pages"}],"about":[{"href":"https:\/\/www.scpet.si\/vss\/wp-json\/wp\/v2\/types\/page"}],"author":[{"embeddable":true,"href":"https:\/\/www.scpet.si\/vss\/wp-json\/wp\/v2\/users\/1"}],"replies":[{"embeddable":true,"href":"https:\/\/www.scpet.si\/vss\/wp-json\/wp\/v2\/comments?post=318"}],"version-history":[{"count":0,"href":"https:\/\/www.scpet.si\/vss\/wp-json\/wp\/v2\/pages\/318\/revisions"}],"up":[{"embeddable":true,"href":"https:\/\/www.scpet.si\/vss\/wp-json\/wp\/v2\/pages\/594"}],"wp:attachment":[{"href":"https:\/\/www.scpet.si\/vss\/wp-json\/wp\/v2\/media?parent=318"}],"curies":[{"name":"wp","href":"https:\/\/api.w.org\/{rel}","templated":true}]}}