{"id":326,"date":"2019-12-16T09:46:14","date_gmt":"2019-12-16T08:46:14","guid":{"rendered":"https:\/\/nova.scpet.si\/vss\/student-net\/karierni-center-copy\/"},"modified":"2023-10-03T14:31:36","modified_gmt":"2023-10-03T12:31:36","slug":"alumni-klub-diplomantov","status":"publish","type":"page","link":"https:\/\/www.scpet.si\/vss\/karierni-center\/alumni-klub-diplomantov\/","title":{"rendered":"Alumni klub diplomantov"},"content":{"rendered":"<div class=\"fusion-fullwidth fullwidth-box fusion-builder-row-1 nonhundred-percent-fullwidth non-hundred-percent-height-scrolling\" style=\"background-color: rgba(255,255,255,0);background-position: center center;background-repeat: no-repeat;padding-top:0px;padding-right:0px;padding-bottom:0px;margin-bottom: 0px;margin-top: 0px;border-width: 0px 0px 0px 0px;border-color:#eae9e9;border-style:solid;\" ><div class=\"fusion-builder-row fusion-row\"><div class=\"fusion-layout-column fusion_builder_column fusion-builder-column-0 fusion_builder_column_1_1 1_1 fusion-one-full fusion-column-first fusion-column-last\" style=\"margin-top:0px;margin-bottom:0px;\"><div class=\"fusion-column-wrapper fusion-flex-column-wrapper-legacy\" style=\"background-position:left top;background-repeat:no-repeat;-webkit-background-size:cover;-moz-background-size:cover;-o-background-size:cover;background-size:cover;padding: 0px 0px 0px 0px;\"><style type=\"text\/css\"><\/style><div class=\"fusion-title title fusion-title-1 fusion-sep-none fusion-title-text fusion-title-size-one\" style=\"margin-top:0px;margin-right:0px;margin-bottom:31px;margin-left:0px;\"><h1 class=\"title-heading-left\" style=\"margin:0;\">Alumni klub diplomantov<\/h1><\/div><div class=\"fusion-text fusion-text-1\"><p><strong>ALUMNI <\/strong><\/p>\n<p>Predstavlja strokovno in dru\u017eabno sti\u010di\u0161\u010de vseh generacij \u0161tudentov-diplomantov, ki so uspe\u0161no zaklju\u010dili \u0161tudij.\u00a0Namenjen je ohranjanju vezi in \u00bbmre\u017eenju\u00ab med diplomanti, predavatelji in \u00a0poslovnimi partnerji \u0161ole.<\/p>\n<p><strong><em>Alumni klub omogo\u010da:<br \/>\n<\/em><\/strong><\/p>\n<ul>\n<li>nadaljnji osebni in strokovni razvoj diplomantov,<\/li>\n<li>promoviranje znanja in dose\u017ekov svojih \u010dlanov,<\/li>\n<li>izmenjavo izku\u0161enj na primerih dobre prakse,<\/li>\n<li>skrbi za ugled izobrazbe, ki jo zagotavlja vi\u0161ja strokovna \u0161ola<\/li>\n<\/ul>\n<p><strong><em>\u010clani lahko podprejo delovanje Alumni\u00a0kluba tako, da sodelujejo na razli\u010dnih podro\u010djih:<\/em><\/strong><\/p>\n<ul>\n<li>kot mentorji \u0161tudentom,<\/li>\n<li>kot oganizatorji strokoivnih delavnic, seminarjev, okroglih miz ter drugih sre\u010danj,<\/li>\n<li>kot organizatorji \u0161portnih, kulturnih in drugih dru\u017eabnih dogodkov,<\/li>\n<li>kot sponzorji in donatorji.<\/li>\n<\/ul>\n<p>\u017delimo si, da bi \u010dlani kluba na\u0161li v okviru delovanja Alumni kar najve\u010d skupnih interesov. Zanimivi dogodki in dobra obiskanost le-teh bo tako zdru\u017eevala kapital znanja, idej in poslovnega povezovanja. Na ta na\u010din lahko skupaj prispevamo k razvoju odnosov med akademsko in gospodarsko sfero. <strong><a href=\"https:\/\/www.scpet.si\/vss\/diploma-in-kariera\/karierni-center\/aktivni-v-alumni\/\" target=\"_blank\" rel=\"noopener\">Aktivni v Alumni<\/a>.<\/strong><\/p>\n<\/div><div class=\"fusion-sep-clear\"><\/div><div class=\"fusion-separator fusion-full-width-sep\" style=\"margin-left: auto;margin-right: auto;margin-top:20px;width:100%;\"><div class=\"fusion-separator-border sep-double\" style=\"border-color:#ffffff;border-top-width:1px;border-bottom-width:1px;\"><\/div><\/div><div class=\"fusion-sep-clear\"><\/div><div class=\"fusion-text fusion-text-2\"><p><u><strong>\u010clanstvo v klubu je prostovoljno in brezpla\u010dno.<\/strong><\/u><\/p>\n<p>O vseh dogodkih, novicah, dose\u017ekih in ugodnostih, bomo \u010dlane kluba obve\u0161\u010dali na spletnih straneh \u0161ole in po elektronski po\u0161ti.<\/p>\n<\/div><div class=\"fusion-sep-clear\"><\/div><div class=\"fusion-separator fusion-full-width-sep\" style=\"margin-left: auto;margin-right: auto;margin-top:20px;width:100%;\"><div class=\"fusion-separator-border sep-double\" style=\"border-color:#ffffff;border-top-width:1px;border-bottom-width:1px;\"><\/div><\/div><div class=\"fusion-sep-clear\"><\/div><div class=\"fusion-text fusion-text-3\"><p><strong><em>Prijava\/odjava, ideje in predlogi za ALUMNI:\u00a0<\/em><\/strong><br \/>\n<a href=\"mailto:tereza.mohar@scpet.si\">Tereza Mohar<\/a>, koordinatorka dela za ALUMNI<\/p>\n<\/div><div class=\"fusion-sep-clear\"><\/div><div class=\"fusion-separator fusion-full-width-sep\" style=\"margin-left: auto;margin-right: auto;margin-top:20px;width:100%;\"><div class=\"fusion-separator-border sep-double\" style=\"border-color:#ffffff;border-top-width:1px;border-bottom-width:1px;\"><\/div><\/div><div class=\"fusion-sep-clear\"><\/div><div class=\"fusion-text fusion-text-4\"><p><strong>Arhiv<br \/>\n<\/strong><a href=\"https:\/\/e-ucilnica.scpet.si\/course\/index.php?categoryid=39\" target=\"_blank\" rel=\"noopener\">Arhiv diplomskih nalog<\/a><br \/>\n<a href=\"https:\/\/www.scpet.si\/vss\/fotogalerija\/\">Fotogalerija\/sve\u010dana podelitev diplom\/zlati diplomanti<\/a><\/p>\n<\/div><div class=\"fusion-clearfix\"><\/div><\/div><\/div><\/div><\/div>\n","protected":false},"excerpt":{"rendered":"","protected":false},"author":1,"featured_media":0,"parent":188,"menu_order":0,"comment_status":"closed","ping_status":"closed","template":"100-width.php","meta":{"xn-wppe-expiration":[],"xn-wppe-expiration-action":[],"xn-wppe-expiration-prefix":[],"_mi_skip_tracking":false,"_exactmetrics_sitenote_active":false,"_exactmetrics_sitenote_note":"","_exactmetrics_sitenote_category":0},"yoast_head":"<!-- This site is optimized with the Yoast SEO plugin v20.8 - https:\/\/yoast.com\/wordpress\/plugins\/seo\/ -->\n<title>Alumni klub diplomantov - VI\u0160JA STROKOVNA \u0160OLA<\/title>\n<meta name=\"description\" content=\"Alumni klub predstavlja strokovno in dru\u017eabno sti\u010di\u0161\u010de vseh generacij \u0161tudentov-diplomantov, ki so uspe\u0161no zaklju\u010dili \u0161tudij.\u00a0\" \/>\n<meta name=\"robots\" content=\"index, follow, max-snippet:-1, max-image-preview:large, max-video-preview:-1\" \/>\n<link rel=\"canonical\" href=\"https:\/\/www.scpet.si\/vss\/karierni-center\/alumni-klub-diplomantov\/\" \/>\n<meta property=\"og:locale\" content=\"sl_SI\" \/>\n<meta property=\"og:type\" content=\"article\" \/>\n<meta property=\"og:title\" content=\"Alumni klub diplomantov - VI\u0160JA STROKOVNA \u0160OLA\" \/>\n<meta property=\"og:description\" content=\"Alumni klub predstavlja strokovno in dru\u017eabno sti\u010di\u0161\u010de vseh generacij \u0161tudentov-diplomantov, ki so uspe\u0161no zaklju\u010dili \u0161tudij.\u00a0\" \/>\n<meta property=\"og:url\" content=\"https:\/\/www.scpet.si\/vss\/karierni-center\/alumni-klub-diplomantov\/\" \/>\n<meta property=\"og:site_name\" content=\"VI\u0160JA STROKOVNA \u0160OLA\" \/>\n<meta property=\"article:modified_time\" content=\"2023-10-03T12:31:36+00:00\" \/>\n<meta name=\"twitter:card\" content=\"summary_large_image\" \/>\n<meta name=\"twitter:label1\" content=\"Est. reading time\" \/>\n\t<meta name=\"twitter:data1\" content=\"3 minute\" \/>\n<script type=\"application\/ld+json\" class=\"yoast-schema-graph\">{\"@context\":\"https:\/\/schema.org\",\"@graph\":[{\"@type\":\"WebPage\",\"@id\":\"https:\/\/www.scpet.si\/vss\/karierni-center\/alumni-klub-diplomantov\/\",\"url\":\"https:\/\/www.scpet.si\/vss\/karierni-center\/alumni-klub-diplomantov\/\",\"name\":\"Alumni klub diplomantov - VI\u0160JA STROKOVNA \u0160OLA\",\"isPartOf\":{\"@id\":\"\/#website\"},\"datePublished\":\"2019-12-16T08:46:14+00:00\",\"dateModified\":\"2023-10-03T12:31:36+00:00\",\"description\":\"Alumni klub predstavlja strokovno in dru\u017eabno sti\u010di\u0161\u010de vseh generacij \u0161tudentov-diplomantov, ki so uspe\u0161no zaklju\u010dili \u0161tudij.\u00a0\",\"breadcrumb\":{\"@id\":\"https:\/\/www.scpet.si\/vss\/karierni-center\/alumni-klub-diplomantov\/#breadcrumb\"},\"inLanguage\":\"sl-SI\",\"potentialAction\":[{\"@type\":\"ReadAction\",\"target\":[\"https:\/\/www.scpet.si\/vss\/karierni-center\/alumni-klub-diplomantov\/\"]}]},{\"@type\":\"BreadcrumbList\",\"@id\":\"https:\/\/www.scpet.si\/vss\/karierni-center\/alumni-klub-diplomantov\/#breadcrumb\",\"itemListElement\":[{\"@type\":\"ListItem\",\"position\":1,\"name\":\"Home\",\"item\":\"https:\/\/www.scpet.si\/vss\/\"},{\"@type\":\"ListItem\",\"position\":2,\"name\":\"Karierni center\",\"item\":\"https:\/\/www.scpet.si\/vss\/karierni-center\/\"},{\"@type\":\"ListItem\",\"position\":3,\"name\":\"Alumni klub diplomantov\"}]},{\"@type\":\"WebSite\",\"@id\":\"\/#website\",\"url\":\"\/\",\"name\":\"VI\u0160JA STROKOVNA \u0160OLA\",\"description\":\"Just another \u0160C PET Sites site\",\"potentialAction\":[{\"@type\":\"SearchAction\",\"target\":{\"@type\":\"EntryPoint\",\"urlTemplate\":\"\/?s={search_term_string}\"},\"query-input\":\"required name=search_term_string\"}],\"inLanguage\":\"sl-SI\"}]}<\/script>\n<!-- \/ Yoast SEO plugin. -->","yoast_head_json":{"title":"Alumni klub diplomantov - VI\u0160JA STROKOVNA \u0160OLA","description":"Alumni klub predstavlja strokovno in dru\u017eabno sti\u010di\u0161\u010de vseh generacij \u0161tudentov-diplomantov, ki so uspe\u0161no zaklju\u010dili \u0161tudij.\u00a0","robots":{"index":"index","follow":"follow","max-snippet":"max-snippet:-1","max-image-preview":"max-image-preview:large","max-video-preview":"max-video-preview:-1"},"canonical":"https:\/\/www.scpet.si\/vss\/karierni-center\/alumni-klub-diplomantov\/","og_locale":"sl_SI","og_type":"article","og_title":"Alumni klub diplomantov - VI\u0160JA STROKOVNA \u0160OLA","og_description":"Alumni klub predstavlja strokovno in dru\u017eabno sti\u010di\u0161\u010de vseh generacij \u0161tudentov-diplomantov, ki so uspe\u0161no zaklju\u010dili \u0161tudij.\u00a0","og_url":"https:\/\/www.scpet.si\/vss\/karierni-center\/alumni-klub-diplomantov\/","og_site_name":"VI\u0160JA STROKOVNA \u0160OLA","article_modified_time":"2023-10-03T12:31:36+00:00","twitter_card":"summary_large_image","twitter_misc":{"Est. reading time":"3 minute"},"schema":{"@context":"https:\/\/schema.org","@graph":[{"@type":"WebPage","@id":"https:\/\/www.scpet.si\/vss\/karierni-center\/alumni-klub-diplomantov\/","url":"https:\/\/www.scpet.si\/vss\/karierni-center\/alumni-klub-diplomantov\/","name":"Alumni klub diplomantov - VI\u0160JA STROKOVNA \u0160OLA","isPartOf":{"@id":"\/#website"},"datePublished":"2019-12-16T08:46:14+00:00","dateModified":"2023-10-03T12:31:36+00:00","description":"Alumni klub predstavlja strokovno in dru\u017eabno sti\u010di\u0161\u010de vseh generacij \u0161tudentov-diplomantov, ki so uspe\u0161no zaklju\u010dili \u0161tudij.\u00a0","breadcrumb":{"@id":"https:\/\/www.scpet.si\/vss\/karierni-center\/alumni-klub-diplomantov\/#breadcrumb"},"inLanguage":"sl-SI","potentialAction":[{"@type":"ReadAction","target":["https:\/\/www.scpet.si\/vss\/karierni-center\/alumni-klub-diplomantov\/"]}]},{"@type":"BreadcrumbList","@id":"https:\/\/www.scpet.si\/vss\/karierni-center\/alumni-klub-diplomantov\/#breadcrumb","itemListElement":[{"@type":"ListItem","position":1,"name":"Home","item":"https:\/\/www.scpet.si\/vss\/"},{"@type":"ListItem","position":2,"name":"Karierni center","item":"https:\/\/www.scpet.si\/vss\/karierni-center\/"},{"@type":"ListItem","position":3,"name":"Alumni klub diplomantov"}]},{"@type":"WebSite","@id":"\/#website","url":"\/","name":"VI\u0160JA STROKOVNA \u0160OLA","description":"Just another \u0160C PET Sites site","potentialAction":[{"@type":"SearchAction","target":{"@type":"EntryPoint","urlTemplate":"\/?s={search_term_string}"},"query-input":"required name=search_term_string"}],"inLanguage":"sl-SI"}]}},"_links":{"self":[{"href":"https:\/\/www.scpet.si\/vss\/wp-json\/wp\/v2\/pages\/326"}],"collection":[{"href":"https:\/\/www.scpet.si\/vss\/wp-json\/wp\/v2\/pages"}],"about":[{"href":"https:\/\/www.scpet.si\/vss\/wp-json\/wp\/v2\/types\/page"}],"author":[{"embeddable":true,"href":"https:\/\/www.scpet.si\/vss\/wp-json\/wp\/v2\/users\/1"}],"replies":[{"embeddable":true,"href":"https:\/\/www.scpet.si\/vss\/wp-json\/wp\/v2\/comments?post=326"}],"version-history":[{"count":0,"href":"https:\/\/www.scpet.si\/vss\/wp-json\/wp\/v2\/pages\/326\/revisions"}],"up":[{"embeddable":true,"href":"https:\/\/www.scpet.si\/vss\/wp-json\/wp\/v2\/pages\/188"}],"wp:attachment":[{"href":"https:\/\/www.scpet.si\/vss\/wp-json\/wp\/v2\/media?parent=326"}],"curies":[{"name":"wp","href":"https:\/\/api.w.org\/{rel}","templated":true}]}}