{"id":331,"date":"2019-12-16T10:06:50","date_gmt":"2019-12-16T09:06:50","guid":{"rendered":"https:\/\/nova.scpet.si\/vss\/student-net\/karierni-center-copy\/"},"modified":"2023-10-26T08:54:40","modified_gmt":"2023-10-26T06:54:40","slug":"diplomski-izpit","status":"publish","type":"page","link":"https:\/\/www.scpet.si\/vss\/studij\/diplomski-izpit\/","title":{"rendered":"Diplomski izpit"},"content":{"rendered":"<div class=\"fusion-fullwidth fullwidth-box fusion-builder-row-1 nonhundred-percent-fullwidth non-hundred-percent-height-scrolling\" style=\"background-color: rgba(255,255,255,0);background-position: center center;background-repeat: no-repeat;padding-top:0px;padding-right:0px;padding-bottom:0px;margin-bottom: 0px;margin-top: 0px;border-width: 0px 0px 0px 0px;border-color:#eae9e9;border-style:solid;\" ><div class=\"fusion-builder-row fusion-row\"><div class=\"fusion-layout-column fusion_builder_column fusion-builder-column-0 fusion_builder_column_1_1 1_1 fusion-one-full fusion-column-first fusion-column-last\" style=\"margin-top:0px;margin-bottom:0px;\"><div class=\"fusion-column-wrapper fusion-flex-column-wrapper-legacy\" style=\"background-position:left top;background-repeat:no-repeat;-webkit-background-size:cover;-moz-background-size:cover;-o-background-size:cover;background-size:cover;padding: 0px 0px 0px 0px;\"><style type=\"text\/css\"><\/style><div class=\"fusion-title title fusion-title-1 fusion-sep-none fusion-title-text fusion-title-size-one\" style=\"margin-top:0px;margin-right:0px;margin-bottom:31px;margin-left:0px;\"><h1 class=\"title-heading-left\" style=\"margin:0;\">Diplomski izpit<\/h1><\/div><div class=\"fusion-text fusion-text-1\"><p>Diplomski izpit je sestavljen in izdelave diplomske naloge in zagovora diplomske naloge pred tri\u010dlansko komisijo. \u0160tudent lahko temo diplomske naloge prijavi, ko ima do konca \u0161tudija najve\u010d 2 izpitni obveznosti.<\/p>\n<p>Najprej si izberete temo diplomske naloge in mentorja. Z njim izpolnite obrazec Prijava teme diplomske naloge in ga oddate v referatu za potrditev na \u0161tudijski komisiji. \u0160tudijska komisija zaseda vsako zadnjo sredo v mesecu, razen v mesecu juliju. Po prejemu sklepa o potrditvi prijave teme diplomske naloge, imate 4 mesece \u010dasa za dokon\u010danje diplomske naloge. To pomeni, da mora biti diplomska naloga vsebinsko, oblikovno in lektorsko urejena.<\/p>\n<p>Ko vam mentor potrdi vsebinski del naloge, po\u0161ljete nalogo v oblikovni pregled, nato pa \u0161e v lektoriranje. Za zagovor diplomske naloge se prijavite v referatu z oddajo 2 izvodov diplomske naloge, fotokopijo osebnega dokumenta, soglasjem mentorja in izjavo o lektoriranju naloge.<\/p>\n<p>Zagovori diplomskih nalog potekajo petkrat letno, in sicer februarja, aprila, junija, septembra in novembra. Za prijavo na enega izmed teh terminov, morate vso dokumentacijo oddati en mesec prej, tj. do dvajsetega v predhodnem mesecu.<\/p>\n<p>Za zagovor diplomske naloge morate pripraviti 10 do 15 minutno predstavitev, ki je ne smete brati. Ob koncu predstavitve sledijo vpra\u0161anja komisije v zvezi z diplomsko nalogo. Po kon\u010danem zagovoru zapustite prostor, komisija pa zaprta za javnost odlo\u010da o uspe\u0161nosti zagovora. Predsednik komisije v imenu \u010dlanov komisije javno oznani, ali ste diplomski izpit opravili ali ne, s kak\u0161no oceno in vam izro\u010di va\u0161 izvod diplomske naloge. V roku sedmih dni po opravljenem diplomskem izpitu na dom prejmete pisno potrdilo o zaklju\u010dku \u0161olanja, ki je veljavno do izdaje diplomske listine.<\/p>\n<\/div><div class=\"fusion-sep-clear\"><\/div><div class=\"fusion-separator fusion-full-width-sep\" style=\"margin-left: auto;margin-right: auto;margin-top:10px;margin-bottom:5px;width:100%;\"><div class=\"fusion-separator-border sep-single sep-solid\" style=\"border-color:#ffffff;border-top-width:1px;\"><\/div><\/div><div class=\"fusion-sep-clear\"><\/div><div class=\"fusion-text fusion-text-2\"><p><strong>Stopnja pridobljene izobrazbe: VI\/1<br \/>\n<\/strong>(povezava: <a href=\"https:\/\/www.nok.si\/\" target=\"_blank\" rel=\"noopener\">SOK &#8211; Slovensko ogrodje kvalifikacij<\/a>, ki predstavlja sistem kvalifikacij v Republiki Sloveniji))<\/p>\n<\/div><div class=\"fusion-text fusion-text-3\"><h3>Kako do diplomskega izpita ?<\/h3>\n<\/div><div class=\"fusion-text fusion-text-4\"><ol>\n<li>Izberem temo diplomske naloge;<\/li>\n<li>Po dogovoru z mentorjem, izbrano temo prijavim v referatu VS\u0160, (obr.<strong>VS\u0160-D-1<\/strong>);<\/li>\n<li>Po\u010dakam na sklep o odobritvi naslova (teme) diplomske naloge;<\/li>\n<li>Do oddaje naloge imam \u010dasa 4 mesece, mentor mi je v pomo\u010d;<\/li>\n<li>Isto\u010dasno z vsebino, pazim tudi na oblikovno ustreznost in pravopis;<\/li>\n<li>Ko kon\u010dam z vsebino, si moram pridobiti soglasje mentorja za oddajo naloge (obr.\u00a0<strong>VS\u0160-D-3<\/strong>);<\/li>\n<li>Preden ve\u017eem nalogo, moram\u00a0poskrbeti,\u00a0da\u00a0bo naloga lektorirana. Lektoriranje lahko organizira referat VS\u0160,\u00a0po ceni 1,2\u20ac\/stran. Izvajalci so preverjeni lektorji,\u00a0zaposleni na \u0160C PET,\u00a0(obr.\u00a0<strong>VS\u0160-D-4<\/strong>);<\/li>\n<li>Nalogo dam obvezno v oblikovni pregled, da pridobim mnenje o obliki v skladu\u00a0z ISO stand.,<\/li>\n<li>Diplomsko nalogo dam vezati v treh izvodih. En izvod dam vezati v trdi vezavi,\u00a0drugi izvodi pa so lahko tudi v spiralni vezavi (dogovor\u00a0\u0161tudenta z\u00a0mentorjem);<\/li>\n<li>Prijavim se na zagovor diplomske naloge in se pripravim na zagovor (projekcija,\u2026)<\/li>\n<li>Po\u010dakam na obvestilo o datumu zagovora (dobim preko e-po\u0161te).<\/li>\n<\/ol>\n<p>Podrobnosti postopka dolo\u010dajo <a href=\"https:\/\/e-ucilnica.scpet.si\/course\/index.php?categoryid=39\" target=\"_blank\" rel=\"noopener\"><strong>Pravila in navodila o diplomskem izpitu<\/strong><\/a><br \/>\n<a href=\"https:\/\/www.scpet.si\/vss\/programi-in-vpis\/ceniki-vss\/\" target=\"_blank\" rel=\"noopener\">Cena diplomskega izpita<\/a>.<\/p>\n<\/div><div class=\"fusion-sep-clear\"><\/div><div class=\"fusion-separator fusion-full-width-sep\" style=\"margin-left: auto;margin-right: auto;margin-top:10px;margin-bottom:5px;width:100%;\"><div class=\"fusion-separator-border sep-single sep-solid\" style=\"border-color:#333333;border-top-width:1px;\"><\/div><\/div><div class=\"fusion-sep-clear\"><\/div><div class=\"fusion-text fusion-text-5\"><p><a href=\"https:\/\/www.scpet.si\/vss\/studij\/diplomski-izpit\/zagovori-diplomskih-nalog\/\" target=\"_blank\" rel=\"noopener\">Zagovori diplomskih nalog<\/a><\/p>\n<\/div><div class=\"fusion-clearfix\"><\/div><\/div><\/div><\/div><\/div>\n","protected":false},"excerpt":{"rendered":"","protected":false},"author":1,"featured_media":0,"parent":135,"menu_order":0,"comment_status":"closed","ping_status":"closed","template":"100-width.php","meta":{"xn-wppe-expiration":[],"xn-wppe-expiration-action":[],"xn-wppe-expiration-prefix":[],"_mi_skip_tracking":false,"_exactmetrics_sitenote_active":false,"_exactmetrics_sitenote_note":"","_exactmetrics_sitenote_category":0},"yoast_head":"<!-- This site is optimized with the Yoast SEO plugin v20.8 - https:\/\/yoast.com\/wordpress\/plugins\/seo\/ -->\n<title>Diplomski izpit - VI\u0160JA STROKOVNA \u0160OLA<\/title>\n<meta name=\"description\" content=\"Diplomski izpit je sestavljen in izdelave diplomske naloge in zagovora diplomske naloge pred tri\u010dlansko komisijo.\" \/>\n<meta name=\"robots\" content=\"index, follow, max-snippet:-1, max-image-preview:large, max-video-preview:-1\" \/>\n<link rel=\"canonical\" href=\"https:\/\/www.scpet.si\/vss\/studij\/diplomski-izpit\/\" \/>\n<meta property=\"og:locale\" content=\"sl_SI\" \/>\n<meta property=\"og:type\" content=\"article\" \/>\n<meta property=\"og:title\" content=\"Diplomski izpit - VI\u0160JA STROKOVNA \u0160OLA\" \/>\n<meta property=\"og:description\" content=\"Diplomski izpit je sestavljen in izdelave diplomske naloge in zagovora diplomske naloge pred tri\u010dlansko komisijo.\" \/>\n<meta property=\"og:url\" content=\"https:\/\/www.scpet.si\/vss\/studij\/diplomski-izpit\/\" \/>\n<meta property=\"og:site_name\" content=\"VI\u0160JA STROKOVNA \u0160OLA\" \/>\n<meta property=\"article:modified_time\" content=\"2023-10-26T06:54:40+00:00\" \/>\n<meta name=\"twitter:card\" content=\"summary_large_image\" \/>\n<meta name=\"twitter:label1\" content=\"Est. reading time\" \/>\n\t<meta name=\"twitter:data1\" content=\"3 minute\" \/>\n<script type=\"application\/ld+json\" class=\"yoast-schema-graph\">{\"@context\":\"https:\/\/schema.org\",\"@graph\":[{\"@type\":\"WebPage\",\"@id\":\"https:\/\/www.scpet.si\/vss\/studij\/diplomski-izpit\/\",\"url\":\"https:\/\/www.scpet.si\/vss\/studij\/diplomski-izpit\/\",\"name\":\"Diplomski izpit - VI\u0160JA STROKOVNA \u0160OLA\",\"isPartOf\":{\"@id\":\"\/#website\"},\"datePublished\":\"2019-12-16T09:06:50+00:00\",\"dateModified\":\"2023-10-26T06:54:40+00:00\",\"description\":\"Diplomski izpit je sestavljen in izdelave diplomske naloge in zagovora diplomske naloge pred tri\u010dlansko komisijo.\",\"breadcrumb\":{\"@id\":\"https:\/\/www.scpet.si\/vss\/studij\/diplomski-izpit\/#breadcrumb\"},\"inLanguage\":\"sl-SI\",\"potentialAction\":[{\"@type\":\"ReadAction\",\"target\":[\"https:\/\/www.scpet.si\/vss\/studij\/diplomski-izpit\/\"]}]},{\"@type\":\"BreadcrumbList\",\"@id\":\"https:\/\/www.scpet.si\/vss\/studij\/diplomski-izpit\/#breadcrumb\",\"itemListElement\":[{\"@type\":\"ListItem\",\"position\":1,\"name\":\"Home\",\"item\":\"https:\/\/www.scpet.si\/vss\/\"},{\"@type\":\"ListItem\",\"position\":2,\"name\":\"\u0160TUDIJ\",\"item\":\"https:\/\/www.scpet.si\/vss\/studij\/\"},{\"@type\":\"ListItem\",\"position\":3,\"name\":\"Diplomski izpit\"}]},{\"@type\":\"WebSite\",\"@id\":\"\/#website\",\"url\":\"\/\",\"name\":\"VI\u0160JA STROKOVNA \u0160OLA\",\"description\":\"Just another \u0160C PET Sites site\",\"potentialAction\":[{\"@type\":\"SearchAction\",\"target\":{\"@type\":\"EntryPoint\",\"urlTemplate\":\"\/?s={search_term_string}\"},\"query-input\":\"required name=search_term_string\"}],\"inLanguage\":\"sl-SI\"}]}<\/script>\n<!-- \/ Yoast SEO plugin. -->","yoast_head_json":{"title":"Diplomski izpit - VI\u0160JA STROKOVNA \u0160OLA","description":"Diplomski izpit je sestavljen in izdelave diplomske naloge in zagovora diplomske naloge pred tri\u010dlansko komisijo.","robots":{"index":"index","follow":"follow","max-snippet":"max-snippet:-1","max-image-preview":"max-image-preview:large","max-video-preview":"max-video-preview:-1"},"canonical":"https:\/\/www.scpet.si\/vss\/studij\/diplomski-izpit\/","og_locale":"sl_SI","og_type":"article","og_title":"Diplomski izpit - VI\u0160JA STROKOVNA \u0160OLA","og_description":"Diplomski izpit je sestavljen in izdelave diplomske naloge in zagovora diplomske naloge pred tri\u010dlansko komisijo.","og_url":"https:\/\/www.scpet.si\/vss\/studij\/diplomski-izpit\/","og_site_name":"VI\u0160JA STROKOVNA \u0160OLA","article_modified_time":"2023-10-26T06:54:40+00:00","twitter_card":"summary_large_image","twitter_misc":{"Est. reading time":"3 minute"},"schema":{"@context":"https:\/\/schema.org","@graph":[{"@type":"WebPage","@id":"https:\/\/www.scpet.si\/vss\/studij\/diplomski-izpit\/","url":"https:\/\/www.scpet.si\/vss\/studij\/diplomski-izpit\/","name":"Diplomski izpit - VI\u0160JA STROKOVNA \u0160OLA","isPartOf":{"@id":"\/#website"},"datePublished":"2019-12-16T09:06:50+00:00","dateModified":"2023-10-26T06:54:40+00:00","description":"Diplomski izpit je sestavljen in izdelave diplomske naloge in zagovora diplomske naloge pred tri\u010dlansko komisijo.","breadcrumb":{"@id":"https:\/\/www.scpet.si\/vss\/studij\/diplomski-izpit\/#breadcrumb"},"inLanguage":"sl-SI","potentialAction":[{"@type":"ReadAction","target":["https:\/\/www.scpet.si\/vss\/studij\/diplomski-izpit\/"]}]},{"@type":"BreadcrumbList","@id":"https:\/\/www.scpet.si\/vss\/studij\/diplomski-izpit\/#breadcrumb","itemListElement":[{"@type":"ListItem","position":1,"name":"Home","item":"https:\/\/www.scpet.si\/vss\/"},{"@type":"ListItem","position":2,"name":"\u0160TUDIJ","item":"https:\/\/www.scpet.si\/vss\/studij\/"},{"@type":"ListItem","position":3,"name":"Diplomski izpit"}]},{"@type":"WebSite","@id":"\/#website","url":"\/","name":"VI\u0160JA STROKOVNA \u0160OLA","description":"Just another \u0160C PET Sites site","potentialAction":[{"@type":"SearchAction","target":{"@type":"EntryPoint","urlTemplate":"\/?s={search_term_string}"},"query-input":"required name=search_term_string"}],"inLanguage":"sl-SI"}]}},"_links":{"self":[{"href":"https:\/\/www.scpet.si\/vss\/wp-json\/wp\/v2\/pages\/331"}],"collection":[{"href":"https:\/\/www.scpet.si\/vss\/wp-json\/wp\/v2\/pages"}],"about":[{"href":"https:\/\/www.scpet.si\/vss\/wp-json\/wp\/v2\/types\/page"}],"author":[{"embeddable":true,"href":"https:\/\/www.scpet.si\/vss\/wp-json\/wp\/v2\/users\/1"}],"replies":[{"embeddable":true,"href":"https:\/\/www.scpet.si\/vss\/wp-json\/wp\/v2\/comments?post=331"}],"version-history":[{"count":0,"href":"https:\/\/www.scpet.si\/vss\/wp-json\/wp\/v2\/pages\/331\/revisions"}],"up":[{"embeddable":true,"href":"https:\/\/www.scpet.si\/vss\/wp-json\/wp\/v2\/pages\/135"}],"wp:attachment":[{"href":"https:\/\/www.scpet.si\/vss\/wp-json\/wp\/v2\/media?parent=331"}],"curies":[{"name":"wp","href":"https:\/\/api.w.org\/{rel}","templated":true}]}}