{"id":457,"date":"2021-04-06T08:25:17","date_gmt":"2021-04-06T06:25:17","guid":{"rendered":"https:\/\/www.scpet.si\/vss\/o-soli\/zaposleni-copy\/"},"modified":"2023-03-20T13:16:11","modified_gmt":"2023-03-20T12:16:11","slug":"predstavitev-sole","status":"publish","type":"page","link":"https:\/\/www.scpet.si\/vss\/o-soli\/predstavitev-sole\/","title":{"rendered":"Predstavitev \u0161ole"},"content":{"rendered":"<p><div class=\"fusion-fullwidth fullwidth-box fusion-builder-row-1 nonhundred-percent-fullwidth non-hundred-percent-height-scrolling\" style=\"background-color: rgba(255,255,255,0);background-position: center center;background-repeat: no-repeat;padding-top:0px;padding-right:0px;padding-bottom:0px;margin-bottom: 0px;margin-top: 0px;border-width: 0px 0px 0px 0px;border-color:#eae9e9;border-style:solid;\" ><div class=\"fusion-builder-row fusion-row\"><div class=\"fusion-layout-column fusion_builder_column fusion-builder-column-0 fusion_builder_column_1_1 1_1 fusion-one-full fusion-column-first fusion-column-last\" style=\"margin-top:0px;margin-bottom:0px;\"><div class=\"fusion-column-wrapper fusion-flex-column-wrapper-legacy\" style=\"background-position:left top;background-repeat:no-repeat;-webkit-background-size:cover;-moz-background-size:cover;-o-background-size:cover;background-size:cover;padding: 0px 0px 0px 0px;\"><style type=\"text\/css\"><\/style><div class=\"fusion-title title fusion-title-1 fusion-sep-none fusion-title-text fusion-title-size-one\" style=\"margin-top:0px;margin-right:0px;margin-bottom:31px;margin-left:0px;\"><h1 class=\"title-heading-left\" style=\"margin:0;\">Predstavitev \u0161ole<\/h1><\/div><div class=\"fusion-clearfix\"><\/div><\/div><\/div><div class=\"fusion-layout-column fusion_builder_column fusion-builder-column-1 fusion_builder_column_1_1 1_1 fusion-one-full fusion-column-first fusion-column-last\" style=\"margin-top:0px;margin-bottom:0px;\"><div class=\"fusion-column-wrapper fusion-flex-column-wrapper-legacy\" style=\"background-position:left top;background-repeat:no-repeat;-webkit-background-size:cover;-moz-background-size:cover;-o-background-size:cover;background-size:cover;padding: 0px 0px 0px 0px;\"><div class=\"fusion-text fusion-text-1\"><p>Vi\u0161ja strokovna \u0161ola deluje kot organizacijska enota javnega vzgojno-izobra\u017eevalnega zavoda \u0160C PET, Ljubljana, vse od leta 1999. Njena dejavnost je izobra\u017eevanje \u0161tudentov rednega in izrednega \u0161tudija, na\u010drtno in sistemati\u010dno posredovanje znanja in ob\u010dih civilizacijskih in kulturnih vrednot s poudarkom na vse\u017eivljenjskem u\u010denju.<\/p>\n<p>Potrebam gospodarstva po na\u010drtnem izobra\u017eevanju kadrov na podro\u010dju telekomunikacij in po\u0161tnega prometa smo prisluhnili \u017ee leta 1996. S pomo\u010djo \u0161tevilnih strokovnjakov iz Telekoma Slovenije, Po\u0161te Slovenije, Javnega zavoda RTV Slovenije, Slovenskih \u017eeleznic, MNZ-ja, MORS-a, Fakultete za elektrotehniko v Ljubljani in drugih smo pripravili javno veljavna izobra\u017eevalna programa Telekomunikacije in Po\u0161tni promet in ju za\u010deli izvajati v letu 1999.<\/p>\n<p>V letih 2006 in 2007 smo bili vklju\u010deni v projekt prenove in posodabljanja obeh \u0161tudijskih programov ter ga tudi uspe\u0161no zaklju\u010dili. Dodali smo nove vsebine, \u0161tudentom omogo\u010dili izbirnost pri \u0161tudiju in programe kreditno ovrednotili (120 KT po ECTS). Prenovljena programa telekomunikacije in ekonomist izvajamo od 2008 dalje. Diplomant\/ka programa telekomunikacij pridobi naziv in\u017eenir\/ka telekomunikacij (in\u017e. ekt), diplomat\/ka programa ekonomist pa ekonomist\/ka (ekon).<\/p>\n<p>Stopnja pridobljene izobrazbe je VI\/1.<\/p>\n<blockquote>\n<p><span style=\"color: #000000;\">\u0160tudijski program Telekomunikacije izvajamo edini v Sloveniji.<\/span><\/p>\n<\/blockquote>\n<\/div><style type=\"text\/css\"><\/style><div class=\"fusion-title title fusion-title-2 fusion-sep-none fusion-title-text fusion-title-size-four\" style=\"margin-top:20px;margin-right:0px;margin-bottom:20px;margin-left:0px;\"><h4 class=\"title-heading-left\" style=\"margin:0;\">MNENJE \u0160TUDENTOV O \u0160TUDIJSKIH PROGRAMIH<\/h4><\/div><div class=\"fusion-clearfix\"><\/div><\/div><\/div><\/div><\/div><div class=\"fusion-fullwidth fullwidth-box fusion-builder-row-2 fusion-flex-container nonhundred-percent-fullwidth non-hundred-percent-height-scrolling\" style=\"background-color: rgba(255,255,255,0);background-position: center center;background-repeat: no-repeat;border-width: 0px 0px 0px 0px;border-color:#eae9e9;border-style:solid;\" ><div class=\"fusion-builder-row fusion-row fusion-flex-align-items-flex-start\" style=\"max-width:1331.2px;margin-left: calc(-4% \/ 2 );margin-right: calc(-4% \/ 2 );\"><div class=\"fusion-layout-column fusion_builder_column fusion-builder-column-2 fusion_builder_column_1_2 1_2 fusion-flex-column\"><div class=\"fusion-column-wrapper fusion-flex-justify-content-flex-start fusion-content-layout-column\" style=\"background-position:left top;background-repeat:no-repeat;-webkit-background-size:cover;-moz-background-size:cover;-o-background-size:cover;background-size:cover;padding: 0px 0px 0px 0px;\"><div class=\"fusion-separator fusion-full-width-sep\" style=\"align-self: center;margin-left: auto;margin-right: auto;margin-top:4px;margin-bottom:4px;width:100%;\"><div class=\"fusion-separator-border sep-double\" style=\"border-color:#e0dede;border-top-width:0px;border-bottom-width:0px;\"><\/div><\/div><div class=\"fusion-text fusion-text-2\"><p><strong>O \u0161tudijskem programu Telekomunikacije, Ma\u0161a Pahulje<\/strong><\/p>\n<p>Za \u0161tudij Telekomunikacij sem se odlo\u010dila, saj me je od vedno zanimal tehnolo\u0161ki pogled na svet. Od kar pomnim me zanima kako delujejo elektronske naprave. Zanima me izbolj\u0161anje in olaj\u0161anje vsakdanjega \u017eivljenja z vpeljavo tehnolo\u0161kih re\u0161itev. \u0160C PET ima odli\u010den dvoletni program, ki omogo\u010da pridobivanje znanja ne samo iz tehni\u010dne stroke, ampak pridobivanje tudi znanja mehkih ve\u0161\u010din. \u0160tudij je ve\u010d kot izobra\u017eevalna ustanova, s primeri iz vsakdanjega \u017eivljenja in dobro prakso nas posku\u0161ajo vpeljati v doma\u010di in tuji gospodarski svet. V\u0161e\u010d mi je to, da je \u0161tudij prilagojen v dobrobit \u0161tudenta in omogo\u010da opravljanje nekaterih predmetov s kolokviji. Prav tako mi je v\u0161e\u010d, da za predavatelje nismo le \u0161tevilka, vedno so nam pripravljeni prisko\u010diti na pomo\u010d. \u0160ola nam tudi omogo\u010da sodelovanje na raznih te\u010dajih in akademijah, ki raz\u0161irjajo na\u0161a obzorja. Za \u0161tudij telekomunikacij, sem se tudi odlo\u010dila zaradi vidika zaposlitvene varnosti. \u0160tudij telekomunikacije omogo\u010da velik izbor nadaljevanja \u0161tudija oziroma zaposlitve.<\/p>\n<\/div><div class=\"fusion-separator fusion-full-width-sep\" style=\"align-self: center;margin-left: auto;margin-right: auto;margin-top:6px;margin-bottom:6px;width:100%;\"><div class=\"fusion-separator-border sep-double\" style=\"border-color:#e0dede;border-top-width:0px;border-bottom-width:0px;\"><\/div><\/div><div class=\"fusion-text fusion-text-3\"><p><strong>Erasmus+ in izku\u0161nje \u0161tudenta rednega \u0161tudija telekomunikacij, Pov\u0161e Nejca<\/strong><\/p>\n<p>Super izku\u0161nja, vsekakor priporo\u010dam. Vztrajno po\u0161iljanje pro\u0161enj je bilo na koncu vendarle uspe\u0161no in prakso sem dobil v organizaciji, kjer sem spoznal veliko novih ljudi ter pridobil dragocene izku\u0161nje s podro\u010dja dela. Za Estonijo in Tallinn sem se odlo\u010dil zaradi dveh razlogov: tehnolo\u0161ka razvitost, ter primerljivost po velikosti ter standardu s Slovenijo. Veliko je start-up podjetij, predvsem na podro\u010dju IT-ja, kar daje mladim prilo\u017enost za vstop na trg dela. Organizacija pri kateri sem opravljal delovno prakso mi je dala precej novega znanja, predvsem na podro\u010dju omre\u017enih ter stre\u017eni\u0161kih infrastruktur. Na podro\u010dju omre\u017eenja sem se priu\u010dil upravljanja z omre\u017enimi napravami proizvajalca Mikrotik, HP iLo in DELL iDRAC, pa sta mi omogo\u010dila \u0161irjenje znanja na podro\u010dju upravljanja s stre\u017eniki.<\/p>\n<p>Vsakomur, ki se bo odlo\u010dil za Erasmus+ prakso svetujem, da naj bo vztrajen bi po\u0161iljanju pro\u0161enj. Za kakr\u0161nokoli pomo\u010d in nasvet pa se lahko vedno obrne tudi na referat ter koordinatorko.<\/p>\n<\/div><\/div><style type=\"text\/css\">.fusion-body .fusion-builder-column-2{width:50% !important;margin-top : 0px;margin-bottom : 0px;}.fusion-builder-column-2 > .fusion-column-wrapper {padding-top : 0px !important;padding-right : 0px !important;margin-right : 3.84%;padding-bottom : 0px !important;padding-left : 0px !important;margin-left : 3.84%;}@media only screen and (max-width:1024px) {.fusion-body .fusion-builder-column-2{width:100% !important;order : 0;}.fusion-builder-column-2 > .fusion-column-wrapper {margin-right : 1.92%;margin-left : 1.92%;}}@media only screen and (max-width:640px) {.fusion-body .fusion-builder-column-2{width:100% !important;order : 0;}.fusion-builder-column-2 > .fusion-column-wrapper {margin-right : 1.92%;margin-left : 1.92%;}}<\/style><\/div><div class=\"fusion-layout-column fusion_builder_column fusion-builder-column-3 fusion_builder_column_1_2 1_2 fusion-flex-column\"><div class=\"fusion-column-wrapper fusion-flex-justify-content-flex-start fusion-content-layout-column\" style=\"background-position:left top;background-repeat:no-repeat;-webkit-background-size:cover;-moz-background-size:cover;-o-background-size:cover;background-size:cover;padding: 0px 0px 0px 0px;\"><div class=\"fusion-separator fusion-full-width-sep\" style=\"align-self: center;margin-left: auto;margin-right: auto;margin-top:4px;margin-bottom:4px;width:100%;\"><div class=\"fusion-separator-border sep-double\" style=\"border-color:#e0dede;border-top-width:0px;border-bottom-width:0px;\"><\/div><\/div><div class=\"fusion-text fusion-text-4\"><p><strong>Erasmus+ in izku\u0161nje \u0161tudentke rednega \u0161tudija ekonomije, Tja\u0161e Tomani\u010d<\/strong><\/p>\n<p>Ko sem ugotovila da imamo Erasmus + na \u0161oli, sem se odlo\u010dila, da se prijavim na uvodno prestavitev koordinatorke za Erasmus, ki je bila kasneje moja \u0161olska mentorica in velika podpora in vzpodbuda. Za\u010dela sem si iskati prakti\u010dno izmenjavo v\u00a0tujini. Pri iskanju podjetja me je vodila vztrajnost in odlo\u010dnost. Po nekaj neuspelih poskusih, sem kon\u010dno dobila pozitiven odgovor in mo\u017enost za opravljanje prakti\u010dnega izobra\u017eevanja, in to v glavnem mestu \u010ce\u0161ke republike, Pragi. V\u00a0podjetju, kjer dela 150 zaposlenih, nas je bilo kar nekaj \u0161tudentov iz tujine, zato sem imela veliko prilo\u017enosti, da si pridobim nove prijatelje iz razli\u010dnih delov sveta. Rada bi povedala, da sem se iz te izku\u0161nje veliko nau\u010dila, ne le pri prakti\u010dnem izobra\u017eevanju in delu, postala sem samostojnej\u0161a, izbolj\u0161ala sem angle\u0161\u010dino, dodatno pridobljene komunikacijske ve\u0161\u010dine, pa mi bodo pomagale pri moji nadaljnji karierni poti, kjerkoli to bo \u2013 v Sloveniji ali v tujini.<\/p>\n<\/div><div class=\"fusion-separator fusion-full-width-sep\" style=\"align-self: center;margin-left: auto;margin-right: auto;margin-top:17px;margin-bottom:20px;width:100%;\"><div class=\"fusion-separator-border sep-double\" style=\"border-color:#e0dede;border-top-width:0px;border-bottom-width:0px;\"><\/div><\/div><div class=\"fusion-text fusion-text-5\"><p><strong>MUNERA 3 in mnenje \u0161tudentke izrednega \u0161tudija \u0161tudijskega programa Ekonomist o projektu, Sare Kevorkijan<\/strong><br \/>\n\u017de nekaj let sem razmi\u0161ljala o vpisu v vi\u0161jo \u0161olo, vendar mi tega finance niso omogo\u010dale. Ko sem izvedela za projekt Munera 3 in mo\u017enost brezpla\u010dnega \u0161tudija za zaposlene, sem takoj izkoristila prilo\u017enost in uresni\u010dila svojo nekajletno \u017eeljo. Navdu\u0161ena sem nad samo idejo projekta, prav tako tudi z izvedbo projekta na VS\u0160 \u0160C PET. Pred mano je samo \u0161e diploma, ki je v moji trenutni slu\u017ebi tudi pogoj za napredovanje. S pridobljenim znanjem in vi\u0161jo stopnjo izobrazbe, pa se mi bodo zagotovo odprla vrata tudi do delovnih mest, ki so mi bila do sedaj nedosegljiva.<\/p>\n<\/div><\/div><style type=\"text\/css\">.fusion-body .fusion-builder-column-3{width:50% !important;margin-top : 0px;margin-bottom : 0px;}.fusion-builder-column-3 > .fusion-column-wrapper {padding-top : 0px !important;padding-right : 0px !important;margin-right : 3.84%;padding-bottom : 0px !important;padding-left : 0px !important;margin-left : 3.84%;}@media only screen and (max-width:1024px) {.fusion-body .fusion-builder-column-3{width:100% !important;order : 0;}.fusion-builder-column-3 > .fusion-column-wrapper {margin-right : 1.92%;margin-left : 1.92%;}}@media only screen and (max-width:640px) {.fusion-body .fusion-builder-column-3{width:100% !important;order : 0;}.fusion-builder-column-3 > .fusion-column-wrapper {margin-right : 1.92%;margin-left : 1.92%;}}<\/style><\/div><\/div><style type=\"text\/css\">.fusion-body .fusion-flex-container.fusion-builder-row-2{ padding-top : 0px;margin-top : 0px;padding-right : 0px;padding-bottom : 0px;margin-bottom : 0px;padding-left : ;}<\/style><\/div><\/p>\n","protected":false},"excerpt":{"rendered":"","protected":false},"author":1,"featured_media":0,"parent":83,"menu_order":0,"comment_status":"closed","ping_status":"closed","template":"100-width.php","meta":{"xn-wppe-expiration":[],"xn-wppe-expiration-action":[],"xn-wppe-expiration-prefix":[],"_mi_skip_tracking":false,"_exactmetrics_sitenote_active":false,"_exactmetrics_sitenote_note":"","_exactmetrics_sitenote_category":0},"yoast_head":"<!-- This site is optimized with the Yoast SEO plugin v20.8 - https:\/\/yoast.com\/wordpress\/plugins\/seo\/ -->\n<title>Predstavitev \u0161ole - VI\u0160JA STROKOVNA \u0160OLA<\/title>\n<meta name=\"description\" content=\"Predstavitev vi\u0161je strokovne \u0161ole - \u0160olski center za po\u0161to, ekonomiijo in telekomunikacije Ljubljana.\" \/>\n<meta name=\"robots\" content=\"index, follow, max-snippet:-1, max-image-preview:large, max-video-preview:-1\" \/>\n<link rel=\"canonical\" href=\"https:\/\/www.scpet.si\/vss\/o-soli\/predstavitev-sole\/\" \/>\n<meta property=\"og:locale\" content=\"sl_SI\" \/>\n<meta property=\"og:type\" content=\"article\" \/>\n<meta property=\"og:title\" content=\"Predstavitev \u0161ole - VI\u0160JA STROKOVNA \u0160OLA\" \/>\n<meta property=\"og:description\" content=\"Predstavitev vi\u0161je strokovne \u0161ole - \u0160olski center za po\u0161to, ekonomiijo in telekomunikacije Ljubljana.\" \/>\n<meta property=\"og:url\" content=\"https:\/\/www.scpet.si\/vss\/o-soli\/predstavitev-sole\/\" \/>\n<meta property=\"og:site_name\" content=\"VI\u0160JA STROKOVNA \u0160OLA\" \/>\n<meta property=\"article:modified_time\" content=\"2023-03-20T12:16:11+00:00\" \/>\n<meta name=\"twitter:card\" content=\"summary_large_image\" \/>\n<meta name=\"twitter:label1\" content=\"Est. reading time\" \/>\n\t<meta name=\"twitter:data1\" content=\"5 minut\" \/>\n<script type=\"application\/ld+json\" class=\"yoast-schema-graph\">{\"@context\":\"https:\/\/schema.org\",\"@graph\":[{\"@type\":\"WebPage\",\"@id\":\"https:\/\/www.scpet.si\/vss\/o-soli\/predstavitev-sole\/\",\"url\":\"https:\/\/www.scpet.si\/vss\/o-soli\/predstavitev-sole\/\",\"name\":\"Predstavitev \u0161ole - VI\u0160JA STROKOVNA \u0160OLA\",\"isPartOf\":{\"@id\":\"\/#website\"},\"datePublished\":\"2021-04-06T06:25:17+00:00\",\"dateModified\":\"2023-03-20T12:16:11+00:00\",\"description\":\"Predstavitev vi\u0161je strokovne \u0161ole - \u0160olski center za po\u0161to, ekonomiijo in telekomunikacije Ljubljana.\",\"breadcrumb\":{\"@id\":\"https:\/\/www.scpet.si\/vss\/o-soli\/predstavitev-sole\/#breadcrumb\"},\"inLanguage\":\"sl-SI\",\"potentialAction\":[{\"@type\":\"ReadAction\",\"target\":[\"https:\/\/www.scpet.si\/vss\/o-soli\/predstavitev-sole\/\"]}]},{\"@type\":\"BreadcrumbList\",\"@id\":\"https:\/\/www.scpet.si\/vss\/o-soli\/predstavitev-sole\/#breadcrumb\",\"itemListElement\":[{\"@type\":\"ListItem\",\"position\":1,\"name\":\"Home\",\"item\":\"https:\/\/www.scpet.si\/vss\/\"},{\"@type\":\"ListItem\",\"position\":2,\"name\":\"O \u0160OLI\",\"item\":\"https:\/\/www.scpet.si\/vss\/o-soli\/\"},{\"@type\":\"ListItem\",\"position\":3,\"name\":\"Predstavitev \u0161ole\"}]},{\"@type\":\"WebSite\",\"@id\":\"\/#website\",\"url\":\"\/\",\"name\":\"VI\u0160JA STROKOVNA \u0160OLA\",\"description\":\"Just another \u0160C PET Sites site\",\"potentialAction\":[{\"@type\":\"SearchAction\",\"target\":{\"@type\":\"EntryPoint\",\"urlTemplate\":\"\/?s={search_term_string}\"},\"query-input\":\"required name=search_term_string\"}],\"inLanguage\":\"sl-SI\"}]}<\/script>\n<!-- \/ Yoast SEO plugin. -->","yoast_head_json":{"title":"Predstavitev \u0161ole - VI\u0160JA STROKOVNA \u0160OLA","description":"Predstavitev vi\u0161je strokovne \u0161ole - \u0160olski center za po\u0161to, ekonomiijo in telekomunikacije Ljubljana.","robots":{"index":"index","follow":"follow","max-snippet":"max-snippet:-1","max-image-preview":"max-image-preview:large","max-video-preview":"max-video-preview:-1"},"canonical":"https:\/\/www.scpet.si\/vss\/o-soli\/predstavitev-sole\/","og_locale":"sl_SI","og_type":"article","og_title":"Predstavitev \u0161ole - VI\u0160JA STROKOVNA \u0160OLA","og_description":"Predstavitev vi\u0161je strokovne \u0161ole - \u0160olski center za po\u0161to, ekonomiijo in telekomunikacije Ljubljana.","og_url":"https:\/\/www.scpet.si\/vss\/o-soli\/predstavitev-sole\/","og_site_name":"VI\u0160JA STROKOVNA \u0160OLA","article_modified_time":"2023-03-20T12:16:11+00:00","twitter_card":"summary_large_image","twitter_misc":{"Est. reading time":"5 minut"},"schema":{"@context":"https:\/\/schema.org","@graph":[{"@type":"WebPage","@id":"https:\/\/www.scpet.si\/vss\/o-soli\/predstavitev-sole\/","url":"https:\/\/www.scpet.si\/vss\/o-soli\/predstavitev-sole\/","name":"Predstavitev \u0161ole - VI\u0160JA STROKOVNA \u0160OLA","isPartOf":{"@id":"\/#website"},"datePublished":"2021-04-06T06:25:17+00:00","dateModified":"2023-03-20T12:16:11+00:00","description":"Predstavitev vi\u0161je strokovne \u0161ole - \u0160olski center za po\u0161to, ekonomiijo in telekomunikacije Ljubljana.","breadcrumb":{"@id":"https:\/\/www.scpet.si\/vss\/o-soli\/predstavitev-sole\/#breadcrumb"},"inLanguage":"sl-SI","potentialAction":[{"@type":"ReadAction","target":["https:\/\/www.scpet.si\/vss\/o-soli\/predstavitev-sole\/"]}]},{"@type":"BreadcrumbList","@id":"https:\/\/www.scpet.si\/vss\/o-soli\/predstavitev-sole\/#breadcrumb","itemListElement":[{"@type":"ListItem","position":1,"name":"Home","item":"https:\/\/www.scpet.si\/vss\/"},{"@type":"ListItem","position":2,"name":"O \u0160OLI","item":"https:\/\/www.scpet.si\/vss\/o-soli\/"},{"@type":"ListItem","position":3,"name":"Predstavitev \u0161ole"}]},{"@type":"WebSite","@id":"\/#website","url":"\/","name":"VI\u0160JA STROKOVNA \u0160OLA","description":"Just another \u0160C PET Sites site","potentialAction":[{"@type":"SearchAction","target":{"@type":"EntryPoint","urlTemplate":"\/?s={search_term_string}"},"query-input":"required name=search_term_string"}],"inLanguage":"sl-SI"}]}},"_links":{"self":[{"href":"https:\/\/www.scpet.si\/vss\/wp-json\/wp\/v2\/pages\/457"}],"collection":[{"href":"https:\/\/www.scpet.si\/vss\/wp-json\/wp\/v2\/pages"}],"about":[{"href":"https:\/\/www.scpet.si\/vss\/wp-json\/wp\/v2\/types\/page"}],"author":[{"embeddable":true,"href":"https:\/\/www.scpet.si\/vss\/wp-json\/wp\/v2\/users\/1"}],"replies":[{"embeddable":true,"href":"https:\/\/www.scpet.si\/vss\/wp-json\/wp\/v2\/comments?post=457"}],"version-history":[{"count":0,"href":"https:\/\/www.scpet.si\/vss\/wp-json\/wp\/v2\/pages\/457\/revisions"}],"up":[{"embeddable":true,"href":"https:\/\/www.scpet.si\/vss\/wp-json\/wp\/v2\/pages\/83"}],"wp:attachment":[{"href":"https:\/\/www.scpet.si\/vss\/wp-json\/wp\/v2\/media?parent=457"}],"curies":[{"name":"wp","href":"https:\/\/api.w.org\/{rel}","templated":true}]}}