{"id":458,"date":"2021-04-06T08:27:10","date_gmt":"2021-04-06T06:27:10","guid":{"rendered":"https:\/\/www.scpet.si\/vss\/o-soli\/zaposleni-copy\/"},"modified":"2022-09-26T13:13:51","modified_gmt":"2022-09-26T11:13:51","slug":"poslanstvo-in-vizija","status":"publish","type":"page","link":"https:\/\/www.scpet.si\/vss\/o-soli\/poslanstvo-in-vizija\/","title":{"rendered":"Poslanstvo in vizija"},"content":{"rendered":"<div class=\"fusion-fullwidth fullwidth-box fusion-builder-row-1 nonhundred-percent-fullwidth non-hundred-percent-height-scrolling\" style=\"background-color: rgba(255,255,255,0);background-position: center center;background-repeat: no-repeat;padding-top:0px;padding-right:0px;padding-bottom:0px;margin-bottom: 0px;margin-top: 0px;border-width: 0px 0px 0px 0px;border-color:#eae9e9;border-style:solid;\" ><div class=\"fusion-builder-row fusion-row\"><div class=\"fusion-layout-column fusion_builder_column fusion-builder-column-0 fusion_builder_column_1_1 1_1 fusion-one-full fusion-column-first fusion-column-last\" style=\"margin-top:0px;margin-bottom:0px;\"><div class=\"fusion-column-wrapper fusion-flex-column-wrapper-legacy\" style=\"background-position:left top;background-repeat:no-repeat;-webkit-background-size:cover;-moz-background-size:cover;-o-background-size:cover;background-size:cover;padding: 0px 0px 0px 0px;\"><style type=\"text\/css\"><\/style><div class=\"fusion-title title fusion-title-1 fusion-sep-none fusion-title-text fusion-title-size-one\" style=\"margin-top:0px;margin-right:0px;margin-bottom:31px;margin-left:0px;\"><h1 class=\"title-heading-left\" style=\"margin:0;\">Poslanstvo in vizija<\/h1><\/div><div class=\"fusion-clearfix\"><\/div><\/div><\/div><div class=\"fusion-layout-column fusion_builder_column fusion-builder-column-1 fusion_builder_column_1_1 1_1 fusion-one-full fusion-column-first fusion-column-last\" style=\"margin-top:0px;margin-bottom:0px;\"><div class=\"fusion-column-wrapper fusion-flex-column-wrapper-legacy\" style=\"background-position:left top;background-repeat:no-repeat;-webkit-background-size:cover;-moz-background-size:cover;-o-background-size:cover;background-size:cover;padding: 0px 0px 0px 0px;\"><div class=\"fusion-text fusion-text-1\"><p style=\"font-weight: 400;\"><strong>POSLANSTVO<\/strong><br \/>\nS kakovostnim izobra\u017eevanjem in kvalitetnimi kadri omogo\u010damo pridobivanje celovitega znanja in ve\u0161\u010din za potrebe informacijsko povezane dru\u017ebe in bolj\u0161e \u017eivljenje posameznika. \u0160tudentom omogo\u010damo, da se splo\u0161na znanja tesno prepletajo s strokovnimi.\u00a0\u0160olo odlikujeta kvalitetna in pro\u017ena programa z vsebinami, ki so prilagojene tako potrebam okolja kot gospodarstva in omogo\u010data vertikalno prehodnost.<br \/>\nVi\u0161ja strokovna \u0161ola izvaja \u0161tudijska programa Telekomunikacije in Ekonomist od leta 1999 dalje.\u00a0Vi\u0161je\u0161olski \u0161tudijski program Telekomunikacije izvajamo edini v Sloveniji.<\/p>\n<p style=\"font-weight: 400;\"><em>Vrednote\u00a0\u0161ole:<\/em>\u00a0strokovnost, odgovornost, inovativnost, kakovostno izobra\u017eevanje, eti\u010dnost, komunikativnost.<br \/>\n<em>Cilji\u00a0\u0161ole:<\/em><\/p>\n<ul style=\"font-weight: 400;\">\n<li>prilagajanje in uporaba primernih u\u010dnih metod in oblik dela,<\/li>\n<li>vklju\u010devanje doma\u010dih in tujih strokovnjakov v izobra\u017eevalni proces,<\/li>\n<li>vklju\u010devanje v\u00a0projekte in sodelovanje z gospodarstvom in drugimi\u00a0partnerji doma in v tujini,<\/li>\n<li>ustvarjanje\u00a0spodbudnega u\u010de\u010dega okolja s sodobnimi u\u010dnimi oblikami, metodami in\u00a0u\u010dno informacijsko tehnologijo,<\/li>\n<li>razvijanje samostojne kriti\u010dne presoje in odgovorno ravnanje,<\/li>\n<li>aktivno sodelovanje\u00a0 s\u00a0stanovskimi organizacijami in zdru\u017eenji na podro\u010dju \u0161olstva in\u00a0stroke,<\/li>\n<li>spodbujanje vse\u017eivljenjskega izobra\u017eevanja.<\/li>\n<\/ul>\n<p style=\"font-weight: 400;\"><strong>VIZIJA<br \/>\n<\/strong>Ohraniti ugled dobre \u0161ole v Sloveniji in postati mednarodno priznana vi\u0161ja strokovna \u0161ola.<\/p>\n<p style=\"font-weight: 400;\">Za doseganje vizije je potrebna odli\u010dnost dela. Zato se vodstvo zavezuje, da bo dosegalo pri\u010dakovanja in zaupanje v institucijo, v pokrajini in \u0161ir\u0161e, s stalnim nadzorom kakovosti in z vedno novimi izbolj\u0161avami na vseh podro\u010djih dela.<\/p>\n<\/div><div class=\"fusion-clearfix\"><\/div><\/div><\/div><\/div><\/div>\n","protected":false},"excerpt":{"rendered":"","protected":false},"author":1,"featured_media":0,"parent":83,"menu_order":0,"comment_status":"closed","ping_status":"closed","template":"100-width.php","meta":{"xn-wppe-expiration":[],"xn-wppe-expiration-action":[],"xn-wppe-expiration-prefix":[],"_mi_skip_tracking":false,"_exactmetrics_sitenote_active":false,"_exactmetrics_sitenote_note":"","_exactmetrics_sitenote_category":0},"yoast_head":"<!-- This site is optimized with the Yoast SEO plugin v20.8 - https:\/\/yoast.com\/wordpress\/plugins\/seo\/ -->\n<title>Poslanstvo in vizija - VI\u0160JA STROKOVNA \u0160OLA<\/title>\n<meta name=\"description\" content=\"S kakovostnim izobra\u017eevanjem in kvalitetnimi kadri omogo\u010damo pridobivanje celovitega znanja, kar je tudi na\u0161e poslanstvo in vizija.\" \/>\n<meta name=\"robots\" content=\"index, follow, max-snippet:-1, max-image-preview:large, max-video-preview:-1\" \/>\n<link rel=\"canonical\" href=\"https:\/\/www.scpet.si\/vss\/o-soli\/poslanstvo-in-vizija\/\" \/>\n<meta property=\"og:locale\" content=\"sl_SI\" \/>\n<meta property=\"og:type\" content=\"article\" \/>\n<meta property=\"og:title\" content=\"Poslanstvo in vizija - VI\u0160JA STROKOVNA \u0160OLA\" \/>\n<meta property=\"og:description\" content=\"S kakovostnim izobra\u017eevanjem in kvalitetnimi kadri omogo\u010damo pridobivanje celovitega znanja, kar je tudi na\u0161e poslanstvo in vizija.\" \/>\n<meta property=\"og:url\" content=\"https:\/\/www.scpet.si\/vss\/o-soli\/poslanstvo-in-vizija\/\" \/>\n<meta property=\"og:site_name\" content=\"VI\u0160JA STROKOVNA \u0160OLA\" \/>\n<meta property=\"article:modified_time\" content=\"2022-09-26T11:13:51+00:00\" \/>\n<meta name=\"twitter:card\" content=\"summary_large_image\" \/>\n<meta name=\"twitter:label1\" content=\"Est. reading time\" \/>\n\t<meta name=\"twitter:data1\" content=\"2 minuti\" \/>\n<script type=\"application\/ld+json\" class=\"yoast-schema-graph\">{\"@context\":\"https:\/\/schema.org\",\"@graph\":[{\"@type\":\"WebPage\",\"@id\":\"https:\/\/www.scpet.si\/vss\/o-soli\/poslanstvo-in-vizija\/\",\"url\":\"https:\/\/www.scpet.si\/vss\/o-soli\/poslanstvo-in-vizija\/\",\"name\":\"Poslanstvo in vizija - VI\u0160JA STROKOVNA \u0160OLA\",\"isPartOf\":{\"@id\":\"\/#website\"},\"datePublished\":\"2021-04-06T06:27:10+00:00\",\"dateModified\":\"2022-09-26T11:13:51+00:00\",\"description\":\"S kakovostnim izobra\u017eevanjem in kvalitetnimi kadri omogo\u010damo pridobivanje celovitega znanja, kar je tudi na\u0161e poslanstvo in vizija.\",\"breadcrumb\":{\"@id\":\"https:\/\/www.scpet.si\/vss\/o-soli\/poslanstvo-in-vizija\/#breadcrumb\"},\"inLanguage\":\"sl-SI\",\"potentialAction\":[{\"@type\":\"ReadAction\",\"target\":[\"https:\/\/www.scpet.si\/vss\/o-soli\/poslanstvo-in-vizija\/\"]}]},{\"@type\":\"BreadcrumbList\",\"@id\":\"https:\/\/www.scpet.si\/vss\/o-soli\/poslanstvo-in-vizija\/#breadcrumb\",\"itemListElement\":[{\"@type\":\"ListItem\",\"position\":1,\"name\":\"Home\",\"item\":\"https:\/\/www.scpet.si\/vss\/\"},{\"@type\":\"ListItem\",\"position\":2,\"name\":\"O \u0160OLI\",\"item\":\"https:\/\/www.scpet.si\/vss\/o-soli\/\"},{\"@type\":\"ListItem\",\"position\":3,\"name\":\"Poslanstvo in vizija\"}]},{\"@type\":\"WebSite\",\"@id\":\"\/#website\",\"url\":\"\/\",\"name\":\"VI\u0160JA STROKOVNA \u0160OLA\",\"description\":\"Just another \u0160C PET Sites site\",\"potentialAction\":[{\"@type\":\"SearchAction\",\"target\":{\"@type\":\"EntryPoint\",\"urlTemplate\":\"\/?s={search_term_string}\"},\"query-input\":\"required name=search_term_string\"}],\"inLanguage\":\"sl-SI\"}]}<\/script>\n<!-- \/ Yoast SEO plugin. -->","yoast_head_json":{"title":"Poslanstvo in vizija - VI\u0160JA STROKOVNA \u0160OLA","description":"S kakovostnim izobra\u017eevanjem in kvalitetnimi kadri omogo\u010damo pridobivanje celovitega znanja, kar je tudi na\u0161e poslanstvo in vizija.","robots":{"index":"index","follow":"follow","max-snippet":"max-snippet:-1","max-image-preview":"max-image-preview:large","max-video-preview":"max-video-preview:-1"},"canonical":"https:\/\/www.scpet.si\/vss\/o-soli\/poslanstvo-in-vizija\/","og_locale":"sl_SI","og_type":"article","og_title":"Poslanstvo in vizija - VI\u0160JA STROKOVNA \u0160OLA","og_description":"S kakovostnim izobra\u017eevanjem in kvalitetnimi kadri omogo\u010damo pridobivanje celovitega znanja, kar je tudi na\u0161e poslanstvo in vizija.","og_url":"https:\/\/www.scpet.si\/vss\/o-soli\/poslanstvo-in-vizija\/","og_site_name":"VI\u0160JA STROKOVNA \u0160OLA","article_modified_time":"2022-09-26T11:13:51+00:00","twitter_card":"summary_large_image","twitter_misc":{"Est. reading time":"2 minuti"},"schema":{"@context":"https:\/\/schema.org","@graph":[{"@type":"WebPage","@id":"https:\/\/www.scpet.si\/vss\/o-soli\/poslanstvo-in-vizija\/","url":"https:\/\/www.scpet.si\/vss\/o-soli\/poslanstvo-in-vizija\/","name":"Poslanstvo in vizija - VI\u0160JA STROKOVNA \u0160OLA","isPartOf":{"@id":"\/#website"},"datePublished":"2021-04-06T06:27:10+00:00","dateModified":"2022-09-26T11:13:51+00:00","description":"S kakovostnim izobra\u017eevanjem in kvalitetnimi kadri omogo\u010damo pridobivanje celovitega znanja, kar je tudi na\u0161e poslanstvo in vizija.","breadcrumb":{"@id":"https:\/\/www.scpet.si\/vss\/o-soli\/poslanstvo-in-vizija\/#breadcrumb"},"inLanguage":"sl-SI","potentialAction":[{"@type":"ReadAction","target":["https:\/\/www.scpet.si\/vss\/o-soli\/poslanstvo-in-vizija\/"]}]},{"@type":"BreadcrumbList","@id":"https:\/\/www.scpet.si\/vss\/o-soli\/poslanstvo-in-vizija\/#breadcrumb","itemListElement":[{"@type":"ListItem","position":1,"name":"Home","item":"https:\/\/www.scpet.si\/vss\/"},{"@type":"ListItem","position":2,"name":"O \u0160OLI","item":"https:\/\/www.scpet.si\/vss\/o-soli\/"},{"@type":"ListItem","position":3,"name":"Poslanstvo in vizija"}]},{"@type":"WebSite","@id":"\/#website","url":"\/","name":"VI\u0160JA STROKOVNA \u0160OLA","description":"Just another \u0160C PET Sites site","potentialAction":[{"@type":"SearchAction","target":{"@type":"EntryPoint","urlTemplate":"\/?s={search_term_string}"},"query-input":"required name=search_term_string"}],"inLanguage":"sl-SI"}]}},"_links":{"self":[{"href":"https:\/\/www.scpet.si\/vss\/wp-json\/wp\/v2\/pages\/458"}],"collection":[{"href":"https:\/\/www.scpet.si\/vss\/wp-json\/wp\/v2\/pages"}],"about":[{"href":"https:\/\/www.scpet.si\/vss\/wp-json\/wp\/v2\/types\/page"}],"author":[{"embeddable":true,"href":"https:\/\/www.scpet.si\/vss\/wp-json\/wp\/v2\/users\/1"}],"replies":[{"embeddable":true,"href":"https:\/\/www.scpet.si\/vss\/wp-json\/wp\/v2\/comments?post=458"}],"version-history":[{"count":0,"href":"https:\/\/www.scpet.si\/vss\/wp-json\/wp\/v2\/pages\/458\/revisions"}],"up":[{"embeddable":true,"href":"https:\/\/www.scpet.si\/vss\/wp-json\/wp\/v2\/pages\/83"}],"wp:attachment":[{"href":"https:\/\/www.scpet.si\/vss\/wp-json\/wp\/v2\/media?parent=458"}],"curies":[{"name":"wp","href":"https:\/\/api.w.org\/{rel}","templated":true}]}}