{"id":459,"date":"2021-04-06T08:32:31","date_gmt":"2021-04-06T06:32:31","guid":{"rendered":"https:\/\/www.scpet.si\/vss\/o-soli\/poslanstvo-in-vizija-copy\/"},"modified":"2025-11-18T09:51:37","modified_gmt":"2025-11-18T08:51:37","slug":"organi-sole","status":"publish","type":"page","link":"https:\/\/www.scpet.si\/vss\/o-soli\/organi-sole\/","title":{"rendered":"Organi \u0161ole"},"content":{"rendered":"<div class=\"fusion-fullwidth fullwidth-box fusion-builder-row-1 nonhundred-percent-fullwidth non-hundred-percent-height-scrolling\" style=\"background-color: rgba(255,255,255,0);background-position: center center;background-repeat: no-repeat;padding-top:0px;padding-right:0px;padding-bottom:0px;margin-bottom: 0px;margin-top: 0px;border-width: 0px 0px 0px 0px;border-color:#eae9e9;border-style:solid;\" ><div class=\"fusion-builder-row fusion-row\"><div class=\"fusion-layout-column fusion_builder_column fusion-builder-column-0 fusion_builder_column_1_1 1_1 fusion-one-full fusion-column-first fusion-column-last\" style=\"margin-top:0px;margin-bottom:0px;\"><div class=\"fusion-column-wrapper fusion-flex-column-wrapper-legacy\" style=\"background-position:left top;background-repeat:no-repeat;-webkit-background-size:cover;-moz-background-size:cover;-o-background-size:cover;background-size:cover;padding: 0px 0px 0px 0px;\"><style type=\"text\/css\"><\/style><div class=\"fusion-title title fusion-title-1 fusion-sep-none fusion-title-text fusion-title-size-one\" style=\"margin-top:0px;margin-right:0px;margin-bottom:31px;margin-left:0px;\"><h1 class=\"title-heading-left\" style=\"margin:0;\">Organi \u0161ole<\/h1><\/div><div class=\"fusion-text fusion-text-1\"><p><strong>RAVNATELJ<\/strong><\/p>\n<p>Pristojnosti ravnatelj so zapisane v XXIII. \u010dlenu Sklepa o ustanovitvi javnega vzgojno-izobra\u017eevalnega zavoda \u00bb\u0160olski center za po\u0161to, ekonomijo in telekomunikacije Ljubljana\u00ab. Pri svojem delu vodstvo sledi spremembam na podro\u010dju zakonodaje (novi zakonski predpisi), na podro\u010dju vsebin (spremembe u\u010dnih na\u010drtov) in na podro\u010dju metodi\u010dnih, didakti\u010dnih in psiholo\u0161kih znanj. Povezuje se z Ministrstvom Republike Slovenije za izobra\u017eevanje, znanost in \u0161port, z ustanovitelji in soustanovitelji \u0161ole, z delavci vi\u0161je \u0161ole, \u0161tudenti, delavci ostalih enot centra PET in z drugimi institucijami.<\/p>\n<\/div><div class=\"fusion-sep-clear\"><\/div><div class=\"fusion-separator fusion-full-width-sep\" style=\"margin-left: auto;margin-right: auto;margin-top:28px;width:100%;\"><\/div><div class=\"fusion-sep-clear\"><\/div><div class=\"fusion-text fusion-text-2\"><p><strong>PREDAVATELJSKI ZBOR<br \/>\n<\/strong><\/p>\n<\/div><div class=\"fusion-sep-clear\"><\/div><div class=\"fusion-separator fusion-full-width-sep\" style=\"margin-left: auto;margin-right: auto;margin-top:20px;width:100%;\"><\/div><div class=\"fusion-sep-clear\"><\/div><div class=\"fusion-text fusion-text-3\"><p><strong>STRATE\u0160KI SVET v 2024\/25<\/strong><\/p>\n<\/div><div class=\"fusion-text fusion-text-4\"><p><strong>predstavniki predavateljev:<\/strong><\/p>\n<ul>\n<li>mag. Janez An\u017ei\u010d (TK), predsednik<\/li>\n<li>Sa\u0161a Plemenita\u0161, univ. dipl. ekon. (EKO)<\/li>\n<li>Vinko Filipi\u010d, univ. dipl. ekon. (EKO)<\/li>\n<\/ul>\n<p><strong>predstavnika \u0161tudentov in predstavnik diplomantov:<\/strong><\/p>\n<ul>\n<li>Peter Levart (predstavnik diplomantov)<\/li>\n<li>Rok Maver, \u0161tudent TK<\/li>\n<li>Miha Vali\u010d, \u0161tudent EKO<\/li>\n<\/ul>\n<p><strong>predstavnika delodajalcev:<\/strong><\/p>\n<ul>\n<li>mag. Sa\u0161o Turk (predstavnik gospodarstva)<\/li>\n<li>Andreja Lampe (predstavnica GZS)<\/li>\n<\/ul>\n<\/div><div class=\"fusion-sep-clear\"><\/div><div class=\"fusion-separator fusion-full-width-sep\" style=\"margin-left: auto;margin-right: auto;margin-top:20px;width:100%;\"><\/div><div class=\"fusion-sep-clear\"><\/div><div class=\"fusion-text fusion-text-5\"><p><strong>\u0160TUDIJSKA KOMISIJA (2024\/25)<\/strong><\/p>\n<ul>\n<li>dr. Ur\u0161ka Vidmar \/EKO\/, <a href=\"mailto:urska.vidmar@scpet.si\">urska.vidmar@scpet.si<\/a>, predsednica<\/li>\n<li>Miha Bukovec \/TK\/, <a href=\"mailto:miha.bukovec@rtvslo.si\">miha.bukovec@rtvslo.si<\/a>, \u010dlan<\/li>\n<li>Darko Rupret \/EKO\/, <a href=\"mailto:darko.rupret@scpet.si\">darko.rupret@scpet.si<\/a>, \u010dlan<\/li>\n<\/ul>\n<\/div><div class=\"fusion-sep-clear\"><\/div><div class=\"fusion-separator fusion-full-width-sep\" style=\"margin-left: auto;margin-right: auto;margin-top:20px;width:100%;\"><\/div><div class=\"fusion-sep-clear\"><\/div><div class=\"fusion-text fusion-text-6\"><p><strong>KOMISIJA ZA SPREMLJANJE IN ZAGOTAVLJANJE KAKOVOSTI (2025\/26)<\/strong><\/p>\n<ul>\n<li>mag. Alojz Hudobivnik \/TK\/, predsednik<\/li>\n<li>dr. Samo Bo\u017ei\u010d \/TK\/<\/li>\n<li>mag. Ludvik Pevec \/EKO\/<\/li>\n<li>dr. Toma\u017e Fink\u0161t \/EKO in TK\/<\/li>\n<li>dr. Helena Pov\u0161e \/EKO\/<\/li>\n<li>Jahja Ja\u0161arevi\u0107 \/TK\/<\/li>\n<li>Dominik Bizjak \/EKO\/<\/li>\n<\/ul>\n<\/div><div class=\"fusion-clearfix\"><\/div><\/div><\/div><\/div><\/div>\n","protected":false},"excerpt":{"rendered":"","protected":false},"author":1,"featured_media":0,"parent":83,"menu_order":0,"comment_status":"closed","ping_status":"closed","template":"100-width.php","meta":{"xn-wppe-expiration":[],"xn-wppe-expiration-action":[],"xn-wppe-expiration-prefix":[],"_mi_skip_tracking":false,"_exactmetrics_sitenote_active":false,"_exactmetrics_sitenote_note":"","_exactmetrics_sitenote_category":0},"yoast_head":"<!-- This site is optimized with the Yoast SEO plugin v20.8 - https:\/\/yoast.com\/wordpress\/plugins\/seo\/ -->\n<title>Organi \u0161ole - VI\u0160JA STROKOVNA \u0160OLA<\/title>\n<meta name=\"description\" content=\"Organi \u0161ole - Vi\u0161ja strokovna \u0161ola - \u0160olski center za po\u0161to, ekonomijo in telekomunikacije Ljubljana.\" \/>\n<meta name=\"robots\" content=\"index, follow, max-snippet:-1, max-image-preview:large, max-video-preview:-1\" \/>\n<link rel=\"canonical\" href=\"https:\/\/www.scpet.si\/vss\/o-soli\/organi-sole\/\" \/>\n<meta property=\"og:locale\" content=\"sl_SI\" \/>\n<meta property=\"og:type\" content=\"article\" \/>\n<meta property=\"og:title\" content=\"Organi \u0161ole - VI\u0160JA STROKOVNA \u0160OLA\" \/>\n<meta property=\"og:description\" content=\"Organi \u0161ole - Vi\u0161ja strokovna \u0161ola - \u0160olski center za po\u0161to, ekonomijo in telekomunikacije Ljubljana.\" \/>\n<meta property=\"og:url\" content=\"https:\/\/www.scpet.si\/vss\/o-soli\/organi-sole\/\" \/>\n<meta property=\"og:site_name\" content=\"VI\u0160JA STROKOVNA \u0160OLA\" \/>\n<meta property=\"article:modified_time\" content=\"2025-11-18T08:51:37+00:00\" \/>\n<meta name=\"twitter:card\" content=\"summary_large_image\" \/>\n<meta name=\"twitter:label1\" content=\"Est. reading time\" \/>\n\t<meta name=\"twitter:data1\" content=\"3 minute\" \/>\n<script type=\"application\/ld+json\" class=\"yoast-schema-graph\">{\"@context\":\"https:\/\/schema.org\",\"@graph\":[{\"@type\":\"WebPage\",\"@id\":\"https:\/\/www.scpet.si\/vss\/o-soli\/organi-sole\/\",\"url\":\"https:\/\/www.scpet.si\/vss\/o-soli\/organi-sole\/\",\"name\":\"Organi \u0161ole - VI\u0160JA STROKOVNA \u0160OLA\",\"isPartOf\":{\"@id\":\"\/#website\"},\"datePublished\":\"2021-04-06T06:32:31+00:00\",\"dateModified\":\"2025-11-18T08:51:37+00:00\",\"description\":\"Organi \u0161ole - Vi\u0161ja strokovna \u0161ola - \u0160olski center za po\u0161to, ekonomijo in telekomunikacije Ljubljana.\",\"breadcrumb\":{\"@id\":\"https:\/\/www.scpet.si\/vss\/o-soli\/organi-sole\/#breadcrumb\"},\"inLanguage\":\"sl-SI\",\"potentialAction\":[{\"@type\":\"ReadAction\",\"target\":[\"https:\/\/www.scpet.si\/vss\/o-soli\/organi-sole\/\"]}]},{\"@type\":\"BreadcrumbList\",\"@id\":\"https:\/\/www.scpet.si\/vss\/o-soli\/organi-sole\/#breadcrumb\",\"itemListElement\":[{\"@type\":\"ListItem\",\"position\":1,\"name\":\"Home\",\"item\":\"https:\/\/www.scpet.si\/vss\/\"},{\"@type\":\"ListItem\",\"position\":2,\"name\":\"O \u0160OLI\",\"item\":\"https:\/\/www.scpet.si\/vss\/o-soli\/\"},{\"@type\":\"ListItem\",\"position\":3,\"name\":\"Organi \u0161ole\"}]},{\"@type\":\"WebSite\",\"@id\":\"\/#website\",\"url\":\"\/\",\"name\":\"VI\u0160JA STROKOVNA \u0160OLA\",\"description\":\"Just another \u0160C PET Sites site\",\"potentialAction\":[{\"@type\":\"SearchAction\",\"target\":{\"@type\":\"EntryPoint\",\"urlTemplate\":\"\/?s={search_term_string}\"},\"query-input\":\"required name=search_term_string\"}],\"inLanguage\":\"sl-SI\"}]}<\/script>\n<!-- \/ Yoast SEO plugin. -->","yoast_head_json":{"title":"Organi \u0161ole - VI\u0160JA STROKOVNA \u0160OLA","description":"Organi \u0161ole - Vi\u0161ja strokovna \u0161ola - \u0160olski center za po\u0161to, ekonomijo in telekomunikacije Ljubljana.","robots":{"index":"index","follow":"follow","max-snippet":"max-snippet:-1","max-image-preview":"max-image-preview:large","max-video-preview":"max-video-preview:-1"},"canonical":"https:\/\/www.scpet.si\/vss\/o-soli\/organi-sole\/","og_locale":"sl_SI","og_type":"article","og_title":"Organi \u0161ole - VI\u0160JA STROKOVNA \u0160OLA","og_description":"Organi \u0161ole - Vi\u0161ja strokovna \u0161ola - \u0160olski center za po\u0161to, ekonomijo in telekomunikacije Ljubljana.","og_url":"https:\/\/www.scpet.si\/vss\/o-soli\/organi-sole\/","og_site_name":"VI\u0160JA STROKOVNA \u0160OLA","article_modified_time":"2025-11-18T08:51:37+00:00","twitter_card":"summary_large_image","twitter_misc":{"Est. reading time":"3 minute"},"schema":{"@context":"https:\/\/schema.org","@graph":[{"@type":"WebPage","@id":"https:\/\/www.scpet.si\/vss\/o-soli\/organi-sole\/","url":"https:\/\/www.scpet.si\/vss\/o-soli\/organi-sole\/","name":"Organi \u0161ole - VI\u0160JA STROKOVNA \u0160OLA","isPartOf":{"@id":"\/#website"},"datePublished":"2021-04-06T06:32:31+00:00","dateModified":"2025-11-18T08:51:37+00:00","description":"Organi \u0161ole - Vi\u0161ja strokovna \u0161ola - \u0160olski center za po\u0161to, ekonomijo in telekomunikacije Ljubljana.","breadcrumb":{"@id":"https:\/\/www.scpet.si\/vss\/o-soli\/organi-sole\/#breadcrumb"},"inLanguage":"sl-SI","potentialAction":[{"@type":"ReadAction","target":["https:\/\/www.scpet.si\/vss\/o-soli\/organi-sole\/"]}]},{"@type":"BreadcrumbList","@id":"https:\/\/www.scpet.si\/vss\/o-soli\/organi-sole\/#breadcrumb","itemListElement":[{"@type":"ListItem","position":1,"name":"Home","item":"https:\/\/www.scpet.si\/vss\/"},{"@type":"ListItem","position":2,"name":"O \u0160OLI","item":"https:\/\/www.scpet.si\/vss\/o-soli\/"},{"@type":"ListItem","position":3,"name":"Organi \u0161ole"}]},{"@type":"WebSite","@id":"\/#website","url":"\/","name":"VI\u0160JA STROKOVNA \u0160OLA","description":"Just another \u0160C PET Sites site","potentialAction":[{"@type":"SearchAction","target":{"@type":"EntryPoint","urlTemplate":"\/?s={search_term_string}"},"query-input":"required name=search_term_string"}],"inLanguage":"sl-SI"}]}},"_links":{"self":[{"href":"https:\/\/www.scpet.si\/vss\/wp-json\/wp\/v2\/pages\/459"}],"collection":[{"href":"https:\/\/www.scpet.si\/vss\/wp-json\/wp\/v2\/pages"}],"about":[{"href":"https:\/\/www.scpet.si\/vss\/wp-json\/wp\/v2\/types\/page"}],"author":[{"embeddable":true,"href":"https:\/\/www.scpet.si\/vss\/wp-json\/wp\/v2\/users\/1"}],"replies":[{"embeddable":true,"href":"https:\/\/www.scpet.si\/vss\/wp-json\/wp\/v2\/comments?post=459"}],"version-history":[{"count":0,"href":"https:\/\/www.scpet.si\/vss\/wp-json\/wp\/v2\/pages\/459\/revisions"}],"up":[{"embeddable":true,"href":"https:\/\/www.scpet.si\/vss\/wp-json\/wp\/v2\/pages\/83"}],"wp:attachment":[{"href":"https:\/\/www.scpet.si\/vss\/wp-json\/wp\/v2\/media?parent=459"}],"curies":[{"name":"wp","href":"https:\/\/api.w.org\/{rel}","templated":true}]}}