{"id":515,"date":"2021-06-01T08:05:57","date_gmt":"2021-06-01T06:05:57","guid":{"rendered":"https:\/\/www.scpet.si\/vss\/podporne-sluzbe\/racunovodstvo-copy\/"},"modified":"2022-09-23T10:13:12","modified_gmt":"2022-09-23T08:13:12","slug":"razmnozevanje-gradiv","status":"publish","type":"page","link":"https:\/\/www.scpet.si\/vss\/kontakti\/podporne-sluzbe-vss\/razmnozevanje-gradiv\/","title":{"rendered":"Razmno\u017eevanje gradiv"},"content":{"rendered":"<div class=\"fusion-fullwidth fullwidth-box fusion-builder-row-1 nonhundred-percent-fullwidth non-hundred-percent-height-scrolling\" style=\"background-color: rgba(255,255,255,0);background-position: center center;background-repeat: no-repeat;padding-top:0px;padding-right:0px;padding-bottom:0px;margin-bottom: 0px;margin-top: 0px;border-width: 0px 0px 0px 0px;border-color:#eae9e9;border-style:solid;\" ><div class=\"fusion-builder-row fusion-row\"><div class=\"fusion-layout-column fusion_builder_column fusion-builder-column-0 fusion_builder_column_1_1 1_1 fusion-one-full fusion-column-first fusion-column-last\" style=\"margin-top:0px;margin-bottom:0px;\"><div class=\"fusion-column-wrapper fusion-flex-column-wrapper-legacy\" style=\"background-position:left top;background-repeat:no-repeat;-webkit-background-size:cover;-moz-background-size:cover;-o-background-size:cover;background-size:cover;padding: 0px 0px 0px 0px;\"><style type=\"text\/css\"><\/style><div class=\"fusion-title title fusion-title-1 fusion-sep-none fusion-title-text fusion-title-size-one\" style=\"margin-top:0px;margin-right:0px;margin-bottom:31px;margin-left:0px;\"><h1 class=\"title-heading-left\" style=\"margin:0;\">Razmno\u017eevanje gradiv<\/h1><\/div><div class=\"fusion-text fusion-text-1\"><p><strong>COPIPLUS d.o.o.<\/strong><br \/>\nMedenska c. 41<br \/>\n1000 Ljubljana<\/p>\n<p>V kletnih prostorih \u0160C PET, Celjska ulica 16, Ljubljana, izvajamo naslednje storitve:<\/p>\n<ul>\n<li>fotokopiranje,<\/li>\n<li>printanje,<\/li>\n<li>digitalni tisk.<\/li>\n<li>offset tisk,<\/li>\n<li>izdelava plakatov,<\/li>\n<li>vezave (ibico, termo),<\/li>\n<li>tisk in vezava dipl nalog, mag. del in dokt. disertacij,<\/li>\n<li>ka\u0161iranje,<\/li>\n<li>plastificiranje.<\/li>\n<\/ul>\n<\/div><div class=\"fusion-sep-clear\"><\/div><div class=\"fusion-separator fusion-full-width-sep\" style=\"margin-left: auto;margin-right: auto;margin-bottom:40px;width:100%;\"><\/div><div class=\"fusion-sep-clear\"><\/div><div class=\"fusion-text fusion-text-2\"><p><strong>URADNE URE: <\/strong><\/p>\n<table class=\"table-1\" width=\"400\">\n<tbody>\n<tr>\n<td width=\"32%\">dan<\/td>\n<td width=\"32%\">delovni \u010das<\/td>\n<\/tr>\n<tr>\n<td width=\"32%\">Ponedeljek<\/td>\n<td width=\"32%\">8<sup>00<\/sup>-15<sup>30<\/sup><\/td>\n<\/tr>\n<tr>\n<td width=\"32%\">Torek<\/td>\n<td width=\"32%\">8<sup>00<\/sup>-15<sup>30<\/sup><\/td>\n<\/tr>\n<tr>\n<td width=\"32%\">Sreda<\/td>\n<td width=\"32%\">8<sup>00<\/sup>-15<sup>30<\/sup><\/td>\n<\/tr>\n<tr>\n<td width=\"32%\">\u010cetrtek<\/td>\n<td width=\"32%\">8<sup>00<\/sup>-15<sup>30<\/sup><\/td>\n<\/tr>\n<tr>\n<td width=\"32%\">Petek<\/td>\n<td width=\"32%\">8<sup>00<\/sup>-15<sup>30<\/sup><\/td>\n<\/tr>\n<\/tbody>\n<\/table>\n<\/div><div class=\"fusion-sep-clear\"><\/div><div class=\"fusion-separator fusion-full-width-sep\" style=\"margin-left: auto;margin-right: auto;margin-bottom:20px;width:100%;\"><\/div><div class=\"fusion-sep-clear\"><\/div><div class=\"fusion-text fusion-text-3\"><p><strong>Poletni delovni \u010das (2019):<\/strong><br \/>\nod 13. 6. do 14. 6. (8.00 do 11.00)<br \/>\nod 17. 6. do 24. 6. (8.00 do 11.00)<br \/>\nod 1. 7. do 8. 7. (8.00 do 10.00)<\/p>\n<div class=\"fusion-sep-clear\"><\/div><div class=\"fusion-separator fusion-full-width-sep\" style=\"margin-left: auto;margin-right: auto;margin-top:20px;width:100%;\"><\/div><div class=\"fusion-sep-clear\"><\/div>\n<p>Telefon: <a href=\"tel:0038640814995\">040 814 995<\/a><br \/>\ne-po\u0161ta:\u00a0<u><a href=\"mailto:info@copiplus.si\">info@copiplus.si<\/a><\/u><\/p>\n<\/div><div class=\"fusion-sep-clear\"><\/div><div class=\"fusion-separator fusion-full-width-sep\" style=\"margin-left: auto;margin-right: auto;margin-bottom:20px;width:100%;\"><\/div><div class=\"fusion-sep-clear\"><\/div><div class=\"fusion-text fusion-text-4\"><p><strong>Drugi pomembni podatki:<\/strong><\/p>\n<table class=\"table-1\" width=\"400\">\n<tbody>\n<tr>\n<td width=\"32%\">Mati\u010dna \u0161tevilka<\/td>\n<td width=\"32%\">6359787<\/td>\n<\/tr>\n<tr>\n<td width=\"32%\">Dav\u010dna \u0161tevilka<\/td>\n<td width=\"32%\">SI39738337<\/td>\n<\/tr>\n<\/tbody>\n<\/table>\n<\/div><div class=\"fusion-clearfix\"><\/div><\/div><\/div><\/div><\/div>\n","protected":false},"excerpt":{"rendered":"","protected":false},"author":1,"featured_media":0,"parent":508,"menu_order":0,"comment_status":"closed","ping_status":"closed","template":"100-width.php","meta":{"xn-wppe-expiration":[],"xn-wppe-expiration-action":[],"xn-wppe-expiration-prefix":[],"_mi_skip_tracking":false,"_exactmetrics_sitenote_active":false,"_exactmetrics_sitenote_note":"","_exactmetrics_sitenote_category":0},"yoast_head":"<!-- This site is optimized with the Yoast SEO plugin v20.8 - https:\/\/yoast.com\/wordpress\/plugins\/seo\/ -->\n<title>Razmno\u017eevanje gradiv - VI\u0160JA STROKOVNA \u0160OLA<\/title>\n<meta name=\"description\" content=\"Razmno\u017eevanje gradiv - \u0160olski center za po\u0161to, ekonomijo in telekomunikacije Ljubljana - Vi\u0161ja strokovna \u0161ola.\" \/>\n<meta name=\"robots\" content=\"index, follow, max-snippet:-1, max-image-preview:large, max-video-preview:-1\" \/>\n<link rel=\"canonical\" href=\"https:\/\/www.scpet.si\/vss\/kontakti\/podporne-sluzbe-vss\/razmnozevanje-gradiv\/\" \/>\n<meta property=\"og:locale\" content=\"sl_SI\" \/>\n<meta property=\"og:type\" content=\"article\" \/>\n<meta property=\"og:title\" content=\"Razmno\u017eevanje gradiv - VI\u0160JA STROKOVNA \u0160OLA\" \/>\n<meta property=\"og:description\" content=\"Razmno\u017eevanje gradiv - \u0160olski center za po\u0161to, ekonomijo in telekomunikacije Ljubljana - Vi\u0161ja strokovna \u0161ola.\" \/>\n<meta property=\"og:url\" content=\"https:\/\/www.scpet.si\/vss\/kontakti\/podporne-sluzbe-vss\/razmnozevanje-gradiv\/\" \/>\n<meta property=\"og:site_name\" content=\"VI\u0160JA STROKOVNA \u0160OLA\" \/>\n<meta property=\"article:modified_time\" content=\"2022-09-23T08:13:12+00:00\" \/>\n<meta name=\"twitter:card\" content=\"summary_large_image\" \/>\n<meta name=\"twitter:label1\" content=\"Est. reading time\" \/>\n\t<meta name=\"twitter:data1\" content=\"5 minut\" \/>\n<script type=\"application\/ld+json\" class=\"yoast-schema-graph\">{\"@context\":\"https:\/\/schema.org\",\"@graph\":[{\"@type\":\"WebPage\",\"@id\":\"https:\/\/www.scpet.si\/vss\/kontakti\/podporne-sluzbe-vss\/razmnozevanje-gradiv\/\",\"url\":\"https:\/\/www.scpet.si\/vss\/kontakti\/podporne-sluzbe-vss\/razmnozevanje-gradiv\/\",\"name\":\"Razmno\u017eevanje gradiv - VI\u0160JA STROKOVNA \u0160OLA\",\"isPartOf\":{\"@id\":\"\/#website\"},\"datePublished\":\"2021-06-01T06:05:57+00:00\",\"dateModified\":\"2022-09-23T08:13:12+00:00\",\"description\":\"Razmno\u017eevanje gradiv - \u0160olski center za po\u0161to, ekonomijo in telekomunikacije Ljubljana - Vi\u0161ja strokovna \u0161ola.\",\"breadcrumb\":{\"@id\":\"https:\/\/www.scpet.si\/vss\/kontakti\/podporne-sluzbe-vss\/razmnozevanje-gradiv\/#breadcrumb\"},\"inLanguage\":\"sl-SI\",\"potentialAction\":[{\"@type\":\"ReadAction\",\"target\":[\"https:\/\/www.scpet.si\/vss\/kontakti\/podporne-sluzbe-vss\/razmnozevanje-gradiv\/\"]}]},{\"@type\":\"BreadcrumbList\",\"@id\":\"https:\/\/www.scpet.si\/vss\/kontakti\/podporne-sluzbe-vss\/razmnozevanje-gradiv\/#breadcrumb\",\"itemListElement\":[{\"@type\":\"ListItem\",\"position\":1,\"name\":\"Home\",\"item\":\"https:\/\/www.scpet.si\/vss\/\"},{\"@type\":\"ListItem\",\"position\":2,\"name\":\"Kontakti\",\"item\":\"https:\/\/www.scpet.si\/vss\/kontakti\/\"},{\"@type\":\"ListItem\",\"position\":3,\"name\":\"Podporne slu\u017ebe VS\u0160\",\"item\":\"https:\/\/www.scpet.si\/vss\/kontakti\/podporne-sluzbe-vss\/\"},{\"@type\":\"ListItem\",\"position\":4,\"name\":\"Razmno\u017eevanje gradiv\"}]},{\"@type\":\"WebSite\",\"@id\":\"\/#website\",\"url\":\"\/\",\"name\":\"VI\u0160JA STROKOVNA \u0160OLA\",\"description\":\"Just another \u0160C PET Sites site\",\"potentialAction\":[{\"@type\":\"SearchAction\",\"target\":{\"@type\":\"EntryPoint\",\"urlTemplate\":\"\/?s={search_term_string}\"},\"query-input\":\"required name=search_term_string\"}],\"inLanguage\":\"sl-SI\"}]}<\/script>\n<!-- \/ Yoast SEO plugin. -->","yoast_head_json":{"title":"Razmno\u017eevanje gradiv - VI\u0160JA STROKOVNA \u0160OLA","description":"Razmno\u017eevanje gradiv - \u0160olski center za po\u0161to, ekonomijo in telekomunikacije Ljubljana - Vi\u0161ja strokovna \u0161ola.","robots":{"index":"index","follow":"follow","max-snippet":"max-snippet:-1","max-image-preview":"max-image-preview:large","max-video-preview":"max-video-preview:-1"},"canonical":"https:\/\/www.scpet.si\/vss\/kontakti\/podporne-sluzbe-vss\/razmnozevanje-gradiv\/","og_locale":"sl_SI","og_type":"article","og_title":"Razmno\u017eevanje gradiv - VI\u0160JA STROKOVNA \u0160OLA","og_description":"Razmno\u017eevanje gradiv - \u0160olski center za po\u0161to, ekonomijo in telekomunikacije Ljubljana - Vi\u0161ja strokovna \u0161ola.","og_url":"https:\/\/www.scpet.si\/vss\/kontakti\/podporne-sluzbe-vss\/razmnozevanje-gradiv\/","og_site_name":"VI\u0160JA STROKOVNA \u0160OLA","article_modified_time":"2022-09-23T08:13:12+00:00","twitter_card":"summary_large_image","twitter_misc":{"Est. reading time":"5 minut"},"schema":{"@context":"https:\/\/schema.org","@graph":[{"@type":"WebPage","@id":"https:\/\/www.scpet.si\/vss\/kontakti\/podporne-sluzbe-vss\/razmnozevanje-gradiv\/","url":"https:\/\/www.scpet.si\/vss\/kontakti\/podporne-sluzbe-vss\/razmnozevanje-gradiv\/","name":"Razmno\u017eevanje gradiv - VI\u0160JA STROKOVNA \u0160OLA","isPartOf":{"@id":"\/#website"},"datePublished":"2021-06-01T06:05:57+00:00","dateModified":"2022-09-23T08:13:12+00:00","description":"Razmno\u017eevanje gradiv - \u0160olski center za po\u0161to, ekonomijo in telekomunikacije Ljubljana - Vi\u0161ja strokovna \u0161ola.","breadcrumb":{"@id":"https:\/\/www.scpet.si\/vss\/kontakti\/podporne-sluzbe-vss\/razmnozevanje-gradiv\/#breadcrumb"},"inLanguage":"sl-SI","potentialAction":[{"@type":"ReadAction","target":["https:\/\/www.scpet.si\/vss\/kontakti\/podporne-sluzbe-vss\/razmnozevanje-gradiv\/"]}]},{"@type":"BreadcrumbList","@id":"https:\/\/www.scpet.si\/vss\/kontakti\/podporne-sluzbe-vss\/razmnozevanje-gradiv\/#breadcrumb","itemListElement":[{"@type":"ListItem","position":1,"name":"Home","item":"https:\/\/www.scpet.si\/vss\/"},{"@type":"ListItem","position":2,"name":"Kontakti","item":"https:\/\/www.scpet.si\/vss\/kontakti\/"},{"@type":"ListItem","position":3,"name":"Podporne slu\u017ebe VS\u0160","item":"https:\/\/www.scpet.si\/vss\/kontakti\/podporne-sluzbe-vss\/"},{"@type":"ListItem","position":4,"name":"Razmno\u017eevanje gradiv"}]},{"@type":"WebSite","@id":"\/#website","url":"\/","name":"VI\u0160JA STROKOVNA \u0160OLA","description":"Just another \u0160C PET Sites site","potentialAction":[{"@type":"SearchAction","target":{"@type":"EntryPoint","urlTemplate":"\/?s={search_term_string}"},"query-input":"required name=search_term_string"}],"inLanguage":"sl-SI"}]}},"_links":{"self":[{"href":"https:\/\/www.scpet.si\/vss\/wp-json\/wp\/v2\/pages\/515"}],"collection":[{"href":"https:\/\/www.scpet.si\/vss\/wp-json\/wp\/v2\/pages"}],"about":[{"href":"https:\/\/www.scpet.si\/vss\/wp-json\/wp\/v2\/types\/page"}],"author":[{"embeddable":true,"href":"https:\/\/www.scpet.si\/vss\/wp-json\/wp\/v2\/users\/1"}],"replies":[{"embeddable":true,"href":"https:\/\/www.scpet.si\/vss\/wp-json\/wp\/v2\/comments?post=515"}],"version-history":[{"count":0,"href":"https:\/\/www.scpet.si\/vss\/wp-json\/wp\/v2\/pages\/515\/revisions"}],"up":[{"embeddable":true,"href":"https:\/\/www.scpet.si\/vss\/wp-json\/wp\/v2\/pages\/508"}],"wp:attachment":[{"href":"https:\/\/www.scpet.si\/vss\/wp-json\/wp\/v2\/media?parent=515"}],"curies":[{"name":"wp","href":"https:\/\/api.w.org\/{rel}","templated":true}]}}