{"id":769,"date":"2021-06-03T15:40:29","date_gmt":"2021-06-03T13:40:29","guid":{"rendered":"https:\/\/www.scpet.si\/vss\/student-net\/karierni-center\/alumni-klub-diplomantov-copy\/"},"modified":"2023-10-03T14:05:03","modified_gmt":"2023-10-03T12:05:03","slug":"aktivni-v-alumni","status":"publish","type":"page","link":"https:\/\/www.scpet.si\/vss\/karierni-center\/aktivni-v-alumni\/","title":{"rendered":"Aktivni v Alumni"},"content":{"rendered":"<div class=\"fusion-fullwidth fullwidth-box fusion-builder-row-1 nonhundred-percent-fullwidth non-hundred-percent-height-scrolling\" style=\"background-color: rgba(255,255,255,0);background-position: center center;background-repeat: no-repeat;padding-top:0px;padding-right:0px;padding-bottom:0px;margin-bottom: 0px;margin-top: 0px;border-width: 0px 0px 0px 0px;border-color:#eae9e9;border-style:solid;\" ><div class=\"fusion-builder-row fusion-row\"><div class=\"fusion-layout-column fusion_builder_column fusion-builder-column-0 fusion_builder_column_1_1 1_1 fusion-one-full fusion-column-first fusion-column-last\" style=\"margin-top:0px;margin-bottom:0px;\"><div class=\"fusion-column-wrapper fusion-flex-column-wrapper-legacy\" style=\"background-position:left top;background-repeat:no-repeat;-webkit-background-size:cover;-moz-background-size:cover;-o-background-size:cover;background-size:cover;padding: 0px 0px 0px 0px;\"><style type=\"text\/css\"><\/style><div class=\"fusion-title title fusion-title-1 fusion-sep-none fusion-title-text fusion-title-size-one\" style=\"margin-top:0px;margin-right:0px;margin-bottom:31px;margin-left:0px;\"><h1 class=\"title-heading-left\" style=\"margin:0;\">Aktivni v Alumni<\/h1><\/div>\n<div class=\"table-1 tableImgWidth\">\n<table align=\"center\">\n<tbody>\n<tr>\n<td width=\"20%\"><strong>Diplomant\/ka<\/strong><\/td>\n<td align=\"center\" width=\"10%\"><strong>kontakt<\/strong><\/td>\n<td align=\"center\" width=\"10%\"><strong>program<\/strong><\/td>\n<td width=\"30%\"><strong>podro\u010dje dela<\/strong><\/td>\n<td align=\"center\" width=\"10%\"><strong>priponka<\/strong><\/td>\n<\/tr>\n<tr>\n<td><strong>Klara Levstek<br \/>\n<\/strong><\/td>\n<td align=\"center\"><a title=\"https:\/\/www.dri.si\/sl\" href=\"https:\/\/www.dri.si\/sl\" target=\"_blank\" rel=\"noopener\"><img class=\"lazyload\" decoding=\"async\" src=\"data:image\/gif;base64,R0lGODlhAQABAAAAACH5BAEKAAEALAAAAAABAAEAAAICTAEAOw==\" data-orig-src=\"https:\/\/www.scpet.si\/vss\/wp-content\/uploads\/sites\/3\/2021\/05\/home-solid.svg\" border=\"0\" \/><\/a><\/td>\n<td align=\"center\">Ekonomist<\/td>\n<td>Izrisi in popisi delovnih procesov v podjetju, optimizacija procesov, digitalizacija procesov,\u00a0 sodelovanje pri razvoju modulov in aplikacij znotraj informacijskega sistema ERP<\/td>\n<td align=\"center\"><a href=\"https:\/\/www.scpet.si\/vss\/wp-content\/uploads\/sites\/3\/2023\/09\/Alumni-klub-VSS_Klara-Levstek.pdf\" target=\"_blank\" rel=\"noopener\"><img class=\"lazyload\" decoding=\"async\" src=\"data:image\/gif;base64,R0lGODlhAQABAAAAACH5BAEKAAEALAAAAAABAAEAAAICTAEAOw==\" data-orig-src=\"https:\/\/www.scpet.si\/vss\/wp-content\/uploads\/sites\/3\/2021\/06\/file-pdf-regular.svg\" \/><\/a><\/td>\n<\/tr>\n<tr>\n<td><strong>Tja\u017e Sajovic<br \/>\n<\/strong><\/td>\n<td align=\"center\"><a title=\"tjaz.sajovic@zupo.si\" href=\"mailto:tjaz.sajovic@zupo.si\"><img class=\"lazyload\" decoding=\"async\" src=\"data:image\/gif;base64,R0lGODlhAQABAAAAACH5BAEKAAEALAAAAAABAAEAAAICTAEAOw==\" data-orig-src=\"https:\/\/www.scpet.si\/vss\/wp-content\/uploads\/sites\/3\/2021\/05\/envelope-regular.svg\" border=\"0\" \/><\/a> <a title=\"https:\/\/www.zupo.si\/\" href=\"https:\/\/www.zupo.si\/\" target=\"_blank\" rel=\"noopener\"><img class=\"lazyload\" decoding=\"async\" src=\"data:image\/gif;base64,R0lGODlhAQABAAAAACH5BAEKAAEALAAAAAABAAEAAAICTAEAOw==\" data-orig-src=\"https:\/\/www.scpet.si\/vss\/wp-content\/uploads\/sites\/3\/2021\/05\/home-solid.svg\" border=\"0\" \/><\/a><\/td>\n<td align=\"center\">Telekomunikacije<\/td>\n<td>informatika (IKT oz. informacijsko-komunikacijska tehnologija), business coordinator and IT system administrator<\/td>\n<td align=\"center\"><a href=\"https:\/\/www.scpet.si\/vss\/wp-content\/uploads\/sites\/3\/2023\/09\/Alumni-klub-VSS_Tjaz-Sajovic.pdf\" target=\"_blank\" rel=\"noopener\"><img class=\"lazyload\" decoding=\"async\" src=\"data:image\/gif;base64,R0lGODlhAQABAAAAACH5BAEKAAEALAAAAAABAAEAAAICTAEAOw==\" data-orig-src=\"https:\/\/www.scpet.si\/vss\/wp-content\/uploads\/sites\/3\/2021\/06\/file-pdf-regular.svg\" \/><\/a><\/td>\n<\/tr>\n<tr>\n<td><strong>Martin \u0160erbinek<\/strong><\/td>\n<td align=\"center\"><a title=\"martin.serbinek@gmail.com\" href=\"mailto:martin.serbinek@gmail.com\"><img class=\"lazyload\" decoding=\"async\" src=\"data:image\/gif;base64,R0lGODlhAQABAAAAACH5BAEKAAEALAAAAAABAAEAAAICTAEAOw==\" data-orig-src=\"https:\/\/www.scpet.si\/vss\/wp-content\/uploads\/sites\/3\/2021\/05\/envelope-regular.svg\" border=\"0\" \/><\/a> <a title=\"\/\/www.endava.com\" href=\"https:\/\/www.endava.com\" target=\"_blank\" rel=\"noopener\"><img class=\"lazyload\" decoding=\"async\" src=\"data:image\/gif;base64,R0lGODlhAQABAAAAACH5BAEKAAEALAAAAAABAAEAAAICTAEAOw==\" data-orig-src=\"https:\/\/www.scpet.si\/vss\/wp-content\/uploads\/sites\/3\/2021\/05\/home-solid.svg\" border=\"0\" \/><\/a><\/td>\n<td align=\"center\">Telekomunikacije<\/td>\n<td>Senior AM engineer<\/td>\n<td align=\"center\"><a href=\"https:\/\/www.scpet.si\/vss\/wp-content\/uploads\/sites\/3\/2023\/03\/Alumni-Serbinek2023.pdf\" target=\"_blank\" rel=\"noopener\"><img class=\"lazyload\" decoding=\"async\" src=\"data:image\/gif;base64,R0lGODlhAQABAAAAACH5BAEKAAEALAAAAAABAAEAAAICTAEAOw==\" data-orig-src=\"https:\/\/www.scpet.si\/vss\/wp-content\/uploads\/sites\/3\/2021\/06\/file-pdf-regular.svg\" \/><\/a><\/td>\n<\/tr>\n<tr>\n<td><strong>Petra Somrak<br \/>\n<\/strong><\/td>\n<td align=\"center\"><a title=\"pcucun@gmail.com\" href=\"mailto:pcucun@gmail.com\"><img class=\"lazyload\" decoding=\"async\" src=\"data:image\/gif;base64,R0lGODlhAQABAAAAACH5BAEKAAEALAAAAAABAAEAAAICTAEAOw==\" data-orig-src=\"https:\/\/www.scpet.si\/vss\/wp-content\/uploads\/sites\/3\/2021\/05\/envelope-regular.svg\" border=\"0\" \/><\/a> <a title=\"https:\/\/www.mojazaposlitev.si\/vsi-oglasi-tega-oglasevalca\/telemach-doo-2908\/\" href=\"https:\/\/www.mojazaposlitev.si\/vsi-oglasi-tega-oglasevalca\/telemach-doo-2908\/\" target=\"_blank\" rel=\"noopener\"><img class=\"lazyload\" decoding=\"async\" src=\"data:image\/gif;base64,R0lGODlhAQABAAAAACH5BAEKAAEALAAAAAABAAEAAAICTAEAOw==\" data-orig-src=\"https:\/\/www.scpet.si\/vss\/wp-content\/uploads\/sites\/3\/2021\/05\/home-solid.svg\" border=\"0\" \/><\/a><\/td>\n<td align=\"center\">Telekomunikacije<\/td>\n<td>koordinator v koordinacijskem centru, Telemach \u0161irokopasovne komunikacije, d.o.o.<\/td>\n<td align=\"center\"><a href=\"https:\/\/www.scpet.si\/vss\/wp-content\/uploads\/sites\/3\/2023\/03\/Alumni-Somrak_Petra2023.pdf\" target=\"_blank\" rel=\"noopener\"><img class=\"lazyload\" decoding=\"async\" src=\"data:image\/gif;base64,R0lGODlhAQABAAAAACH5BAEKAAEALAAAAAABAAEAAAICTAEAOw==\" data-orig-src=\"https:\/\/www.scpet.si\/vss\/wp-content\/uploads\/sites\/3\/2021\/06\/file-pdf-regular.svg\" \/><\/a><\/td>\n<\/tr>\n<tr>\n<td><strong>Matev\u017e \u017du\u017eek<\/strong><\/td>\n<td align=\"center\"><a title=\"zuzek.matevz@siol.net\" href=\"mailto:zuzek.matevz@siol.net\"><img class=\"lazyload\" decoding=\"async\" src=\"data:image\/gif;base64,R0lGODlhAQABAAAAACH5BAEKAAEALAAAAAABAAEAAAICTAEAOw==\" data-orig-src=\"https:\/\/www.scpet.si\/vss\/wp-content\/uploads\/sites\/3\/2021\/05\/envelope-regular.svg\" border=\"0\" \/><\/a><\/td>\n<td align=\"center\">Telekomunikacije<\/td>\n<td>prodajno-tehni\u010dni predstavnik, 3B+D trgovinska, d.o.o.<\/td>\n<td align=\"center\"><a href=\"https:\/\/www.scpet.si\/vss\/wp-content\/uploads\/sites\/3\/2023\/03\/Alumni-Matevz_Zuzek2023.pdf\" target=\"_blank\" rel=\"noopener\"><img class=\"lazyload\" decoding=\"async\" src=\"data:image\/gif;base64,R0lGODlhAQABAAAAACH5BAEKAAEALAAAAAABAAEAAAICTAEAOw==\" data-orig-src=\"https:\/\/www.scpet.si\/vss\/wp-content\/uploads\/sites\/3\/2021\/06\/file-pdf-regular.svg\" \/><\/a><\/td>\n<\/tr>\n<tr>\n<td><strong>Dejan Debelak<\/strong><\/td>\n<td align=\"center\"><a title=\"dejan.debelak@gmail.com\" href=\"mailto:dejan.debelak@gmail.com\"><img class=\"lazyload\" decoding=\"async\" src=\"data:image\/gif;base64,R0lGODlhAQABAAAAACH5BAEKAAEALAAAAAABAAEAAAICTAEAOw==\" data-orig-src=\"https:\/\/www.scpet.si\/vss\/wp-content\/uploads\/sites\/3\/2021\/05\/envelope-regular.svg\" border=\"0\" \/><\/a> <a title=\"http:\/\/www.posta.si\/zasebno\" href=\"http:\/\/www.posta.si\/zasebno\" target=\"_blank\" rel=\"noopener\"><img class=\"lazyload\" decoding=\"async\" src=\"data:image\/gif;base64,R0lGODlhAQABAAAAACH5BAEKAAEALAAAAAABAAEAAAICTAEAOw==\" data-orig-src=\"https:\/\/www.scpet.si\/vss\/wp-content\/uploads\/sites\/3\/2021\/05\/home-solid.svg\" border=\"0\" \/><\/a><\/td>\n<td align=\"center\">Po\u0161tni promet<\/td>\n<td>Strokovni koordinator oddelka Skrb za uporabnike pri Po\u0161ti Slovenije<\/td>\n<td align=\"center\"><a href=\"https:\/\/www.scpet.si\/vss\/wp-content\/uploads\/sites\/3\/2023\/03\/Alumni-Dejan_Debelak2023.pdf\" target=\"_blank\" rel=\"noopener\"><img class=\"lazyload\" decoding=\"async\" src=\"data:image\/gif;base64,R0lGODlhAQABAAAAACH5BAEKAAEALAAAAAABAAEAAAICTAEAOw==\" data-orig-src=\"https:\/\/www.scpet.si\/vss\/wp-content\/uploads\/sites\/3\/2021\/06\/file-pdf-regular.svg\" \/><\/a><\/td>\n<\/tr>\n<tr>\n<td><strong>Edvard \u0160kodi\u010d<\/strong><\/td>\n<td align=\"center\"><a title=\"edvard.skodic@telekom.si\" href=\"mailto:edvard.skodic@telekom.si\"><img class=\"lazyload\" decoding=\"async\" src=\"data:image\/gif;base64,R0lGODlhAQABAAAAACH5BAEKAAEALAAAAAABAAEAAAICTAEAOw==\" data-orig-src=\"https:\/\/www.scpet.si\/vss\/wp-content\/uploads\/sites\/3\/2021\/05\/envelope-regular.svg\" border=\"0\" \/><\/a> <a title=\"http:\/\/www.telekom.si\/o-podjetju\" href=\"http:\/\/www.telekom.si\/o-podjetju\" target=\"_blank\" rel=\"noopener\"><img class=\"lazyload\" decoding=\"async\" src=\"data:image\/gif;base64,R0lGODlhAQABAAAAACH5BAEKAAEALAAAAAABAAEAAAICTAEAOw==\" data-orig-src=\"https:\/\/www.scpet.si\/vss\/wp-content\/uploads\/sites\/3\/2021\/05\/home-solid.svg\" border=\"0\" \/><\/a><\/td>\n<td align=\"center\">Telekomunikacije<\/td>\n<td>zagotavljanje in planiranje strukturiranega o\u017ei\u010denja za vozli\u0161\u010da in podatkovne centre in centrale, Telekom Slovenije, d.d.<\/td>\n<td align=\"center\"><a href=\"https:\/\/www.scpet.si\/vss\/wp-content\/uploads\/sites\/3\/2023\/03\/Alumni-Edvard_Skodic2023.pdf\" target=\"_blank\" rel=\"noopener\"><img class=\"lazyload\" decoding=\"async\" src=\"data:image\/gif;base64,R0lGODlhAQABAAAAACH5BAEKAAEALAAAAAABAAEAAAICTAEAOw==\" data-orig-src=\"https:\/\/www.scpet.si\/vss\/wp-content\/uploads\/sites\/3\/2021\/06\/file-pdf-regular.svg\" border=\"0\" \/><\/a><\/td>\n<\/tr>\n<\/tbody>\n<\/table>\n<\/div>\n<div class=\"fusion-clearfix\"><\/div><\/div><\/div><\/div><\/div>\n","protected":false},"excerpt":{"rendered":"","protected":false},"author":1,"featured_media":0,"parent":188,"menu_order":0,"comment_status":"closed","ping_status":"closed","template":"100-width.php","meta":{"xn-wppe-expiration":[],"xn-wppe-expiration-action":[],"xn-wppe-expiration-prefix":[],"_mi_skip_tracking":false,"_exactmetrics_sitenote_active":false,"_exactmetrics_sitenote_note":"","_exactmetrics_sitenote_category":0},"yoast_head":"<!-- This site is optimized with the Yoast SEO plugin v20.8 - https:\/\/yoast.com\/wordpress\/plugins\/seo\/ -->\n<title>Aktivni v Alumni - VI\u0160JA STROKOVNA \u0160OLA<\/title>\n<meta name=\"robots\" content=\"index, follow, max-snippet:-1, max-image-preview:large, max-video-preview:-1\" \/>\n<link rel=\"canonical\" href=\"https:\/\/www.scpet.si\/vss\/karierni-center\/aktivni-v-alumni\/\" \/>\n<meta property=\"og:locale\" content=\"sl_SI\" \/>\n<meta property=\"og:type\" content=\"article\" \/>\n<meta property=\"og:title\" content=\"Aktivni v Alumni - VI\u0160JA STROKOVNA \u0160OLA\" \/>\n<meta property=\"og:url\" content=\"https:\/\/www.scpet.si\/vss\/karierni-center\/aktivni-v-alumni\/\" \/>\n<meta property=\"og:site_name\" content=\"VI\u0160JA STROKOVNA \u0160OLA\" \/>\n<meta property=\"article:modified_time\" content=\"2023-10-03T12:05:03+00:00\" \/>\n<meta property=\"og:image\" content=\"https:\/\/www.scpet.si\/vss\/wp-content\/uploads\/sites\/3\/2021\/05\/home-solid.svg\" \/>\n<meta name=\"twitter:card\" content=\"summary_large_image\" \/>\n<meta name=\"twitter:label1\" content=\"Est. reading time\" \/>\n\t<meta name=\"twitter:data1\" content=\"2 minuti\" \/>\n<script type=\"application\/ld+json\" class=\"yoast-schema-graph\">{\"@context\":\"https:\/\/schema.org\",\"@graph\":[{\"@type\":\"WebPage\",\"@id\":\"https:\/\/www.scpet.si\/vss\/karierni-center\/aktivni-v-alumni\/\",\"url\":\"https:\/\/www.scpet.si\/vss\/karierni-center\/aktivni-v-alumni\/\",\"name\":\"Aktivni v Alumni - VI\u0160JA STROKOVNA \u0160OLA\",\"isPartOf\":{\"@id\":\"\/#website\"},\"datePublished\":\"2021-06-03T13:40:29+00:00\",\"dateModified\":\"2023-10-03T12:05:03+00:00\",\"breadcrumb\":{\"@id\":\"https:\/\/www.scpet.si\/vss\/karierni-center\/aktivni-v-alumni\/#breadcrumb\"},\"inLanguage\":\"sl-SI\",\"potentialAction\":[{\"@type\":\"ReadAction\",\"target\":[\"https:\/\/www.scpet.si\/vss\/karierni-center\/aktivni-v-alumni\/\"]}]},{\"@type\":\"BreadcrumbList\",\"@id\":\"https:\/\/www.scpet.si\/vss\/karierni-center\/aktivni-v-alumni\/#breadcrumb\",\"itemListElement\":[{\"@type\":\"ListItem\",\"position\":1,\"name\":\"Home\",\"item\":\"https:\/\/www.scpet.si\/vss\/\"},{\"@type\":\"ListItem\",\"position\":2,\"name\":\"Karierni center\",\"item\":\"https:\/\/www.scpet.si\/vss\/karierni-center\/\"},{\"@type\":\"ListItem\",\"position\":3,\"name\":\"Aktivni v Alumni\"}]},{\"@type\":\"WebSite\",\"@id\":\"\/#website\",\"url\":\"\/\",\"name\":\"VI\u0160JA STROKOVNA \u0160OLA\",\"description\":\"Just another \u0160C PET Sites site\",\"potentialAction\":[{\"@type\":\"SearchAction\",\"target\":{\"@type\":\"EntryPoint\",\"urlTemplate\":\"\/?s={search_term_string}\"},\"query-input\":\"required name=search_term_string\"}],\"inLanguage\":\"sl-SI\"}]}<\/script>\n<!-- \/ Yoast SEO plugin. -->","yoast_head_json":{"title":"Aktivni v Alumni - VI\u0160JA STROKOVNA \u0160OLA","robots":{"index":"index","follow":"follow","max-snippet":"max-snippet:-1","max-image-preview":"max-image-preview:large","max-video-preview":"max-video-preview:-1"},"canonical":"https:\/\/www.scpet.si\/vss\/karierni-center\/aktivni-v-alumni\/","og_locale":"sl_SI","og_type":"article","og_title":"Aktivni v Alumni - VI\u0160JA STROKOVNA \u0160OLA","og_url":"https:\/\/www.scpet.si\/vss\/karierni-center\/aktivni-v-alumni\/","og_site_name":"VI\u0160JA STROKOVNA \u0160OLA","article_modified_time":"2023-10-03T12:05:03+00:00","og_image":[{"url":"https:\/\/www.scpet.si\/vss\/wp-content\/uploads\/sites\/3\/2021\/05\/home-solid.svg"}],"twitter_card":"summary_large_image","twitter_misc":{"Est. reading time":"2 minuti"},"schema":{"@context":"https:\/\/schema.org","@graph":[{"@type":"WebPage","@id":"https:\/\/www.scpet.si\/vss\/karierni-center\/aktivni-v-alumni\/","url":"https:\/\/www.scpet.si\/vss\/karierni-center\/aktivni-v-alumni\/","name":"Aktivni v Alumni - VI\u0160JA STROKOVNA \u0160OLA","isPartOf":{"@id":"\/#website"},"datePublished":"2021-06-03T13:40:29+00:00","dateModified":"2023-10-03T12:05:03+00:00","breadcrumb":{"@id":"https:\/\/www.scpet.si\/vss\/karierni-center\/aktivni-v-alumni\/#breadcrumb"},"inLanguage":"sl-SI","potentialAction":[{"@type":"ReadAction","target":["https:\/\/www.scpet.si\/vss\/karierni-center\/aktivni-v-alumni\/"]}]},{"@type":"BreadcrumbList","@id":"https:\/\/www.scpet.si\/vss\/karierni-center\/aktivni-v-alumni\/#breadcrumb","itemListElement":[{"@type":"ListItem","position":1,"name":"Home","item":"https:\/\/www.scpet.si\/vss\/"},{"@type":"ListItem","position":2,"name":"Karierni center","item":"https:\/\/www.scpet.si\/vss\/karierni-center\/"},{"@type":"ListItem","position":3,"name":"Aktivni v Alumni"}]},{"@type":"WebSite","@id":"\/#website","url":"\/","name":"VI\u0160JA STROKOVNA \u0160OLA","description":"Just another \u0160C PET Sites site","potentialAction":[{"@type":"SearchAction","target":{"@type":"EntryPoint","urlTemplate":"\/?s={search_term_string}"},"query-input":"required name=search_term_string"}],"inLanguage":"sl-SI"}]}},"_links":{"self":[{"href":"https:\/\/www.scpet.si\/vss\/wp-json\/wp\/v2\/pages\/769"}],"collection":[{"href":"https:\/\/www.scpet.si\/vss\/wp-json\/wp\/v2\/pages"}],"about":[{"href":"https:\/\/www.scpet.si\/vss\/wp-json\/wp\/v2\/types\/page"}],"author":[{"embeddable":true,"href":"https:\/\/www.scpet.si\/vss\/wp-json\/wp\/v2\/users\/1"}],"replies":[{"embeddable":true,"href":"https:\/\/www.scpet.si\/vss\/wp-json\/wp\/v2\/comments?post=769"}],"version-history":[{"count":0,"href":"https:\/\/www.scpet.si\/vss\/wp-json\/wp\/v2\/pages\/769\/revisions"}],"up":[{"embeddable":true,"href":"https:\/\/www.scpet.si\/vss\/wp-json\/wp\/v2\/pages\/188"}],"wp:attachment":[{"href":"https:\/\/www.scpet.si\/vss\/wp-json\/wp\/v2\/media?parent=769"}],"curies":[{"name":"wp","href":"https:\/\/api.w.org\/{rel}","templated":true}]}}